{"id":58857,"date":"2026-03-19T04:43:25","date_gmt":"2026-03-19T04:43:25","guid":{"rendered":"https:\/\/soydeaqui.ddns.net\/pachuca\/index.php\/producto\/kit-de-radio-poc-te320-con-12-meses-de-servicio-de-radio-tassta-basico\/"},"modified":"2026-03-19T04:43:26","modified_gmt":"2026-03-19T04:43:26","slug":"kit-de-radio-poc-te320-con-12-meses-de-servicio-de-radio-tassta-basico","status":"publish","type":"product","link":"https:\/\/soydeaqui.ddns.net\/pachuca\/index.php\/producto\/kit-de-radio-poc-te320-con-12-meses-de-servicio-de-radio-tassta-basico\/","title":{"rendered":"Kit de Radio PoC TE320 con 12 meses de Servicio de Radio TASSTA B\u00e1sico"},"content":{"rendered":"<div style='width: 100%; max-width: 1200px; margin: 0 auto; font-family: sans-serif; line-height: 1.6; color: inherit; background-color: transparent;'> <!-- Header con logo --> <\/p>\n<div style='width: 100%; margin-bottom: 30px;'>\n<div style='display: flex; justify-content: center; align-items: center; padding: 20px;'> <img style='width: auto; height: 80px; max-width: 100%; border: 1px solid rgba(150&comma;150&comma;150&comma;0.3); border-radius: 8px;' src='https:\/\/ftp3.syscom.mx\/usuarios\/ftp\/single_page\/telox\/telox_blanco.png' alt=''> <\/div>\n<\/p><\/div>\n<p> <!-- Banner principal --> <\/p>\n<div style='width: 100%; margin-bottom: 30px; background: url('https:\/\/ftp3.syscom.mx\/usuarios\/ftp\/single_page\/telox\/banner11.png') no-repeat center center; background-size: cover; border-radius: 8px; overflow: hidden;'>\n<div style='display: flex; flex-wrap: wrap; gap: 30px; padding: 30px; background: rgba(0&comma;0&comma;0&comma;0.7);'>\n<div style='flex: 1 1 300px; min-width: 280px;'> <img style='width: 100%; height: auto; border: 1px solid rgba(150&comma;150&comma;150&comma;0.3); border-radius: 8px;' src='https:\/\/ftp3.syscom.mx\/usuarios\/ftp\/single_page\/telox\/dos_radios.png' alt=''> <\/div>\n<div style='flex: 2 1 400px; min-width: 300px;'>\n<div style='margin-bottom: 20px;'>\n<h1 style='font-size: 2.5em; margin: 0; color: #e98101; font-weight: bold;'>TE320<\/h1>\n<p style='font-size: 1.5em; margin: 0; color: #fff; font-weight: 300;'>DISE\u00d1O PERFECTO QUE COMBINA DURABILIDAD Y FACILIDAD DE USO<\/p>\n<\/p><\/div>\n<div style='display: grid; grid-template-columns: repeat(auto-fit&comma; minmax(150px&comma; 1fr)); gap: 15px;'>\n<div style='background: rgba(255&comma;255&comma;255&comma;0.1); padding: 15px; border-radius: 8px; text-align: center;'> <img style='width: 40px; height: 40px; margin: 0 auto 10px; display: block;' src='https:\/\/ftp3.syscom.mx\/usuarios\/ftp\/single_page\/telox\/icon_ban_01.png' alt=''> <\/p>\n<p style='margin: 0; color: #fff;'>Doble SIM<\/p>\n<\/p><\/div>\n<div style='background: rgba(255&comma;255&comma;255&comma;0.1); padding: 15px; border-radius: 8px; text-align: center;'> <img style='width: 40px; height: 40px; margin: 0 auto 10px; display: block;' src='https:\/\/ftp3.syscom.mx\/usuarios\/ftp\/single_page\/telox\/icon_ban_02.png' alt=''> <\/p>\n<p style='margin: 0; color: #fff;'>Audio Claro y Potente de 3 W<\/p>\n<\/p><\/div>\n<div style='background: rgba(255&comma;255&comma;255&comma;0.1); padding: 15px; border-radius: 8px; text-align: center;'> <img style='width: 40px; height: 40px; margin: 0 auto 10px; display: block;' src='https:\/\/ftp3.syscom.mx\/usuarios\/ftp\/single_page\/telox\/icon_ban_03.png' alt=''> <\/p>\n<p style='margin: 0; color: #fff;'>Bater\u00eda de Larga Duraci\u00f3n de 4000 mA<\/p>\n<\/p><\/div>\n<div style='background: rgba(255&comma;255&comma;255&comma;0.1); padding: 15px; border-radius: 8px; text-align: center;'> <img style='width: 40px; height: 40px; margin: 0 auto 10px; display: block;' src='https:\/\/ftp3.syscom.mx\/usuarios\/ftp\/single_page\/telox\/icon_ban_04.png' alt=''> <\/p>\n<p style='margin: 0; color: #fff;'>Confiable y Robusto<\/p>\n<\/p><\/div>\n<div style='background: rgba(255&comma;255&comma;255&comma;0.1); padding: 15px; border-radius: 8px; text-align: center;'> <img style='width: 40px; height: 40px; margin: 0 auto 10px; display: block;' src='https:\/\/ftp3.syscom.mx\/usuarios\/ftp\/single_page\/telox\/icon_ban_05.png' alt=''> <\/p>\n<p style='margin: 0; color: #fff;'>Listo para APPs de Radio<\/p>\n<\/p><\/div>\n<\/p><\/div>\n<\/p><\/div>\n<\/p><\/div>\n<\/p><\/div>\n<p> <!-- Secci\u00f3n de caracter\u00edsticas --> <\/p>\n<div style='width: 100%; margin-bottom: 30px;'>\n<div style='display: grid; grid-template-columns: repeat(auto-fit&comma; minmax(250px&comma; 1fr)); gap: 20px;'>\n<div style='border: 1px solid rgba(150&comma;150&comma;150&comma;0.4); border-radius: 8px; overflow: hidden;'>\n<div style='padding: 15px; border-bottom: 1px solid rgba(150&comma;150&comma;150&comma;0.2); font-weight: bold; font-size: 18px; color: inherit;'>Doble SIM compatible con bandas LTE Globales<\/div>\n<div style='padding: 15px;'>\n<p style='margin: 0;'>Compatible con una gran cantidad de bandas LTE para un uso global.<\/p>\n<\/p><\/div>\n<\/p><\/div>\n<div style='border: 1px solid rgba(150&comma;150&comma;150&comma;0.4); border-radius: 8px; overflow: hidden;'>\n<div style='padding: 15px; border-bottom: 1px solid rgba(150&comma;150&comma;150&comma;0.2); font-weight: bold; font-size: 18px; color: inherit;'>Listo para aplicaciones PTT<\/div>\n<div style='padding: 15px;'>\n<p style='margin: 0;'>Preparado para la integraci\u00f3n con aplicaciones PTT. Proporcione flexibilidad y m\u00e1s opciones a sus clientes.<\/p>\n<\/p><\/div>\n<\/p><\/div>\n<div style='border: 1px solid rgba(150&comma;150&comma;150&comma;0.4); border-radius: 8px; overflow: hidden;'>\n<div style='padding: 15px; border-bottom: 1px solid rgba(150&comma;150&comma;150&comma;0.2); font-weight: bold; font-size: 18px; color: inherit;'>Pr\u00e1cticos botones f\u00edsicos<\/div>\n<div style='padding: 15px;'>\n<p style='margin: 0;'>Mejore su experiencia de uso con nuestra perilla profesional selectora de canales&comma; bot\u00f3n SOS y control de volumen&comma; que le permitir\u00e1n operar de manera sencilla y eficiente.<\/p>\n<\/p><\/div>\n<\/p><\/div>\n<div style='border: 1px solid rgba(150&comma;150&comma;150&comma;0.4); border-radius: 8px; overflow: hidden;'>\n<div style='padding: 15px; border-bottom: 1px solid rgba(150&comma;150&comma;150&comma;0.2); font-weight: bold; font-size: 18px; color: inherit;'>Robusto y confiable<\/div>\n<div style='padding: 15px;'>\n<p style='margin: 0;'>Garantiza una comunicaciones continua en ambientes dif\u00edciles gracias a su certificaci\u00f3n IP67 que le permite resistir agua y polvo. Adem\u00e1s&comma; ofrece resistencia a impactos por ca\u00eddas de 1.5m de altura asegurando durabilidad en cualquier situaci\u00f3n.<\/p>\n<\/p><\/div>\n<\/p><\/div>\n<div style='border: 1px solid rgba(150&comma;150&comma;150&comma;0.4); border-radius: 8px; overflow: hidden;'>\n<div style='padding: 15px; border-bottom: 1px solid rgba(150&comma;150&comma;150&comma;0.2); font-weight: bold; font-size: 18px; color: inherit;'>Informaci\u00f3n siempre a la vista<\/div>\n<div style='padding: 15px;'>\n<p style='margin: 0;'>Con su pantalla a color de 2 pulgadas y alta resoluci\u00f3n&comma; podr\u00e1 acceder de manera clara y r\u00e1pida a la informaci\u00f3n y ajustes que necesite revisar.<\/p>\n<\/p><\/div>\n<\/p><\/div>\n<\/p><\/div>\n<\/p><\/div>\n<p> <!-- Banner de audio --> <\/p>\n<div style='width: 100%; margin-bottom: 30px; background: url('https:\/\/ftp3.syscom.mx\/usuarios\/ftp\/single_page\/telox\/ondas_bg.jpg') no-repeat center center; background-size: cover; border-radius: 8px; overflow: hidden;'>\n<div style='display: flex; flex-wrap: wrap; gap: 30px; padding: 30px; background: rgba(0&comma;0&comma;0&comma;0.7);'>\n<div style='flex: 1 1 300px; min-width: 280px;'>\n<h2 style='font-size: 2em; margin: 0 0 15px 0; color: #e98101; font-weight: bold;'>Sonido Claro y Potente<\/h2>\n<p style='margin: 0; color: #fff; font-size: 1.2em;'>Disfrute de llamadas n\u00edtidas y de alta calidad de audio gracias a la potente bocina de 3 Watts y al excepcional dise\u00f1o ac\u00fastico.<\/p>\n<\/p><\/div>\n<div style='flex: 0 0 auto;'> <img style='width: 200px; height: auto; border: 1px solid rgba(150&comma;150&comma;150&comma;0.3); border-radius: 8px;' src='https:\/\/ftp3.syscom.mx\/usuarios\/ftp\/single_page\/telox\/radio_grande.png' alt=''> <\/div>\n<\/p><\/div>\n<\/p><\/div>\n<p> <!-- Banner de resistencia --> <\/p>\n<div style='width: 100%; margin-bottom: 30px; position: relative;'> <img style='width: 100%; height: auto; border: 1px solid rgba(150&comma;150&comma;150&comma;0.3); border-radius: 8px;' src='https:\/\/ftp3.syscom.mx\/usuarios\/ftp\/single_page\/telox\/water_bg.jpg' alt=''> <\/p>\n<div style='position: absolute; top: 50%; left: 50%; transform: translate(-50%&comma; -50%); width: 100%; max-width: 800px; padding: 30px; background: rgba(0&comma;0&comma;0&comma;0.7); border-radius: 8px;'>\n<h2 style='font-size: 2em; margin: 0 0 15px 0; color: #fff; font-weight: bold;'>Confiable y Resistente<\/h2>\n<p style='margin: 0; color: #fff; font-size: 1.2em;'>Est\u00e1 certificado con el est\u00e1ndar IP67 para resistir agua&comma; polvo y golpes&comma; adem\u00e1s puede ser incluso dejado caer desde una altura de 1.5 m. Asegura una comunicaci\u00f3n continua incluso en entornos adversos y permite mantener conversaciones clave con tu equipo.<\/p>\n<\/p><\/div>\n<\/p><\/div>\n<p> <!-- Banner de bater\u00eda --> <\/p>\n<div style='width: 100%; margin-bottom: 30px; background: #3d3d3d; border-radius: 8px; overflow: hidden;'>\n<div style='padding: 30px;'>\n<h2 style='font-size: 2em; margin: 0 0 15px 0; color: #fff; font-weight: bold;'>Bater\u00eda de Mayor Capacidad<\/h2>\n<p style='margin: 0 0 20px 0; color: #fff; font-size: 1.2em;'>La bater\u00eda de pol\u00edmero de litio removible de 4000mAh permite un uso m\u00e1s seguro y confiable. Adem\u00e1s&comma; ofrece un rendimiento de m\u00e1s de 48 horas en operaci\u00f3n 10\/10\/80 (10% de transmisi\u00f3n&comma; 10% de recepci\u00f3n&comma; 80% en espera).<\/p>\n<p> <img style='width: 300px; height: auto; border: 1px solid rgba(150&comma;150&comma;150&comma;0.3); border-radius: 8px; display: block; margin: 0 auto;' src='https:\/\/ftp3.syscom.mx\/usuarios\/ftp\/single_page\/telox\/battery_pro.jpg' alt=''> <\/div>\n<\/p><\/div>\n<p> <!-- Especificaciones --> <\/p>\n<div style='width: 100%; margin-bottom: 30px;'>\n<div style='border: 1px solid rgba(150&comma;150&comma;150&comma;0.4); border-radius: 8px; overflow: hidden;'>\n<div style='padding: 15px; border-bottom: 1px solid rgba(150&comma;150&comma;150&comma;0.2); font-weight: bold; font-size: 20px; color: inherit; background-color: #f5f5f5;'>Especificaciones<\/div>\n<p> <!-- Caracter\u00edsticas F\u00edsicas --> <\/p>\n<div style='border-bottom: 1px solid rgba(150&comma;150&comma;150&comma;0.2);'>\n<div style='padding: 15px; font-weight: bold; font-size: 18px; color: inherit; background-color: #f8f8f8;'>Caracter\u00edsticas F\u00edsicas<\/div>\n<div style='display: grid; grid-template-columns: repeat(auto-fit&comma; minmax(250px&comma; 1fr)); gap: 15px; padding: 15px;'>\n<div style='display: flex; justify-content: space-between; border-bottom: 1px solid rgba(150&comma;150&comma;150&comma;0.2); padding: 8px 0;'> <span style='font-weight: bold; color: inherit;'>Dimensiones<\/span> <span style='color: inherit;'>129mm*58mm*26.5mm<\/span> <\/div>\n<div style='display: flex; justify-content: space-between; border-bottom: 1px solid rgba(150&comma;150&comma;150&comma;0.2); padding: 8px 0;'> <span style='font-weight: bold; color: inherit;'>Peso<\/span> <span style='color: inherit;'>230g<\/span> <\/div>\n<div style='display: flex; justify-content: space-between; border-bottom: 1px solid rgba(150&comma;150&comma;150&comma;0.2); padding: 8px 0;'> <span style='font-weight: bold; color: inherit;'>Proteccion contra agua y polvo<\/span> <span style='color: inherit;'>IP67<\/span> <\/div>\n<div style='display: flex; justify-content: space-between; border-bottom: 1px solid rgba(150&comma;150&comma;150&comma;0.2); padding: 8px 0;'> <span style='font-weight: bold; color: inherit;'>Prueba de Caida<\/span> <span style='color: inherit;'>1.5m<\/span> <\/div>\n<div style='display: flex; justify-content: space-between; padding: 8px 0;'> <span style='font-weight: bold; color: inherit;'>Temperatura de Operaci\u00f3n<\/span> <span style='color: inherit;'>-20 C a 60 C<\/span> <\/div>\n<\/p><\/div>\n<\/p><\/div>\n<p> <!-- Pantalla y Botones --> <\/p>\n<div style='border-bottom: 1px solid rgba(150&comma;150&comma;150&comma;0.2);'>\n<div style='padding: 15px; font-weight: bold; font-size: 18px; color: inherit; background-color: #f8f8f8;'>Pantalla y Botones<\/div>\n<div style='display: grid; grid-template-columns: repeat(auto-fit&comma; minmax(250px&comma; 1fr)); gap: 15px; padding: 15px;'>\n<div style='display: flex; justify-content: space-between; border-bottom: 1px solid rgba(150&comma;150&comma;150&comma;0.2); padding: 8px 0;'> <span style='font-weight: bold; color: inherit;'>Resoluci\u00f3n<\/span> <span style='color: inherit;'>320*240<\/span> <\/div>\n<div style='display: flex; justify-content: space-between; border-bottom: 1px solid rgba(150&comma;150&comma;150&comma;0.2); padding: 8px 0;'> <span style='font-weight: bold; color: inherit;'>Pixeles por pulgada (PPI)<\/span> <span style='color: inherit;'>200<\/span> <\/div>\n<div style='display: flex; justify-content: space-between; border-bottom: 1px solid rgba(150&comma;150&comma;150&comma;0.2); padding: 8px 0;'> <span style='font-weight: bold; color: inherit;'>Tipo<\/span> <span style='color: inherit;'>LCD TFT (No t\u00e1ctil)<\/span> <\/div>\n<div style='display: flex; justify-content: space-between; padding: 8px 0;'> <span style='font-weight: bold; color: inherit;'>Botones y Teclas<\/span> <span style='color: inherit;'>Bot\u00f3n lateral de encendido&comma; PTT&comma; Navegaci\u00f3n&comma; Audio + y Audio -&comma; Bot\u00f3n de Emergencia&comma; Selector de Canales&comma; LED de estado (Rojo&comma; Azul&comma; Verde)&comma; Anunciamiento por voz (Motor TTS preinstalado)<\/span> <\/div>\n<\/p><\/div>\n<\/p><\/div>\n<p> <!-- Hardware --> <\/p>\n<div style='border-bottom: 1px solid rgba(150&comma;150&comma;150&comma;0.2);'>\n<div style='padding: 15px; font-weight: bold; font-size: 18px; color: inherit; background-color: #f8f8f8;'>Hardware<\/div>\n<div style='display: grid; grid-template-columns: repeat(auto-fit&comma; minmax(250px&comma; 1fr)); gap: 15px; padding: 15px;'>\n<div style='display: flex; justify-content: space-between; border-bottom: 1px solid rgba(150&comma;150&comma;150&comma;0.2); padding: 8px 0;'> <span style='font-weight: bold; color: inherit;'>Procesador<\/span> <span style='color: inherit;'>Quad-core ARM Cortex-A53 1.5GHz&comma; 64 bits<\/span> <\/div>\n<div style='display: flex; justify-content: space-between; border-bottom: 1px solid rgba(150&comma;150&comma;150&comma;0.2); padding: 8px 0;'> <span style='font-weight: bold; color: inherit;'>Memoria<\/span> <span style='color: inherit;'>1GB RAM<\/span> <\/div>\n<div style='display: flex; justify-content: space-between; border-bottom: 1px solid rgba(150&comma;150&comma;150&comma;0.2); padding: 8px 0;'> <span style='font-weight: bold; color: inherit;'> <\/span> <span style='color: inherit;'>8GB ROM Expandible hasta 128GB con tarjeta Micro SD<\/span> <\/div>\n<div style='display: flex; justify-content: space-between; padding: 8px 0;'> <span style='font-weight: bold; color: inherit;'>Bater\u00eda<\/span> <span style='color: inherit;'>Extra\u00edble&comma; 4000 mAh de Pol\u00edmeros de Litio<\/span> <\/div>\n<\/p><\/div>\n<\/p><\/div>\n<p> <!-- Conectividad --> <\/p>\n<div style='border-bottom: 1px solid rgba(150&comma;150&comma;150&comma;0.2);'>\n<div style='padding: 15px; font-weight: bold; font-size: 18px; color: inherit; background-color: #f8f8f8;'>Conectividad<\/div>\n<div style='display: grid; grid-template-columns: repeat(auto-fit&comma; minmax(250px&comma; 1fr)); gap: 15px; padding: 15px;'>\n<div style='display: flex; justify-content: space-between; border-bottom: 1px solid rgba(150&comma;150&comma;150&comma;0.2); padding: 8px 0;'> <span style='font-weight: bold; color: inherit;'>Redes Celulares<\/span> <span style='color: inherit;'>GSM: B2\/3\/5<\/span> <\/div>\n<div style='display: flex; justify-content: space-between; border-bottom: 1px solid rgba(150&comma;150&comma;150&comma;0.2); padding: 8px 0;'> <span style='font-weight: bold; color: inherit;'> <\/span> <span style='color: inherit;'>WCDMA: B1\/B2\/B4\/B5<\/span> <\/div>\n<div style='display: flex; justify-content: space-between; border-bottom: 1px solid rgba(150&comma;150&comma;150&comma;0.2); padding: 8px 0;'> <span style='font-weight: bold; color: inherit;'> <\/span> <span style='color: inherit;'>TFDD-LTE: B2\/B4\/B5\/B7\/B12\/B13\/B17\/B28a\/B28b\/B66<\/span> <\/div>\n<div style='display: flex; justify-content: space-between; border-bottom: 1px solid rgba(150&comma;150&comma;150&comma;0.2); padding: 8px 0;'> <span style='font-weight: bold; color: inherit;'> <\/span> <span style='color: inherit;'>TDD-LTE: B41<\/span> <\/div>\n<div style='display: flex; justify-content: space-between; border-bottom: 1px solid rgba(150&comma;150&comma;150&comma;0.2); padding: 8px 0;'> <span style='font-weight: bold; color: inherit;'>Categor\u00eda LTE<\/span> <span style='color: inherit;'>LTE FDD R9 Cat.4 150Mbps\/50Mbps<\/span> <\/div>\n<div style='display: flex; justify-content: space-between; border-bottom: 1px solid rgba(150&comma;150&comma;150&comma;0.2); padding: 8px 0;'> <span style='font-weight: bold; color: inherit;'>WLAN<\/span> <span style='color: inherit;'>IEEE 802.11 b\/g\/n\/ 2.4\/5GHz<\/span> <\/div>\n<div style='display: flex; justify-content: space-between; border-bottom: 1px solid rgba(150&comma;150&comma;150&comma;0.2); padding: 8px 0;'> <span style='font-weight: bold; color: inherit;'>Bluetooth<\/span> <span style='color: inherit;'>V4.2+LE+HS+EDR<\/span> <\/div>\n<div style='display: flex; justify-content: space-between; padding: 8px 0;'> <span style='font-weight: bold; color: inherit;'>Localizaci\u00f3n<\/span> <span style='color: inherit;'>GPS&comma; GLONASS&comma; BEIDOU y AGPS<\/span> <\/div>\n<\/p><\/div>\n<\/p><\/div>\n<p> <!-- Interfaz --> <\/p>\n<div style='border-bottom: 1px solid rgba(150&comma;150&comma;150&comma;0.2);'>\n<div style='padding: 15px; font-weight: bold; font-size: 18px; color: inherit; background-color: #f8f8f8;'>Interfaz<\/div>\n<div style='display: grid; grid-template-columns: repeat(auto-fit&comma; minmax(250px&comma; 1fr)); gap: 15px; padding: 15px;'>\n<div style='display: flex; justify-content: space-between; border-bottom: 1px solid rgba(150&comma;150&comma;150&comma;0.2); padding: 8px 0;'> <span style='font-weight: bold; color: inherit;'>Nano SIM<\/span> <span style='color: inherit;'>Doble SIM<\/span> <\/div>\n<div style='display: flex; justify-content: space-between; border-bottom: 1px solid rgba(150&comma;150&comma;150&comma;0.2); padding: 8px 0;'> <span style='font-weight: bold; color: inherit;'>M6 Audio<\/span> <span style='color: inherit;'>Soporte para manos libres<\/span> <\/div>\n<div style='display: flex; justify-content: space-between; padding: 8px 0;'> <span style='font-weight: bold; color: inherit;'>USB<\/span> <span style='color: inherit;'>Tipo C&comma; USB 2.0&comma; Soporta OTG<\/span> <\/div>\n<\/p><\/div>\n<\/p><\/div>\n<p> <!-- Plataforma --> <\/p>\n<div style='border-bottom: 1px solid rgba(150&comma;150&comma;150&comma;0.2);'>\n<div style='padding: 15px; font-weight: bold; font-size: 18px; color: inherit; background-color: #f8f8f8;'>Plataforma<\/div>\n<div style='display: grid; grid-template-columns: repeat(auto-fit&comma; minmax(250px&comma; 1fr)); gap: 15px; padding: 15px;'>\n<div style='display: flex; justify-content: space-between; padding: 8px 0;'> <span style='font-weight: bold; color: inherit;'>Sistema operativo<\/span> <span style='color: inherit;'>Android 8.1<\/span> <\/div>\n<div style='display: flex; justify-content: space-between; padding: 8px 0;'> <span style='font-weight: bold; color: inherit;'>Aplicaciones precargadas<\/span> <span style='color: inherit;'>TASSTA PTT<\/span> <\/div>\n<\/p><\/div>\n<\/p><\/div>\n<p> <!-- Audio --> <\/p>\n<div style='border-bottom: 1px solid rgba(150&comma;150&comma;150&comma;0.2);'>\n<div style='padding: 15px; font-weight: bold; font-size: 18px; color: inherit; background-color: #f8f8f8;'>Audio<\/div>\n<div style='display: grid; grid-template-columns: repeat(auto-fit&comma; minmax(250px&comma; 1fr)); gap: 15px; padding: 15px;'>\n<div style='display: flex; justify-content: space-between; border-bottom: 1px solid rgba(150&comma;150&comma;150&comma;0.2); padding: 8px 0;'> <span style='font-weight: bold; color: inherit;'>Micr\u00f3fono doble<\/span> <span style='color: inherit;'>Micr\u00f3fono doble con cancelaci\u00f3n de ruido<\/span> <\/div>\n<div style='display: flex; justify-content: space-between; padding: 8px 0;'> <span style='font-weight: bold; color: inherit;'>Bocina<\/span> <span style='color: inherit;'>3 Watts Calidad de Radio<\/span> <\/div>\n<\/p><\/div>\n<\/p><\/div>\n<p> <!-- Accesorios --> <\/p>\n<div style='border-bottom: 1px solid rgba(150&comma;150&comma;150&comma;0.2);'>\n<div style='padding: 15px; font-weight: bold; font-size: 18px; color: inherit; background-color: #f8f8f8;'>Accesorios<\/div>\n<div style='display: grid; grid-template-columns: repeat(auto-fit&comma; minmax(250px&comma; 1fr)); gap: 15px; padding: 15px;'>\n<div style='display: flex; justify-content: space-between; border-bottom: 1px solid rgba(150&comma;150&comma;150&comma;0.2); padding: 8px 0;'> <span style='font-weight: bold; color: inherit;'>Incluidos<\/span> <span style='color: inherit;'>Cable USB<\/span> <\/div>\n<div style='display: flex; justify-content: space-between; border-bottom: 1px solid rgba(150&comma;150&comma;150&comma;0.2); padding: 8px 0;'> <span style='font-weight: bold; color: inherit;'> <\/span> <span style='color: inherit;'>Cargador<\/span> <\/div>\n<div style='display: flex; justify-content: space-between; border-bottom: 1px solid rgba(150&comma;150&comma;150&comma;0.2); padding: 8px 0;'> <span style='font-weight: bold; color: inherit;'> <\/span> <span style='color: inherit;'>Bater\u00eda<\/span> <\/div>\n<div style='display: flex; justify-content: space-between; border-bottom: 1px solid rgba(150&comma;150&comma;150&comma;0.2); padding: 8px 0;'> <span style='font-weight: bold; color: inherit;'> <\/span> <span style='color: inherit;'>Clip de resorte para cintur\u00f3n<\/span> <\/div>\n<div style='display: flex; justify-content: space-between; border-bottom: 1px solid rgba(150&comma;150&comma;150&comma;0.2); padding: 8px 0;'> <span style='font-weight: bold; color: inherit;'> <\/span> <span style='color: inherit;'>Gu\u00eda r\u00e1pida de usuario<\/span> <\/div>\n<div style='display: flex; justify-content: space-between; padding: 8px 0;'> <span style='font-weight: bold; color: inherit;'>Opcionales<\/span> <span style='color: inherit;'>Cargador de escritorio<\/span> <\/div>\n<div style='display: flex; justify-content: space-between; border-bottom: 1px solid rgba(150&comma;150&comma;150&comma;0.2); padding: 8px 0;'> <span style='font-weight: bold; color: inherit;'> <\/span> <span style='color: inherit;'>Unidad Multicargador<\/span> <\/div>\n<div style='display: flex; justify-content: space-between; border-bottom: 1px solid rgba(150&comma;150&comma;150&comma;0.2); padding: 8px 0;'> <span style='font-weight: bold; color: inherit;'> <\/span> <span style='color: inherit;'>Micr\u00f3fonos tipo solapa<\/span> <\/div>\n<div style='display: flex; justify-content: space-between; padding: 8px 0;'> <span style='font-weight: bold; color: inherit;'> <\/span> <span style='color: inherit;'>Micr\u00f3fonos manos libres<\/span> <\/div>\n<\/p><\/div>\n<\/p><\/div>\n<\/p><\/div>\n<\/p><\/div>\n<\/p><\/div>\n","protected":false},"excerpt":{"rendered":"<p>Kit de Radio PoC TE320 con 12 meses de Servicio de Radio TASSTA B\u00e1sico<\/p>\n","protected":false},"featured_media":58856,"comment_status":"open","ping_status":"closed","template":"","meta":[],"product_brand":[],"product_cat":[1606],"product_tag":[1607,1508,1510],"class_list":{"0":"post-58857","1":"product","2":"type-product","3":"status-publish","4":"has-post-thumbnail","6":"product_cat-radios-4g","7":"product_tag-radios-4g","8":"product_tag-radios-lte","9":"product_tag-tassta","11":"first","12":"instock","13":"sale","14":"shipping-taxable","15":"purchasable","16":"product-type-simple"},"_links":{"self":[{"href":"https:\/\/soydeaqui.ddns.net\/pachuca\/index.php\/wp-json\/wp\/v2\/product\/58857","targetHints":{"allow":["GET"]}}],"collection":[{"href":"https:\/\/soydeaqui.ddns.net\/pachuca\/index.php\/wp-json\/wp\/v2\/product"}],"about":[{"href":"https:\/\/soydeaqui.ddns.net\/pachuca\/index.php\/wp-json\/wp\/v2\/types\/product"}],"replies":[{"embeddable":true,"href":"https:\/\/soydeaqui.ddns.net\/pachuca\/index.php\/wp-json\/wp\/v2\/comments?post=58857"}],"wp:featuredmedia":[{"embeddable":true,"href":"https:\/\/soydeaqui.ddns.net\/pachuca\/index.php\/wp-json\/wp\/v2\/media\/58856"}],"wp:attachment":[{"href":"https:\/\/soydeaqui.ddns.net\/pachuca\/index.php\/wp-json\/wp\/v2\/media?parent=58857"}],"wp:term":[{"taxonomy":"product_brand","embeddable":true,"href":"https:\/\/soydeaqui.ddns.net\/pachuca\/index.php\/wp-json\/wp\/v2\/product_brand?post=58857"},{"taxonomy":"product_cat","embeddable":true,"href":"https:\/\/soydeaqui.ddns.net\/pachuca\/index.php\/wp-json\/wp\/v2\/product_cat?post=58857"},{"taxonomy":"product_tag","embeddable":true,"href":"https:\/\/soydeaqui.ddns.net\/pachuca\/index.php\/wp-json\/wp\/v2\/product_tag?post=58857"}],"curies":[{"name":"wp","href":"https:\/\/api.w.org\/{rel}","templated":true}]}}