{"id":58855,"date":"2026-03-19T04:43:21","date_gmt":"2026-03-19T04:43:21","guid":{"rendered":"https:\/\/soydeaqui.ddns.net\/pachuca\/index.php\/producto\/body-cam-t8-con-servicio-de-radio-tassta-smart-1-ano\/"},"modified":"2026-03-19T04:43:22","modified_gmt":"2026-03-19T04:43:22","slug":"body-cam-t8-con-servicio-de-radio-tassta-smart-1-ano","status":"publish","type":"product","link":"https:\/\/soydeaqui.ddns.net\/pachuca\/index.php\/producto\/body-cam-t8-con-servicio-de-radio-tassta-smart-1-ano\/","title":{"rendered":"Body Cam T8 Con Servicio de Radio TASSTA Smart 1 a\u00f1o"},"content":{"rendered":"<div style='width: 100%; max-width: 1200px; margin: 0 auto; font-family: sans-serif; line-height: 1.6; color: inherit; background-color: transparent;'>\n<div style='display: flex; flex-direction: column; gap: 20px;'>\n<div style='text-align: center; padding: 15px 0;'>\n<h2 style='font-size: 22px; margin: 0; color: inherit; opacity: 0.85;'> La c\u00e1mara corporal Telox T8 es el \u00faltimo lanzamiento de dispositivos port\u00e1tiles inteligentes LTE ideal para mantener la comunicaci\u00f3n sencilla y al instante entre sus organizaciones. <\/h2>\n<\/p><\/div>\n<div style='display: grid; grid-template-columns: 1fr; gap: 20px;'>\n<div style='background-color: transparent;'>\n<p style='font-size: 15px; color: inherit; margin: 10px 0;'> Este equipo combina una c\u00e1mara con un sistema PTT para crear un solo producto que tiene la capacidad de grabar el video en vivo y adem\u00e1s permite realizar llamadas de radio en tiempo real (Compatible con NXRadio). <\/p>\n<p style='font-size: 15px; color: inherit; margin: 10px 0;'> La c\u00e1mara T8 de TELOX&comma; ofrece una soluci\u00f3n todo en uno&comma; perfecta para los usuarios que requieren una c\u00e1mara corporal con una lente de 16MP que se puede girar 225\u00b0 verticalmente para capturar cada momento y tambi\u00e9n cobertura nacional desde un dispositivo LTE con bot\u00f3n PTT que le permitir\u00e1 realizar llamadas de radio de 2 v\u00edas al instante. <\/p>\n<p style='font-size: 15px; color: inherit; margin: 10px 0;'> Cuenta con una clasificaci\u00f3n IP67&comma; lo que significa que es resistente al agua y al polvo. Adem\u00e1s&comma; cuenta con un sistema operativo Android 7.1&comma; conexi\u00f3n Bluetooth 4.2&comma; una bater\u00eda de 3600 mAh y puede operar durante largos turnos de trabajo ofreciendo la protecci\u00f3n de la c\u00e1mara T8 a sus usuarios. <\/p>\n<p style='font-size: 15px; color: inherit; margin: 10px 0;'> Cuenta adem\u00e1s&comma; con c\u00f3modos botones f\u00edsicos que permiten al usuario utilizar la T8 en situaciones dif\u00edciles y una pantalla de 2&comma;1 pulgadas que facilita la operaci\u00f3n y la navegaci\u00f3n. <\/p>\n<\/p><\/div>\n<\/p><\/div>\n<hr style='border: 0; border-top: 1px solid rgba(150&comma; 150&comma; 150&comma; 0.3); margin: 30px 0;'>\n<div style='display: flex; flex-wrap: wrap; gap: 20px; margin-bottom: 30px;'>\n<div style='flex: 1 1 250px; border: 1px solid rgba(150&comma; 150&comma; 150&comma; 0.4); border-radius: 8px; overflow: hidden; display: flex; flex-direction: column;'>\n<div style='padding: 15px; border-bottom: 1px solid rgba(150&comma; 150&comma; 150&comma; 0.2); font-weight: bold; font-size: 18px; color: inherit; background-color: rgba(200&comma; 200&comma; 200&comma; 0.05);'>CARACTER\u00cdSTICAS PRINCIPALES<\/div>\n<div style='padding: 15px; color: inherit;'>\n<ul style='padding-left: 20px; margin: 0; font-size: 14px; list-style-type: disc;'>\n<li style='margin-bottom: 5px;'>C\u00e1mara giratoria de 225 grados<\/li>\n<li style='margin-bottom: 5px;'>Clasificaci\u00f3n IP67<\/li>\n<li style='margin-bottom: 5px;'>Funci\u00f3n de emergencia SOS<\/li>\n<li style='margin-bottom: 5px;'>Transmisi\u00f3n de video en vivo y Push To Talk sobre operaci\u00f3n celular<\/li>\n<li style='margin-bottom: 5px;'>Seguimiento GPS<\/li>\n<li style='margin-bottom: 5px;'>Luz IR para entornos con poca luz<\/li>\n<li style='margin-bottom: 5px;'>Soporta WIFI<\/li>\n<li style='margin-bottom: 5px;'>Bluetooth 4.2 con BLE<\/li>\n<li style='margin-bottom: 5px;'>Android 7.1<\/li>\n<li style='margin-bottom: 5px;'>Compatibilidad con NFC y OTG<\/li>\n<li style='margin-bottom: 5px;'>Peso &#8211; 201g<\/li>\n<li style='margin-bottom: 5px;'>Dimensiones: 115 mm x 65 mm x 26 mm<\/li>\n<li style='margin-bottom: 5px;'>C\u00e1mara de 16 MP<\/li>\n<li style='margin-bottom: 5px;'>Registro previo\/profesional: 30 segundos<\/li>\n<li style='margin-bottom: 5px;'>Bater\u00eda de 3600 mAh<\/li>\n<li style='margin-bottom: 5px;'>Altavoz de 3W<\/li>\n<li style='margin-bottom: 5px;'>Almacenamiento de 128GB<\/li>\n<\/ul><\/div>\n<\/p><\/div>\n<div style='flex: 1 1 250px; border: 1px solid rgba(150&comma; 150&comma; 150&comma; 0.4); border-radius: 8px; overflow: hidden; display: flex; flex-direction: column;'>\n<div style='padding: 15px; border-bottom: 1px solid rgba(150&comma; 150&comma; 150&comma; 0.2); font-weight: bold; font-size: 18px; color: inherit; background-color: rgba(200&comma; 200&comma; 200&comma; 0.05);'>\u00bfQU\u00c9 HAY EN LA CAJA?<\/div>\n<div style='padding: 15px; color: inherit;'>\n<ul style='padding-left: 20px; margin: 0; font-size: 14px; list-style-type: disc;'>\n<li style='margin-bottom: 5px;'>1 x Telox LTECAM T8<\/li>\n<li style='margin-bottom: 5px;'>1 x clip para cintur\u00f3n\/funda<\/li>\n<li style='margin-bottom: 5px;'>1 x cable USB y fuente de alimentaci\u00f3n<\/li>\n<\/ul><\/div>\n<\/p><\/div>\n<\/p><\/div>\n<\/p><\/div>\n<\/p><\/div>\n","protected":false},"excerpt":{"rendered":"<p>Body Cam T8 Con Servicio de Radio TASSTA Smart 1 a\u00f1o<\/p>\n","protected":false},"featured_media":58854,"comment_status":"open","ping_status":"closed","template":"","meta":[],"product_brand":[],"product_cat":[1606],"product_tag":[1607,1508,1510],"class_list":{"0":"post-58855","1":"product","2":"type-product","3":"status-publish","4":"has-post-thumbnail","6":"product_cat-radios-4g","7":"product_tag-radios-4g","8":"product_tag-radios-lte","9":"product_tag-tassta","11":"first","12":"instock","13":"sale","14":"shipping-taxable","15":"purchasable","16":"product-type-simple"},"_links":{"self":[{"href":"https:\/\/soydeaqui.ddns.net\/pachuca\/index.php\/wp-json\/wp\/v2\/product\/58855","targetHints":{"allow":["GET"]}}],"collection":[{"href":"https:\/\/soydeaqui.ddns.net\/pachuca\/index.php\/wp-json\/wp\/v2\/product"}],"about":[{"href":"https:\/\/soydeaqui.ddns.net\/pachuca\/index.php\/wp-json\/wp\/v2\/types\/product"}],"replies":[{"embeddable":true,"href":"https:\/\/soydeaqui.ddns.net\/pachuca\/index.php\/wp-json\/wp\/v2\/comments?post=58855"}],"wp:featuredmedia":[{"embeddable":true,"href":"https:\/\/soydeaqui.ddns.net\/pachuca\/index.php\/wp-json\/wp\/v2\/media\/58854"}],"wp:attachment":[{"href":"https:\/\/soydeaqui.ddns.net\/pachuca\/index.php\/wp-json\/wp\/v2\/media?parent=58855"}],"wp:term":[{"taxonomy":"product_brand","embeddable":true,"href":"https:\/\/soydeaqui.ddns.net\/pachuca\/index.php\/wp-json\/wp\/v2\/product_brand?post=58855"},{"taxonomy":"product_cat","embeddable":true,"href":"https:\/\/soydeaqui.ddns.net\/pachuca\/index.php\/wp-json\/wp\/v2\/product_cat?post=58855"},{"taxonomy":"product_tag","embeddable":true,"href":"https:\/\/soydeaqui.ddns.net\/pachuca\/index.php\/wp-json\/wp\/v2\/product_tag?post=58855"}],"curies":[{"name":"wp","href":"https:\/\/api.w.org\/{rel}","templated":true}]}}