{"id":58851,"date":"2026-03-19T04:43:15","date_gmt":"2026-03-19T04:43:15","guid":{"rendered":"https:\/\/soydeaqui.ddns.net\/pachuca\/index.php\/producto\/puente-de-medicion-para-vswr-en-analizador-de-espectro-dsa815-tg\/"},"modified":"2026-03-19T04:43:16","modified_gmt":"2026-03-19T04:43:16","slug":"puente-de-medicion-para-vswr-en-analizador-de-espectro-dsa815-tg","status":"publish","type":"product","link":"https:\/\/soydeaqui.ddns.net\/pachuca\/index.php\/producto\/puente-de-medicion-para-vswr-en-analizador-de-espectro-dsa815-tg\/","title":{"rendered":"Puente de Medici\u00f3n para VSWR en Analizador de Espectro DSA815-TG."},"content":{"rendered":"<div style='width: 100%; max-width: 1200px; margin: 0 auto; font-family: sans-serif; line-height: 1.6; color: inherit; background-color: transparent;'> <!-- Secci\u00f3n de caracter\u00edsticas --> <\/p>\n<div style='display: flex; flex-wrap: wrap; gap: 30px; margin-bottom: 30px;'>\n<div style='flex: 1 1 300px; min-width: 280px;'>\n<h3 style='font-size: 22px; border-bottom: 2px solid currentColor; padding-bottom: 5px; margin-top: 0; color: inherit; opacity: 0.8;'>Especificaciones<\/h3>\n<ul style='padding-left: 20px; font-size: 15px; color: inherit;'>\n<li style='margin-bottom: 5px;'>Canales: 2<\/li>\n<li style='margin-bottom: 5px;'>Ancho de banda: 200 MHz<\/li>\n<li style='margin-bottom: 5px;'>Frecuencia de Muestreo: 1Gs\/s<\/li>\n<li style='margin-bottom: 5px;'>Detecci\u00f3n de Pico: 4 ns<\/li>\n<li style='margin-bottom: 5px;'>Profundidad de la Memoria: 25 Mpts (Canal Sencillo) 12 Mpts (Doble Canal)<\/li>\n<li style='margin-bottom: 5px;'>Tasa de Captura de Forma de Onda: 30&comma;000 wfms\/s<\/li>\n<li style='margin-bottom: 5px;'>Escala Vertical: 1 mV\/div a 10 V\/div<\/li>\n<li style='margin-bottom: 5px;'>Rango de Base de Tiempo: 2ns\/div a 50s\/div<\/li>\n<li style='margin-bottom: 5px;'>Modos de Disparo: Elevando&comma; Callendo&comma; Alternado<\/li>\n<li style='margin-bottom: 5px;'>Puertos Est\u00e1ndar: USB Huesped&comma; USB Dispositivo&comma; LAN&comma; Salida Auxiliar<\/li>\n<\/ul><\/div>\n<\/p><\/div>\n<p> <!-- Secci\u00f3n de cards con especificaciones --> <\/p>\n<div style='display: flex; flex-wrap: wrap; gap: 20px; margin-bottom: 30px;'>\n<div style='flex: 1 1 250px; border: 1px solid rgba(150&comma; 150&comma; 150&comma; 0.4); border-radius: 8px; overflow: hidden; display: flex; flex-direction: column;'>\n<div style='padding: 15px; border-bottom: 1px solid rgba(150&comma; 150&comma; 150&comma; 0.2); font-weight: bold; font-size: 18px; color: inherit;'>Caracter\u00edsticas Generales<\/div>\n<div style='padding: 15px; color: inherit;'>\n<ul style='padding-left: 20px; margin: 0; font-size: 14px; list-style-type: disc;'>\n<li style='margin-bottom: 5px;'>Voltaje de Alimentaci\u00f3n: 100-240 Vca&comma; 45-440 Hz<\/li>\n<li style='margin-bottom: 5px;'>Consumo de Potencia: 50 Watt (max.)<\/li>\n<li style='margin-bottom: 5px;'>Voltaje de Salida: 3 V Pico a Pico<\/li>\n<li style='margin-bottom: 5px;'>Frecuencia: 1 kHz<\/li>\n<li style='margin-bottom: 5px;'>Rango de Temperatura (Operando): 0 \u00b0C a +50 \u00b0C<\/li>\n<li style='margin-bottom: 5px;'>Rango de Temperatura (No-Operando): -40 \u00b0C a +60 \u00b0C<\/li>\n<li style='margin-bottom: 5px;'>Pantalla: 7&#8242; TFT LCD&comma; (800 Horizontal \u00d7 RGB x 480 Pixel Vertical)<\/li>\n<li style='margin-bottom: 5px;'>Color del producto: Blanco y Gris<\/li>\n<li style='margin-bottom: 5px;'>Peso Neto del producto: 2.9 +\/- 0.2 kg<\/li>\n<li style='margin-bottom: 5px;'>Tama\u00f1o del Producto (W \u00d7 H \u00d7 D): 313 mm \u00d7 160.8 mm \u00d7 122.4 mm<\/li>\n<li style='margin-bottom: 5px;'>Accesorios est\u00e1ndar: Sonda \u00d7 2 (1 \u00d7&comma; 10 \u00d7 conmutables)&comma; Cable de Alimentaci\u00f3n&comma; Cable USB<\/li>\n<li style='margin-bottom: 5px;'>Clasificaci\u00f3n de Seguridad: IEC 61010-1<\/li>\n<\/ul><\/div>\n<\/p><\/div>\n<\/p><\/div>\n<p> <!-- Separador --> <\/p>\n<hr style='border: 0; border-top: 1px solid rgba(150&comma; 150&comma; 150&comma; 0.3); margin: 30px 0;'> <\/div>\n","protected":false},"excerpt":{"rendered":"<p>Puente de Medici\u00f3n para VSWR en Analizador de Espectro DSA815-TG.<\/p>\n","protected":false},"featured_media":32,"comment_status":"open","ping_status":"closed","template":"","meta":[],"product_brand":[],"product_cat":[1610],"product_tag":[1611,931,63],"class_list":{"0":"post-58851","1":"product","2":"type-product","3":"status-publish","4":"has-post-thumbnail","6":"product_cat-analizadores-espectro-y-antenas-monitores-de-servicio-y-softwares","7":"product_tag-analizadores-espectro-y-antenas-monitores-de-servicio-y-softwares","8":"product_tag-equipo-de-laboratorio","9":"product_tag-syscom","11":"first","12":"outofstock","13":"sale","14":"shipping-taxable","15":"purchasable","16":"product-type-simple"},"_links":{"self":[{"href":"https:\/\/soydeaqui.ddns.net\/pachuca\/index.php\/wp-json\/wp\/v2\/product\/58851","targetHints":{"allow":["GET"]}}],"collection":[{"href":"https:\/\/soydeaqui.ddns.net\/pachuca\/index.php\/wp-json\/wp\/v2\/product"}],"about":[{"href":"https:\/\/soydeaqui.ddns.net\/pachuca\/index.php\/wp-json\/wp\/v2\/types\/product"}],"replies":[{"embeddable":true,"href":"https:\/\/soydeaqui.ddns.net\/pachuca\/index.php\/wp-json\/wp\/v2\/comments?post=58851"}],"wp:featuredmedia":[{"embeddable":true,"href":"https:\/\/soydeaqui.ddns.net\/pachuca\/index.php\/wp-json\/wp\/v2\/media\/32"}],"wp:attachment":[{"href":"https:\/\/soydeaqui.ddns.net\/pachuca\/index.php\/wp-json\/wp\/v2\/media?parent=58851"}],"wp:term":[{"taxonomy":"product_brand","embeddable":true,"href":"https:\/\/soydeaqui.ddns.net\/pachuca\/index.php\/wp-json\/wp\/v2\/product_brand?post=58851"},{"taxonomy":"product_cat","embeddable":true,"href":"https:\/\/soydeaqui.ddns.net\/pachuca\/index.php\/wp-json\/wp\/v2\/product_cat?post=58851"},{"taxonomy":"product_tag","embeddable":true,"href":"https:\/\/soydeaqui.ddns.net\/pachuca\/index.php\/wp-json\/wp\/v2\/product_tag?post=58851"}],"curies":[{"name":"wp","href":"https:\/\/api.w.org\/{rel}","templated":true}]}}