{"id":58846,"date":"2026-03-19T04:43:04","date_gmt":"2026-03-19T04:43:04","guid":{"rendered":"https:\/\/soydeaqui.ddns.net\/pachuca\/index.php\/producto\/radio-portatil-digital-dmr-y-analogico-en-la-banda-vhf-136-174-mhz-64ch-y-cifrado-de-seguridad-en-digital\/"},"modified":"2026-03-19T04:43:11","modified_gmt":"2026-03-19T04:43:11","slug":"radio-portatil-digital-dmr-y-analogico-en-la-banda-vhf-136-174-mhz-64ch-y-cifrado-de-seguridad-en-digital","status":"publish","type":"product","link":"https:\/\/soydeaqui.ddns.net\/pachuca\/index.php\/producto\/radio-portatil-digital-dmr-y-analogico-en-la-banda-vhf-136-174-mhz-64ch-y-cifrado-de-seguridad-en-digital\/","title":{"rendered":"Radio Port\u00e1til Digital DMR y anal\u00f3gico  en la banda VHF 136-174 MHz, 64CH y Cifrado de seguridad en Digital."},"content":{"rendered":"<div style='width: 100%; max-width: 1200px; margin: 0 auto; font-family: sans-serif; line-height: 1.6; color: inherit; background-color: transparent;'> <!-- T\u00edtulo principal --> <\/p>\n<div style='text-align: center; margin-bottom: 30px;'>\n<h1 style='margin: 0; font-size: 28px; color: inherit; opacity: 0.8;'><span style='color: #2880b9; font-size: 36px; font-weight: bold;'>TXPRO Tecnolog\u00eda de Comunicaci\u00f3n<\/span><\/h1>\n<\/p><\/div>\n<h2 style='font-size: 24px; margin-bottom: 20px; color: inherit; opacity: 0.8;'>TX790V Radio Port\u00e1til DMR VHF &#8211; Comunicaci\u00f3n Segura y Resistente<\/h2>\n<p> <!-- Introducci\u00f3n --> <\/p>\n<div style='margin-bottom: 30px;'>\n<p>El <strong>TX790V<\/strong>&comma; un radio port\u00e1til de marca TXPRO&comma; es la soluci\u00f3n ideal para quienes buscan un equipo de comunicaci\u00f3n eficiente y robusto. Operando en la banda <span style='color: #ff5733; font-weight: bold;'>VHF 136-174 MHz<\/span>&comma; este dispositivo es sin\u00f3nimo de <span style='color: #ff5733; font-weight: bold;'>confiabilidad y durabilidad<\/span>&comma; incluso en los entornos m\u00e1s exigentes.<\/p>\n<\/p><\/div>\n<p> <!-- Secciones de caracter\u00edsticas --> <\/p>\n<div style='display: flex; flex-wrap: wrap; gap: 30px; margin-bottom: 30px;'>\n<div style='flex: 1 1 300px; min-width: 280px;'>\n<h3 style='font-size: 22px; border-bottom: 2px solid currentColor; padding-bottom: 5px; margin-top: 0; color: inherit; opacity: 0.8;'>Caracter\u00edsticas Principales<\/h3>\n<ul style='padding-left: 20px; font-size: 15px; color: inherit;'>\n<li style='margin-bottom: 5px;'><strong>Versatilidad:<\/strong> Compatible con comunicaciones DMR digital y anal\u00f3gico&comma; adapt\u00e1ndose a tus necesidades operativas.<\/li>\n<li style='margin-bottom: 5px;'><strong>Resistencia Inigualable:<\/strong> Dise\u00f1ado para soportar <span style='color: #ff5733; font-weight: bold;'>golpes&comma; vibraciones<\/span> y <span style='color: #ff5733; font-weight: bold;'>condiciones clim\u00e1ticas adversas<\/span>.<\/li>\n<li style='margin-bottom: 5px;'><strong>Rendimiento \u00d3ptimo:<\/strong> Ofrece una <span style='color: #3498db; font-weight: bold;'>calidad de audio excepcional<\/span> y una <span style='color: #3498db; font-weight: bold;'>cobertura amplia<\/span>.<\/li>\n<li style='margin-bottom: 5px;'><strong>Seguridad:<\/strong> Cuenta con <span style='color: #ff5733; font-weight: bold;'>cifrado<\/span> para mantener tus comunicaciones seguras y privadas.<\/li>\n<\/ul><\/div>\n<div style='flex: 1 1 300px; min-width: 280px;'>\n<h3 style='font-size: 22px; border-bottom: 2px solid currentColor; padding-bottom: 5px; margin-top: 0; color: inherit; opacity: 0.8;'>Caracter\u00edsticas Generales<\/h3>\n<ul style='padding-left: 20px; font-size: 15px; color: inherit;'>\n<li style='margin-bottom: 5px;'><span style='color: #ff5733; font-weight: bold;'>Radio Digital DMR<\/span><\/li>\n<li style='margin-bottom: 5px;'><span style='color: #ff5733; font-weight: bold;'>4 Zonas<\/span><\/li>\n<li style='margin-bottom: 5px;'><span style='color: #ff5733; font-weight: bold;'>64 Canales<\/span><\/li>\n<li style='margin-bottom: 5px;'>Actualizable por Firmware.<\/li>\n<li style='margin-bottom: 5px;'>Encriptaci\u00f3n (modo Digital)<\/li>\n<li style='margin-bottom: 5px;'>Trabajador Solitario.<\/li>\n<li style='margin-bottom: 5px;'>Llamadas Privadas\/Grupo\/Todos.<\/li>\n<li style='margin-bottom: 5px;'>Tecla lateral programable.<\/li>\n<li style='margin-bottom: 5px;'>Stun\/Revive Remoto.<\/li>\n<li style='margin-bottom: 5px;'>Monitor Remoto (en recepci\u00f3n)<\/li>\n<li style='margin-bottom: 5px;'>Temporizador de transmisi\u00f3n (TOT)<\/li>\n<li style='margin-bottom: 5px;'>Funci\u00f3n ahorro de bater\u00eda.<\/li>\n<li style='margin-bottom: 5px;'>Tono Bater\u00eda Baja.<\/li>\n<li style='margin-bottom: 5px;'>Anunciador de Voz.<\/li>\n<li style='margin-bottom: 5px;'>QT\/DQT<\/li>\n<li style='margin-bottom: 5px;'>Funci\u00f3n Talk Around.<\/li>\n<li style='margin-bottom: 5px;'>Password de lectura\/escritura.<\/li>\n<li style='margin-bottom: 5px;'>Selecci\u00f3n de potencia Alto\/Bajo.<\/li>\n<li style='margin-bottom: 5px;'>Candado Canal Ocupado.<\/li>\n<li style='margin-bottom: 5px;'>Selecci\u00f3n de ancho de canal Wide\/Narrow (modo anal\u00f3gico)<\/li>\n<li style='margin-bottom: 5px;'>Llamada de un toque.<\/li>\n<li style='margin-bottom: 5px;'><span style='color: #3498db; font-weight: bold;'>Bater\u00eda de Alta capacidad 2500 mAh<\/span><\/li>\n<li style='margin-bottom: 5px;'>Conector tipo C para carga de bater\u00eda<\/li>\n<\/ul><\/div>\n<\/p><\/div>\n<p> <!-- Especificaciones --> <\/p>\n<div style='margin-bottom: 30px;'>\n<h3 style='font-size: 22px; border-bottom: 2px solid currentColor; padding-bottom: 5px; margin-top: 0; color: inherit; opacity: 0.8;'>Especificaciones<\/h3>\n<ul style='padding-left: 20px; font-size: 15px; color: inherit;'>\n<li style='margin-bottom: 5px;'><strong>Rango de operaci\u00f3n:<\/strong> <span style='color: #ff5733; font-weight: bold;'>136-174 MHz<\/span><\/li>\n<li style='margin-bottom: 5px;'><strong>Canales:<\/strong> <span style='color: #ff5733; font-weight: bold;'>64 \/ 4 zonas<\/span><\/li>\n<li style='margin-bottom: 5px;'><strong>Estabilidad de frecuencia:<\/strong> \u00b11 ppm<\/li>\n<li style='margin-bottom: 5px;'><strong>Temperatura de Operaci\u00f3n:<\/strong> -30\u00b0C ~ +60\u00b0C<\/li>\n<li style='margin-bottom: 5px;'><strong>Voltaje de Operaci\u00f3n:<\/strong> 7.4 Vcd<\/li>\n<li style='margin-bottom: 5px;'><strong>Sensibilidad Anal\u00f3gica:<\/strong> 0.2 \u00b5V @ 12 dB SINAD<\/li>\n<li style='margin-bottom: 5px;'><strong>Sensibilidad Digital:<\/strong> 0.25 \u00b5V (BER 5%)<\/li>\n<li style='margin-bottom: 5px;'><strong>Potencia en Audio:<\/strong> 1 watt<\/li>\n<li style='margin-bottom: 5px;'><strong>Potencia Alta:<\/strong> 5 W<\/li>\n<li style='margin-bottom: 5px;'><strong>Potencia Baja:<\/strong> 1 W<\/li>\n<li style='margin-bottom: 5px;'><strong>Distorsi\u00f3n de Modulaci\u00f3n:<\/strong> \u22645%<\/li>\n<li style='margin-bottom: 5px;'><strong>Protocolo Digital:<\/strong> ETSI-TS102 361-1&comma; -2&comma; -3<\/li>\n<\/ul><\/div>\n<p> <!-- Uso Ideal --> <\/p>\n<div style='margin-bottom: 30px;'>\n<h3 style='font-size: 22px; border-bottom: 2px solid currentColor; padding-bottom: 5px; margin-top: 0; color: inherit; opacity: 0.8;'>Uso Ideal<\/h3>\n<p>El TX790V es perfecto para aplicaciones en exteriores o entornos industriales&comma; donde la <span style='color: #ff5733; font-weight: bold;'>confiabilidad y resistencia<\/span> del equipo son cruciales. Ya sea para <span style='color: #3498db; font-weight: bold;'>trabajos de construcci\u00f3n&comma; seguridad&comma; eventos<\/span> o cualquier otra aplicaci\u00f3n cr\u00edtica&comma; este radio garantiza un desempe\u00f1o superior.<\/p>\n<\/p><\/div>\n<p> <!-- Incluye --> <\/p>\n<div style='margin-bottom: 30px;'>\n<h3 style='font-size: 22px; border-bottom: 2px solid currentColor; padding-bottom: 5px; margin-top: 0; color: inherit; opacity: 0.8;'>Incluye<\/h3>\n<p>Bater\u00eda&comma; Cargador&comma; Clip para cintur\u00f3n y Antena<\/p>\n<\/p><\/div>\n<p> <!-- Im\u00e1genes --> <\/p>\n<div style='display: flex; flex-wrap: wrap; gap: 15px; margin-bottom: 30px;'>\n<div style='flex: 1 1 300px; min-width: 280px;'> <img style='width: 100%; height: auto; border: 1px solid rgba(150&comma;150&comma;150&comma;0.3); border-radius: 8px;' src='https:\/\/drive.google.com\/file\/d\/12adtGgW4lQypw3nXUxaA265uf0J4xwXk\/view?usp=sharing' alt=''> <\/div>\n<div style='flex: 1 1 300px; min-width: 280px;'> <img style='width: 100%; height: auto; border: 1px solid rgba(150&comma;150&comma;150&comma;0.3); border-radius: 8px;' src='https:\/\/ftp3.syscom.mx\/usuarios\/mhernandez\/txPRO%20TYT\/TX790\/Accesorios%20TX790.PNG' alt=''> <\/div>\n<\/p><\/div>\n<p> <!-- Video --> <\/p>\n<div style='position: relative; padding-bottom: 56.25%; height: 0; overflow: hidden; margin-bottom: 30px;'>   <\/div>\n<p> <!-- Garant\u00eda y requisitos --> <\/p>\n<div style='display: flex; flex-wrap: wrap; gap: 30px;'>\n<div style='flex: 1 1 300px; min-width: 280px;'>\n<h3 style='font-size: 20px; margin-top: 0; color: inherit; opacity: 0.8;'><strong>3 A\u00f1os de Garant\u00eda contra defectos de fabricaci\u00f3n<\/strong><\/h3>\n<\/p><\/div>\n<div style='flex: 1 1 300px; min-width: 280px;'>\n<h3 style='font-size: 20px; margin-top: 0; color: inherit; opacity: 0.8;'><strong>Requiere cable de programaci\u00f3n W103K<\/strong><\/h3>\n<\/p><\/div>\n<\/p><\/div>\n<\/p><\/div>\n","protected":false},"excerpt":{"rendered":"<p>Radio Port\u00e1til Digital DMR y anal\u00f3gico  en la banda VHF 136-174 MHz, 64CH y Cifrado de seguridad en Digital.<\/p>\n","protected":false},"featured_media":58845,"comment_status":"open","ping_status":"closed","template":"","meta":[],"product_brand":[],"product_cat":[1555],"product_tag":[1556,1557,560],"class_list":{"0":"post-58846","1":"product","2":"type-product","3":"status-publish","4":"has-post-thumbnail","6":"product_cat-radios-portatiles-vhf-uhf","7":"product_tag-radios-comerciales-txpro","8":"product_tag-radios-portatiles-vhf-uhf","9":"product_tag-txpro","11":"first","12":"instock","13":"sale","14":"shipping-taxable","15":"purchasable","16":"product-type-simple"},"_links":{"self":[{"href":"https:\/\/soydeaqui.ddns.net\/pachuca\/index.php\/wp-json\/wp\/v2\/product\/58846","targetHints":{"allow":["GET"]}}],"collection":[{"href":"https:\/\/soydeaqui.ddns.net\/pachuca\/index.php\/wp-json\/wp\/v2\/product"}],"about":[{"href":"https:\/\/soydeaqui.ddns.net\/pachuca\/index.php\/wp-json\/wp\/v2\/types\/product"}],"replies":[{"embeddable":true,"href":"https:\/\/soydeaqui.ddns.net\/pachuca\/index.php\/wp-json\/wp\/v2\/comments?post=58846"}],"wp:featuredmedia":[{"embeddable":true,"href":"https:\/\/soydeaqui.ddns.net\/pachuca\/index.php\/wp-json\/wp\/v2\/media\/58845"}],"wp:attachment":[{"href":"https:\/\/soydeaqui.ddns.net\/pachuca\/index.php\/wp-json\/wp\/v2\/media?parent=58846"}],"wp:term":[{"taxonomy":"product_brand","embeddable":true,"href":"https:\/\/soydeaqui.ddns.net\/pachuca\/index.php\/wp-json\/wp\/v2\/product_brand?post=58846"},{"taxonomy":"product_cat","embeddable":true,"href":"https:\/\/soydeaqui.ddns.net\/pachuca\/index.php\/wp-json\/wp\/v2\/product_cat?post=58846"},{"taxonomy":"product_tag","embeddable":true,"href":"https:\/\/soydeaqui.ddns.net\/pachuca\/index.php\/wp-json\/wp\/v2\/product_tag?post=58846"}],"curies":[{"name":"wp","href":"https:\/\/api.w.org\/{rel}","templated":true}]}}