{"id":58841,"date":"2026-03-19T04:42:53","date_gmt":"2026-03-19T04:42:53","guid":{"rendered":"https:\/\/soydeaqui.ddns.net\/pachuca\/index.php\/producto\/radio-portatil-digital-dmr-en-banda-uhf-400-470-mhz\/"},"modified":"2026-03-19T04:43:00","modified_gmt":"2026-03-19T04:43:00","slug":"radio-portatil-digital-dmr-en-banda-uhf-400-470-mhz","status":"publish","type":"product","link":"https:\/\/soydeaqui.ddns.net\/pachuca\/index.php\/producto\/radio-portatil-digital-dmr-en-banda-uhf-400-470-mhz\/","title":{"rendered":"Radio Port\u00e1til Digital DMR en banda UHF 400-470 MHz"},"content":{"rendered":"<div style='width: 100%; max-width: 1200px; margin: 0 auto; font-family: sans-serif; line-height: 1.6; color: inherit; background-color: transparent;'>\n<div style='display: flex; flex-direction: column; align-items: center; text-align: center; margin-bottom: 30px;'>\n<h1 style='margin: 0; font-size: 36px; color: #2880b9; font-weight: bold; line-height: 1.2;'> TXPRO Tecnolog\u00eda de Comunicaci\u00f3n. <\/h1>\n<h2 style='margin: 0; margin-top: 15px; font-size: 24px; color: inherit; font-weight: bold;'> TX790U Radio Port\u00e1til DMR UHF &#8211; Comunicaci\u00f3n Segura y Resistente <\/h2>\n<\/p><\/div>\n<div style='margin-bottom: 30px;'>\n<p style='font-size: 15px; color: inherit; margin: 0 0 15px 0;'>El <strong>TX790U<\/strong>&comma; un radio port\u00e1til de marca TXPRO&comma; es la soluci\u00f3n ideal para quienes buscan un equipo de comunicaci\u00f3n eficiente y robusto. Operando en la banda <span style='color: #ff5733; font-weight: bold;'>UHF 400-470 MHz<\/span>&comma; este dispositivo es sin\u00f3nimo de <span style='color: #ff5733; font-weight: bold;'>confiabilidad y durabilidad<\/span>&comma; incluso en los entornos m\u00e1s exigentes.<\/p>\n<\/p><\/div>\n<div style='display: flex; flex-wrap: wrap; gap: 30px; margin-bottom: 30px;'>\n<div style='flex: 1 1 300px; min-width: 280px;'>\n<h3 style='font-size: 22px; border-bottom: 2px solid currentColor; padding-bottom: 5px; margin-top: 0; color: inherit; opacity: 0.8;'>Caracter\u00edsticas Principales<\/h3>\n<ul style='padding-left: 20px; font-size: 15px; color: inherit; margin: 15px 0 0 0;'>\n<li style='margin-bottom: 10px;'><strong>Versatilidad:<\/strong> Compatible con comunicaciones DMR digital y anal\u00f3gico&comma; adapt\u00e1ndose a tus necesidades operativas.<\/li>\n<li style='margin-bottom: 10px;'><strong>Resistencia Inigualable:<\/strong> Dise\u00f1ado para soportar <span style='color: #ff5733; font-weight: bold;'>golpes&comma; vibraciones<\/span> y <span style='color: #ff5733; font-weight: bold;'>condiciones clim\u00e1ticas adversas<\/span>.<\/li>\n<li style='margin-bottom: 10px;'><strong>Rendimiento \u00d3ptimo:<\/strong> Ofrece una <span style='color: #3498db; font-weight: bold;'>calidad de audio excepcional<\/span> y una <span style='color: #3498db; font-weight: bold;'>cobertura amplia<\/span>.<\/li>\n<li style='margin-bottom: 10px;'><strong>Seguridad:<\/strong> Cuenta con <span style='color: #ff5733; font-weight: bold;'>cifrado<\/span> para mantener tus comunicaciones seguras y privadas.<\/li>\n<\/ul><\/div>\n<\/p><\/div>\n<div style='display: flex; flex-wrap: wrap; gap: 20px; margin-bottom: 30px;'>\n<div style='flex: 1 1 250px; border: 1px solid rgba(150&comma; 150&comma; 150&comma; 0.4); border-radius: 8px; overflow: hidden; display: flex; flex-direction: column;'>\n<div style='padding: 15px; border-bottom: 1px solid rgba(150&comma; 150&comma; 150&comma; 0.2); font-weight: bold; font-size: 18px; color: inherit;'>Caracter\u00edsticas Generales<\/div>\n<div style='padding: 15px; color: inherit;'>\n<ul style='padding-left: 20px; margin: 0; font-size: 14px; list-style-type: disc;'>\n<li style='margin-bottom: 8px;'><span style='color: #ff5733; font-weight: bold;'>Radio Digital DMR<\/span><\/li>\n<li style='margin-bottom: 8px;'><span style='color: #ff5733; font-weight: bold;'>4 Zonas<\/span><\/li>\n<li style='margin-bottom: 8px;'><span style='color: #ff5733; font-weight: bold;'>64 Canales<\/span><\/li>\n<li style='margin-bottom: 8px;'>Actualizable por Firmware.<\/li>\n<li style='margin-bottom: 8px;'>Encriptaci\u00f3n (modo Digital)<\/li>\n<li style='margin-bottom: 8px;'>Trabajador Solitario.<\/li>\n<li style='margin-bottom: 8px;'>Llamadas Privadas\/Grupo\/Todos.<\/li>\n<li style='margin-bottom: 8px;'>Tecla lateral programable.<\/li>\n<li style='margin-bottom: 8px;'>Stun\/Revive Remoto.<\/li>\n<li style='margin-bottom: 8px;'>Monitor Remoto (en recepci\u00f3n)<\/li>\n<li style='margin-bottom: 8px;'>Temporizador de transmisi\u00f3n (TOT)<\/li>\n<li style='margin-bottom: 8px;'>Funci\u00f3n ahorro de bater\u00eda.<\/li>\n<li style='margin-bottom: 8px;'>Tono Bater\u00eda Baja.<\/li>\n<li style='margin-bottom: 8px;'>Anunciador de Voz.<\/li>\n<li style='margin-bottom: 8px;'>QT\/DQT<\/li>\n<li style='margin-bottom: 8px;'>Funci\u00f3n Talk Around.<\/li>\n<li style='margin-bottom: 8px;'>Password de lectura\/escritura.<\/li>\n<li style='margin-bottom: 8px;'>Selecci\u00f3n de potencia Alto\/Bajo.<\/li>\n<li style='margin-bottom: 8px;'>Candado Canal Ocupado.<\/li>\n<li style='margin-bottom: 8px;'>Selecci\u00f3n de ancho de canal Wide\/Narrow (modo anal\u00f3gico)<\/li>\n<li style='margin-bottom: 8px;'>Llamada de un toque.<\/li>\n<li style='margin-bottom: 8px;'><span style='color: #3498db; font-weight: bold;'>Bater\u00eda de Alta capacidad 2500 mAh<\/span><\/li>\n<li style='margin-bottom: 8px;'>Conector tipo C para carga de bater\u00eda<\/li>\n<\/ul><\/div>\n<\/p><\/div>\n<div style='flex: 1 1 250px; border: 1px solid rgba(150&comma; 150&comma; 150&comma; 0.4); border-radius: 8px; overflow: hidden; display: flex; flex-direction: column;'>\n<div style='padding: 15px; border-bottom: 1px solid rgba(150&comma; 150&comma; 150&comma; 0.2); font-weight: bold; font-size: 18px; color: inherit;'>Especificaciones<\/div>\n<div style='padding: 15px; color: inherit;'>\n<ul style='padding-left: 20px; margin: 0; font-size: 14px; list-style-type: disc;'>\n<li style='margin-bottom: 8px;'>Rango de operaci\u00f3n: <span style='color: #ff5733; font-weight: bold;'>400-470 MHz<\/span><\/li>\n<li style='margin-bottom: 8px;'>Canales: <span style='color: #ff5733; font-weight: bold;'>64 \/ 4 zonas<\/span><\/li>\n<li style='margin-bottom: 8px;'>Estabilidad de frecuencia: \u00b11 ppm<\/li>\n<li style='margin-bottom: 8px;'>Temperatura de Operaci\u00f3n: -30\u00b0C ~ +60\u00b0C<\/li>\n<li style='margin-bottom: 8px;'>Voltaje de Operaci\u00f3n: 7.4 Vcd<\/li>\n<li style='margin-bottom: 8px;'>Sensibilidad Anal\u00f3gica: 0.2 \u00b5V @ 12 dB SINAD<\/li>\n<li style='margin-bottom: 8px;'>Sensibilidad Digital: 0.25 \u00b5V (BER 5%)<\/li>\n<li style='margin-bottom: 8px;'>Potencia en Audio: 1 watt<\/li>\n<li style='margin-bottom: 8px;'>Potencia Alta: 5 W<\/li>\n<li style='margin-bottom: 8px;'>Potencia Baja: 1 W<\/li>\n<li style='margin-bottom: 8px;'>Distorsi\u00f3n de Modulaci\u00f3n: <5%<\/li>\n<li style='margin-bottom: 8px;'>Protocolo Digital: ETSI-TS102 361-1&comma; -2&comma; -3<\/li>\n<\/ul><\/div>\n<\/p><\/div>\n<\/p><\/div>\n<div style='margin-bottom: 30px;'>\n<h3 style='font-size: 20px; border-bottom: 2px solid currentColor; padding-bottom: 5px; margin-top: 0; margin-bottom: 15px; color: inherit; opacity: 0.8;'>Uso Ideal<\/h3>\n<p style='font-size: 15px; color: inherit; margin: 0 0 15px 0;'>El TX790U es perfecto para aplicaciones en exteriores o entornos industriales&comma; donde la <span style='color: #ff5733; font-weight: bold;'>confiabilidad y resistencia<\/span> del equipo son cruciales. Ya sea para <span style='color: #3498db; font-weight: bold;'>trabajos de construcci\u00f3n&comma; seguridad&comma; eventos<\/span> o cualquier otra aplicaci\u00f3n cr\u00edtica&comma; este radio garantiza un desempe\u00f1o superior.<\/p>\n<\/p><\/div>\n<div style='margin-bottom: 30px;'> <img style='width: 100%; height: auto; border: 1px solid rgba(150&comma;150&comma;150&comma;0.3); border-radius: 8px;' src='https:\/\/ftp3.syscom.mx\/usuarios\/mhernandez\/txPRO%20TYT\/TX790\/Accesorios%20TX790.PNG' alt=''> <\/div>\n<div style='margin-bottom: 30px;'>\n<div style='display: flex; flex-direction: column; align-items: center; text-align: center; padding: 20px; border: 1px solid rgba(150&comma;150&comma;150&comma;0.3); border-radius: 8px;'>\n<h3 style='margin: 0; margin-bottom: 15px; font-size: 18px; font-weight: bold; color: inherit;'>3 A\u00f1os de Garant\u00eda contra defectos de fabricaci\u00f3n<\/h3>\n<h4 style='margin: 0; font-size: 16px; font-weight: bold; color: inherit;'>Requiere cable de programaci\u00f3n<\/h4>\n<p> <a style='color: #3498db; text-decoration: none; margin-top: 8px;' href='https:\/\/www.syscom.mx\/producto\/W-103K-TXPRO-226819.html' target='_blank' rel='noopener'>W103K<\/a> <\/div>\n<\/p><\/div>\n<div style='margin-bottom: 30px;'>\n<div style='position: relative; padding-bottom: 56.25%; height: 0; overflow: hidden;'>   <\/div>\n<\/p><\/div>\n<hr style='border: 0; border-top: 1px solid rgba(150&comma; 150&comma; 150&comma; 0.3); margin: 30px 0;'> <\/div>\n","protected":false},"excerpt":{"rendered":"<p>Radio Port\u00e1til Digital DMR en banda UHF 400-470 MHz<\/p>\n","protected":false},"featured_media":58840,"comment_status":"open","ping_status":"closed","template":"","meta":[],"product_brand":[],"product_cat":[1555],"product_tag":[1556,1557,560],"class_list":{"0":"post-58841","1":"product","2":"type-product","3":"status-publish","4":"has-post-thumbnail","6":"product_cat-radios-portatiles-vhf-uhf","7":"product_tag-radios-comerciales-txpro","8":"product_tag-radios-portatiles-vhf-uhf","9":"product_tag-txpro","11":"first","12":"instock","13":"sale","14":"shipping-taxable","15":"purchasable","16":"product-type-simple"},"_links":{"self":[{"href":"https:\/\/soydeaqui.ddns.net\/pachuca\/index.php\/wp-json\/wp\/v2\/product\/58841","targetHints":{"allow":["GET"]}}],"collection":[{"href":"https:\/\/soydeaqui.ddns.net\/pachuca\/index.php\/wp-json\/wp\/v2\/product"}],"about":[{"href":"https:\/\/soydeaqui.ddns.net\/pachuca\/index.php\/wp-json\/wp\/v2\/types\/product"}],"replies":[{"embeddable":true,"href":"https:\/\/soydeaqui.ddns.net\/pachuca\/index.php\/wp-json\/wp\/v2\/comments?post=58841"}],"wp:featuredmedia":[{"embeddable":true,"href":"https:\/\/soydeaqui.ddns.net\/pachuca\/index.php\/wp-json\/wp\/v2\/media\/58840"}],"wp:attachment":[{"href":"https:\/\/soydeaqui.ddns.net\/pachuca\/index.php\/wp-json\/wp\/v2\/media?parent=58841"}],"wp:term":[{"taxonomy":"product_brand","embeddable":true,"href":"https:\/\/soydeaqui.ddns.net\/pachuca\/index.php\/wp-json\/wp\/v2\/product_brand?post=58841"},{"taxonomy":"product_cat","embeddable":true,"href":"https:\/\/soydeaqui.ddns.net\/pachuca\/index.php\/wp-json\/wp\/v2\/product_cat?post=58841"},{"taxonomy":"product_tag","embeddable":true,"href":"https:\/\/soydeaqui.ddns.net\/pachuca\/index.php\/wp-json\/wp\/v2\/product_tag?post=58841"}],"curies":[{"name":"wp","href":"https:\/\/api.w.org\/{rel}","templated":true}]}}