{"id":58818,"date":"2026-03-19T04:42:06","date_gmt":"2026-03-19T04:42:06","guid":{"rendered":"https:\/\/soydeaqui.ddns.net\/pachuca\/index.php\/producto\/dispositivo-de-mensajeria-bidireccional-por-medio-de-red-satelital\/"},"modified":"2026-03-19T04:42:13","modified_gmt":"2026-03-19T04:42:13","slug":"dispositivo-de-mensajeria-bidireccional-por-medio-de-red-satelital","status":"publish","type":"product","link":"https:\/\/soydeaqui.ddns.net\/pachuca\/index.php\/producto\/dispositivo-de-mensajeria-bidireccional-por-medio-de-red-satelital\/","title":{"rendered":"Dispositivo de mensajer\u00eda bidireccional por medio de red satelital."},"content":{"rendered":"<div style='width: 100%; max-width: 1200px; margin: 0 auto; font-family: sans-serif; line-height: 1.6; color: inherit; background-color: transparent;'>\n<div style='display: flex; flex-direction: column; gap: 30px;'> <!-- Video YouTube --> <\/p>\n<div style='position: relative; padding-bottom: 56.25%; height: 0; overflow: hidden;'>   <\/div>\n<p> <!-- Caracter\u00edsticas principales --> <\/p>\n<div style='display: flex; flex-wrap: wrap; gap: 30px;'>\n<div style='flex: 1 1 300px; min-width: 280px;'>\n<h3 style='font-size: 22px; border-bottom: 2px solid currentColor; padding-bottom: 5px; margin-top: 0; color: inherit; opacity: 0.8;'>Caracter\u00edsticas<\/h3>\n<ul style='padding-left: 20px; font-size: 15px; color: inherit;'>\n<li style='margin-bottom: 5px;'>Mensajer\u00eda bidireccional<\/li>\n<li style='margin-bottom: 5px;'>Mensajer\u00eda de grupo<\/li>\n<li style='margin-bottom: 5px;'>Envi\u00f3 de alertas SOS<\/li>\n<li style='margin-bottom: 5px;'>Informaci\u00f3n de posici\u00f3n<\/li>\n<li style='margin-bottom: 5px;'>Planes flexibles<\/li>\n<li style='margin-bottom: 5px;'>Compacto y resistente<\/li>\n<li style='margin-bottom: 5px;'>Bater\u00eda de larga duraci\u00f3n<\/li>\n<\/ul><\/div>\n<\/p><\/div>\n<p> <!-- Especificaciones t\u00e9cnicas --> <\/p>\n<div style='display: flex; flex-wrap: wrap; gap: 20px;'>\n<div style='flex: 1 1 400px; border: 1px solid rgba(150&comma; 150&comma; 150&comma; 0.4); border-radius: 8px; overflow: hidden; display: flex; flex-direction: column;'>\n<div style='padding: 15px; border-bottom: 1px solid rgba(150&comma; 150&comma; 150&comma; 0.2); font-weight: bold; font-size: 18px; color: inherit;'>Caracter\u00edsticas f\u00edsicas y de rendimiento<\/div>\n<div style='padding: 15px; color: inherit;'>\n<ul style='padding-left: 20px; margin: 0; font-size: 14px; list-style-type: disc;'>\n<li style='margin-bottom: 10px;'><strong>DIMENSIONES F\u00cdSICAS:<\/strong> 7&comma;8 x 6&comma;4 x 2&comma;3 cm (3&comma;1\u2033 x 2&comma;5\u2033 x 0&comma;9\u2033)<\/li>\n<li style='margin-bottom: 10px;'><strong>TAMA\u00d1O DE LA PANTALLA (ANCHURA X ALTURA):<\/strong> 2&comma;53 x 1&comma;1 x 2&comma;74 cm en diagonal (1\u2033 x 0&comma;43\u2033&comma; 1&comma;08\u2033)<\/li>\n<li style='margin-bottom: 10px;'><strong>RESOLUCI\u00d3N DE LA PANTALLA (ANCHURA POR ALTURA):<\/strong> 160 x 68 p\u00edxeles<\/li>\n<li style='margin-bottom: 10px;'><strong>TIPO DE PANTALLA:<\/strong> Permite la lectura a la luz del sol&comma; monocroma&comma; transflectiva&comma; memoria a nivel de p\u00edxeles (MIP)<\/li>\n<li style='margin-bottom: 10px;'><strong>PESO:<\/strong> 113&comma;9 g<\/li>\n<li style='margin-bottom: 10px;'><strong>CLASIFICACI\u00d3N DE RESISTENCIA AL AGUA:<\/strong> <a style='color: inherit; text-decoration: underline;' href='http:\/\/www.garmin.com\/es-MX\/legal\/waterrating' target='_blank' rel='noopener'>IPX7<\/a><\/li>\n<li style='margin-bottom: 10px;'><strong>BATER\u00cdA:<\/strong> Bater\u00eda interna recargable litio-i\u00f3n<\/li>\n<li style='margin-bottom: 10px;'><strong>AUTONOM\u00cdA DE LA BATER\u00cdA:<\/strong> Hasta 28 d\u00edas de duraci\u00f3n de bater\u00eda con env\u00edo de mensaje o ubicaci\u00f3n cada 10 minutos y vista total desde el cielo; hasta 14 d\u00edas con cobertura moderada de \u00e1rboles. Hasta 6 d\u00edas de duraci\u00f3n de bater\u00eda con env\u00edo de mensaje o ubicaci\u00f3n cada 2 minutos y vista total desde el cielo; hasta 3 d\u00edas con cobertura moderada de \u00e1rboles. Hasta 46 d\u00edas de duraci\u00f3n de bater\u00eda con env\u00edo de mensaje o ubicaci\u00f3n cada 30 minutos y vista total desde el cielo; hasta 23 d\u00edas con cobertura moderada de \u00e1rboles. Hasta 1 a\u00f1o cuando est\u00e1 apagado<\/li>\n<li><strong>INTERFAZ:<\/strong> USB-C<\/li>\n<\/ul><\/div>\n<\/p><\/div>\n<div style='flex: 1 1 400px; border: 1px solid rgba(150&comma; 150&comma; 150&comma; 0.4); border-radius: 8px; overflow: hidden; display: flex; flex-direction: column;'>\n<div style='padding: 15px; border-bottom: 1px solid rgba(150&comma; 150&comma; 150&comma; 0.2); font-weight: bold; font-size: 18px; color: inherit;'>Sensores<\/div>\n<div style='padding: 15px; color: inherit;'>\n<ul style='padding-left: 20px; margin: 0; font-size: 14px; list-style-type: disc;'>\n<li style='margin-bottom: 10px;'><strong>RECEPTOR DE ALTA SENSIBILIDAD:<\/strong> S\u00ed<\/li>\n<li style='margin-bottom: 10px;'><strong>GPS:<\/strong> S\u00ed<\/li>\n<li style='margin-bottom: 10px;'><strong>GALILEO:<\/strong> S\u00ed<\/li>\n<li style='margin-bottom: 10px;'><strong>QZSS:<\/strong> S\u00ed<\/li>\n<li style='margin-bottom: 10px;'><strong>BEIDOU:<\/strong> S\u00ed<\/li>\n<li style='margin-bottom: 10px;'><strong>BR\u00daJULA GPS (MIENTRAS SE EST\u00c1 EN MOVIMIENTO):<\/strong> S\u00ed<\/li>\n<\/ul><\/div>\n<\/p><\/div>\n<div style='flex: 1 1 400px; border: 1px solid rgba(150&comma; 150&comma; 150&comma; 0.4); border-radius: 8px; overflow: hidden; display: flex; flex-direction: column;'>\n<div style='padding: 15px; border-bottom: 1px solid rgba(150&comma; 150&comma; 150&comma; 0.2); font-weight: bold; font-size: 18px; color: inherit;'>Funciones para actividades de ocio y al aire libre<\/div>\n<div style='padding: 15px; color: inherit;'>\n<ul style='padding-left: 20px; margin: 0; font-size: 14px; list-style-type: disc;'>\n<li><strong>TRACBACK\u00ae:<\/strong> S\u00ed<\/li>\n<\/ul><\/div>\n<\/p><\/div>\n<\/p><\/div>\n<\/p><\/div>\n<\/p><\/div>\n","protected":false},"excerpt":{"rendered":"<p>Dispositivo de mensajer\u00eda bidireccional por medio de red satelital.<\/p>\n","protected":false},"featured_media":58817,"comment_status":"open","ping_status":"closed","template":"","meta":[],"product_brand":[],"product_cat":[1726],"product_tag":[1449,1728,1727],"class_list":{"0":"post-58818","1":"product","2":"type-product","3":"status-publish","4":"has-post-thumbnail","6":"product_cat-portatil-movil","7":"product_tag-garmin","8":"product_tag-portatil-movil","9":"product_tag-radio-satelitales","11":"first","12":"instock","13":"sale","14":"shipping-taxable","15":"purchasable","16":"product-type-simple"},"_links":{"self":[{"href":"https:\/\/soydeaqui.ddns.net\/pachuca\/index.php\/wp-json\/wp\/v2\/product\/58818","targetHints":{"allow":["GET"]}}],"collection":[{"href":"https:\/\/soydeaqui.ddns.net\/pachuca\/index.php\/wp-json\/wp\/v2\/product"}],"about":[{"href":"https:\/\/soydeaqui.ddns.net\/pachuca\/index.php\/wp-json\/wp\/v2\/types\/product"}],"replies":[{"embeddable":true,"href":"https:\/\/soydeaqui.ddns.net\/pachuca\/index.php\/wp-json\/wp\/v2\/comments?post=58818"}],"wp:featuredmedia":[{"embeddable":true,"href":"https:\/\/soydeaqui.ddns.net\/pachuca\/index.php\/wp-json\/wp\/v2\/media\/58817"}],"wp:attachment":[{"href":"https:\/\/soydeaqui.ddns.net\/pachuca\/index.php\/wp-json\/wp\/v2\/media?parent=58818"}],"wp:term":[{"taxonomy":"product_brand","embeddable":true,"href":"https:\/\/soydeaqui.ddns.net\/pachuca\/index.php\/wp-json\/wp\/v2\/product_brand?post=58818"},{"taxonomy":"product_cat","embeddable":true,"href":"https:\/\/soydeaqui.ddns.net\/pachuca\/index.php\/wp-json\/wp\/v2\/product_cat?post=58818"},{"taxonomy":"product_tag","embeddable":true,"href":"https:\/\/soydeaqui.ddns.net\/pachuca\/index.php\/wp-json\/wp\/v2\/product_tag?post=58818"}],"curies":[{"name":"wp","href":"https:\/\/api.w.org\/{rel}","templated":true}]}}