{"id":58760,"date":"2026-03-19T04:40:05","date_gmt":"2026-03-19T04:40:05","guid":{"rendered":"https:\/\/soydeaqui.ddns.net\/pachuca\/index.php\/producto\/cargador-multiple-de-6-espacios-para-tx680av-y-au\/"},"modified":"2026-03-19T04:40:12","modified_gmt":"2026-03-19T04:40:12","slug":"cargador-multiple-de-6-espacios-para-tx680av-y-au","status":"publish","type":"product","link":"https:\/\/soydeaqui.ddns.net\/pachuca\/index.php\/producto\/cargador-multiple-de-6-espacios-para-tx680av-y-au\/","title":{"rendered":"CARGADOR MULTIPLE DE 6 ESPACIOS PARA TX680AV Y AU"},"content":{"rendered":"<div style='width: 100%; max-width: 1200px; margin: 0 auto; font-family: sans-serif; line-height: 1.6; color: inherit; background-color: transparent;'> <!-- Secci\u00f3n de caracter\u00edsticas principales --> <\/p>\n<div style='display: flex; flex-wrap: wrap; gap: 30px; margin-bottom: 30px;'>\n<div style='flex: 1 1 300px; min-width: 280px;'>\n<h3 style='font-size: 22px; border-bottom: 2px solid currentColor; padding-bottom: 5px; margin-top: 0; color: inherit; opacity: 0.8;'>Caracter\u00edsticas Principales<\/h3>\n<ul style='padding-left: 20px; font-size: 15px; color: inherit;'>\n<li style='margin-bottom: 5px;'>Carga hasta 6 radios simult\u00e1neamente<\/li>\n<li style='margin-bottom: 5px;'>Compatible con bater\u00edas LB85L<\/li>\n<li style='margin-bottom: 5px;'>Adaptador de 110-220 VCA a 12 VCD<\/li>\n<li style='margin-bottom: 5px;'>Indicadores LED para estado de carga<\/li>\n<li style='margin-bottom: 5px;'>Tiempo de carga aproximado: 5 horas<\/li>\n<\/ul><\/div>\n<\/p><\/div>\n<p> <!-- Secci\u00f3n de especificaciones t\u00e9cnicas --> <\/p>\n<div style='display: flex; flex-wrap: wrap; gap: 20px; margin-bottom: 30px;'>\n<div style='flex: 1 1 250px; border: 1px solid rgba(150&comma; 150&comma; 150&comma; 0.4); border-radius: 8px; overflow: hidden; display: flex; flex-direction: column;'>\n<div style='padding: 15px; border-bottom: 1px solid rgba(150&comma; 150&comma; 150&comma; 0.2); font-weight: bold; font-size: 18px; color: inherit;'>Especificaciones El\u00e9ctricas<\/div>\n<div style='padding: 15px; color: inherit;'>\n<ul style='padding-left: 20px; margin: 0; font-size: 14px; list-style-type: disc;'>\n<li style='margin-bottom: 5px;'><strong>Voltaje de entrada:<\/strong> 110V-220V AC<\/li>\n<li style='margin-bottom: 5px;'><strong>Frecuencia:<\/strong> 50-60Hz<\/li>\n<li style='margin-bottom: 5px;'><strong>Corriente de entrada:<\/strong> 0.3A<\/li>\n<li style='margin-bottom: 5px;'><strong>Potencia en espera:<\/strong> <0.75W<\/li>\n<li style='margin-bottom: 5px;'><strong>Voltaje de salida:<\/strong> 8.8V-8.9V<\/li>\n<li style='margin-bottom: 5px;'><strong>Corriente de salida:<\/strong> 430mA-500mA<\/li>\n<\/ul><\/div>\n<\/p><\/div>\n<div style='flex: 1 1 250px; border: 1px solid rgba(150&comma; 150&comma; 150&comma; 0.4); border-radius: 8px; overflow: hidden; display: flex; flex-direction: column;'>\n<div style='padding: 15px; border-bottom: 1px solid rgba(150&comma; 150&comma; 150&comma; 0.2); font-weight: bold; font-size: 18px; color: inherit;'>Condiciones de Operaci\u00f3n<\/div>\n<div style='padding: 15px; color: inherit;'>\n<ul style='padding-left: 20px; margin: 0; font-size: 14px; list-style-type: disc;'>\n<li style='margin-bottom: 5px;'><strong>Rango de voltaje:<\/strong> DC10V &#8211; 24V<\/li>\n<li style='margin-bottom: 5px;'><strong>Corriente de entrada:<\/strong> \u2265 3A<\/li>\n<li style='margin-bottom: 5px;'><strong>Temperatura de operaci\u00f3n:<\/strong> 0\u00b0C &#8211; 45\u00b0C<\/li>\n<li style='margin-bottom: 5px;'><strong>Temperatura de almacenamiento:<\/strong> -20\u00b0C &#8211; 85\u00b0C<\/li>\n<li style='margin-bottom: 5px;'><strong>Humedad operaci\u00f3n:<\/strong> 0% &#8211; 95% RH<\/li>\n<li style='margin-bottom: 5px;'><strong>Humedad almacenamiento:<\/strong> 0% &#8211; 95% RH<\/li>\n<\/ul><\/div>\n<\/p><\/div>\n<div style='flex: 1 1 250px; border: 1px solid rgba(150&comma; 150&comma; 150&comma; 0.4); border-radius: 8px; overflow: hidden; display: flex; flex-direction: column;'>\n<div style='padding: 15px; border-bottom: 1px solid rgba(150&comma; 150&comma; 150&comma; 0.2); font-weight: bold; font-size: 18px; color: inherit;'>Indicadores LED<\/div>\n<div style='padding: 15px; color: inherit;'>\n<ul style='padding-left: 20px; margin: 0; font-size: 14px; list-style-type: disc;'>\n<li style='margin-bottom: 5px;'><strong>Rojo:<\/strong> Cargando<\/li>\n<li style='margin-bottom: 5px;'><strong>Verde:<\/strong> Carga completa<\/li>\n<li style='margin-bottom: 5px;'><strong>Verde:<\/strong> Stand By (Sin bater\u00eda)<\/li>\n<\/ul><\/div>\n<\/p><\/div>\n<\/p><\/div>\n<p> <!-- Separador --> <\/p>\n<hr style='border: 0; border-top: 1px solid rgba(150&comma; 150&comma; 150&comma; 0.3); margin: 30px 0;'> <!-- Secci\u00f3n de funcionamiento --> <\/p>\n<div style='margin-bottom: 30px;'>\n<h3 style='font-size: 22px; border-bottom: 2px solid currentColor; padding-bottom: 5px; margin-top: 0; color: inherit; opacity: 0.8;'>Funcionamiento<\/h3>\n<p style='font-size: 15px; margin-bottom: 15px; color: inherit;'>El cargador m\u00faltiple para radios port\u00e1tiles TX680AV y TX680AU permite cargar hasta 6 unidades simult\u00e1neamente. El tiempo de carga aproximado es de 5 horas&comma; aunque puede variar dependiendo del nivel de carga inicial de las bater\u00edas.<\/p>\n<p style='font-size: 15px; color: inherit;'>El cargador incluye un adaptador de corriente universal (110-220 VCA a 12 VCD) y est\u00e1ndar de seguridad para operaci\u00f3n en diferentes condiciones ambientales.<\/p>\n<\/p><\/div>\n<\/p><\/div>\n","protected":false},"excerpt":{"rendered":"<p>CARGADOR MULTIPLE DE 6 ESPACIOS PARA TX680AV Y AU<\/p>\n","protected":false},"featured_media":58759,"comment_status":"open","ping_status":"closed","template":"","meta":[],"product_brand":[],"product_cat":[1336],"product_tag":[417,1337,560],"class_list":{"0":"post-58760","1":"product","2":"type-product","3":"status-publish","4":"has-post-thumbnail","6":"product_cat-accesorios-generales-accesorios-para-otras-marcas","7":"product_tag-accesorios-generales","8":"product_tag-accesorios-para-otras-marcas","9":"product_tag-txpro","11":"first","12":"instock","13":"sale","14":"shipping-taxable","15":"purchasable","16":"product-type-simple"},"_links":{"self":[{"href":"https:\/\/soydeaqui.ddns.net\/pachuca\/index.php\/wp-json\/wp\/v2\/product\/58760","targetHints":{"allow":["GET"]}}],"collection":[{"href":"https:\/\/soydeaqui.ddns.net\/pachuca\/index.php\/wp-json\/wp\/v2\/product"}],"about":[{"href":"https:\/\/soydeaqui.ddns.net\/pachuca\/index.php\/wp-json\/wp\/v2\/types\/product"}],"replies":[{"embeddable":true,"href":"https:\/\/soydeaqui.ddns.net\/pachuca\/index.php\/wp-json\/wp\/v2\/comments?post=58760"}],"wp:featuredmedia":[{"embeddable":true,"href":"https:\/\/soydeaqui.ddns.net\/pachuca\/index.php\/wp-json\/wp\/v2\/media\/58759"}],"wp:attachment":[{"href":"https:\/\/soydeaqui.ddns.net\/pachuca\/index.php\/wp-json\/wp\/v2\/media?parent=58760"}],"wp:term":[{"taxonomy":"product_brand","embeddable":true,"href":"https:\/\/soydeaqui.ddns.net\/pachuca\/index.php\/wp-json\/wp\/v2\/product_brand?post=58760"},{"taxonomy":"product_cat","embeddable":true,"href":"https:\/\/soydeaqui.ddns.net\/pachuca\/index.php\/wp-json\/wp\/v2\/product_cat?post=58760"},{"taxonomy":"product_tag","embeddable":true,"href":"https:\/\/soydeaqui.ddns.net\/pachuca\/index.php\/wp-json\/wp\/v2\/product_tag?post=58760"}],"curies":[{"name":"wp","href":"https:\/\/api.w.org\/{rel}","templated":true}]}}