{"id":58738,"date":"2026-03-19T04:39:14","date_gmt":"2026-03-19T04:39:14","guid":{"rendered":"https:\/\/soydeaqui.ddns.net\/pachuca\/index.php\/producto\/par-de-radios-analogicos-listos-para-utilizarse-operan-en-uhf-400-470-mhz-de-2-watts-de-potencia-preconfigurados\/"},"modified":"2026-03-19T04:39:17","modified_gmt":"2026-03-19T04:39:17","slug":"par-de-radios-analogicos-listos-para-utilizarse-operan-en-uhf-400-470-mhz-de-2-watts-de-potencia-preconfigurados","status":"publish","type":"product","link":"https:\/\/soydeaqui.ddns.net\/pachuca\/index.php\/producto\/par-de-radios-analogicos-listos-para-utilizarse-operan-en-uhf-400-470-mhz-de-2-watts-de-potencia-preconfigurados\/","title":{"rendered":"Par de radios anal\u00f3gicos, listos para utilizarse, operan en UHF 400-470 MHz de 2 watts de potencia. \u00a1PRECONFIGURADOS!"},"content":{"rendered":"<div style='width: 100%; max-width: 1200px; margin: 0 auto; font-family: sans-serif; line-height: 1.6; color: inherit; background-color: transparent;'> <!-- Secci\u00f3n de descripci\u00f3n --> <\/p>\n<div style='margin-bottom: 30px;'>\n<h2 style='font-size: 24px; border-bottom: 2px solid currentColor; display: inline-block; padding-bottom: 5px; color: inherit; opacity: 0.8;'>Descripci\u00f3n del Producto<\/h2>\n<div style='margin-top: 20px; font-size: 15px;'>\n<p><strong>\u00bfC\u00f3mo Funciona un Radio de dos V\u00edas?<\/strong><\/p>\n<p>Un radio de dos v\u00edas funciona permitiendo la comunicaci\u00f3n semid\u00faplex&comma; lo que significa que una persona puede hablar mientras la otra escucha&comma; pero no pueden hablar al mismo tiempo.<\/p>\n<p><strong>\u00bfCu\u00e1ntos Radios puedo agregar en un canal de comunicaci\u00f3n?<\/strong><\/p>\n<p>No existe un l\u00edmite para la cantidad de radios agregados en un canal&comma; ya sea en modo directo o a trav\u00e9s de un repetidor&comma; sin embargo hay que considerar lo factible o funcional que puede llegar a ser un canal (frecuencia) en donde el tiempo de espera se ir\u00e1 extendiendo de acuerdo a la cantidad de radios&comma; recordemos que en un canal&comma; sea directo o de repetidor&comma; un radio tr\u00e1nsmite (Tx) y los dem\u00e1s reciben (Rx).<\/p>\n<\/p><\/div>\n<\/p><\/div>\n<p> <!-- Secci\u00f3n de caracter\u00edsticas --> <\/p>\n<div style='margin-bottom: 30px;'>\n<div style='display: flex; flex-wrap: wrap; gap: 30px;'>\n<div style='flex: 1 1 300px; min-width: 280px;'>\n<h3 style='font-size: 22px; border-bottom: 2px solid currentColor; padding-bottom: 5px; margin-top: 0; color: inherit; opacity: 0.8;'>Caracter\u00edsticas principales<\/h3>\n<ul style='padding-left: 20px; font-size: 15px; color: inherit;'>\n<li style='margin-bottom: 5px;'>Cobertura amplia en \u00e1reas urbanas y zonas rurales<\/li>\n<li style='margin-bottom: 5px;'>Hasta <span style='color: inherit; opacity: 0.8;'>8 horas<\/span> de bater\u00eda continua<\/li>\n<li style='margin-bottom: 5px;'>Dise\u00f1o resistente para condiciones adversas<\/li>\n<li style='margin-bottom: 5px;'>Interfaz sencilla e intuitiva<\/li>\n<li style='margin-bottom: 5px;'>Compatible con accesorios como auriculares y micr\u00f3fonos<\/li>\n<\/ul><\/div>\n<div style='flex: 1 1 300px; min-width: 280px;'>\n<h3 style='font-size: 22px; border-bottom: 2px solid currentColor; padding-bottom: 5px; margin-top: 0; color: inherit; opacity: 0.8;'>Aplicaciones<\/h3>\n<ul style='padding-left: 20px; font-size: 15px; color: inherit;'>\n<li style='margin-bottom: 5px;'>Construcci\u00f3n: Comunicaci\u00f3n esencial para seguridad y coordinaci\u00f3n<\/li>\n<li style='margin-bottom: 5px;'>Eventos: Coordinaci\u00f3n log\u00edstica y seguridad<\/li>\n<li style='margin-bottom: 5px;'>Industria: Optimizaci\u00f3n de comunicaci\u00f3n y eficiencia<\/li>\n<\/ul><\/div>\n<\/p><\/div>\n<\/p><\/div>\n<p> <!-- Secci\u00f3n de especificaciones --> <\/p>\n<div style='margin-bottom: 30px;'>\n<h2 style='font-size: 24px; border-bottom: 2px solid currentColor; display: inline-block; padding-bottom: 5px; color: inherit; opacity: 0.8;'>Especificaciones T\u00e9cnicas<\/h2>\n<div style='margin-top: 20px; font-size: 15px; color: inherit;'>\n<ul style='padding-left: 20px; margin: 0;'>\n<li style='margin-bottom: 8px;'>2 Watts de potencia Reales<\/li>\n<li style='margin-bottom: 8px;'>Frecuencia: 400-470 MHz<\/li>\n<li style='margin-bottom: 8px;'>16 canales<\/li>\n<li style='margin-bottom: 8px;'><strong>Duraci\u00f3n de bater\u00eda:<\/strong> 6 a 8 horas (5-5-90)<\/li>\n<li style='margin-bottom: 8px;'>Funci\u00f3n de Vox<\/li>\n<li style='margin-bottom: 8px;'>Scan de canales<\/li>\n<li style='margin-bottom: 8px;'>Password de lectura y escritura<\/li>\n<li style='margin-bottom: 8px;'><strong>Cable de programaci\u00f3n (no inclu\u00eddo):<\/strong> Compatible con <a style='color: inherit; text-decoration: underline;' href='https:\/\/www.syscom.mx\/producto\/W13K-TXPRO-209845.html' target='_blank' rel='noopener'>W13K<\/a><\/li>\n<li style='margin-bottom: 8px;'>Compatible con manos libres TX-EHKAV2<\/li>\n<li style='margin-bottom: 8px;'><strong>Garant\u00eda:<\/strong> Contra defectos de fabricaci\u00f3n<\/li>\n<\/ul><\/div>\n<\/p><\/div>\n<p> <!-- Secci\u00f3n de contenido adicional --> <\/p>\n<div style='margin-bottom: 30px;'>\n<div style='display: flex; flex-wrap: wrap; gap: 30px; align-items: center;'>\n<div style='flex: 1 1 300px; min-width: 280px;'>\n<p style='font-size: 15px; color: inherit; margin: 0;'>El radio TX320 es una excelente opci\u00f3n para empresas y organizaciones que requieren una comunicaci\u00f3n confiable y eficiente en distintos entornos.<\/p>\n<\/p><\/div>\n<div style='flex: 1 1 300px; min-width: 280px;'>\n<p style='font-size: 15px; color: inherit; margin: 0;'><span style='color: inherit; opacity: 0.8;'>\u00a1No esperes m\u00e1s y adquiere ya tu radio TX320&comma; est\u00e1n listos para usarse!<\/span><\/p>\n<\/p><\/div>\n<\/p><\/div>\n<\/p><\/div>\n<p> <!-- Secci\u00f3n de contenido con im\u00e1genes --> <\/p>\n<div style='margin-bottom: 30px;'>\n<div style='display: flex; flex-wrap: wrap; gap: 30px; align-items: center;'>\n<div style='flex: 1 1 300px; min-width: 280px;'>\n<p style='font-size: 15px; color: inherit; margin: 0;'>Los radios TXPRO combinan la tecnolog\u00eda de punta desarrollada a trav\u00e9s de la continua investigaci\u00f3n y desarrollo.<\/p>\n<p style='font-size: 15px; color: inherit; margin-top: 15px; margin-bottom: 0;'>Al comprar radios TXPRO&comma; usted adquiere productos y soluciones dise\u00f1ados para mejorar su productividad y seguridad por largo tiempo.<\/p>\n<\/p><\/div>\n<div style='flex: 1 1 300px; min-width: 280px;'> <img style='width: 100%; height: auto; border: 1px solid rgba(150&comma;150&comma;150&comma;0.3); border-radius: 20px;' src='https:\/\/ftp3.syscom.mx\/usuarios\/ftp\/single_page\/txpro\/inv_des01.jpg' alt='Radios TXPRO'> <\/div>\n<\/p><\/div>\n<\/p><\/div>\n<p> <!-- Tabla de frecuencias --> <\/p>\n<div style='margin-bottom: 30px;'>\n<p style='font-size: 15px; color: inherit; margin-bottom: 15px;'><strong>Tabla de Frecuencias incluidas en la programaci\u00f3n de los equipos:<\/strong><\/p>\n<div style='overflow-x: auto;'>\n<table style='width: 100%; border-collapse: collapse; color: inherit;'>\n<thead style='background-color: rgba(150&comma;150&comma;150&comma;0.1);'>\n<tr>\n<th style='padding: 12px; border: 1px solid rgba(150&comma;150&comma;150&comma;0.3); text-align: left;'>Canal<\/th>\n<th style='padding: 12px; border: 1px solid rgba(150&comma;150&comma;150&comma;0.3); text-align: left;'>Frecuencia Rx (MHz)<\/th>\n<th style='padding: 12px; border: 1px solid rgba(150&comma;150&comma;150&comma;0.3); text-align: left;'>CTC\/DCS Decode<\/th>\n<th style='padding: 12px; border: 1px solid rgba(150&comma;150&comma;150&comma;0.3); text-align: left;'>Frecuencia TX (MHz)<\/th>\n<th style='padding: 12px; border: 1px solid rgba(150&comma;150&comma;150&comma;0.3); text-align: left;'>CTC\/DCS Encode<\/th>\n<\/tr>\n<\/thead>\n<tbody>\n<tr>\n<td style='padding: 10px; border: 1px solid rgba(150&comma;150&comma;150&comma;0.3);'>1<\/td>\n<td style='padding: 10px; border: 1px solid rgba(150&comma;150&comma;150&comma;0.3);'>450.45625<\/td>\n<td style='padding: 10px; border: 1px solid rgba(150&comma;150&comma;150&comma;0.3);'>100.0<\/td>\n<td style='padding: 10px; border: 1px solid rgba(150&comma;150&comma;150&comma;0.3);'>450.45625<\/td>\n<td style='padding: 10px; border: 1px solid rgba(150&comma;150&comma;150&comma;0.3);'>100.0<\/td>\n<\/tr>\n<tr>\n<td style='padding: 10px; border: 1px solid rgba(150&comma;150&comma;150&comma;0.3);'>2<\/td>\n<td style='padding: 10px; border: 1px solid rgba(150&comma;150&comma;150&comma;0.3);'>455.44375<\/td>\n<td style='padding: 10px; border: 1px solid rgba(150&comma;150&comma;150&comma;0.3);'>100.0<\/td>\n<td style='padding: 10px; border: 1px solid rgba(150&comma;150&comma;150&comma;0.3);'>455.44375<\/td>\n<td style='padding: 10px; border: 1px solid rgba(150&comma;150&comma;150&comma;0.3);'>100.0<\/td>\n<\/tr>\n<tr>\n<td style='padding: 10px; border: 1px solid rgba(150&comma;150&comma;150&comma;0.3);'>3<\/td>\n<td style='padding: 10px; border: 1px solid rgba(150&comma;150&comma;150&comma;0.3);'>463.95625<\/td>\n<td style='padding: 10px; border: 1px solid rgba(150&comma;150&comma;150&comma;0.3);'>100.0<\/td>\n<td style='padding: 10px; border: 1px solid rgba(150&comma;150&comma;150&comma;0.3);'>463.95625<\/td>\n<td style='padding: 10px; border: 1px solid rgba(150&comma;150&comma;150&comma;0.3);'>100.0<\/td>\n<\/tr>\n<tr>\n<td style='padding: 10px; border: 1px solid rgba(150&comma;150&comma;150&comma;0.3);'>4<\/td>\n<td style='padding: 10px; border: 1px solid rgba(150&comma;150&comma;150&comma;0.3);'>468.95625<\/td>\n<td style='padding: 10px; border: 1px solid rgba(150&comma;150&comma;150&comma;0.3);'>100.0<\/td>\n<td style='padding: 10px; border: 1px solid rgba(150&comma;150&comma;150&comma;0.3);'>468.95625<\/td>\n<td style='padding: 10px; border: 1px solid rgba(150&comma;150&comma;150&comma;0.3);'>100.0<\/td>\n<\/tr>\n<tr>\n<td style='padding: 10px; border: 1px solid rgba(150&comma;150&comma;150&comma;0.3);'>5<\/td>\n<td style='padding: 10px; border: 1px solid rgba(150&comma;150&comma;150&comma;0.3);'>464.56250<\/td>\n<td style='padding: 10px; border: 1px solid rgba(150&comma;150&comma;150&comma;0.3);'>103.5<\/td>\n<td style='padding: 10px; border: 1px solid rgba(150&comma;150&comma;150&comma;0.3);'>464.56250<\/td>\n<td style='padding: 10px; border: 1px solid rgba(150&comma;150&comma;150&comma;0.3);'>103.5<\/td>\n<\/tr>\n<tr>\n<td style='padding: 10px; border: 1px solid rgba(150&comma;150&comma;150&comma;0.3);'>6<\/td>\n<td style='padding: 10px; border: 1px solid rgba(150&comma;150&comma;150&comma;0.3);'>467.84375<\/td>\n<td style='padding: 10px; border: 1px solid rgba(150&comma;150&comma;150&comma;0.3);'>103.5<\/td>\n<td style='padding: 10px; border: 1px solid rgba(150&comma;150&comma;150&comma;0.3);'>467.84375<\/td>\n<td style='padding: 10px; border: 1px solid rgba(150&comma;150&comma;150&comma;0.3);'>103.5<\/td>\n<\/tr>\n<tr>\n<td style='padding: 10px; border: 1px solid rgba(150&comma;150&comma;150&comma;0.3);'>7<\/td>\n<td style='padding: 10px; border: 1px solid rgba(150&comma;150&comma;150&comma;0.3);'>467.85625<\/td>\n<td style='padding: 10px; border: 1px solid rgba(150&comma;150&comma;150&comma;0.3);'>103.5<\/td>\n<td style='padding: 10px; border: 1px solid rgba(150&comma;150&comma;150&comma;0.3);'>467.85625<\/td>\n<td style='padding: 10px; border: 1px solid rgba(150&comma;150&comma;150&comma;0.3);'>103.5<\/td>\n<\/tr>\n<tr>\n<td style='padding: 10px; border: 1px solid rgba(150&comma;150&comma;150&comma;0.3);'>8<\/td>\n<td style='padding: 10px; border: 1px solid rgba(150&comma;150&comma;150&comma;0.3);'>467.86250<\/td>\n<td style='padding: 10px; border: 1px solid rgba(150&comma;150&comma;150&comma;0.3);'>103.5<\/td>\n<td style='padding: 10px; border: 1px solid rgba(150&comma;150&comma;150&comma;0.3);'>467.86250<\/td>\n<td style='padding: 10px; border: 1px solid rgba(150&comma;150&comma;150&comma;0.3);'>103.5<\/td>\n<\/tr>\n<tr>\n<td style='padding: 10px; border: 1px solid rgba(150&comma;150&comma;150&comma;0.3);'>9<\/td>\n<td style='padding: 10px; border: 1px solid rgba(150&comma;150&comma;150&comma;0.3);'>467.87500<\/td>\n<td style='padding: 10px; border: 1px solid rgba(150&comma;150&comma;150&comma;0.3);'>103.5<\/td>\n<td style='padding: 10px; border: 1px solid rgba(150&comma;150&comma;150&comma;0.3);'>467.87500<\/td>\n<td style='padding: 10px; border: 1px solid rgba(150&comma;150&comma;150&comma;0.3);'>103.5<\/td>\n<\/tr>\n<tr>\n<td style='padding: 10px; border: 1px solid rgba(150&comma;150&comma;150&comma;0.3);'>10<\/td>\n<td style='padding: 10px; border: 1px solid rgba(150&comma;150&comma;150&comma;0.3);'>467.88750<\/td>\n<td style='padding: 10px; border: 1px solid rgba(150&comma;150&comma;150&comma;0.3);'>100.0<\/td>\n<td style='padding: 10px; border: 1px solid rgba(150&comma;150&comma;150&comma;0.3);'>467.88750<\/td>\n<td style='padding: 10px; border: 1px solid rgba(150&comma;150&comma;150&comma;0.3);'>100.0<\/td>\n<\/tr>\n<tr>\n<td style='padding: 10px; border: 1px solid rgba(150&comma;150&comma;150&comma;0.3);'>11<\/td>\n<td style='padding: 10px; border: 1px solid rgba(150&comma;150&comma;150&comma;0.3);'>467.86875<\/td>\n<td style='padding: 10px; border: 1px solid rgba(150&comma;150&comma;150&comma;0.3);'>103.5<\/td>\n<td style='padding: 10px; border: 1px solid rgba(150&comma;150&comma;150&comma;0.3);'>467.86875<\/td>\n<td style='padding: 10px; border: 1px solid rgba(150&comma;150&comma;150&comma;0.3);'>103.5<\/td>\n<\/tr>\n<tr>\n<td style='padding: 10px; border: 1px solid rgba(150&comma;150&comma;150&comma;0.3);'>12<\/td>\n<td style='padding: 10px; border: 1px solid rgba(150&comma;150&comma;150&comma;0.3);'>467.88125<\/td>\n<td style='padding: 10px; border: 1px solid rgba(150&comma;150&comma;150&comma;0.3);'>103.5<\/td>\n<td style='padding: 10px; border: 1px solid rgba(150&comma;150&comma;150&comma;0.3);'>467.88125<\/td>\n<td style='padding: 10px; border: 1px solid rgba(150&comma;150&comma;150&comma;0.3);'>103.5<\/td>\n<\/tr>\n<tr>\n<td style='padding: 10px; border: 1px solid rgba(150&comma;150&comma;150&comma;0.3);'>13<\/td>\n<td style='padding: 10px; border: 1px solid rgba(150&comma;150&comma;150&comma;0.3);'>467.89375<\/td>\n<td style='padding: 10px; border: 1px solid rgba(150&comma;150&comma;150&comma;0.3);'>103.5<\/td>\n<td style='padding: 10px; border: 1px solid rgba(150&comma;150&comma;150&comma;0.3);'>467.89375<\/td>\n<td style='padding: 10px; border: 1px solid rgba(150&comma;150&comma;150&comma;0.3);'>103.5<\/td>\n<\/tr>\n<tr>\n<td style='padding: 10px; border: 1px solid rgba(150&comma;150&comma;150&comma;0.3);'>14<\/td>\n<td style='padding: 10px; border: 1px solid rgba(150&comma;150&comma;150&comma;0.3);'>467.90625<\/td>\n<td style='padding: 10px; border: 1px solid rgba(150&comma;150&comma;150&comma;0.3);'>103.5<\/td>\n<td style='padding: 10px; border: 1px solid rgba(150&comma;150&comma;150&comma;0.3);'>467.90625<\/td>\n<td style='padding: 10px; border: 1px solid rgba(150&comma;150&comma;150&comma;0.3);'>103.5<\/td>\n<\/tr>\n<tr>\n<td style='padding: 10px; border: 1px solid rgba(150&comma;150&comma;150&comma;0.3);'>15<\/td>\n<td style='padding: 10px; border: 1px solid rgba(150&comma;150&comma;150&comma;0.3);'>467.91250<\/td>\n<td style='padding: 10px; border: 1px solid rgba(150&comma;150&comma;150&comma;0.3);'>103.5<\/td>\n<td style='padding: 10px; border: 1px solid rgba(150&comma;150&comma;150&comma;0.3);'>467.91250<\/td>\n<td style='padding: 10px; border: 1px solid rgba(150&comma;150&comma;150&comma;0.3);'>103.5<\/td>\n<\/tr>\n<tr>\n<td style='padding: 10px; border: 1px solid rgba(150&comma;150&comma;150&comma;0.3);'>16<\/td>\n<td style='padding: 10px; border: 1px solid rgba(150&comma;150&comma;150&comma;0.3);'>467.93750<\/td>\n<td style='padding: 10px; border: 1px solid rgba(150&comma;150&comma;150&comma;0.3);'>Off<\/td>\n<td style='padding: 10px; border: 1px solid rgba(150&comma;150&comma;150&comma;0.3);'>467.93750<\/td>\n<td style='padding: 10px; border: 1px solid rgba(150&comma;150&comma;150&comma;0.3);'>Off<\/td>\n<\/tr>\n<\/tbody>\n<\/table><\/div>\n<\/p><\/div>\n<p> <!-- Secci\u00f3n de contenido adicional con imagen --> <\/p>\n<div style='margin-bottom: 30px;'>\n<div style='display: flex; flex-wrap: wrap; gap: 30px; align-items: center;'>\n<div style='flex: 1 1 300px; min-width: 280px;'> <img style='width: 100%; height: auto; border: 1px solid rgba(150&comma;150&comma;150&comma;0.3); border-radius: 20px;' src='https:\/\/ftp3.syscom.mx\/usuarios\/ftp\/single_page\/txpro\/banner-ppal3.jpg' alt='Banner principal'> <img style='width: 100%; height: auto; border: 1px solid rgba(150&comma;150&comma;150&comma;0.3); border-radius: 20px; margin-top: 10px;' src='https:\/\/ftp3.syscom.mx\/usuarios\/ftp\/single_page\/txpro\/ap01.jpg' alt='Aplicaci\u00f3n 1'> <\/div>\n<div style='flex: 1 1 300px; min-width: 280px;'>\n<p style='font-size: 16px; line-height: 1.6; color: inherit; margin: 0;'>Los radios TXPRO combinan la tecnolog\u00eda de punta desarrollada a trav\u00e9s de la continua investigaci\u00f3n y desarrollo.<\/p>\n<p style='font-size: 16px; line-height: 1.6; color: inherit; margin-top: 15px; margin-bottom: 0;'>Al comprar radios TXPRO&comma; usted adquiere productos y soluciones dise\u00f1ados para mejorar su productividad y seguridad por largo tiempo.<\/p>\n<\/p><\/div>\n<\/p><\/div>\n<\/p><\/div>\n<p> <!-- Secci\u00f3n de evoluci\u00f3n --> <\/p>\n<div style='margin-bottom: 30px;'>\n<div style='display: flex; flex-wrap: wrap; gap: 30px; align-items: center;'>\n<div style='flex: 1 1 300px; min-width: 280px;'>\n<p style='font-size: 20px; color: inherit; margin: 0;'><strong>EVOLUCIONAMOS<br \/>CON SU NEGOCIO<\/strong><\/p>\n<p style='font-size: 15px; line-height: 1.6; color: inherit; margin-top: 15px; margin-bottom: 0;'>Desde radios anal\u00f3gicos compactos y resistentes como el TX320&comma; TX500 y TX600&comma; hasta los radios digitales TX680 para aprovechar las m\u00faltiples funciones de la tecnolog\u00eda actual&comma; los dispositivos TXPRO acompa\u00f1an su migraci\u00f3n de an\u00e1logo a digital de manera que su negocio crezca cada vez m\u00e1s.<\/p>\n<\/p><\/div>\n<div style='flex: 1 1 300px; min-width: 280px;'> <img style='width: 100%; height: auto; border: 1px solid rgba(150&comma;150&comma;150&comma;0.3); border-radius: 20px;' src='https:\/\/ftp3.syscom.mx\/usuarios\/ftp\/single_page\/txpro\/versiones01.jpg' alt='Versiones de radios TXPRO'> <\/p>\n<p style='margin-top: 11px; font-size: 16px; line-height: 1.4; font-weight: bold; text-align: center; color: inherit; background-color: rgba(255&comma;0&comma;0&comma;0.1); padding: 11px; border-radius: 20px; margin: 0;'>Radios robustos para todos los requerimientos<\/p>\n<\/p><\/div>\n<\/p><\/div>\n<\/p><\/div>\n<p> <!-- Imagen de aplicaci\u00f3n 2 --> <\/p>\n<div style='margin-bottom: 30px;'> <img style='width: 100%; height: auto; border: 1px solid rgba(150&comma;150&comma;150&comma;0.3); border-radius: 20px 20px 0 0;' src='https:\/\/ftp3.syscom.mx\/usuarios\/ftp\/single_page\/txpro\/ap02.jpg' alt='Aplicaci\u00f3n 2'> <\/div>\n<p> <!-- Secci\u00f3n de conectividad --> <\/p>\n<div style='margin-bottom: 30px;'>\n<div style='display: flex; flex-wrap: wrap; gap: 30px; align-items: center;'>\n<div style='flex: 1 1 300px; min-width: 280px;'> <img style='width: 100%; height: auto; border: 1px solid rgba(150&comma;150&comma;150&comma;0.3); border-radius: 20px;' src='https:\/\/ftp3.syscom.mx\/usuarios\/ftp\/single_page\/txpro\/conectividad01.jpg' alt='Conectividad'> <\/div>\n<div style='flex: 1 1 300px; min-width: 280px;'>\n<p style='font-size: 20px; color: inherit; margin: 0;'><strong>CONECTIVIDAD<br \/>SIN L\u00cdMITES<\/strong><\/p>\n<p style='font-size: 15px; line-height: 1.6; color: inherit; margin-top: 15px; margin-bottom: 0;'>TXPRO le abre un mundo de posibilidades para conectarse en operaciones diarias y de emergencia&comma; gracias a nuestra amplia gama de productos y accesorios podemos satisfacer las necesidades de comunicaci\u00f3n en las condiciones m\u00e1s diversas.<\/p>\n<\/p><\/div>\n<\/p><\/div>\n<\/p><\/div>\n<p> <!-- Imagen de aplicaci\u00f3n 3 --> <\/p>\n<div style='margin-bottom: 30px;'> <img style='width: 100%; height: auto; border: 1px solid rgba(150&comma;150&comma;150&comma;0.3); border-radius: 20px 20px 0 0;' src='https:\/\/ftp3.syscom.mx\/usuarios\/ftp\/single_page\/txpro\/ap03.jpg' alt='Aplicaci\u00f3n 3'> <\/div>\n<p> <!-- Logo TXPRO --> <\/p>\n<div style='margin-bottom: 30px; text-align: center;'> <img style='width: 100%; max-width: 200px; height: auto; border: 1px solid rgba(150&comma;150&comma;150&comma;0.3);' src='https:\/\/ftp3.syscom.mx\/usuarios\/fotos\/logotipos\/txpro.png' alt='Logo TXPRO'> <\/div>\n<p> <!-- Contenido final --> <\/p>\n<div style='margin-bottom: 30px;'>\n<p style='font-size: 15px; color: inherit; margin-bottom: 15px;'><strong>La caja Incluye:<\/strong> 2 radios TX320&comma; 2 cargadores TX320CRG&comma; 2 bater\u00edas TX320BAT&comma; 2 antenas TX320ANT y 2 TX320CLIP<\/p>\n<p style='font-size: 15px; color: inherit; margin: 0;'>Existen usuarios que requieren un radio de bajo costo (Similar a Baofeng u otras marcas)&comma; el TX320 es un radio que entrega mucho mejor calidad de audio&comma; cobertura&comma; dise\u00f1o a un costo similar o m\u00e1s bajo.<\/p>\n<\/p><\/div>\n<p> <!-- Separador final --> <\/p>\n<hr style='border: 0; border-top: 1px solid rgba(150&comma; 150&comma; 150&comma; 0.3); margin: 30px 0;'> <\/div>\n","protected":false},"excerpt":{"rendered":"<p>Par de radios anal\u00f3gicos, listos para utilizarse, operan en UHF 400-470 MHz de 2 watts de potencia. \u00a1PRECONFIGURADOS!<\/p>\n","protected":false},"featured_media":58737,"comment_status":"open","ping_status":"closed","template":"","meta":[],"product_brand":[],"product_cat":[1555],"product_tag":[1556,1557,560],"class_list":{"0":"post-58738","1":"product","2":"type-product","3":"status-publish","4":"has-post-thumbnail","6":"product_cat-radios-portatiles-vhf-uhf","7":"product_tag-radios-comerciales-txpro","8":"product_tag-radios-portatiles-vhf-uhf","9":"product_tag-txpro","11":"first","12":"instock","13":"sale","14":"shipping-taxable","15":"purchasable","16":"product-type-simple"},"_links":{"self":[{"href":"https:\/\/soydeaqui.ddns.net\/pachuca\/index.php\/wp-json\/wp\/v2\/product\/58738","targetHints":{"allow":["GET"]}}],"collection":[{"href":"https:\/\/soydeaqui.ddns.net\/pachuca\/index.php\/wp-json\/wp\/v2\/product"}],"about":[{"href":"https:\/\/soydeaqui.ddns.net\/pachuca\/index.php\/wp-json\/wp\/v2\/types\/product"}],"replies":[{"embeddable":true,"href":"https:\/\/soydeaqui.ddns.net\/pachuca\/index.php\/wp-json\/wp\/v2\/comments?post=58738"}],"wp:featuredmedia":[{"embeddable":true,"href":"https:\/\/soydeaqui.ddns.net\/pachuca\/index.php\/wp-json\/wp\/v2\/media\/58737"}],"wp:attachment":[{"href":"https:\/\/soydeaqui.ddns.net\/pachuca\/index.php\/wp-json\/wp\/v2\/media?parent=58738"}],"wp:term":[{"taxonomy":"product_brand","embeddable":true,"href":"https:\/\/soydeaqui.ddns.net\/pachuca\/index.php\/wp-json\/wp\/v2\/product_brand?post=58738"},{"taxonomy":"product_cat","embeddable":true,"href":"https:\/\/soydeaqui.ddns.net\/pachuca\/index.php\/wp-json\/wp\/v2\/product_cat?post=58738"},{"taxonomy":"product_tag","embeddable":true,"href":"https:\/\/soydeaqui.ddns.net\/pachuca\/index.php\/wp-json\/wp\/v2\/product_tag?post=58738"}],"curies":[{"name":"wp","href":"https:\/\/api.w.org\/{rel}","templated":true}]}}