{"id":58710,"date":"2026-03-19T04:38:25","date_gmt":"2026-03-19T04:38:25","guid":{"rendered":"https:\/\/soydeaqui.ddns.net\/pachuca\/index.php\/producto\/kit-de-dedos-para-administracion-de-cables-en-gabinetes-flexfusion-light-de-42-ur-dedos-de-100-mm-de-longitud-color-negro\/"},"modified":"2026-03-19T04:38:30","modified_gmt":"2026-03-19T04:38:30","slug":"kit-de-dedos-para-administracion-de-cables-en-gabinetes-flexfusion-light-de-42-ur-dedos-de-100-mm-de-longitud-color-negro","status":"publish","type":"product","link":"https:\/\/soydeaqui.ddns.net\/pachuca\/index.php\/producto\/kit-de-dedos-para-administracion-de-cables-en-gabinetes-flexfusion-light-de-42-ur-dedos-de-100-mm-de-longitud-color-negro\/","title":{"rendered":"Kit de Dedos Para Administraci\u00f3n de Cables en Gabinetes FlexFusion\u2122 Light, de 42 UR,  Dedos de 100 mm de Longitud, Color Negro"},"content":{"rendered":"<div style='width: 100%; max-width: 1200px; margin: 0 auto; font-family: sans-serif; line-height: 1.6; color: inherit; background-color: transparent;'> <!-- Secci\u00f3n de caracter\u00edsticas principales --> <\/p>\n<div style='display: flex; flex-wrap: wrap; gap: 30px; margin-bottom: 30px;'>\n<div style='flex: 1 1 300px; min-width: 280px;'>\n<h3 style='font-size: 22px; border-bottom: 2px solid currentColor; padding-bottom: 5px; margin-top: 0; color: inherit; opacity: 0.8;'>Caracter\u00edsticas Principales<\/h3>\n<ul style='padding-left: 20px; font-size: 15px; color: inherit;'>\n<li style='margin-bottom: 5px;'>Altura total de 1865 mm para maximizar espacio<\/li>\n<li style='margin-bottom: 5px;'>42 unidades de rack para alto almacenamiento<\/li>\n<li style='margin-bottom: 5px;'>Color negro para apariencia profesional<\/li>\n<li style='margin-bottom: 5px;'>Ancho total compacto de 25 mm<\/li>\n<li style='margin-bottom: 5px;'>Dise\u00f1o ergon\u00f3mico para f\u00e1cil integraci\u00f3n en sistemas<\/li>\n<\/ul><\/div>\n<\/p><\/div>\n<p> <!-- Secci\u00f3n de especificaciones t\u00e9cnicas --> <\/p>\n<div style='display: flex; flex-wrap: wrap; gap: 20px; margin-bottom: 30px;'>\n<div style='flex: 1 1 250px; border: 1px solid rgba(150&comma; 150&comma; 150&comma; 0.4); border-radius: 8px; overflow: hidden; display: flex; flex-direction: column;'>\n<div style='padding: 15px; border-bottom: 1px solid rgba(150&comma; 150&comma; 150&comma; 0.2); font-weight: bold; font-size: 18px; color: inherit;'>Especificaciones T\u00e9cnicas<\/div>\n<div style='padding: 15px; color: inherit;'>\n<ul style='padding-left: 20px; margin: 0; font-size: 14px; list-style-type: disc;'>\n<li style='margin-bottom: 5px;'><strong>Ancho total:<\/strong> 25 mm (1 pulgada)<\/li>\n<li style='margin-bottom: 5px;'><strong>Altura total:<\/strong> 1865 mm (73.4 pulgadas)<\/li>\n<li style='margin-bottom: 5px;'><strong>N\u00famero de unidades de rack:<\/strong> 42<\/li>\n<li style='margin-bottom: 5px;'><strong>Peso:<\/strong> 5.4 kg (12.00 lbs)<\/li>\n<li style='margin-bottom: 5px;'><strong>Material:<\/strong> No especificado en el documento<\/li>\n<li style='margin-bottom: 5px;'><strong>Color:<\/strong> Negro<\/li>\n<\/ul><\/div>\n<\/p><\/div>\n<p> <!-- Secci\u00f3n de configuraci\u00f3n de dedos --> <\/p>\n<div style='flex: 1 1 250px; border: 1px solid rgba(150&comma; 150&comma; 150&comma; 0.4); border-radius: 8px; overflow: hidden; display: flex; flex-direction: column;'>\n<div style='padding: 15px; border-bottom: 1px solid rgba(150&comma; 150&comma; 150&comma; 0.2); font-weight: bold; font-size: 18px; color: inherit;'>Configuraci\u00f3n de Dedos<\/div>\n<div style='padding: 15px; color: inherit;'>\n<ul style='padding-left: 20px; margin: 0; font-size: 14px; list-style-type: disc;'>\n<li style='margin-bottom: 5px;'><strong>Tipo de dedos:<\/strong> Cortos (short fingers)<\/li>\n<li style='margin-bottom: 5px;'><strong>Dedos RH (derecha):<\/strong> 2 unidades<\/li>\n<li style='margin-bottom: 5px;'><strong>Dedos LH (izquierda):<\/strong> 2 unidades<\/li>\n<li style='margin-bottom: 5px;'><strong>Longitud total de dedos:<\/strong> 100 mm<\/li>\n<li style='margin-bottom: 5px;'><strong>Usable length:<\/strong> 81 mm (3.2 pulgadas)<\/li>\n<li style='margin-bottom: 5px;'><strong>Overal length:<\/strong> 111 mm (4.4 pulgadas)<\/li>\n<\/ul><\/div>\n<\/p><\/div>\n<p> <!-- Secci\u00f3n de componentes incluidos --> <\/p>\n<div style='flex: 1 1 250px; border: 1px solid rgba(150&comma; 150&comma; 150&comma; 0.4); border-radius: 8px; overflow: hidden; display: flex; flex-direction: column;'>\n<div style='padding: 15px; border-bottom: 1px solid rgba(150&comma; 150&comma; 150&comma; 0.2); font-weight: bold; font-size: 18px; color: inherit;'>Componentes Incluidos<\/div>\n<div style='padding: 15px; color: inherit;'>\n<ul style='padding-left: 20px; margin: 0; font-size: 14px; list-style-type: disc;'>\n<li style='margin-bottom: 5px;'>(4) Soportes para dedos (finger brackets)<\/li>\n<li style='margin-bottom: 5px;'>(8) Dedos cortos RH (derecha) y LH (izquierda)<\/li>\n<li style='margin-bottom: 5px;'>(24) Tornillos M5 x 12 mm<\/li>\n<li style='margin-bottom: 5px;'>(1) Instrucciones de instalaci\u00f3n<\/li>\n<\/ul><\/div>\n<\/p><\/div>\n<\/p><\/div>\n<p> <!-- Secci\u00f3n de compatibilidad --> <\/p>\n<div style='display: flex; flex-wrap: wrap; gap: 20px; margin-bottom: 30px;'>\n<div style='flex: 1 1 250px; border: 1px solid rgba(150&comma; 150&comma; 150&comma; 0.4); border-radius: 8px; overflow: hidden; display: flex; flex-direction: column;'>\n<div style='padding: 15px; border-bottom: 1px solid rgba(150&comma; 150&comma; 150&comma; 0.2); font-weight: bold; font-size: 18px; color: inherit;'>Compatibilidad<\/div>\n<div style='padding: 15px; color: inherit;'>\n<ul style='padding-left: 20px; margin: 0; font-size: 14px; list-style-type: disc;'>\n<li style='margin-bottom: 5px;'>Dise\u00f1ado para gabinetes est\u00e1ndar de 19 pulgadas<\/li>\n<li style='margin-bottom: 5px;'>Compatible con sistemas FlexFusion\u2122<\/li>\n<li style='margin-bottom: 5px;'>Acepta diferentes longitudes de dedos (cortos o largos)<\/li>\n<\/ul><\/div>\n<\/p><\/div>\n<p> <!-- Secci\u00f3n de informaci\u00f3n adicional --> <\/p>\n<div style='flex: 1 1 250px; border: 1px solid rgba(150&comma; 150&comma; 150&comma; 0.4); border-radius: 8px; overflow: hidden; display: flex; flex-direction: column;'>\n<div style='padding: 15px; border-bottom: 1px solid rgba(150&comma; 150&comma; 150&comma; 0.2); font-weight: bold; font-size: 18px; color: inherit;'>Informaci\u00f3n Adicional<\/div>\n<div style='padding: 15px; color: inherit;'>\n<ul style='padding-left: 20px; margin: 0; font-size: 14px; list-style-type: disc;'>\n<li style='margin-bottom: 5px;'>Kit suministrado sin ensamblar<\/li>\n<li style='margin-bottom: 5px;'>Permite administraci\u00f3n de cables eficiente<\/li>\n<li style='margin-bottom: 5px;'>Dise\u00f1o modular para f\u00e1cil instalaci\u00f3n<\/li>\n<li style='margin-bottom: 5px;'>Acepta diferentes configuraciones de dedos<\/li>\n<\/ul><\/div>\n<\/p><\/div>\n<\/p><\/div>\n<p> <!-- Separador --> <\/p>\n<hr style='border: 0; border-top: 1px solid rgba(150&comma; 150&comma; 150&comma; 0.3); margin: 30px 0;'> <\/div>\n","protected":false},"excerpt":{"rendered":"<p>Kit de Dedos Para Administraci\u00f3n de Cables en Gabinetes FlexFusion\u2122 Light, de 42 UR,  Dedos de 100 mm de Longitud, Color Negro<\/p>\n","protected":false},"featured_media":58709,"comment_status":"open","ping_status":"closed","template":"","meta":[],"product_brand":[],"product_cat":[604],"product_tag":[606,445,605],"class_list":{"0":"post-58710","1":"product","2":"type-product","3":"status-publish","4":"has-post-thumbnail","6":"product_cat-accesorios-para-racks-y-gabinetes","7":"product_tag-accesorios-para-racks-y-gabinetes","8":"product_tag-panduit","9":"product_tag-racks-y-gabinetes","11":"first","12":"outofstock","13":"sale","14":"shipping-taxable","15":"purchasable","16":"product-type-simple"},"_links":{"self":[{"href":"https:\/\/soydeaqui.ddns.net\/pachuca\/index.php\/wp-json\/wp\/v2\/product\/58710","targetHints":{"allow":["GET"]}}],"collection":[{"href":"https:\/\/soydeaqui.ddns.net\/pachuca\/index.php\/wp-json\/wp\/v2\/product"}],"about":[{"href":"https:\/\/soydeaqui.ddns.net\/pachuca\/index.php\/wp-json\/wp\/v2\/types\/product"}],"replies":[{"embeddable":true,"href":"https:\/\/soydeaqui.ddns.net\/pachuca\/index.php\/wp-json\/wp\/v2\/comments?post=58710"}],"wp:featuredmedia":[{"embeddable":true,"href":"https:\/\/soydeaqui.ddns.net\/pachuca\/index.php\/wp-json\/wp\/v2\/media\/58709"}],"wp:attachment":[{"href":"https:\/\/soydeaqui.ddns.net\/pachuca\/index.php\/wp-json\/wp\/v2\/media?parent=58710"}],"wp:term":[{"taxonomy":"product_brand","embeddable":true,"href":"https:\/\/soydeaqui.ddns.net\/pachuca\/index.php\/wp-json\/wp\/v2\/product_brand?post=58710"},{"taxonomy":"product_cat","embeddable":true,"href":"https:\/\/soydeaqui.ddns.net\/pachuca\/index.php\/wp-json\/wp\/v2\/product_cat?post=58710"},{"taxonomy":"product_tag","embeddable":true,"href":"https:\/\/soydeaqui.ddns.net\/pachuca\/index.php\/wp-json\/wp\/v2\/product_tag?post=58710"}],"curies":[{"name":"wp","href":"https:\/\/api.w.org\/{rel}","templated":true}]}}