{"id":58704,"date":"2026-03-19T04:38:16","date_gmt":"2026-03-19T04:38:16","guid":{"rendered":"https:\/\/soydeaqui.ddns.net\/pachuca\/index.php\/producto\/sistema-de-estero-marino-ms-ra210-con-dos-bocinas-de-diseno-deportivo-xs-incluidas\/"},"modified":"2026-03-19T04:38:16","modified_gmt":"2026-03-19T04:38:16","slug":"sistema-de-estero-marino-ms-ra210-con-dos-bocinas-de-diseno-deportivo-xs-incluidas","status":"publish","type":"product","link":"https:\/\/soydeaqui.ddns.net\/pachuca\/index.php\/producto\/sistema-de-estero-marino-ms-ra210-con-dos-bocinas-de-diseno-deportivo-xs-incluidas\/","title":{"rendered":"Sistema de estero marino MS-RA210 con dos bocinas de dise\u00f1o deportivo XS incluidas."},"content":{"rendered":"<div style='width: 100%; max-width: 1200px; margin: 0 auto; font-family: sans-serif; line-height: 1.6; color: inherit; background-color: transparent;'>\n<div style='display: flex; flex-wrap: wrap; gap: 30px; margin-bottom: 30px;'>\n<div style='flex: 1 1 300px; min-width: 280px;'>\n<h3 style='font-size: 22px; border-bottom: 2px solid currentColor; padding-bottom: 5px; margin-top: 0; color: inherit; opacity: 0.8;'>Caracter\u00edsticas<\/h3>\n<ul style='padding-left: 20px; font-size: 15px; color: inherit;'>\n<li style='margin-bottom: 5px;'>Operaci\u00f3n de hasta dos zona de audio<\/li>\n<li style='margin-bottom: 5px;'>Administraci\u00f3n mediante dispositivos inteligentes o reloj compatible<\/li>\n<li style='margin-bottom: 5px;'>Amplificador clase D integrado de 4 ohms.<\/li>\n<li style='margin-bottom: 5px;'>Fabricado bajo norma de protecci\u00f3n IPX6<\/li>\n<li style='margin-bottom: 5px;'>Alcance inal\u00e1mbrico v\u00eda Bluetooth de hasta 10 m.<\/li>\n<li style='margin-bottom: 5px;'>Pantalla LCD a color de 2.7&#8242;<\/li>\n<li style='margin-bottom: 5px;'>Potencia de pico 200 W<\/li>\n<li style='margin-bottom: 5px;'>Conexi\u00f3n para hasta 4 bocinas.<\/li>\n<li style='margin-bottom: 5px;'>Un puerto NMEA-2000<\/li>\n<\/ul><\/div>\n<\/p><\/div>\n<div style='display: flex; flex-wrap: wrap; gap: 30px; margin-bottom: 30px;'>\n<div style='flex: 1 1 300px; min-width: 280px;'>\n<h3 style='font-size: 22px; border-bottom: 2px solid currentColor; padding-bottom: 5px; margin-top: 0; color: inherit; opacity: 0.8;'>Incluye<\/h3>\n<ul style='padding-left: 20px; font-size: 15px; color: inherit;'>\n<li style='margin-bottom: 5px;'>Sistema est\u00e9reo n\u00e1utico MS-RA210<\/li>\n<li style='margin-bottom: 5px;'>Un par de bocinas n\u00e1uticas grises deportivas de la serie XS<\/li>\n<li style='margin-bottom: 5px;'>Antena AM\/FM oculta<\/li>\n<li style='margin-bottom: 5px;'>Cable de ca\u00edda de tensi\u00f3n NMEA 2000\u00ae de 2 metros (6 ft)<\/li>\n<li style='margin-bottom: 5px;'>Dos cables de altavoz de 6 metros (19 ft)<\/li>\n<li style='margin-bottom: 5px;'>Cubierta protectora para el polvo<\/li>\n<li style='margin-bottom: 5px;'>Arneses de cableado y accesorios de montaje<\/li>\n<\/ul>\n<ul style='padding-left: 40px; font-size: 14px; color: inherit;'>\n<li style='margin-bottom: 5px;'>Junta de montaje<\/li>\n<li style='margin-bottom: 5px;'>Cuatro tornillos autorroscantes de calibre 6<\/li>\n<li style='margin-bottom: 5px;'>Dos tapas de tornillos<\/li>\n<li style='margin-bottom: 5px;'>Arn\u00e9s de cableado de los altavoces y de la alimentaci\u00f3n<\/li>\n<li style='margin-bottom: 5px;'>Arneses de cableado de entrada auxiliar&comma; salida de l\u00ednea y salida de subwoofer<\/li>\n<li style='margin-bottom: 5px;'>12 tornillos de montaje Phillips de acero inoxidable (4&comma;2 mm x 25&comma;4 mm (calibre 8 x 1\u2033))<\/li>\n<\/ul><\/div>\n<\/p><\/div>\n<div style='display: flex; flex-wrap: wrap; gap: 20px; margin-bottom: 30px;'>\n<div style='flex: 1 1 250px; border: 1px solid rgba(150&comma; 150&comma; 150&comma; 0.4); border-radius: 8px; overflow: hidden; display: flex; flex-direction: column;'>\n<div style='padding: 15px; border-bottom: 1px solid rgba(150&comma; 150&comma; 150&comma; 0.2); font-weight: bold; font-size: 18px; color: inherit;'>Especificaciones del sistema est\u00e9reo<\/div>\n<div style='padding: 15px; color: inherit;'>\n<ul style='padding-left: 20px; margin: 0; font-size: 14px; list-style-type: disc;'>\n<li style='margin-bottom: 5px;'><strong>Dimensiones f\u00edsicas (Al. x An. x Pr.):<\/strong> MS-RA210: 68 x 157 x 126&comma;6 mm (2&comma;68\u2033 x 6&comma;18\u2033 x 4&comma;99\u2033)<\/li>\n<li style='margin-bottom: 5px;'><strong>Peso:<\/strong> MS-RA210: 350 g (12&comma;4 oz)<\/li>\n<li style='margin-bottom: 5px;'><strong>Clasificaci\u00f3n de resistencia al agua:<\/strong> IPX6 e IPX7 (solo el panel frontal&comma; cuando est\u00e9 instalado de manera correcta)<\/li>\n<li style='margin-bottom: 5px;'><strong>Entrada de alimentaci\u00f3n:<\/strong> 10&comma;8-16 V de CC<\/li>\n<li style='margin-bottom: 5px;'><strong>Rango de temperatura de funcionamiento:<\/strong> 0 &#8211; 50 \u00b0C (32 &#8211; 122 \u00b0F)<\/li>\n<li style='margin-bottom: 5px;'><strong>Corriente (m\u00e1xima):<\/strong> 15 A<\/li>\n<li style='margin-bottom: 5px;'><strong>LEN de NMEA 2000\u00ae:<\/strong> MS-RA210: 1 (50 mA)<\/li>\n<li style='margin-bottom: 5px;'><strong>Alcance inal\u00e1mbrico Bluetooth\u00ae:<\/strong> Hasta 10 metros (30 ft)<\/li>\n<li style='margin-bottom: 5px;'><strong>Alcance inal\u00e1mbrico ANT:<\/strong> Hasta 3 metros (10 ft)<\/li>\n<li style='margin-bottom: 5px;'><strong>Protocolos\/frecuencias inal\u00e1mbricas:<\/strong> Bluetooth 2&comma;4 GHz a +12 dBm nominales<br style='width: 100%; display: block;'>ANT: 2.4 GHz a +7 dBm nominales<\/li>\n<li style='margin-bottom: 5px;'><strong>Distancia de seguridad del comp\u00e1s:<\/strong> 150 mm (5&comma;9\u2033)<\/li>\n<li style='margin-bottom: 5px;'><strong>Pantalla:<\/strong> MS-RA210: LCD a color de 2&comma;7\u2033 \u00f3pticamente unida<\/li>\n<li style='margin-bottom: 5px;'><strong>Amplificador integrado:<\/strong> Clase D (impedancia m\u00ednima de 4 ohmios)<\/li>\n<li style='margin-bottom: 5px;'><strong>Potencia pico:<\/strong> MS-RA210: 200 W<\/li>\n<li style='margin-bottom: 5px;'><strong>Salida de potencia nominal (4 ohmios):<\/strong> MS-RA210: entrada de 26 W RMS x 4 a 14&comma;4 V < 10 % de THD<\/li>\n<li style='margin-bottom: 5px;'><strong>Control con Fusion-Link\u2122:<\/strong> MS-RA210: s\u00ed (con pantalla multifunci\u00f3n&comma; smartphone y reloj de Garmin)<\/li>\n<li style='margin-bottom: 5px;'><strong>Procesamiento de se\u00f1al digital integrado:<\/strong> MS-RA210: s\u00ed (con perfiles DSP preconfigurados)<\/li>\n<li style='margin-bottom: 5px;'><strong>Tecnolog\u00eda Multi-Zone\u2122:<\/strong> 2 zonas<\/li>\n<li style='margin-bottom: 5px;'><strong>Tecnolog\u00eda inal\u00e1mbrica Bluetooth:<\/strong> S\u00ed<\/li>\n<li style='margin-bottom: 5px;'><strong>Tecnolog\u00eda inal\u00e1mbrica ANT:<\/strong> S\u00ed<\/li>\n<li style='margin-bottom: 5px;'><strong>Compatibilidad con DAB+:<\/strong> MS-RA210: s\u00ed (requiere un m\u00f3dulo de antena DAB100A)<\/li>\n<li style='margin-bottom: 5px;'><strong>SiriusXM-Ready:<\/strong> MS-RA210: s\u00ed (requiere sintonizador para veh\u00edculos SiriusXM Connect)<\/li>\n<li style='margin-bottom: 5px;'><strong>Interfaz en varios idiomas:<\/strong> MS-RA210: b\u00falgaro&comma; chino (simplificado\/tradicional)&comma; croata&comma; checo&comma; dan\u00e9s&comma; neerland\u00e9s&comma; ingl\u00e9s&comma; fin\u00e9s&comma; franc\u00e9s&comma; alem\u00e1n&comma; griego&comma; italiano&comma; japon\u00e9s&comma; coreano&comma; noruego&comma; polaco&comma; portugu\u00e9s (BR\/PT)&comma; esloveno&comma; espa\u00f1ol&comma; sueco&comma; tailand\u00e9s y turco<\/li>\n<\/ul><\/div>\n<\/p><\/div>\n<\/p><\/div>\n<hr style='border: 0; border-top: 1px solid rgba(150&comma; 150&comma; 150&comma; 0.3); margin: 30px 0;'> <\/div>\n","protected":false},"excerpt":{"rendered":"<p>Sistema de estero marino MS-RA210 con dos bocinas de dise\u00f1o deportivo XS incluidas.<\/p>\n","protected":false},"featured_media":58703,"comment_status":"open","ping_status":"closed","template":"","meta":[],"product_brand":[],"product_cat":[1541],"product_tag":[1542,1449,1172],"class_list":{"0":"post-58704","1":"product","2":"type-product","3":"status-publish","4":"has-post-thumbnail","6":"product_cat-equipos-para-pesca-comercial-y-recreativa","7":"product_tag-equipos-para-pesca-comercial-y-recreativa","8":"product_tag-garmin","9":"product_tag-soluciones-marinas","11":"first","12":"outofstock","13":"sale","14":"shipping-taxable","15":"purchasable","16":"product-type-simple"},"_links":{"self":[{"href":"https:\/\/soydeaqui.ddns.net\/pachuca\/index.php\/wp-json\/wp\/v2\/product\/58704","targetHints":{"allow":["GET"]}}],"collection":[{"href":"https:\/\/soydeaqui.ddns.net\/pachuca\/index.php\/wp-json\/wp\/v2\/product"}],"about":[{"href":"https:\/\/soydeaqui.ddns.net\/pachuca\/index.php\/wp-json\/wp\/v2\/types\/product"}],"replies":[{"embeddable":true,"href":"https:\/\/soydeaqui.ddns.net\/pachuca\/index.php\/wp-json\/wp\/v2\/comments?post=58704"}],"wp:featuredmedia":[{"embeddable":true,"href":"https:\/\/soydeaqui.ddns.net\/pachuca\/index.php\/wp-json\/wp\/v2\/media\/58703"}],"wp:attachment":[{"href":"https:\/\/soydeaqui.ddns.net\/pachuca\/index.php\/wp-json\/wp\/v2\/media?parent=58704"}],"wp:term":[{"taxonomy":"product_brand","embeddable":true,"href":"https:\/\/soydeaqui.ddns.net\/pachuca\/index.php\/wp-json\/wp\/v2\/product_brand?post=58704"},{"taxonomy":"product_cat","embeddable":true,"href":"https:\/\/soydeaqui.ddns.net\/pachuca\/index.php\/wp-json\/wp\/v2\/product_cat?post=58704"},{"taxonomy":"product_tag","embeddable":true,"href":"https:\/\/soydeaqui.ddns.net\/pachuca\/index.php\/wp-json\/wp\/v2\/product_tag?post=58704"}],"curies":[{"name":"wp","href":"https:\/\/api.w.org\/{rel}","templated":true}]}}