{"id":58643,"date":"2026-03-19T04:36:18","date_gmt":"2026-03-19T04:36:18","guid":{"rendered":"https:\/\/soydeaqui.ddns.net\/pachuca\/index.php\/producto\/herramienta-para-preparacion-de-cable-wilson-plenum-de-1-2\/"},"modified":"2026-03-19T04:36:19","modified_gmt":"2026-03-19T04:36:19","slug":"herramienta-para-preparacion-de-cable-wilson-plenum-de-1-2","status":"publish","type":"product","link":"https:\/\/soydeaqui.ddns.net\/pachuca\/index.php\/producto\/herramienta-para-preparacion-de-cable-wilson-plenum-de-1-2\/","title":{"rendered":"Herramienta Para Preparaci\u00f3n de Cable Wilson Plenum de 1\/2&#8243;"},"content":{"rendered":"<div style='width: 100%; max-width: 1200px; margin: 0 auto; font-family: sans-serif; line-height: 1.6; color: inherit; background-color: transparent;'> <!-- Secci\u00f3n de contenido con flex\/grid --> <\/p>\n<div style='display: flex; flex-wrap: wrap; gap: 30px; margin-bottom: 30px;'>\n<div style='flex: 1 1 300px; min-width: 280px;'>\n<h3 style='font-size: 22px; border-bottom: 2px solid currentColor; padding-bottom: 5px; margin-top: 0; color: inherit; opacity: 0.8;'>Descripci\u00f3n del producto<\/h3>\n<p style='font-size: 15px; color: inherit; margin-top: 10px; margin-bottom: 10px;'>Esta herramienta para preparaci\u00f3n de cable <strong>junto con la herramienta 992206<\/strong> hacen que la instalaci\u00f3n el conector para cable plenum de \u00bd pulgada WilsonPro sea r\u00e1pida y f\u00e1cil.<\/p>\n<p style='font-size: 15px; color: inherit; margin-top: 10px; margin-bottom: 10px;'>Simplemente conecte la herramienta autom\u00e1tica de preparaci\u00f3n de cables a un taladro est\u00e1ndar&comma; luego pele el cable&comma; el corrugado&comma; el diel\u00e9ctrico y el conductor a la longitud requerida para la terminaci\u00f3n.<\/p>\n<\/p><\/div>\n<\/p><\/div>\n<p> <!-- Separador --> <\/p>\n<hr style='border: 0; border-top: 1px solid rgba(150&comma; 150&comma; 150&comma; 0.3); margin: 30px 0;'> <\/div>\n","protected":false},"excerpt":{"rendered":"<p>Herramienta Para Preparaci\u00f3n de Cable Wilson Plenum de 1\/2&#8243;<\/p>\n","protected":false},"featured_media":32,"comment_status":"open","ping_status":"closed","template":"","meta":[],"product_brand":[],"product_cat":[1531,1532,1552],"product_tag":[1535,1404,1536,1553,1525],"class_list":{"0":"post-58643","1":"product","2":"type-product","3":"status-publish","4":"has-post-thumbnail","6":"product_cat-antenas-3g-y-voz","7":"product_cat-cables-y-accesorios","8":"product_cat-cobertura-para-celular-4g-lte","9":"product_tag-3g-y-voz","10":"product_tag-antenas","11":"product_tag-cables-y-accesorios","12":"product_tag-cobertura-para-celular-4g-lte","13":"product_tag-wilsonpro-weboost","15":"first","16":"outofstock","17":"sale","18":"shipping-taxable","19":"purchasable","20":"product-type-simple"},"_links":{"self":[{"href":"https:\/\/soydeaqui.ddns.net\/pachuca\/index.php\/wp-json\/wp\/v2\/product\/58643","targetHints":{"allow":["GET"]}}],"collection":[{"href":"https:\/\/soydeaqui.ddns.net\/pachuca\/index.php\/wp-json\/wp\/v2\/product"}],"about":[{"href":"https:\/\/soydeaqui.ddns.net\/pachuca\/index.php\/wp-json\/wp\/v2\/types\/product"}],"replies":[{"embeddable":true,"href":"https:\/\/soydeaqui.ddns.net\/pachuca\/index.php\/wp-json\/wp\/v2\/comments?post=58643"}],"wp:featuredmedia":[{"embeddable":true,"href":"https:\/\/soydeaqui.ddns.net\/pachuca\/index.php\/wp-json\/wp\/v2\/media\/32"}],"wp:attachment":[{"href":"https:\/\/soydeaqui.ddns.net\/pachuca\/index.php\/wp-json\/wp\/v2\/media?parent=58643"}],"wp:term":[{"taxonomy":"product_brand","embeddable":true,"href":"https:\/\/soydeaqui.ddns.net\/pachuca\/index.php\/wp-json\/wp\/v2\/product_brand?post=58643"},{"taxonomy":"product_cat","embeddable":true,"href":"https:\/\/soydeaqui.ddns.net\/pachuca\/index.php\/wp-json\/wp\/v2\/product_cat?post=58643"},{"taxonomy":"product_tag","embeddable":true,"href":"https:\/\/soydeaqui.ddns.net\/pachuca\/index.php\/wp-json\/wp\/v2\/product_tag?post=58643"}],"curies":[{"name":"wp","href":"https:\/\/api.w.org\/{rel}","templated":true}]}}