{"id":58631,"date":"2026-03-19T04:35:57","date_gmt":"2026-03-19T04:35:57","guid":{"rendered":"https:\/\/soydeaqui.ddns.net\/pachuca\/index.php\/producto\/combinador-divisor-de-potencia-de-1-a-8-salidas-bnc-0-8-db-1-watt-30-db-de-aislamiento\/"},"modified":"2026-03-19T04:35:58","modified_gmt":"2026-03-19T04:35:58","slug":"combinador-divisor-de-potencia-de-1-a-8-salidas-bnc-0-8-db-1-watt-30-db-de-aislamiento","status":"publish","type":"product","link":"https:\/\/soydeaqui.ddns.net\/pachuca\/index.php\/producto\/combinador-divisor-de-potencia-de-1-a-8-salidas-bnc-0-8-db-1-watt-30-db-de-aislamiento\/","title":{"rendered":"Combinador \/ Divisor de Potencia de 1 a 8 Salidas BNC, 0.8 dB, 1 Watt, 30 dB de Aislamiento."},"content":{"rendered":"<div style='width: 100%; max-width: 1200px; margin: 0 auto; font-family: sans-serif; line-height: 1.6; color: inherit; background-color: transparent;'>\n<div style='display: flex; flex-wrap: wrap; gap: 30px; margin-bottom: 30px;'>\n<div style='flex: 1 1 300px; min-width: 280px;'>\n<h3 style='font-size: 22px; border-bottom: 2px solid currentColor; padding-bottom: 5px; margin-top: 0; color: inherit; opacity: 0.8;'>Caracter\u00edsticas Principales<\/h3>\n<ul style='padding-left: 20px; font-size: 15px; color: inherit;'>\n<li style='margin-bottom: 5px;'>Rango de frecuencia: 0.5 a 175 MHz<\/li>\n<li style='margin-bottom: 5px;'>P\u00e9rdida de inserci\u00f3n: 0.8 dB t\u00edpico<\/li>\n<li style='margin-bottom: 5px;'>Aislamiento: 30 dB t\u00edpico<\/li>\n<li style='margin-bottom: 5px;'>Desbalance de amplitud: 0.2 dB t\u00edpico<\/li>\n<li style='margin-bottom: 5px;'>Impedancia: 50\u03a9<\/li>\n<li style='margin-bottom: 5px;'>Tipo de conector: BNC<\/li>\n<\/ul><\/div>\n<div style='flex: 1 1 300px; min-width: 280px;'>\n<h3 style='font-size: 22px; border-bottom: 2px solid currentColor; padding-bottom: 5px; margin-top: 0; color: inherit; opacity: 0.8;'>Especificaciones El\u00e9ctricas<\/h3>\n<ul style='padding-left: 20px; font-size: 15px; color: inherit;'>\n<li style='margin-bottom: 5px;'>Potencia de entrada m\u00e1xima: 1W<\/li>\n<li style='margin-bottom: 5px;'>Disipaci\u00f3n interna m\u00e1xima: 0.62W<\/li>\n<li style='margin-bottom: 5px;'>P\u00e9rdida total: 9.0 dB a 0.5 MHz<\/li>\n<li style='margin-bottom: 5px;'>VSWR entrada: 1.36:1 a 0.5 MHz<\/li>\n<li style='margin-bottom: 5px;'>VSWR salida: 1.13:1 a 0.5 MHz<\/li>\n<li style='margin-bottom: 5px;'>Temperatura de operaci\u00f3n: -55\u00b0C a 100\u00b0C<\/li>\n<li style='margin-bottom: 5px;'>Temperatura de almacenamiento: -55\u00b0C a 100\u00b0C<\/li>\n<\/ul><\/div>\n<\/p><\/div>\n<div style='display: flex; flex-wrap: wrap; gap: 20px; margin-bottom: 30px;'>\n<div style='flex: 1 1 250px; border: 1px solid rgba(150&comma; 150&comma; 150&comma; 0.4); border-radius: 8px; overflow: hidden; display: flex; flex-direction: column;'>\n<div style='padding: 15px; border-bottom: 1px solid rgba(150&comma; 150&comma; 150&comma; 0.2); font-weight: bold; font-size: 18px; color: inherit;'>Aislamiento<\/div>\n<div style='padding: 15px; color: inherit;'>\n<ul style='padding-left: 20px; margin: 0; font-size: 14px; list-style-type: disc;'>\n<li style='margin-bottom: 5px;'>1-2: 42.28 dB a 0.5 MHz<\/li>\n<li style='margin-bottom: 5px;'>1-7: 50.46 dB a 0.5 MHz<\/li>\n<li style='margin-bottom: 5px;'>5-7: 40.88 dB a 0.5 MHz<\/li>\n<li style='margin-bottom: 5px;'>28.57 dB a 175 MHz<\/li>\n<\/ul><\/div>\n<\/p><\/div>\n<div style='flex: 1 1 250px; border: 1px solid rgba(150&comma; 150&comma; 150&comma; 0.4); border-radius: 8px; overflow: hidden; display: flex; flex-direction: column;'>\n<div style='padding: 15px; border-bottom: 1px solid rgba(150&comma; 150&comma; 150&comma; 0.2); font-weight: bold; font-size: 18px; color: inherit;'>Conectores<\/div>\n<div style='padding: 15px; color: inherit;'>\n<ul style='padding-left: 20px; margin: 0; font-size: 14px; list-style-type: disc;'>\n<li style='margin-bottom: 5px;'>Modelo BNC: ZFSC-8-1+<\/li>\n<li style='margin-bottom: 5px;'>Modelo SMA: ZFSC-8-1-S(+)<\/li>\n<\/ul><\/div>\n<\/p><\/div>\n<div style='flex: 1 1 250px; border: 1px solid rgba(150&comma; 150&comma; 150&comma; 0.4); border-radius: 8px; overflow: hidden; display: flex; flex-direction: column;'>\n<div style='padding: 15px; border-bottom: 1px solid rgba(150&comma; 150&comma; 150&comma; 0.2); font-weight: bold; font-size: 18px; color: inherit;'>Dimensiones<\/div>\n<div style='padding: 15px; color: inherit;'>\n<ul style='padding-left: 20px; margin: 0; font-size: 14px; list-style-type: disc;'>\n<li style='margin-bottom: 5px;'>A: 4.06&#8242; (103.12 mm)<\/li>\n<li style='margin-bottom: 5px;'>B: 1.60&#8242; (40.64 mm)<\/li>\n<li style='margin-bottom: 5px;'>C: 1.57&#8242; (39.88 mm)<\/li>\n<li style='margin-bottom: 5px;'>D: 3.56&#8242; (90.42 mm)<\/li>\n<\/ul><\/div>\n<\/p><\/div>\n<\/p><\/div>\n<div style='display: flex; flex-wrap: wrap; gap: 20px; margin-bottom: 30px;'>\n<div style='flex: 1 1 250px; border: 1px solid rgba(150&comma; 150&comma; 150&comma; 0.4); border-radius: 8px; overflow: hidden; display: flex; flex-direction: column;'>\n<div style='padding: 15px; border-bottom: 1px solid rgba(150&comma; 150&comma; 150&comma; 0.2); font-weight: bold; font-size: 18px; color: inherit;'>Aplicaciones<\/div>\n<div style='padding: 15px; color: inherit;'>\n<ul style='padding-left: 20px; margin: 0; font-size: 14px; list-style-type: disc;'>\n<li style='margin-bottom: 5px;'>Comunicaciones HF\/VHF<\/li>\n<li style='margin-bottom: 5px;'>Instrumentaci\u00f3n<\/li>\n<li style='margin-bottom: 5px;'>Sistemas de radio<\/li>\n<\/ul><\/div>\n<\/p><\/div>\n<div style='flex: 1 1 250px; border: 1px solid rgba(150&comma; 150&comma; 150&comma; 0.4); border-radius: 8px; overflow: hidden; display: flex; flex-direction: column;'>\n<div style='padding: 15px; border-bottom: 1px solid rgba(150&comma; 150&comma; 150&comma; 0.2); font-weight: bold; font-size: 18px; color: inherit;'>Condiciones de Operaci\u00f3n<\/div>\n<div style='padding: 15px; color: inherit;'>\n<ul style='padding-left: 20px; margin: 0; font-size: 14px; list-style-type: disc;'>\n<li style='margin-bottom: 5px;'>Cumple con RoHS<\/li>\n<li style='margin-bottom: 5px;'>Caja blindada robusta<\/li>\n<li style='margin-bottom: 5px;'>Temperatura de operaci\u00f3n: -55\u00b0C a 100\u00b0C<\/li>\n<\/ul><\/div>\n<\/p><\/div>\n<\/p><\/div>\n<div style='display: flex; flex-wrap: wrap; gap: 20px; margin-bottom: 30px;'>\n<div style='flex: 1 1 250px; border: 1px solid rgba(150&comma; 150&comma; 150&comma; 0.4); border-radius: 8px; overflow: hidden; display: flex; flex-direction: column;'>\n<div style='padding: 15px; border-bottom: 1px solid rgba(150&comma; 150&comma; 150&comma; 0.2); font-weight: bold; font-size: 18px; color: inherit;'>P\u00e9rdida de Inserci\u00f3n<\/div>\n<div style='padding: 15px; color: inherit;'>\n<ul style='padding-left: 20px; margin: 0; font-size: 14px; list-style-type: disc;'>\n<li style='margin-bottom: 5px;'>0.8 dB t\u00edpico<\/li>\n<li style='margin-bottom: 5px;'>1.2 dB m\u00e1ximo<\/li>\n<\/ul><\/div>\n<\/p><\/div>\n<div style='flex: 1 1 250px; border: 1px solid rgba(150&comma; 150&comma; 150&comma; 0.4); border-radius: 8px; overflow: hidden; display: flex; flex-direction: column;'>\n<div style='padding: 15px; border-bottom: 1px solid rgba(150&comma; 150&comma; 150&comma; 0.2); font-weight: bold; font-size: 18px; color: inherit;'>Desbalance de Fase<\/div>\n<div style='padding: 15px; color: inherit;'>\n<ul style='padding-left: 20px; margin: 0; font-size: 14px; list-style-type: disc;'>\n<li style='margin-bottom: 5px;'>1.0 grado t\u00edpico<\/li>\n<li style='margin-bottom: 5px;'>2.5 grados m\u00e1ximo<\/li>\n<\/ul><\/div>\n<\/p><\/div>\n<div style='flex: 1 1 250px; border: 1px solid rgba(150&comma; 150&comma; 150&comma; 0.4); border-radius: 8px; overflow: hidden; display: flex; flex-direction: column;'>\n<div style='padding: 15px; border-bottom: 1px solid rgba(150&comma; 150&comma; 150&comma; 0.2); font-weight: bold; font-size: 18px; color: inherit;'>P\u00e9rdida Total<\/div>\n<div style='padding: 15px; color: inherit;'>\n<ul style='padding-left: 20px; margin: 0; font-size: 14px; list-style-type: disc;'>\n<li style='margin-bottom: 5px;'>9.37 dB a 0.5 MHz<\/li>\n<li style='margin-bottom: 5px;'>9.69 dB a 175 MHz<\/li>\n<\/ul><\/div>\n<\/p><\/div>\n<\/p><\/div>\n<hr style='border: 0; border-top: 1px solid rgba(150&comma; 150&comma; 150&comma; 0.3); margin: 30px 0;'>\n<div style='margin-bottom: 30px;'>\n<h3 style='font-size: 22px; border-bottom: 2px solid currentColor; padding-bottom: 5px; margin-top: 0; color: inherit; opacity: 0.8;'>Condiciones de Garant\u00eda<\/h3>\n<p style='font-size: 14px; color: inherit; margin-bottom: 15px;'>Los componentes cubiertos por este documento de especificaciones est\u00e1n sujetos a la garant\u00eda limitada est\u00e1ndar de Mini-Circuits y a los t\u00e9rminos y condiciones. Para m\u00e1s informaci\u00f3n&comma; visite el sitio web de Mini-Circuits.<\/p>\n<\/p><\/div>\n<\/p><\/div>\n","protected":false},"excerpt":{"rendered":"<p>Combinador \/ Divisor de Potencia de 1 a 8 Salidas BNC, 0.8 dB, 1 Watt, 30 dB de Aislamiento.<\/p>\n","protected":false},"featured_media":58630,"comment_status":"open","ping_status":"closed","template":"","meta":[],"product_brand":[],"product_cat":[1718],"product_tag":[1719,1660,1720],"class_list":{"0":"post-58631","1":"product","2":"type-product","3":"status-publish","4":"has-post-thumbnail","6":"product_cat-combinadores","7":"product_tag-combinadores","8":"product_tag-filtros-y-sistemas-en-rf","9":"product_tag-mini-circuits","11":"first","12":"outofstock","13":"sale","14":"shipping-taxable","15":"purchasable","16":"product-type-simple"},"_links":{"self":[{"href":"https:\/\/soydeaqui.ddns.net\/pachuca\/index.php\/wp-json\/wp\/v2\/product\/58631","targetHints":{"allow":["GET"]}}],"collection":[{"href":"https:\/\/soydeaqui.ddns.net\/pachuca\/index.php\/wp-json\/wp\/v2\/product"}],"about":[{"href":"https:\/\/soydeaqui.ddns.net\/pachuca\/index.php\/wp-json\/wp\/v2\/types\/product"}],"replies":[{"embeddable":true,"href":"https:\/\/soydeaqui.ddns.net\/pachuca\/index.php\/wp-json\/wp\/v2\/comments?post=58631"}],"wp:featuredmedia":[{"embeddable":true,"href":"https:\/\/soydeaqui.ddns.net\/pachuca\/index.php\/wp-json\/wp\/v2\/media\/58630"}],"wp:attachment":[{"href":"https:\/\/soydeaqui.ddns.net\/pachuca\/index.php\/wp-json\/wp\/v2\/media?parent=58631"}],"wp:term":[{"taxonomy":"product_brand","embeddable":true,"href":"https:\/\/soydeaqui.ddns.net\/pachuca\/index.php\/wp-json\/wp\/v2\/product_brand?post=58631"},{"taxonomy":"product_cat","embeddable":true,"href":"https:\/\/soydeaqui.ddns.net\/pachuca\/index.php\/wp-json\/wp\/v2\/product_cat?post=58631"},{"taxonomy":"product_tag","embeddable":true,"href":"https:\/\/soydeaqui.ddns.net\/pachuca\/index.php\/wp-json\/wp\/v2\/product_tag?post=58631"}],"curies":[{"name":"wp","href":"https:\/\/api.w.org\/{rel}","templated":true}]}}