{"id":58624,"date":"2026-03-19T04:35:41","date_gmt":"2026-03-19T04:35:41","guid":{"rendered":"https:\/\/soydeaqui.ddns.net\/pachuca\/index.php\/producto\/rack-de-19-9-ur-para-uso-en-mesa-ideal-para-instalaciones-temporales-pruebas-exhibicion\/"},"modified":"2026-03-19T04:35:53","modified_gmt":"2026-03-19T04:35:53","slug":"rack-de-19-9-ur-para-uso-en-mesa-ideal-para-instalaciones-temporales-pruebas-exhibicion","status":"publish","type":"product","link":"https:\/\/soydeaqui.ddns.net\/pachuca\/index.php\/producto\/rack-de-19-9-ur-para-uso-en-mesa-ideal-para-instalaciones-temporales-pruebas-exhibicion\/","title":{"rendered":"Rack de 19&#8243;, 9 UR,  Para Uso en Mesa. Ideal para Instalaciones, Temporales \/ Pruebas \/ Exhibici\u00f3n"},"content":{"rendered":"<div style='width: 100%; max-width: 1200px; margin: 0 auto; font-family: sans-serif; line-height: 1.6; color: inherit; background-color: transparent;'>\n<div style='display: flex; flex-wrap: wrap; gap: 30px; margin-bottom: 30px;'>\n<div style='flex: 1 1 300px; min-width: 280px;'>\n<h3 style='font-size: 22px; border-bottom: 2px solid currentColor; padding-bottom: 5px; margin-top: 0; color: inherit; opacity: 0.8;'>Caracter\u00edsticas destacadas<\/h3>\n<ul style='padding-left: 20px; font-size: 15px; color: inherit;'>\n<li style='margin-bottom: 5px;'>Rack de dos postes ligero&comma; para uso en mesa o escritorio.<\/li>\n<li style='margin-bottom: 5px;'>F\u00e1cil armado y desarmado.<\/li>\n<li style='margin-bottom: 5px;'>Ligero para evitar sobre carga de mesa.<\/li>\n<li style='margin-bottom: 5px;'>No requiere fijaci\u00f3n&comma; incluye zapatas pl\u00e1sticas para evitar fricci\u00f3n en mesa.<\/li>\n<\/ul><\/div>\n<\/p><\/div>\n<div style='display: flex; flex-wrap: wrap; gap: 20px; margin-bottom: 30px;'>\n<div style='flex: 1 1 250px; border: 1px solid rgba(150&comma; 150&comma; 150&comma; 0.4); border-radius: 8px; overflow: hidden; display: flex; flex-direction: column;'>\n<div style='padding: 15px; border-bottom: 1px solid rgba(150&comma; 150&comma; 150&comma; 0.2); font-weight: bold; font-size: 18px; color: inherit;'>Caracter\u00edsticas F\u00edsicas<\/div>\n<div style='padding: 15px; color: inherit;'>\n<ul style='padding-left: 20px; margin: 0; font-size: 14px; list-style-type: disc;'>\n<li style='margin-bottom: 5px;'><strong>Material:<\/strong> Acero al carbon.<\/li>\n<li style='margin-bottom: 5px;'><strong>Unidades rack:<\/strong> 9 UR.<\/li>\n<li style='margin-bottom: 5px;'><strong>Pintura:<\/strong> Aplicaci\u00f3n electrost\u00e1tica horneada.<\/li>\n<li style='margin-bottom: 5px;'><strong>Color:<\/strong> Negro semi mate.<\/li>\n<li style='margin-bottom: 5px;'><strong>Capacidad de carga:<\/strong> 45 kg. (15 kg por unidad m\u00e1ximo)<\/li>\n<li style='margin-bottom: 5px;'><strong>Peso:<\/strong> 3.16 Kg<\/li>\n<li style='margin-bottom: 5px;'><strong>Dimensiones (armado):<\/strong><\/li>\n<ul style='padding-left: 30px; margin: 5px 0; font-size: 14px; list-style-type: disc;'>\n<li style='margin-bottom: 5px;'><strong>Ancho:<\/strong> 53 cm<\/li>\n<li style='margin-bottom: 5px;'><strong>Alto:<\/strong> 50 cm<\/li>\n<li style='margin-bottom: 5px;'><strong>Profundidad:<\/strong> 33.6 cm<\/li>\n<\/ul>\n<li style='margin-bottom: 5px;'><strong>Env\u00edo:<\/strong> Desarmado y empacado en caja de cart\u00f3n.<\/li>\n<\/ul><\/div>\n<\/p><\/div>\n<div style='flex: 1 1 250px; border: 1px solid rgba(150&comma; 150&comma; 150&comma; 0.4); border-radius: 8px; overflow: hidden; display: flex; flex-direction: column;'>\n<div style='padding: 15px; border-bottom: 1px solid rgba(150&comma; 150&comma; 150&comma; 0.2); font-weight: bold; font-size: 18px; color: inherit;'>Aplicaciones<\/div>\n<div style='padding: 15px; color: inherit;'>\n<ul style='padding-left: 20px; margin: 0; font-size: 14px; list-style-type: disc;'>\n<li style='margin-bottom: 5px;'>Estaciones de prueba o programaci\u00f3n de equipo rackeable.<\/li>\n<li style='margin-bottom: 5px;'>Exhibiciones o demostraciones de equipo.<\/li>\n<li style='margin-bottom: 5px;'>Instalaciones simples sobre mesa\/escritorio donde el espacio sea reducido.<\/li>\n<\/ul><\/div>\n<\/p><\/div>\n<div style='flex: 1 1 250px; border: 1px solid rgba(150&comma; 150&comma; 150&comma; 0.4); border-radius: 8px; overflow: hidden; display: flex; flex-direction: column;'>\n<div style='padding: 15px; border-bottom: 1px solid rgba(150&comma; 150&comma; 150&comma; 0.2); font-weight: bold; font-size: 18px; color: inherit;'>Contenido del paquete<\/div>\n<div style='padding: 15px; color: inherit;'>\n<ul style='padding-left: 20px; margin: 0; font-size: 14px; list-style-type: disc;'>\n<li style='margin-bottom: 5px;'>2 Postes rack.<\/li>\n<li style='margin-bottom: 5px;'>2 Soportes a piso.<\/li>\n<li style='margin-bottom: 5px;'>1 Traveza\u00f1o.<\/li>\n<li style='margin-bottom: 5px;'>1 Juego de torniller\u00eda de armado.<\/li>\n<li style='margin-bottom: 5px;'>1 Juego de tornillos y tuerca enjaulada para todo el rack.<\/li>\n<\/ul><\/div>\n<\/p><\/div>\n<\/p><\/div>\n<hr style='border: 0; border-top: 1px solid rgba(150&comma; 150&comma; 150&comma; 0.3); margin: 30px 0;'> <\/div>\n","protected":false},"excerpt":{"rendered":"<p>Rack de 19&#8243;, 9 UR,  Para Uso en Mesa. Ideal para Instalaciones, Temporales \/ Pruebas \/ Exhibici\u00f3n<\/p>\n","protected":false},"featured_media":58623,"comment_status":"open","ping_status":"closed","template":"","meta":[],"product_brand":[],"product_cat":[680],"product_tag":[435,660,605],"class_list":{"0":"post-58624","1":"product","2":"type-product","3":"status-publish","4":"has-post-thumbnail","6":"product_cat-racks-abiertos-racks-y-gabinetes","7":"product_tag-linkedpro-by-epcom","8":"product_tag-racks-abiertos","9":"product_tag-racks-y-gabinetes","11":"first","12":"outofstock","13":"sale","14":"shipping-taxable","15":"purchasable","16":"product-type-simple"},"_links":{"self":[{"href":"https:\/\/soydeaqui.ddns.net\/pachuca\/index.php\/wp-json\/wp\/v2\/product\/58624","targetHints":{"allow":["GET"]}}],"collection":[{"href":"https:\/\/soydeaqui.ddns.net\/pachuca\/index.php\/wp-json\/wp\/v2\/product"}],"about":[{"href":"https:\/\/soydeaqui.ddns.net\/pachuca\/index.php\/wp-json\/wp\/v2\/types\/product"}],"replies":[{"embeddable":true,"href":"https:\/\/soydeaqui.ddns.net\/pachuca\/index.php\/wp-json\/wp\/v2\/comments?post=58624"}],"wp:featuredmedia":[{"embeddable":true,"href":"https:\/\/soydeaqui.ddns.net\/pachuca\/index.php\/wp-json\/wp\/v2\/media\/58623"}],"wp:attachment":[{"href":"https:\/\/soydeaqui.ddns.net\/pachuca\/index.php\/wp-json\/wp\/v2\/media?parent=58624"}],"wp:term":[{"taxonomy":"product_brand","embeddable":true,"href":"https:\/\/soydeaqui.ddns.net\/pachuca\/index.php\/wp-json\/wp\/v2\/product_brand?post=58624"},{"taxonomy":"product_cat","embeddable":true,"href":"https:\/\/soydeaqui.ddns.net\/pachuca\/index.php\/wp-json\/wp\/v2\/product_cat?post=58624"},{"taxonomy":"product_tag","embeddable":true,"href":"https:\/\/soydeaqui.ddns.net\/pachuca\/index.php\/wp-json\/wp\/v2\/product_tag?post=58624"}],"curies":[{"name":"wp","href":"https:\/\/api.w.org\/{rel}","templated":true}]}}