{"id":58600,"date":"2026-03-19T04:34:56","date_gmt":"2026-03-19T04:34:56","guid":{"rendered":"https:\/\/soydeaqui.ddns.net\/pachuca\/index.php\/producto\/gabinete-de-montaje-en-pared-trueedge-con-3-ur-para-equipo-activo-y-3-ur-para-paneles-de-parcheo-fabricado-en-acero-color-negro\/"},"modified":"2026-03-19T04:35:01","modified_gmt":"2026-03-19T04:35:01","slug":"gabinete-de-montaje-en-pared-trueedge-con-3-ur-para-equipo-activo-y-3-ur-para-paneles-de-parcheo-fabricado-en-acero-color-negro","status":"publish","type":"product","link":"https:\/\/soydeaqui.ddns.net\/pachuca\/index.php\/producto\/gabinete-de-montaje-en-pared-trueedge-con-3-ur-para-equipo-activo-y-3-ur-para-paneles-de-parcheo-fabricado-en-acero-color-negro\/","title":{"rendered":"Gabinete de Montaje en Pared TrueEdge\u2122, Con 3 UR para Equipo Activo y 3 UR para Paneles de Parcheo, Fabricado en Acero, Color Negro"},"content":{"rendered":"<div style='width: 100%; max-width: 1200px; margin: 0 auto; font-family: sans-serif; line-height: 1.6; color: inherit; background-color: transparent;'> <!-- Secci\u00f3n de descripci\u00f3n --> <\/p>\n<div style='margin-bottom: 30px;'>\n<h2 style='font-size: 24px; border-bottom: 2px solid currentColor; padding-bottom: 8px; margin-top: 0; color: inherit; opacity: 0.9;'>Descripci\u00f3n General<\/h2>\n<p style='font-size: 15px; margin-top: 15px; color: inherit;'>El gabinete de montaje vertical en pared TrueEdge\u2122&comma; proporciona una arquitectura integral que permite montar hasta 36 pulgadas de equipo activo en aplicaciones de baja densidad. Cuenta con rieles ajustables para permitir una configuraci\u00f3n \u00f3ptima. Este gabinete alberga 3 UR para instalaci\u00f3n de equipo pasivo y 3 UR para equipo activo. Ofrece una profundidad de 9.5 pulgadas (241.3 mm)&comma; una altura de 42 pulgadas (1066.8 mm) y est\u00e1 fabricado en acero galvanizado de 16 gauge.<\/p>\n<\/p><\/div>\n<p> <!-- Secci\u00f3n de caracter\u00edsticas principales --> <\/p>\n<div style='margin-bottom: 30px;'>\n<h2 style='font-size: 24px; border-bottom: 2px solid currentColor; padding-bottom: 8px; margin-top: 0; color: inherit; opacity: 0.9;'>Caracter\u00edsticas Principales<\/h2>\n<ul style='padding-left: 20px; font-size: 15px; color: inherit; margin-top: 15px;'>\n<li style='margin-bottom: 8px;'>Montaje vertical para aplicaciones de baja densidad<\/li>\n<li style='margin-bottom: 8px;'>Rieles ajustables para configuraci\u00f3n \u00f3ptima<\/li>\n<li style='margin-bottom: 8px;'>Capacidad de carga m\u00e1xima de 90.72 kg (200 lbs)<\/li>\n<li style='margin-bottom: 8px;'>Alberga 6 unidades de rack en total (3 UR para equipo activo y 3 UR para equipo pasivo)<\/li>\n<li style='margin-bottom: 8px;'>Cumple con est\u00e1ndares UL 2416<\/li>\n<li style='margin-bottom: 8px;'>Dise\u00f1o de bajo perfil que permite la implementaci\u00f3n eficiente de switches y servidores en entornos de arquitectura abierta<\/li>\n<li style='margin-bottom: 8px;'>Perforaciones en la parte superior e inferior para optimizar el flujo de aire y disipaci\u00f3n del calor<\/li>\n<li style='margin-bottom: 8px;'>Partes intercambiables y cubiertas superiores e inferiores removibles para f\u00e1cil instalaci\u00f3n y acceso seguro al equipo<\/li>\n<\/ul><\/div>\n<p> <!-- Secci\u00f3n de especificaciones t\u00e9cnicas --> <\/p>\n<div style='margin-bottom: 30px;'>\n<h2 style='font-size: 24px; border-bottom: 2px solid currentColor; padding-bottom: 8px; margin-top: 0; color: inherit; opacity: 0.9;'>Especificaciones T\u00e9cnicas<\/h2>\n<div style='display: flex; flex-wrap: wrap; gap: 20px; margin-top: 20px;'>\n<div style='flex: 1 1 250px; border: 1px solid rgba(150&comma; 150&comma; 150&comma; 0.4); border-radius: 8px; overflow: hidden; display: flex; flex-direction: column;'>\n<div style='padding: 15px; border-bottom: 1px solid rgba(150&comma; 150&comma; 150&comma; 0.2); font-weight: bold; font-size: 18px; color: inherit;'>Dimensiones<\/div>\n<div style='padding: 15px; color: inherit;'>\n<ul style='padding-left: 20px; margin: 0; font-size: 14px; list-style-type: disc;'>\n<li style='margin-bottom: 5px;'><strong>Ancho:<\/strong> 28.6 in (726.44 mm)<\/li>\n<li style='margin-bottom: 5px;'><strong>Altura:<\/strong> 42.0 in (1066.8 mm)<\/li>\n<li style='margin-bottom: 5px;'><strong>Profundidad:<\/strong> 9.5 in (241.3 mm)<\/li>\n<\/ul><\/div>\n<\/p><\/div>\n<div style='flex: 1 1 250px; border: 1px solid rgba(150&comma; 150&comma; 150&comma; 0.4); border-radius: 8px; overflow: hidden; display: flex; flex-direction: column;'>\n<div style='padding: 15px; border-bottom: 1px solid rgba(150&comma; 150&comma; 150&comma; 0.2); font-weight: bold; font-size: 18px; color: inherit;'>Capacidad<\/div>\n<div style='padding: 15px; color: inherit;'>\n<ul style='padding-left: 20px; margin: 0; font-size: 14px; list-style-type: disc;'>\n<li style='margin-bottom: 5px;'><strong>Unidades de rack:<\/strong> 6 RU (3 RU para equipo activo y 3 RU para equipo pasivo)<\/li>\n<li style='margin-bottom: 5px;'><strong>Capacidad de carga:<\/strong> 200 lbs (90.72 kg)<\/li>\n<li style='margin-bottom: 5px;'><strong>Profundidad ajustable:<\/strong> Hasta 36 in (914.4 mm)<\/li>\n<\/ul><\/div>\n<\/p><\/div>\n<div style='flex: 1 1 250px; border: 1px solid rgba(150&comma; 150&comma; 150&comma; 0.4); border-radius: 8px; overflow: hidden; display: flex; flex-direction: column;'>\n<div style='padding: 15px; border-bottom: 1px solid rgba(150&comma; 150&comma; 150&comma; 0.2); font-weight: bold; font-size: 18px; color: inherit;'>Caracter\u00edsticas F\u00edsicas<\/div>\n<div style='padding: 15px; color: inherit;'>\n<ul style='padding-left: 20px; margin: 0; font-size: 14px; list-style-type: disc;'>\n<li style='margin-bottom: 5px;'><strong>Material:<\/strong> Acero galvanizado de 16 gauge<\/li>\n<li style='margin-bottom: 5px;'><strong>Est\u00e1ndares cumplidos:<\/strong> UL 2416<\/li>\n<li style='margin-bottom: 5px;'><strong>Color:<\/strong> Negro<\/li>\n<li style='margin-bottom: 5px;'><strong>Montaje:<\/strong> En pared<\/li>\n<\/ul><\/div>\n<\/p><\/div>\n<\/p><\/div>\n<\/p><\/div>\n<p> <!-- Secci\u00f3n de aplicaciones --> <\/p>\n<div style='margin-bottom: 30px;'>\n<h2 style='font-size: 24px; border-bottom: 2px solid currentColor; padding-bottom: 8px; margin-top: 0; color: inherit; opacity: 0.9;'>Aplicaciones<\/h2>\n<ul style='padding-left: 20px; font-size: 15px; color: inherit; margin-top: 15px;'>\n<li style='margin-bottom: 8px;'>Sala de telecomunicaciones o extensi\u00f3n de sala de telecomunicaciones<\/li>\n<li style='margin-bottom: 8px;'>Micro data center<\/li>\n<li style='margin-bottom: 8px;'>Despliegue en borde (edge computing)<\/li>\n<li style='margin-bottom: 8px;'>Soluci\u00f3n para eliminar la necesidad de rack o gabinete tradicional en espacios reducidos (TR in a BOX)<\/li>\n<li style='margin-bottom: 8px;'>Almacenamiento de equipos de red en espacios reducidos<\/li>\n<\/ul><\/div>\n<p> <!-- Secci\u00f3n de componentes incluidos --> <\/p>\n<div style='margin-bottom: 30px;'>\n<h2 style='font-size: 24px; border-bottom: 2px solid currentColor; padding-bottom: 8px; margin-top: 0; color: inherit; opacity: 0.9;'>Componentes Incluidos<\/h2>\n<ul style='padding-left: 20px; font-size: 15px; color: inherit; margin-top: 15px;'>\n<li style='margin-bottom: 8px;'>Base<\/li>\n<li style='margin-bottom: 8px;'>Puerta<\/li>\n<li style='margin-bottom: 8px;'>Soportes horizontales para equipo pasivo<\/li>\n<li style='margin-bottom: 8px;'>Soportes para equipo activo (e-rails)<\/li>\n<li style='margin-bottom: 8px;'>Manija de cierre con llave<\/li>\n<li style='margin-bottom: 8px;'>Grommet de borde<\/li>\n<li style='margin-bottom: 8px;'>Cintas adhesivas Tak-Ty\u00ae Hook &#038; Loop Mini-Com\u00ae<\/li>\n<li style='margin-bottom: 8px;'>Bisagras para puerta<\/li>\n<\/ul><\/div>\n<p> <!-- Secci\u00f3n de opciones de accesorios --> <\/p>\n<div style='margin-bottom: 30px;'>\n<h2 style='font-size: 24px; border-bottom: 2px solid currentColor; padding-bottom: 8px; margin-top: 0; color: inherit; opacity: 0.9;'>Accesorios Disponibles<\/h2>\n<div style='display: flex; flex-wrap: wrap; gap: 20px; margin-top: 20px;'>\n<div style='flex: 1 1 250px; border: 1px solid rgba(150&comma; 150&comma; 150&comma; 0.4); border-radius: 8px; overflow: hidden; display: flex; flex-direction: column;'>\n<div style='padding: 15px; border-bottom: 1px solid rgba(150&comma; 150&comma; 150&comma; 0.2); font-weight: bold; font-size: 18px; color: inherit;'>Soportes y Rieles<\/div>\n<div style='padding: 15px; color: inherit;'>\n<ul style='padding-left: 20px; margin: 0; font-size: 14px; list-style-type: disc;'>\n<li style='margin-bottom: 5px;'>Soporte horizontal 1 RU: WME31RU<\/li>\n<li style='margin-bottom: 5px;'>Rieles para equipo activo: WME3ERAIL<\/li>\n<li style='margin-bottom: 5px;'>Kit de puesta a tierra: WMEGK<\/li>\n<\/ul><\/div>\n<\/p><\/div>\n<div style='flex: 1 1 250px; border: 1px solid rgba(150&comma; 150&comma; 150&comma; 0.4); border-radius: 8px; overflow: hidden; display: flex; flex-direction: column;'>\n<div style='padding: 15px; border-bottom: 1px solid rgba(150&comma; 150&comma; 150&comma; 0.2); font-weight: bold; font-size: 18px; color: inherit;'>Ventilaci\u00f3n<\/div>\n<div style='padding: 15px; color: inherit;'>\n<ul style='padding-left: 20px; margin: 0; font-size: 14px; list-style-type: disc;'>\n<li style='margin-bottom: 5px;'>Kit de ventiladores: PZAEFAN<\/li>\n<li style='margin-bottom: 5px;'>Kit de ventiladores Euro: PZAEFK-E<\/li>\n<\/ul><\/div>\n<\/p><\/div>\n<div style='flex: 1 1 250px; border: 1px solid rgba(150&comma; 150&comma; 150&comma; 0.4); border-radius: 8px; overflow: hidden; display: flex; flex-direction: column;'>\n<div style='padding: 15px; border-bottom: 1px solid rgba(150&comma; 150&comma; 150&comma; 0.2); font-weight: bold; font-size: 18px; color: inherit;'>Sensores y Gesti\u00f3n<\/div>\n<div style='padding: 15px; color: inherit;'>\n<ul style='padding-left: 20px; margin: 0; font-size: 14px; list-style-type: disc;'>\n<li style='margin-bottom: 5px;'>Sensor de temperatura: EA001<\/li>\n<li style='margin-bottom: 5px;'>PDU inteligente: P08D09M<\/li>\n<li style='margin-bottom: 5px;'>Kit de manejo de cables el\u00e9ctricos: ACB03<\/li>\n<\/ul><\/div>\n<\/p><\/div>\n<\/p><\/div>\n<\/p><\/div>\n<p> <!-- Separador final --> <\/p>\n<hr style='border: 0; border-top: 1px solid rgba(150&comma; 150&comma; 150&comma; 0.3); margin: 30px 0;'> <\/div>\n","protected":false},"excerpt":{"rendered":"<p>Gabinete de Montaje en Pared TrueEdge\u2122, Con 3 UR para Equipo Activo y 3 UR para Paneles de Parcheo, Fabricado en Acero, Color Negro<\/p>\n","protected":false},"featured_media":58599,"comment_status":"open","ping_status":"closed","template":"","meta":[],"product_brand":[],"product_cat":[678],"product_tag":[679,445,605],"class_list":{"0":"post-58600","1":"product","2":"type-product","3":"status-publish","4":"has-post-thumbnail","6":"product_cat-gabinetes-uso-multiple","7":"product_tag-gabinetes-uso-multiple","8":"product_tag-panduit","9":"product_tag-racks-y-gabinetes","11":"first","12":"instock","13":"sale","14":"shipping-taxable","15":"purchasable","16":"product-type-simple"},"_links":{"self":[{"href":"https:\/\/soydeaqui.ddns.net\/pachuca\/index.php\/wp-json\/wp\/v2\/product\/58600","targetHints":{"allow":["GET"]}}],"collection":[{"href":"https:\/\/soydeaqui.ddns.net\/pachuca\/index.php\/wp-json\/wp\/v2\/product"}],"about":[{"href":"https:\/\/soydeaqui.ddns.net\/pachuca\/index.php\/wp-json\/wp\/v2\/types\/product"}],"replies":[{"embeddable":true,"href":"https:\/\/soydeaqui.ddns.net\/pachuca\/index.php\/wp-json\/wp\/v2\/comments?post=58600"}],"wp:featuredmedia":[{"embeddable":true,"href":"https:\/\/soydeaqui.ddns.net\/pachuca\/index.php\/wp-json\/wp\/v2\/media\/58599"}],"wp:attachment":[{"href":"https:\/\/soydeaqui.ddns.net\/pachuca\/index.php\/wp-json\/wp\/v2\/media?parent=58600"}],"wp:term":[{"taxonomy":"product_brand","embeddable":true,"href":"https:\/\/soydeaqui.ddns.net\/pachuca\/index.php\/wp-json\/wp\/v2\/product_brand?post=58600"},{"taxonomy":"product_cat","embeddable":true,"href":"https:\/\/soydeaqui.ddns.net\/pachuca\/index.php\/wp-json\/wp\/v2\/product_cat?post=58600"},{"taxonomy":"product_tag","embeddable":true,"href":"https:\/\/soydeaqui.ddns.net\/pachuca\/index.php\/wp-json\/wp\/v2\/product_tag?post=58600"}],"curies":[{"name":"wp","href":"https:\/\/api.w.org\/{rel}","templated":true}]}}