{"id":58569,"date":"2026-03-19T04:33:57","date_gmt":"2026-03-19T04:33:57","guid":{"rendered":"https:\/\/soydeaqui.ddns.net\/pachuca\/index.php\/producto\/gpsmap-923xsv-con-radar-de-antena-cerrada-gmr-18-hd\/"},"modified":"2026-03-19T04:34:07","modified_gmt":"2026-03-19T04:34:07","slug":"gpsmap-923xsv-con-radar-de-antena-cerrada-gmr-18-hd","status":"publish","type":"product","link":"https:\/\/soydeaqui.ddns.net\/pachuca\/index.php\/producto\/gpsmap-923xsv-con-radar-de-antena-cerrada-gmr-18-hd\/","title":{"rendered":"GPSMAP\u00ae 923xsv Con radar de antena cerrada GMR\u2122 18 HD+"},"content":{"rendered":"<div style='width: 100%; max-width: 1200px; margin: 0 auto; font-family: sans-serif; line-height: 1.6; color: inherit; background-color: transparent;'>\n<div style='display: flex; flex-direction: column; gap: 20px;'>\n<div>\n<h2 style='font-size: 22px; border-bottom: 2px solid currentColor; padding-bottom: 5px; margin-top: 0; color: inherit; opacity: 0.8;'>Caracter\u00edsticas<\/h2>\n<ul style='padding-left: 20px; font-size: 15px; color: inherit; list-style-type: disc;'>\n<li style='margin-bottom: 5px;'>Compatible con cartas y mapas avanzados<\/li>\n<li style='margin-bottom: 5px;'>Compatibilidad con sonda panoptix\u2122<\/li>\n<li style='margin-bottom: 5px;'>Con un 50% m\u00e1s de p\u00edxeles de pantalla t\u00e1ctil<\/li>\n<li style='margin-bottom: 5px;'>Se integra a la perfecci\u00f3n en el sistema n\u00e1utico de Garmin<\/li>\n<\/ul><\/div>\n<div>\n<div style='display: flex; flex-wrap: wrap; gap: 20px;'>\n<div style='flex: 1 1 250px; border: 1px solid rgba(150&comma; 150&comma; 150&comma; 0.4); border-radius: 8px; overflow: hidden; display: flex; flex-direction: column;'>\n<div style='padding: 15px; border-bottom: 1px solid rgba(150&comma; 150&comma; 150&comma; 0.2); font-weight: bold; font-size: 18px; color: inherit;'>Funciones del plotter<\/div>\n<div style='padding: 15px; color: inherit;'>\n<ul style='padding-left: 20px; margin: 0; font-size: 14px; list-style-type: disc;'>\n<li style='margin-bottom: 5px;'>Compatible con radar Garmin: S\u00ed<\/li>\n<li style='margin-bottom: 5px;'>Compatible con sonda Garmin: S\u00ed (incorporado)<\/li>\n<li style='margin-bottom: 5px;'>Garmin SmartMode: S\u00ed<\/li>\n<li style='margin-bottom: 5px;'>Admite AIS: S\u00ed<\/li>\n<li style='margin-bottom: 5px;'>Admite DSC: S\u00ed<\/li>\n<li style='margin-bottom: 5px;'>Compatible con radios y fusion lync: S\u00ed<\/li>\n<li style='margin-bottom: 5px;'>Caja negra GSD\u2122: S\u00ed<\/li>\n<li style='margin-bottom: 5px;'>Compatible con el m\u00f3dulo de sonda de exploraci\u00f3n GCV\u2122: S\u00ed<\/li>\n<li style='margin-bottom: 5px;'>Compatible con BlueChart\u00ae Mobile: S\u00ed<\/li>\n<\/ul><\/div>\n<\/p><\/div>\n<div style='flex: 1 1 250px; border: 1px solid rgba(150&comma; 150&comma; 150&comma; 0.4); border-radius: 8px; overflow: hidden; display: flex; flex-direction: column;'>\n<div style='padding: 15px; border-bottom: 1px solid rgba(150&comma; 150&comma; 150&comma; 0.2); font-weight: bold; font-size: 18px; color: inherit;'>Especificaciones<\/div>\n<div style='padding: 15px; color: inherit;'>\n<ul style='padding-left: 20px; margin: 0; font-size: 14px; list-style-type: disc;'>\n<li style='margin-bottom: 5px;'>Dimensiones: 23&comma;3 x 16&comma;2 x 7&comma;6 cm (9&comma;2&#8242; x 6&comma;4&#8242; x 3&#8242;)<\/li>\n<li style='margin-bottom: 5px;'>Peso: 1&comma;6 kg (3&comma;6 lb)<\/li>\n<\/ul><\/div>\n<\/p><\/div>\n<\/p><\/div>\n<\/p><\/div>\n<\/p><\/div>\n<\/p><\/div>\n","protected":false},"excerpt":{"rendered":"<p>GPSMAP\u00ae 923xsv Con radar de antena cerrada GMR\u2122 18 HD+<\/p>\n","protected":false},"featured_media":58568,"comment_status":"open","ping_status":"closed","template":"","meta":[],"product_brand":[],"product_cat":[1541],"product_tag":[1542,1449,1172],"class_list":{"0":"post-58569","1":"product","2":"type-product","3":"status-publish","4":"has-post-thumbnail","6":"product_cat-equipos-para-pesca-comercial-y-recreativa","7":"product_tag-equipos-para-pesca-comercial-y-recreativa","8":"product_tag-garmin","9":"product_tag-soluciones-marinas","11":"first","12":"outofstock","13":"sale","14":"shipping-taxable","15":"purchasable","16":"product-type-simple"},"_links":{"self":[{"href":"https:\/\/soydeaqui.ddns.net\/pachuca\/index.php\/wp-json\/wp\/v2\/product\/58569","targetHints":{"allow":["GET"]}}],"collection":[{"href":"https:\/\/soydeaqui.ddns.net\/pachuca\/index.php\/wp-json\/wp\/v2\/product"}],"about":[{"href":"https:\/\/soydeaqui.ddns.net\/pachuca\/index.php\/wp-json\/wp\/v2\/types\/product"}],"replies":[{"embeddable":true,"href":"https:\/\/soydeaqui.ddns.net\/pachuca\/index.php\/wp-json\/wp\/v2\/comments?post=58569"}],"wp:featuredmedia":[{"embeddable":true,"href":"https:\/\/soydeaqui.ddns.net\/pachuca\/index.php\/wp-json\/wp\/v2\/media\/58568"}],"wp:attachment":[{"href":"https:\/\/soydeaqui.ddns.net\/pachuca\/index.php\/wp-json\/wp\/v2\/media?parent=58569"}],"wp:term":[{"taxonomy":"product_brand","embeddable":true,"href":"https:\/\/soydeaqui.ddns.net\/pachuca\/index.php\/wp-json\/wp\/v2\/product_brand?post=58569"},{"taxonomy":"product_cat","embeddable":true,"href":"https:\/\/soydeaqui.ddns.net\/pachuca\/index.php\/wp-json\/wp\/v2\/product_cat?post=58569"},{"taxonomy":"product_tag","embeddable":true,"href":"https:\/\/soydeaqui.ddns.net\/pachuca\/index.php\/wp-json\/wp\/v2\/product_tag?post=58569"}],"curies":[{"name":"wp","href":"https:\/\/api.w.org\/{rel}","templated":true}]}}