{"id":58518,"date":"2026-03-19T04:32:17","date_gmt":"2026-03-19T04:32:17","guid":{"rendered":"https:\/\/soydeaqui.ddns.net\/pachuca\/index.php\/producto\/navegador-gps-portatil-montana-750i-con-pantalla-tactil-tecnologia-inreach-y-camara-de-8-megapixeles\/"},"modified":"2026-03-19T04:32:27","modified_gmt":"2026-03-19T04:32:27","slug":"navegador-gps-portatil-montana-750i-con-pantalla-tactil-tecnologia-inreach-y-camara-de-8-megapixeles","status":"publish","type":"product","link":"https:\/\/soydeaqui.ddns.net\/pachuca\/index.php\/producto\/navegador-gps-portatil-montana-750i-con-pantalla-tactil-tecnologia-inreach-y-camara-de-8-megapixeles\/","title":{"rendered":"Navegador GPS port\u00e1til Montana\u00ae 750i  con pantalla t\u00e1ctil, tecnolog\u00eda inReach\u00ae y c\u00e1mara de 8 megap\u00edxeles"},"content":{"rendered":"<div style='width: 100%; max-width: 1200px; margin: 0 auto; font-family: sans-serif; line-height: 1.6; color: inherit; background-color: transparent;'>\n<h1 style='font-size: 28px; margin: 0 0 20px; padding: 0; color: inherit;'>Montana\u00ae 750i<\/h1>\n<p style='font-size: 15px; margin: 0 0 20px; color: inherit;'>Navegador GPS resistente con pantalla t\u00e1ctil con tecnolog\u00eda inReach\u00ae y c\u00e1mara de 8 megap\u00edxeles<\/p>\n<div style='position: relative; padding-bottom: 56.25%; height: 0; overflow: hidden; margin-bottom: 30px;'>   <\/div>\n<div style='display: flex; flex-wrap: wrap; gap: 30px; margin-bottom: 30px;'>\n<div style='flex: 1 1 300px; min-width: 280px;'>\n<h3 style='font-size: 22px; border-bottom: 2px solid currentColor; padding-bottom: 5px; margin-top: 0; color: inherit; opacity: 0.8;'>Caracter\u00edsticas principales<\/h3>\n<ul style='padding-left: 20px; font-size: 15px; color: inherit; list-style-type: disc;'>\n<li style='margin-bottom: 5px;'>Asistencia de emergencia las 24 horas por medio de inReach<\/li>\n<li style='margin-bottom: 5px;'>C\u00e1mara integrada de 8 megap\u00edxeles<\/li>\n<li style='margin-bottom: 5px;'>Mapas Topo Active con capacidad de establecer rutas<\/li>\n<li style='margin-bottom: 5px;'>Cumple con el est\u00e1ndar MIL-STD 810 de temperatura&comma; golpes&comma; agua y vibraci\u00f3n<\/li>\n<li style='margin-bottom: 5px;'>M\u00e1s de 18 horas de autonom\u00eda de la bater\u00eda<\/li>\n<li style='margin-bottom: 5px;'>Incluye alt\u00edmetro barom\u00e9trico y br\u00fajula de 3 ejes<\/li>\n<li style='margin-bottom: 5px;'>Pantalla t\u00e1ctil de 5&#8242;<\/li>\n<li style='margin-bottom: 5px;'>Cuenta con bater\u00eda interna con autonom\u00eda de hasta 18 horas<\/li>\n<li style='margin-bottom: 5px;'>Memoria interna de 16GB<\/li>\n<\/ul><\/div>\n<div style='flex: 1 1 300px; min-width: 280px;'>\n<h3 style='font-size: 22px; border-bottom: 2px solid currentColor; padding-bottom: 5px; margin-top: 0; color: inherit; opacity: 0.8;'>Contenido del paquete<\/h3>\n<ul style='padding-left: 20px; font-size: 15px; color: inherit; list-style-type: disc;'>\n<li style='margin-bottom: 5px;'>Montana\u00ae 750i<\/li>\n<li style='margin-bottom: 5px;'>Paquete de bater\u00eda de i\u00f3n-litio<\/li>\n<li style='margin-bottom: 5px;'>Cable USB<\/li>\n<li style='margin-bottom: 5px;'>Documentaci\u00f3n<\/li>\n<\/ul><\/div>\n<div style='flex: 1 1 300px; min-width: 280px;'>\n<h3 style='font-size: 22px; border-bottom: 2px solid currentColor; padding-bottom: 5px; margin-top: 0; color: inherit; opacity: 0.8;'>Especificaciones f\u00edsicas<\/h3>\n<ul style='padding-left: 20px; font-size: 15px; color: inherit; list-style-type: disc;'>\n<li style='margin-bottom: 5px;'><strong>Dimensiones:<\/strong> 9.19 x 18&comma;30 x 3&comma;27 cm<\/li>\n<li style='margin-bottom: 5px;'><strong>Peso:<\/strong> 410 g con la bater\u00eda de i\u00f3n-litio incluida<\/li>\n<\/ul><\/div>\n<\/p><\/div>\n<div style='display: flex; flex-wrap: wrap; gap: 20px; margin-bottom: 30px;'>\n<div style='flex: 1 1 250px; border: 1px solid rgba(150&comma; 150&comma; 150&comma; 0.4); border-radius: 8px; overflow: hidden; display: flex; flex-direction: column;'>\n<div style='padding: 15px; border-bottom: 1px solid rgba(150&comma; 150&comma; 150&comma; 0.2); font-weight: bold; font-size: 18px; color: inherit;'>Caracter\u00edsticas inReach<\/div>\n<div style='padding: 15px; color: inherit;'>\n<ul style='padding-left: 20px; margin: 0; font-size: 14px; list-style-type: disc;'>\n<li style='margin-bottom: 5px;'>SOS INTERACTIVO: S\u00ed<\/li>\n<li style='margin-bottom: 5px;'>ENV\u00cdO Y RECEPCI\u00d3N DE MENSAJES DE TEXTO A SMS Y CORREO ELECTR\u00d3NICO: S\u00ed<\/li>\n<li style='margin-bottom: 5px;'>ENV\u00cdO Y RECEPCI\u00d3N DE MENSAJES DE TEXTO A OTRO DISPOSITIVO INREACH: S\u00ed<\/li>\n<li style='margin-bottom: 5px;'>INTERCAMBIO DE UBICACIONES CON OTRO DISPOSITIVO INREACH: S\u00ed<\/li>\n<li style='margin-bottom: 5px;'>MAPSHARE COMPATIBLE CON EL SEGUIMIENTO: S\u00ed<\/li>\n<li style='margin-bottom: 5px;'>TECLADO VIRTUAL PARA MENSAJER\u00cdA PERSONALIZADA: S\u00ed<\/li>\n<li style='margin-bottom: 5px;'>ENV\u00cdO DE PUNTOS INTERMEDIOS A MAPSHARE DURANTE LA RUTA: S\u00ed<\/li>\n<li style='margin-bottom: 5px;'>ENV\u00cdO DE SELECCI\u00d3N DE RUTAS A MAPSHARE DURANTE LA RUTA: S\u00ed<\/li>\n<li style='margin-bottom: 5px;'>COMPATIBLE CON INREACH\u00ae: S\u00ed<\/li>\n<\/ul><\/div>\n<\/p><\/div>\n<\/p><\/div>\n<hr style='border: 0; border-top: 1px solid rgba(150&comma; 150&comma; 150&comma; 0.3); margin: 30px 0;'> <\/div>\n","protected":false},"excerpt":{"rendered":"<p>Navegador GPS port\u00e1til Montana\u00ae 750i  con pantalla t\u00e1ctil, tecnolog\u00eda inReach\u00ae y c\u00e1mara de 8 megap\u00edxeles<\/p>\n","protected":false},"featured_media":58517,"comment_status":"open","ping_status":"closed","template":"","meta":[],"product_brand":[],"product_cat":[1679],"product_tag":[1449,1680,1172],"class_list":{"0":"post-58518","1":"product","2":"type-product","3":"status-publish","4":"has-post-thumbnail","6":"product_cat-gps-de-mano-para-uso-al-aire-libre-y-marino","7":"product_tag-garmin","8":"product_tag-gps-de-mano-para-uso-al-aire-libre-y-marino","9":"product_tag-soluciones-marinas","11":"first","12":"outofstock","13":"sale","14":"shipping-taxable","15":"purchasable","16":"product-type-simple"},"_links":{"self":[{"href":"https:\/\/soydeaqui.ddns.net\/pachuca\/index.php\/wp-json\/wp\/v2\/product\/58518","targetHints":{"allow":["GET"]}}],"collection":[{"href":"https:\/\/soydeaqui.ddns.net\/pachuca\/index.php\/wp-json\/wp\/v2\/product"}],"about":[{"href":"https:\/\/soydeaqui.ddns.net\/pachuca\/index.php\/wp-json\/wp\/v2\/types\/product"}],"replies":[{"embeddable":true,"href":"https:\/\/soydeaqui.ddns.net\/pachuca\/index.php\/wp-json\/wp\/v2\/comments?post=58518"}],"wp:featuredmedia":[{"embeddable":true,"href":"https:\/\/soydeaqui.ddns.net\/pachuca\/index.php\/wp-json\/wp\/v2\/media\/58517"}],"wp:attachment":[{"href":"https:\/\/soydeaqui.ddns.net\/pachuca\/index.php\/wp-json\/wp\/v2\/media?parent=58518"}],"wp:term":[{"taxonomy":"product_brand","embeddable":true,"href":"https:\/\/soydeaqui.ddns.net\/pachuca\/index.php\/wp-json\/wp\/v2\/product_brand?post=58518"},{"taxonomy":"product_cat","embeddable":true,"href":"https:\/\/soydeaqui.ddns.net\/pachuca\/index.php\/wp-json\/wp\/v2\/product_cat?post=58518"},{"taxonomy":"product_tag","embeddable":true,"href":"https:\/\/soydeaqui.ddns.net\/pachuca\/index.php\/wp-json\/wp\/v2\/product_tag?post=58518"}],"curies":[{"name":"wp","href":"https:\/\/api.w.org\/{rel}","templated":true}]}}