{"id":585,"date":"2026-03-18T05:41:13","date_gmt":"2026-03-18T05:41:13","guid":{"rendered":"https:\/\/soydeaqui.ddns.net\/pachuca\/index.php\/producto\/bobina-de-cable-305-metros-1000-pies-4-x-22-awg-color-blanco-cm-para-sistemas-de-seguridad-y-alarmas\/"},"modified":"2026-03-18T05:41:13","modified_gmt":"2026-03-18T05:41:13","slug":"bobina-de-cable-305-metros-1000-pies-4-x-22-awg-color-blanco-cm-para-sistemas-de-seguridad-y-alarmas","status":"publish","type":"product","link":"https:\/\/soydeaqui.ddns.net\/pachuca\/index.php\/producto\/bobina-de-cable-305-metros-1000-pies-4-x-22-awg-color-blanco-cm-para-sistemas-de-seguridad-y-alarmas\/","title":{"rendered":"Bobina de Cable 305 Metros (1000 Pies): 4 x 22 AWG, Color Blanco, CM, Para Sistemas de Seguridad y Alarmas"},"content":{"rendered":"<div style='width: 100%; max-width: 1200px; margin: 0 auto; font-family: sans-serif; line-height: 1.6; color: inherit; background-color: transparent;'>\n<div style='display: flex; flex-wrap: wrap; gap: 30px; margin-bottom: 30px;'>\n<div style='flex: 1 1 300px; min-width: 280px;'>\n<h3 style='font-size: 22px; border-bottom: 2px solid currentColor; padding-bottom: 5px; margin-top: 0; color: inherit; opacity: 0.8;'>Descripci\u00f3n<\/h3>\n<p style='font-size: 15px; color: inherit; margin: 0 0 15px 0;'>Los cables de LinkedPro est\u00e1n dise\u00f1ados para su uso en sistemas de seguridad y alarmas&comma; permitiendo la conexi\u00f3n de teclados&comma; sirenas&comma; luces estrobosc\u00f3picas&comma; intercomunicadores&comma; paneles de control&comma; sistemas de audio y m\u00e1s.<\/p>\n<\/p><\/div>\n<\/p><\/div>\n<div style='display: flex; flex-wrap: wrap; gap: 20px; margin-bottom: 30px;'>\n<div style='flex: 1 1 250px; border: 1px solid rgba(150&comma; 150&comma; 150&comma; 0.4); border-radius: 8px; overflow: hidden; display: flex; flex-direction: column;'>\n<div style='padding: 15px; border-bottom: 1px solid rgba(150&comma; 150&comma; 150&comma; 0.2); font-weight: bold; font-size: 18px; color: inherit;'>Especificaciones T\u00e9cnicas<\/div>\n<div style='padding: 15px; color: inherit;'>\n<ul style='padding-left: 20px; margin: 0; font-size: 14px; list-style-type: disc;'>\n<li style='margin-bottom: 5px;'><strong>Conductor:<\/strong> Cobre s\u00f3lido desnudo calibre 22AWG<\/li>\n<li style='margin-bottom: 5px;'><strong>N\u00famero de Conductores:<\/strong> 4<\/li>\n<li style='margin-bottom: 5px;'><strong>Aislamiento:<\/strong> PVC&comma; con un grosor nominal de 0&comma;30 mm y un di\u00e1metro de 1&comma;25 mm<\/li>\n<li style='margin-bottom: 5px;'><strong>Colores de los Conductores:<\/strong> Negro&comma; rojo&comma; verde y blanco<\/li>\n<li style='margin-bottom: 5px;'><strong>Cord\u00f3n de Desgarre:<\/strong> S\u00ed<\/li>\n<li style='margin-bottom: 5px;'><strong>Cubierta Externa:<\/strong> PVC&comma; con un grosor nominal de 0&comma;40 mm y un di\u00e1metro nominal de 4&comma;00 mm<\/li>\n<li style='margin-bottom: 5px;'><strong>Color de la Cubierta:<\/strong> Blanco<\/li>\n<\/ul><\/div>\n<\/p><\/div>\n<div style='flex: 1 1 250px; border: 1px solid rgba(150&comma; 150&comma; 150&comma; 0.4); border-radius: 8px; overflow: hidden; display: flex; flex-direction: column;'>\n<div style='padding: 15px; border-bottom: 1px solid rgba(150&comma; 150&comma; 150&comma; 0.2); font-weight: bold; font-size: 18px; color: inherit;'>Propiedades El\u00e9ctricas<\/div>\n<div style='padding: 15px; color: inherit;'>\n<ul style='padding-left: 20px; margin: 0; font-size: 14px; list-style-type: disc;'>\n<li style='margin-bottom: 5px;'><strong>Rango de Temperatura:<\/strong> -20 a 75\u00baC<\/li>\n<li style='margin-bottom: 5px;'><strong>Voltaje de Operaci\u00f3n:<\/strong> M\u00e1ximo 300 voltios<\/li>\n<li style='margin-bottom: 5px;'><strong>Capacitancia:<\/strong> 480 PF<\/li>\n<li style='margin-bottom: 5px;'><strong>Resistencia DC:<\/strong> 54&comma;30 Ohms\/KM a 20\u00baC<\/li>\n<li style='margin-bottom: 5px;'><strong>Clasificaci\u00f3n de Flama:<\/strong> UL 1685&comma; CM<\/li>\n<\/ul><\/div>\n<\/p><\/div>\n<\/p><\/div>\n<\/p><\/div>\n","protected":false},"excerpt":{"rendered":"<p>Bobina de Cable 305 Metros (1000 Pies): 4 x 22 AWG, Color Blanco, CM, Para Sistemas de Seguridad y Alarmas<\/p>\n","protected":false},"featured_media":584,"comment_status":"open","ping_status":"closed","template":"","meta":[],"product_brand":[],"product_cat":[137],"product_tag":[138,219,62],"class_list":{"0":"post-585","1":"product","2":"type-product","3":"status-publish","4":"has-post-thumbnail","6":"product_cat-todos-cables","7":"product_tag-cables","8":"product_tag-linkedpro","9":"product_tag-todos","11":"first","12":"instock","13":"sale","14":"shipping-taxable","15":"purchasable","16":"product-type-simple"},"_links":{"self":[{"href":"https:\/\/soydeaqui.ddns.net\/pachuca\/index.php\/wp-json\/wp\/v2\/product\/585","targetHints":{"allow":["GET"]}}],"collection":[{"href":"https:\/\/soydeaqui.ddns.net\/pachuca\/index.php\/wp-json\/wp\/v2\/product"}],"about":[{"href":"https:\/\/soydeaqui.ddns.net\/pachuca\/index.php\/wp-json\/wp\/v2\/types\/product"}],"replies":[{"embeddable":true,"href":"https:\/\/soydeaqui.ddns.net\/pachuca\/index.php\/wp-json\/wp\/v2\/comments?post=585"}],"wp:featuredmedia":[{"embeddable":true,"href":"https:\/\/soydeaqui.ddns.net\/pachuca\/index.php\/wp-json\/wp\/v2\/media\/584"}],"wp:attachment":[{"href":"https:\/\/soydeaqui.ddns.net\/pachuca\/index.php\/wp-json\/wp\/v2\/media?parent=585"}],"wp:term":[{"taxonomy":"product_brand","embeddable":true,"href":"https:\/\/soydeaqui.ddns.net\/pachuca\/index.php\/wp-json\/wp\/v2\/product_brand?post=585"},{"taxonomy":"product_cat","embeddable":true,"href":"https:\/\/soydeaqui.ddns.net\/pachuca\/index.php\/wp-json\/wp\/v2\/product_cat?post=585"},{"taxonomy":"product_tag","embeddable":true,"href":"https:\/\/soydeaqui.ddns.net\/pachuca\/index.php\/wp-json\/wp\/v2\/product_tag?post=585"}],"curies":[{"name":"wp","href":"https:\/\/api.w.org\/{rel}","templated":true}]}}