{"id":58401,"date":"2026-03-19T04:28:21","date_gmt":"2026-03-19T04:28:21","guid":{"rendered":"https:\/\/soydeaqui.ddns.net\/pachuca\/index.php\/producto\/microfono-para-radio-movil-con-conector-rj-45-de-6-pines-para-yaesu-ft-7800r-ft8800-ft8900r\/"},"modified":"2026-03-19T04:28:29","modified_gmt":"2026-03-19T04:28:29","slug":"microfono-para-radio-movil-con-conector-rj-45-de-6-pines-para-yaesu-ft-7800r-ft8800-ft8900r","status":"publish","type":"product","link":"https:\/\/soydeaqui.ddns.net\/pachuca\/index.php\/producto\/microfono-para-radio-movil-con-conector-rj-45-de-6-pines-para-yaesu-ft-7800r-ft8800-ft8900r\/","title":{"rendered":"Micr\u00f3fono para radio movil con conector RJ-45 de 6 pines para YAESU FT-7800R FT8800, FT8900R"},"content":{"rendered":"<div style='width: 100%; max-width: 1200px; margin: 0 auto; font-family: sans-serif; line-height: 1.6; color: inherit; background-color: transparent;'> <!-- Secci\u00f3n de informaci\u00f3n general --> <\/p>\n<div style='display: flex; flex-wrap: wrap; gap: 30px; margin-bottom: 30px;'>\n<div style='flex: 1 1 300px; min-width: 280px;'>\n<h3 style='font-size: 22px; border-bottom: 2px solid currentColor; padding-bottom: 5px; margin-top: 0; color: inherit; opacity: 0.8;'>Informaci\u00f3n general<\/h3>\n<ul style='padding-left: 20px; font-size: 15px; color: inherit;'>\n<li style='margin-bottom: 5px;'><strong>UPC:<\/strong> 162154J4611155<\/li>\n<li style='margin-bottom: 5px;'><strong>Modelo compatible:<\/strong> MH48-A6J&comma; MH-48A6J&comma; MH-48<\/li>\n<li style='margin-bottom: 5px;'><strong>Radios compatibles:<\/strong> FT-7800R&comma; FT-7800E&comma; FT-7800&comma; FT-8800R&comma; FT-8800E&comma; FT-8800&comma; FT-8900R&comma; FT-8900E&comma; FT-8900&comma; FT-2800M&comma; FT-1802M&comma; FT-1900R&comma; FT-1900E&comma; FT-1900&comma; FT-2900R&comma; FT-2900E&comma; FT-2900<\/li>\n<li style='margin-bottom: 5px;'><strong>Est\u00e1ndar de protecci\u00f3n:<\/strong> IP54 &#8211; Protecci\u00f3n contra polvo y l\u00edquidos<\/li>\n<\/ul><\/div>\n<div style='flex: 1 1 300px; min-width: 280px;'>\n<h3 style='font-size: 22px; border-bottom: 2px solid currentColor; padding-bottom: 5px; margin-top: 0; color: inherit; opacity: 0.8;'>Caracter\u00edsticas principales<\/h3>\n<ul style='padding-left: 20px; font-size: 15px; color: inherit;'>\n<li style='margin-bottom: 5px;'>Funci\u00f3n PTT (Push To Talk) para control de radio<\/li>\n<li style='margin-bottom: 5px;'>Conector RJ-45 de 6 pines<\/li>\n<li style='margin-bottom: 5px;'>Bot\u00f3n PTT operable con guantes<\/li>\n<li style='margin-bottom: 5px;'>Conexi\u00f3n segura con conector multipolo de 6 pines<\/li>\n<li style='margin-bottom: 5px;'>4 teclas &#8216;suaves&#8217; programables<\/li>\n<\/ul><\/div>\n<\/p><\/div>\n<p> <!-- Secci\u00f3n de especificaciones --> <\/p>\n<div style='display: flex; flex-wrap: wrap; gap: 20px; margin-bottom: 30px;'>\n<div style='flex: 1 1 250px; border: 1px solid rgba(150&comma; 150&comma; 150&comma; 0.4); border-radius: 8px; overflow: hidden; display: flex; flex-direction: column;'>\n<div style='padding: 15px; border-bottom: 1px solid rgba(150&comma; 150&comma; 150&comma; 0.2); font-weight: bold; font-size: 18px; color: inherit;'>Caracter\u00edsticas del cable<\/div>\n<div style='padding: 15px; color: inherit;'>\n<ul style='padding-left: 20px; margin: 0; font-size: 14px; list-style-type: disc;'>\n<li style='margin-bottom: 5px;'>Cable reforzado con Kevlar<\/li>\n<li style='margin-bottom: 5px;'>Cable terso de PU color satinado<\/li>\n<li style='margin-bottom: 5px;'>40 kg de resistencia en prueba de jal\u00f3n<\/li>\n<li style='margin-bottom: 5px;'>Dise\u00f1o retr\u00e1ctil<\/li>\n<li style='margin-bottom: 5px;'>Doble troquelado en conector reforzado<\/li>\n<\/ul><\/div>\n<\/p><\/div>\n<div style='flex: 1 1 250px; border: 1px solid rgba(150&comma; 150&comma; 150&comma; 0.4); border-radius: 8px; overflow: hidden; display: flex; flex-direction: column;'>\n<div style='padding: 15px; border-bottom: 1px solid rgba(150&comma; 150&comma; 150&comma; 0.2); font-weight: bold; font-size: 18px; color: inherit;'>Especificaciones f\u00edsicas<\/div>\n<div style='padding: 15px; color: inherit;'>\n<ul style='padding-left: 20px; margin: 0; font-size: 14px; list-style-type: disc;'>\n<li style='margin-bottom: 5px;'>Material: Grado m\u00e9dico<\/li>\n<li style='margin-bottom: 5px;'>Flexibilidad: Alta&comma; no se deforma con uso frecuente<\/li>\n<li style='margin-bottom: 5px;'>Superficie: No irritante&comma; c\u00f3modo de usar<\/li>\n<li style='margin-bottom: 5px;'>Dimensiones: 12x12x12 cm<\/li>\n<li style='margin-bottom: 5px;'>Peso: 141 gramos<\/li>\n<\/ul><\/div>\n<\/p><\/div>\n<div style='flex: 1 1 250px; border: 1px solid rgba(150&comma; 150&comma; 150&comma; 0.4); border-radius: 8px; overflow: hidden; display: flex; flex-direction: column;'>\n<div style='padding: 15px; border-bottom: 1px solid rgba(150&comma; 150&comma; 150&comma; 0.2); font-weight: bold; font-size: 18px; color: inherit;'>Funcionalidades<\/div>\n<div style='padding: 15px; color: inherit;'>\n<ul style='padding-left: 20px; margin: 0; font-size: 14px; list-style-type: disc;'>\n<li style='margin-bottom: 5px;'>Entrada manual de frecuencia mediante teclado<\/li>\n<li style='margin-bottom: 5px;'>Recuperaci\u00f3n de canales de memoria<\/li>\n<li style='margin-bottom: 5px;'>Entrada de tonos DTMF para parches autom\u00e1ticos<\/li>\n<li style='margin-bottom: 5px;'>Teclas programables para funciones frecuentes<\/li>\n<li style='margin-bottom: 5px;'>Altavoz integrado<\/li>\n<\/ul><\/div>\n<\/p><\/div>\n<\/p><\/div>\n<p> <!-- Secci\u00f3n de contenido adicional --> <\/p>\n<div style='margin-bottom: 30px;'>\n<h3 style='font-size: 22px; border-bottom: 2px solid currentColor; padding-bottom: 5px; margin-top: 0; margin-bottom: 20px; color: inherit; opacity: 0.8;'>Detalles adicionales<\/h3>\n<p style='font-size: 15px; color: inherit; margin-bottom: 15px;'>Este micr\u00f3fono de altavoz retroiluminado gen\u00e9rico ofrece funcionalidad similar al modelo MH-48A6J&comma; MH-48. Permite la introducci\u00f3n directa de la frecuencia del teclado o la recuperaci\u00f3n del canal de memoria del teclado. Al transmitir&comma; el micr\u00f3fono de altavoz permite la entrada manual de tonos DTMF para el uso de parches autom\u00e1ticos.<\/p>\n<p style='font-size: 15px; color: inherit; margin-bottom: 15px;'>Cuatro teclas &#8216;suaves&#8217; programables por el usuario se proporcionan en el micr\u00f3fono&comma; lo que le permite llevar elementos del men\u00fa de uso frecuente&comma; o funciones de teclas del panel frontal a su alcance.<\/p>\n<p style='font-size: 15px; color: inherit; margin-bottom: 15px;'>Paquete incluido: 1 x micr\u00f3fono&comma; 1 x accesorio<\/p>\n<\/p><\/div>\n<p> <!-- Separador final --> <\/p>\n<hr style='border: 0; border-top: 1px solid rgba(150&comma; 150&comma; 150&comma; 0.3); margin: 30px 0;'> <\/div>\n","protected":false},"excerpt":{"rendered":"<p>Micr\u00f3fono para radio movil con conector RJ-45 de 6 pines para YAESU FT-7800R FT8800, FT8900R<\/p>\n","protected":false},"featured_media":58400,"comment_status":"open","ping_status":"closed","template":"","meta":[],"product_brand":[],"product_cat":[1336],"product_tag":[417,1337,560],"class_list":{"0":"post-58401","1":"product","2":"type-product","3":"status-publish","4":"has-post-thumbnail","6":"product_cat-accesorios-generales-accesorios-para-otras-marcas","7":"product_tag-accesorios-generales","8":"product_tag-accesorios-para-otras-marcas","9":"product_tag-txpro","11":"first","12":"outofstock","13":"sale","14":"shipping-taxable","15":"purchasable","16":"product-type-simple"},"_links":{"self":[{"href":"https:\/\/soydeaqui.ddns.net\/pachuca\/index.php\/wp-json\/wp\/v2\/product\/58401","targetHints":{"allow":["GET"]}}],"collection":[{"href":"https:\/\/soydeaqui.ddns.net\/pachuca\/index.php\/wp-json\/wp\/v2\/product"}],"about":[{"href":"https:\/\/soydeaqui.ddns.net\/pachuca\/index.php\/wp-json\/wp\/v2\/types\/product"}],"replies":[{"embeddable":true,"href":"https:\/\/soydeaqui.ddns.net\/pachuca\/index.php\/wp-json\/wp\/v2\/comments?post=58401"}],"wp:featuredmedia":[{"embeddable":true,"href":"https:\/\/soydeaqui.ddns.net\/pachuca\/index.php\/wp-json\/wp\/v2\/media\/58400"}],"wp:attachment":[{"href":"https:\/\/soydeaqui.ddns.net\/pachuca\/index.php\/wp-json\/wp\/v2\/media?parent=58401"}],"wp:term":[{"taxonomy":"product_brand","embeddable":true,"href":"https:\/\/soydeaqui.ddns.net\/pachuca\/index.php\/wp-json\/wp\/v2\/product_brand?post=58401"},{"taxonomy":"product_cat","embeddable":true,"href":"https:\/\/soydeaqui.ddns.net\/pachuca\/index.php\/wp-json\/wp\/v2\/product_cat?post=58401"},{"taxonomy":"product_tag","embeddable":true,"href":"https:\/\/soydeaqui.ddns.net\/pachuca\/index.php\/wp-json\/wp\/v2\/product_tag?post=58401"}],"curies":[{"name":"wp","href":"https:\/\/api.w.org\/{rel}","templated":true}]}}