{"id":58352,"date":"2026-03-19T04:26:39","date_gmt":"2026-03-19T04:26:39","guid":{"rendered":"https:\/\/soydeaqui.ddns.net\/pachuca\/index.php\/producto\/carcasa-de-plastico-para-radio-kenwood-tk2102-incluye-accesorios\/"},"modified":"2026-03-19T04:26:48","modified_gmt":"2026-03-19T04:26:48","slug":"carcasa-de-plastico-para-radio-kenwood-tk2102-incluye-accesorios","status":"publish","type":"product","link":"https:\/\/soydeaqui.ddns.net\/pachuca\/index.php\/producto\/carcasa-de-plastico-para-radio-kenwood-tk2102-incluye-accesorios\/","title":{"rendered":"Carcasa de pl\u00e1stico para Radio Kenwood TK2102\/Incluye Accesorios"},"content":{"rendered":"<div style='width: 100%; max-width: 1200px; margin: 0 auto; font-family: sans-serif; line-height: 1.6; color: inherit; background-color: transparent;'> <!-- Secci\u00f3n de t\u00edtulo y descripci\u00f3n --> <\/p>\n<div style='margin-bottom: 30px;'>\n<h2 style='font-size: 24px; margin-top: 0; color: inherit; opacity: 0.9;'>Carcasa de pl\u00e1stico para Radio Kenwood TK2102<\/h2>\n<p style='color: inherit; font-size: 15px; margin-top: 10px; opacity: 0.8;'>Carcasa de repuesto para radios Kenwood de alta resistencia y calidad.<\/p>\n<p style='color: inherit; font-size: 15px; margin-top: 10px; opacity: 0.8;'>Incluye Accesorios.<\/p>\n<\/p><\/div>\n<p> <!-- Secci\u00f3n de caracter\u00edsticas --> <\/p>\n<div style='display: flex; flex-wrap: wrap; gap: 30px; margin-bottom: 30px;'>\n<div style='flex: 1 1 300px; min-width: 280px;'>\n<h3 style='font-size: 22px; border-bottom: 2px solid currentColor; padding-bottom: 5px; margin-top: 0; color: inherit; opacity: 0.8;'>CARACTER\u00cdSTICAS PRINCIPALES DEL PRODUCTO<\/h3>\n<ul style='padding-left: 20px; font-size: 15px; color: inherit;'>\n<li style='margin-bottom: 5px;'>Carcasa de alta resistencia para Kenwood TK2102<\/li>\n<li style='margin-bottom: 5px;'>Material pl\u00e1stico de calidad superior<\/li>\n<li style='margin-bottom: 5px;'>Compatible con radios Kenwood espec\u00edficos<\/li>\n<li style='margin-bottom: 5px;'>Incluye accesorios esenciales para instalaci\u00f3n<\/li>\n<li style='margin-bottom: 5px;'>Dise\u00f1o robusto y duradero<\/li>\n<\/ul><\/div>\n<\/p><\/div>\n<\/p><\/div>\n","protected":false},"excerpt":{"rendered":"<p>Carcasa de pl\u00e1stico para Radio Kenwood TK2102\/Incluye Accesorios<\/p>\n","protected":false},"featured_media":58351,"comment_status":"open","ping_status":"closed","template":"","meta":[],"product_brand":[],"product_cat":[1613],"product_tag":[417,1614,560],"class_list":{"0":"post-58352","1":"product","2":"type-product","3":"status-publish","4":"has-post-thumbnail","6":"product_cat-accesorios-generales-accesorios-para-motorola","7":"product_tag-accesorios-generales","8":"product_tag-accesorios-para-motorola","9":"product_tag-txpro","11":"first","12":"instock","13":"sale","14":"shipping-taxable","15":"purchasable","16":"product-type-simple"},"_links":{"self":[{"href":"https:\/\/soydeaqui.ddns.net\/pachuca\/index.php\/wp-json\/wp\/v2\/product\/58352","targetHints":{"allow":["GET"]}}],"collection":[{"href":"https:\/\/soydeaqui.ddns.net\/pachuca\/index.php\/wp-json\/wp\/v2\/product"}],"about":[{"href":"https:\/\/soydeaqui.ddns.net\/pachuca\/index.php\/wp-json\/wp\/v2\/types\/product"}],"replies":[{"embeddable":true,"href":"https:\/\/soydeaqui.ddns.net\/pachuca\/index.php\/wp-json\/wp\/v2\/comments?post=58352"}],"wp:featuredmedia":[{"embeddable":true,"href":"https:\/\/soydeaqui.ddns.net\/pachuca\/index.php\/wp-json\/wp\/v2\/media\/58351"}],"wp:attachment":[{"href":"https:\/\/soydeaqui.ddns.net\/pachuca\/index.php\/wp-json\/wp\/v2\/media?parent=58352"}],"wp:term":[{"taxonomy":"product_brand","embeddable":true,"href":"https:\/\/soydeaqui.ddns.net\/pachuca\/index.php\/wp-json\/wp\/v2\/product_brand?post=58352"},{"taxonomy":"product_cat","embeddable":true,"href":"https:\/\/soydeaqui.ddns.net\/pachuca\/index.php\/wp-json\/wp\/v2\/product_cat?post=58352"},{"taxonomy":"product_tag","embeddable":true,"href":"https:\/\/soydeaqui.ddns.net\/pachuca\/index.php\/wp-json\/wp\/v2\/product_tag?post=58352"}],"curies":[{"name":"wp","href":"https:\/\/api.w.org\/{rel}","templated":true}]}}