{"id":58265,"date":"2026-03-19T04:23:50","date_gmt":"2026-03-19T04:23:50","guid":{"rendered":"https:\/\/soydeaqui.ddns.net\/pachuca\/index.php\/producto\/kit-de-tres-sujetadores-de-plastico-para-seis-cables-de-6-a-8-mm-con-todo-y-hardware-de-instalacion-en-tubos-de-1-1-4-in\/"},"modified":"2026-03-19T04:23:55","modified_gmt":"2026-03-19T04:23:55","slug":"kit-de-tres-sujetadores-de-plastico-para-seis-cables-de-6-a-8-mm-con-todo-y-hardware-de-instalacion-en-tubos-de-1-1-4-in","status":"publish","type":"product","link":"https:\/\/soydeaqui.ddns.net\/pachuca\/index.php\/producto\/kit-de-tres-sujetadores-de-plastico-para-seis-cables-de-6-a-8-mm-con-todo-y-hardware-de-instalacion-en-tubos-de-1-1-4-in\/","title":{"rendered":"KIT de Tres Sujetadores de plastico para seis cables de 6 a 8 mm con todo y hardware de instalaci\u00f3n en tubos de 1 1\/4 in"},"content":{"rendered":"<div style='width: 100%; max-width: 1200px; margin: 0 auto; font-family: sans-serif; line-height: 1.6; color: inherit; background-color: transparent;'>\n<div style='display: flex; flex-wrap: wrap; gap: 30px; margin-bottom: 30px;'>\n<div style='flex: 1 1 300px; min-width: 280px;'> <img style='width: 100%; height: auto; border: 1px solid rgba(150&comma;150&comma;150&comma;0.3); border-radius: 8px;' src='https:\/\/ftp3.syscom.mx\/usuarios\/fotos\/KITST68MCLICK1\/200912-syscom_towers.png' alt=''> <\/div>\n<div style='flex: 1 1 300px; min-width: 280px;'>\n<p style='font-size: 15px; color: inherit; text-align: justify;'>Los sujetadores de cable en una torre son utilizados para sujetar y organizar los cables que se encuentran en ella. Se utilizan para mantener los cables en su lugar y evitar que se enreden o se desorganicen. Tambi\u00e9n pueden ser utilizados para sostener los cables en posiciones espec\u00edficas para que no obstaculice el tr\u00e1fico o el trabajo en la torre. Adem\u00e1s&comma; los sujetadores de cable pueden ser utilizados para asegurar que los cables no se da\u00f1en por el peso o el movimiento de otros elementos.<\/p>\n<p style='font-size: 15px; color: inherit; text-align: justify;'>Los sujetadores de cables son una herramienta esencial para mantener organizados y protegidos los cables en una torre.<\/p>\n<\/p><\/div>\n<\/p><\/div>\n<div style='display: flex; flex-wrap: wrap; gap: 20px; margin-bottom: 30px;'>\n<div style='flex: 1 1 250px; border: 1px solid rgba(150&comma; 150&comma; 150&comma; 0.4); border-radius: 8px; overflow: hidden; display: flex; flex-direction: column;'>\n<div style='padding: 15px; border-bottom: 1px solid rgba(150&comma; 150&comma; 150&comma; 0.2); font-weight: bold; font-size: 18px; color: inherit;'>Caracter\u00edsticas<\/div>\n<div style='padding: 15px; color: inherit;'>\n<ul style='padding-left: 20px; margin: 0; font-size: 14px; list-style-type: disc;'>\n<li style='margin-bottom: 5px;'><strong>Tipo de montaje:<\/strong> Sujetador<\/li>\n<li style='margin-bottom: 5px;'><strong>Material:<\/strong> Pl\u00e1stico<\/li>\n<li style='margin-bottom: 5px;'><strong>Cantidad de cables a sujetar:<\/strong> 6 cables<\/li>\n<li style='margin-bottom: 5px;'><strong>Tama\u00f1o del cable:<\/strong> 6 a 8 mm<\/li>\n<li style='margin-bottom: 5px;'><strong>Di\u00e1metro de la abrazadera:<\/strong> 1 1\/4 in<\/li>\n<\/ul><\/div>\n<\/p><\/div>\n<div style='flex: 1 1 250px; border: 1px solid rgba(150&comma; 150&comma; 150&comma; 0.4); border-radius: 8px; overflow: hidden; display: flex; flex-direction: column;'>\n<div style='padding: 15px; border-bottom: 1px solid rgba(150&comma; 150&comma; 150&comma; 0.2); font-weight: bold; font-size: 18px; color: inherit;'>Compatibilidad<\/div>\n<div style='padding: 15px; color: inherit;'>\n<ul style='padding-left: 20px; margin: 0; font-size: 14px; list-style-type: disc;'>\n<li style='margin-bottom: 5px;'><a href='https:\/\/www.syscom.mx\/producto\/STZ-35-SYSCOM-TOWERS-31576.html' target='_blank' rel='noopener' style='color: #c0392b; text-decoration: none;'>STZ-35<\/a> &#8211; Tramo de torre de 3m x 35cm&comma; galvanizado por electr\u00f3lisis<\/li>\n<li style='margin-bottom: 5px;'><a href='https:\/\/www.syscom.mx\/producto\/STZ-35G-SYSCOM-TOWERS-31577.html' target='_blank' rel='noopener' style='color: #c0392b; text-decoration: none;'>STZ-35G<\/a> &#8211; Tramo de torre de 3m x 35cm&comma; galvanizado por inmersi\u00f3n<\/li>\n<li style='margin-bottom: 5px;'><a href='https:\/\/www.syscom.mx\/producto\/STZ-45-SYSCOM-TOWERS-31579.html' target='_blank' rel='noopener' style='color: #c0392b; text-decoration: none;'>STZ-45<\/a> &#8211; Tramo de torre de 3m x 45cm&comma; galvanizado por electr\u00f3lisis<\/li>\n<li style='margin-bottom: 5px;'><a href='https:\/\/www.syscom.mx\/producto\/STZ-45G-SYSCOM-TOWERS-31580.html' target='_blank' rel='noopener' style='color: #c0392b; text-decoration: none;'>STZ-45G<\/a> &#8211; Tramo de torre de 3m x 45cm&comma; galvanizado por inmersi\u00f3n<\/li>\n<li style='margin-bottom: 5px;'>Tuber\u00eda de 1 1\/4 in (32 mm)<\/li>\n<\/ul><\/div>\n<\/p><\/div>\n<div style='flex: 1 1 250px; border: 1px solid rgba(150&comma; 150&comma; 150&comma; 0.4); border-radius: 8px; overflow: hidden; display: flex; flex-direction: column;'>\n<div style='padding: 15px; border-bottom: 1px solid rgba(150&comma; 150&comma; 150&comma; 0.2); font-weight: bold; font-size: 18px; color: inherit;'>Informaci\u00f3n adicional<\/div>\n<div style='padding: 15px; color: inherit;'>\n<ul style='padding-left: 20px; margin: 0; font-size: 14px; list-style-type: disc;'>\n<li style='margin-bottom: 5px;'><strong>Nota:<\/strong> Cuenta con hardware de instalaci\u00f3n<\/li>\n<\/ul><\/div>\n<\/p><\/div>\n<div style='flex: 1 1 250px; min-width: 280px;'> <img style='width: 100%; height: auto; border: 1px solid rgba(150&comma;150&comma;150&comma;0.3); border-radius: 8px;' src='https:\/\/ftp3.syscom.mx\/usuarios\/fotos\/KITST68MCLICK3\/200914-kitst68mclick3.jpg' alt=''> <\/div>\n<\/p><\/div>\n<hr style='border: 0; border-top: 1px solid rgba(150&comma; 150&comma; 150&comma; 0.3); margin: 30px 0;'> <\/div>\n","protected":false},"excerpt":{"rendered":"<p>KIT de Tres Sujetadores de plastico para seis cables de 6 a 8 mm con todo y hardware de instalaci\u00f3n en tubos de 1 1\/4 in<\/p>\n","protected":false},"featured_media":58264,"comment_status":"open","ping_status":"closed","template":"","meta":[],"product_brand":[],"product_cat":[589],"product_tag":[590,733,246],"class_list":{"0":"post-58265","1":"product","2":"type-product","3":"status-publish","4":"has-post-thumbnail","6":"product_cat-accesorios-para-torres-arriostradas","7":"product_tag-accesorios-para-torres-arriostradas","8":"product_tag-syscom-towers","9":"product_tag-torres-y-mastiles","11":"first","12":"outofstock","13":"sale","14":"shipping-taxable","15":"purchasable","16":"product-type-simple"},"_links":{"self":[{"href":"https:\/\/soydeaqui.ddns.net\/pachuca\/index.php\/wp-json\/wp\/v2\/product\/58265","targetHints":{"allow":["GET"]}}],"collection":[{"href":"https:\/\/soydeaqui.ddns.net\/pachuca\/index.php\/wp-json\/wp\/v2\/product"}],"about":[{"href":"https:\/\/soydeaqui.ddns.net\/pachuca\/index.php\/wp-json\/wp\/v2\/types\/product"}],"replies":[{"embeddable":true,"href":"https:\/\/soydeaqui.ddns.net\/pachuca\/index.php\/wp-json\/wp\/v2\/comments?post=58265"}],"wp:featuredmedia":[{"embeddable":true,"href":"https:\/\/soydeaqui.ddns.net\/pachuca\/index.php\/wp-json\/wp\/v2\/media\/58264"}],"wp:attachment":[{"href":"https:\/\/soydeaqui.ddns.net\/pachuca\/index.php\/wp-json\/wp\/v2\/media?parent=58265"}],"wp:term":[{"taxonomy":"product_brand","embeddable":true,"href":"https:\/\/soydeaqui.ddns.net\/pachuca\/index.php\/wp-json\/wp\/v2\/product_brand?post=58265"},{"taxonomy":"product_cat","embeddable":true,"href":"https:\/\/soydeaqui.ddns.net\/pachuca\/index.php\/wp-json\/wp\/v2\/product_cat?post=58265"},{"taxonomy":"product_tag","embeddable":true,"href":"https:\/\/soydeaqui.ddns.net\/pachuca\/index.php\/wp-json\/wp\/v2\/product_tag?post=58265"}],"curies":[{"name":"wp","href":"https:\/\/api.w.org\/{rel}","templated":true}]}}