{"id":58261,"date":"2026-03-19T04:23:44","date_gmt":"2026-03-19T04:23:44","guid":{"rendered":"https:\/\/soydeaqui.ddns.net\/pachuca\/index.php\/producto\/kit-de-un-sujetador-de-plastico-para-dos-cables-de-6-a-8-mm-con-todo-y-hardware-de-instalacion-en-tubos-de-1-1-4-in\/"},"modified":"2026-03-19T04:23:48","modified_gmt":"2026-03-19T04:23:48","slug":"kit-de-un-sujetador-de-plastico-para-dos-cables-de-6-a-8-mm-con-todo-y-hardware-de-instalacion-en-tubos-de-1-1-4-in","status":"publish","type":"product","link":"https:\/\/soydeaqui.ddns.net\/pachuca\/index.php\/producto\/kit-de-un-sujetador-de-plastico-para-dos-cables-de-6-a-8-mm-con-todo-y-hardware-de-instalacion-en-tubos-de-1-1-4-in\/","title":{"rendered":"KIT de Un Sujetador de pl\u00e1stico para dos cables de 6 a 8 mm con todo y hardware de instalaci\u00f3n en tubos de 1 1\/4 in"},"content":{"rendered":"<div style='width: 100%; max-width: 1200px; margin: 0 auto; font-family: sans-serif; line-height: 1.6; color: inherit; background-color: transparent;'> <!-- Contenedor de imagen y descripci\u00f3n --> <\/p>\n<div style='display: flex; flex-wrap: wrap; gap: 30px; align-items: flex-start; margin-bottom: 30px;'> <!-- Imagen principal --> <\/p>\n<div style='flex: 1 1 300px; min-width: 280px;'> <img style='width: 100%; height: auto; border: 1px solid rgba(150&comma;150&comma;150&comma;0.3); border-radius: 8px;' src='https:\/\/ftp3.syscom.mx\/usuarios\/fotos\/KITST68MCLICK1\/200912-syscom_towers.png' alt=''> <\/div>\n<p> <!-- Descripci\u00f3n --> <\/p>\n<div style='flex: 1 1 300px; min-width: 280px;'>\n<p style='text-align: justify; font-size: 15px; color: inherit;'> Los sujetadores de cable en una torre son utilizados para sujetar y organizar los cables que se encuentran en ella. Se utilizan para mantener los cables en su lugar y evitar que se enreden o se desorganicen. Tambi\u00e9n pueden ser utilizados para sostener los cables en posiciones espec\u00edficas para que no obstaculice el tr\u00e1fico o el trabajo en la torre. Adem\u00e1s&comma; los sujetadores de cable pueden ser utilizados para asegurar que los cables no se da\u00f1en por el peso o el movimiento de otros elementos. <\/p>\n<p style='text-align: justify; font-size: 15px; color: inherit;'> Los sujetadores de cables son una herramienta esencial para mantener organizados y protegidos los cables en una torre. <\/p>\n<\/p><\/div>\n<\/p><\/div>\n<p> <!-- Contenedor de especificaciones y compatibilidad --> <\/p>\n<div style='display: grid; grid-template-columns: 1fr 1fr; gap: 30px; margin-bottom: 30px;'> <!-- Caracter\u00edsticas --> <\/p>\n<div style='flex: 1 1 300px; min-width: 280px;'>\n<h3 style='font-size: 22px; border-bottom: 2px solid currentColor; padding-bottom: 5px; margin-top: 0; color: inherit; opacity: 0.8;'>Caracter\u00edsticas<\/h3>\n<ul style='padding-left: 20px; font-size: 15px; color: inherit;'>\n<li style='margin-bottom: 5px;'><strong>Tipo de montaje:<\/strong> Sujetador<\/li>\n<li style='margin-bottom: 5px;'><strong>Material:<\/strong> Pl\u00e1stico<\/li>\n<li style='margin-bottom: 5px;'><strong>Cantidad de cables a sujetar:<\/strong> 2 cables<\/li>\n<li style='margin-bottom: 5px;'><strong>Tama\u00f1o del cable:<\/strong> 6 a 8 mm<\/li>\n<li style='margin-bottom: 5px;'><strong>Di\u00e1metro de la abrazadera:<\/strong> 1 1\/4 in<\/li>\n<\/ul><\/div>\n<p> <!-- Compatibilidad --> <\/p>\n<div style='flex: 1 1 300px; min-width: 280px;'>\n<h3 style='font-size: 22px; border-bottom: 2px solid currentColor; padding-bottom: 5px; margin-top: 0; color: inherit; opacity: 0.8;'>Compatibilidad<\/h3>\n<ul style='padding-left: 20px; font-size: 15px; color: inherit;'>\n<li style='margin-bottom: 5px;'><a href='https:\/\/www.syscom.mx\/producto\/STZ-35-SYSCOM-TOWERS-31576.html' target='_blank' rel='noopener' style='color: #c0392b; text-decoration: none;'>STZ-35<\/a> &#8211; Tramo de torre de 3m x 35cm&comma; galvanizado por electr\u00f3lisis<\/li>\n<li style='margin-bottom: 5px;'><a href='https:\/\/www.syscom.mx\/producto\/STZ-35G-SYSCOM-TOWERS-31577.html' target='_blank' rel='noopener' style='color: #c0392b; text-decoration: none;'>STZ-35G<\/a> &#8211; Tramo de torre de 3m x 35cm&comma; galvanizado por inmersi\u00f3n<\/li>\n<li style='margin-bottom: 5px;'><a href='https:\/\/www.syscom.mx\/producto\/STZ-45-SYSCOM-TOWERS-31579.html' target='_blank' rel='noopener' style='color: #c0392b; text-decoration: none;'>STZ-45<\/a> &#8211; Tramo de torre de 3m x 45cm&comma; galvanizado por electr\u00f3lisis<\/li>\n<li style='margin-bottom: 5px;'><a href='https:\/\/www.syscom.mx\/producto\/STZ-45G-SYSCOM-TOWERS-31580.html' target='_blank' rel='noopener' style='color: #c0392b; text-decoration: none;'>STZ-45G<\/a> &#8211; Tramo de torre de 3m x 45cm&comma; galvanizado por inmersi\u00f3n<\/li>\n<li style='margin-bottom: 5px;'><strong>Tuber\u00eda:<\/strong> 1 1\/4 in (32 mm)<\/li>\n<\/ul><\/div>\n<\/p><\/div>\n<p> <!-- Nota --> <\/p>\n<div style='margin-bottom: 30px;'>\n<p style='font-size: 15px; color: inherit;'> <strong style='color: #c0392b; text-decoration: underline;'>Nota:<\/strong> Cuenta con hardware de instalaci\u00f3n. <\/p>\n<\/p><\/div>\n<p> <!-- Imagen secundaria --> <\/p>\n<div style='margin-bottom: 30px;'> <img style='width: 100%; height: auto; border: 1px solid rgba(150&comma;150&comma;150&comma;0.3); border-radius: 8px;' src='https:\/\/ftp3.syscom.mx\/usuarios\/fotos\/KITST68MCLICK1\/200912-kitst68mclick1.png' alt=''> <\/div>\n<p> <!-- Separador --> <\/p>\n<hr style='border: 0; border-top: 1px solid rgba(150&comma; 150&comma; 150&comma; 0.3); margin: 30px 0;'> <\/div>\n","protected":false},"excerpt":{"rendered":"<p>KIT de Un Sujetador de pl\u00e1stico para dos cables de 6 a 8 mm con todo y hardware de instalaci\u00f3n en tubos de 1 1\/4 in<\/p>\n","protected":false},"featured_media":58260,"comment_status":"open","ping_status":"closed","template":"","meta":[],"product_brand":[],"product_cat":[589],"product_tag":[590,733,246],"class_list":{"0":"post-58261","1":"product","2":"type-product","3":"status-publish","4":"has-post-thumbnail","6":"product_cat-accesorios-para-torres-arriostradas","7":"product_tag-accesorios-para-torres-arriostradas","8":"product_tag-syscom-towers","9":"product_tag-torres-y-mastiles","11":"first","12":"instock","13":"sale","14":"shipping-taxable","15":"purchasable","16":"product-type-simple"},"_links":{"self":[{"href":"https:\/\/soydeaqui.ddns.net\/pachuca\/index.php\/wp-json\/wp\/v2\/product\/58261","targetHints":{"allow":["GET"]}}],"collection":[{"href":"https:\/\/soydeaqui.ddns.net\/pachuca\/index.php\/wp-json\/wp\/v2\/product"}],"about":[{"href":"https:\/\/soydeaqui.ddns.net\/pachuca\/index.php\/wp-json\/wp\/v2\/types\/product"}],"replies":[{"embeddable":true,"href":"https:\/\/soydeaqui.ddns.net\/pachuca\/index.php\/wp-json\/wp\/v2\/comments?post=58261"}],"wp:featuredmedia":[{"embeddable":true,"href":"https:\/\/soydeaqui.ddns.net\/pachuca\/index.php\/wp-json\/wp\/v2\/media\/58260"}],"wp:attachment":[{"href":"https:\/\/soydeaqui.ddns.net\/pachuca\/index.php\/wp-json\/wp\/v2\/media?parent=58261"}],"wp:term":[{"taxonomy":"product_brand","embeddable":true,"href":"https:\/\/soydeaqui.ddns.net\/pachuca\/index.php\/wp-json\/wp\/v2\/product_brand?post=58261"},{"taxonomy":"product_cat","embeddable":true,"href":"https:\/\/soydeaqui.ddns.net\/pachuca\/index.php\/wp-json\/wp\/v2\/product_cat?post=58261"},{"taxonomy":"product_tag","embeddable":true,"href":"https:\/\/soydeaqui.ddns.net\/pachuca\/index.php\/wp-json\/wp\/v2\/product_tag?post=58261"}],"curies":[{"name":"wp","href":"https:\/\/api.w.org\/{rel}","templated":true}]}}