{"id":58232,"date":"2026-03-19T04:22:53","date_gmt":"2026-03-19T04:22:53","guid":{"rendered":"https:\/\/soydeaqui.ddns.net\/pachuca\/index.php\/producto\/wattmetro-de-rf-de-potencia-multiple-300-mw-1-kw-o-2-w-10-kw-200-khz-2-3-ghz-n-hembras\/"},"modified":"2026-03-19T04:22:54","modified_gmt":"2026-03-19T04:22:54","slug":"wattmetro-de-rf-de-potencia-multiple-300-mw-1-kw-o-2-w-10-kw-200-khz-2-3-ghz-n-hembras","status":"publish","type":"product","link":"https:\/\/soydeaqui.ddns.net\/pachuca\/index.php\/producto\/wattmetro-de-rf-de-potencia-multiple-300-mw-1-kw-o-2-w-10-kw-200-khz-2-3-ghz-n-hembras\/","title":{"rendered":"Wattmetro de RF de Potencia M\u00faltiple, 300 mW-1 kW  o 2 W-10 kW, \/ 200 kHz-2.3 GHz,  N Hembras."},"content":{"rendered":"<div style='width: 100%; max-width: 1200px; margin: 0 auto; font-family: sans-serif; line-height: 1.6; color: inherit; background-color: transparent;'> <!-- T\u00edtulo --> <\/p>\n<div style='margin-bottom: 20px;'>\n<h2 style='font-size: 24px; margin-top: 0; margin-bottom: 10px; color: inherit; opacity: 0.9;'>Wattmetro de RF de Potencia M\u00faltiple con Precisi\u00f3n de Lectura de \u00b1 5%<\/h2>\n<\/p><\/div>\n<p> <!-- Descripci\u00f3n principal --> <\/p>\n<div style='margin-bottom: 30px;'>\n<ul style='padding-left: 20px; font-size: 15px; color: inherit; list-style-type: disc;'>\n<li style='margin-bottom: 8px;'>El Wattmetro de RF 4410A tiene los principios b\u00e1sicos y el &#8216;aspecto y tacto&#8217; del Modelo 43&comma; pero lo transforma en un instrumento de alto rango din\u00e1mico de alta precisi\u00f3n.<\/li>\n<li style='margin-bottom: 8px;'>Medidor de rango lineal de escala reflejada tiene 2 rangos conmutables&comma; 0-1 y 0-3.<\/li>\n<li style='margin-bottom: 8px;'>La potencia se lee como un m\u00faltiplo del valor indicado por el puntero&comma; la ubicaci\u00f3n del punto decimal depende de la posici\u00f3n del interruptor de rango y el factor impreso en el elemento enchufable.<\/li>\n<li style='margin-bottom: 8px;'>Los rangos de potencia cubiertos por elementos individuales son de 300 mW a 1 KW y de 2 W a 10 KW&comma; escala completa.<\/li>\n<li style='margin-bottom: 8px;'>Para la mayor\u00eda de los elementos&comma; la precisi\u00f3n es de +\/- 5% en cualquier lugar por encima del 20% de la escala completa.<\/li>\n<li style='margin-bottom: 8px;'>El circuito funciona con una bater\u00eda alcalina est\u00e1ndar de 9V.<\/li>\n<\/ul><\/div>\n<p> <!-- Caracter\u00edsticas --> <\/p>\n<div style='margin-bottom: 30px;'>\n<h3 style='font-size: 20px; margin-top: 0; margin-bottom: 15px; border-bottom: 2px solid currentColor; padding-bottom: 5px; color: inherit; opacity: 0.8;'>Caracter\u00edsticas<\/h3>\n<ul style='padding-left: 20px; font-size: 15px; color: inherit; list-style-type: disc;'>\n<li style='margin-bottom: 8px;'>Mediciones de potencia CW y FM precisas con compensaci\u00f3n de temperatura de 200 kHz a 2&comma;3 GHz y de 300 mW a 10 kW<\/li>\n<li style='margin-bottom: 8px;'><strong>Utiliza elementos especiales de amplio rango de la serie 4410<\/strong><\/li>\n<li style='margin-bottom: 8px;'>Precisi\u00f3n de amplio rango sobre un rango din\u00e1mico de 37 dB<\/li>\n<li style='margin-bottom: 8px;'>Conectores de cambio r\u00e1pido (QC) para minimizar la necesidad de adaptadores al realizar mediciones cr\u00edticas.<\/li>\n<\/ul><\/div>\n<p> <!-- Especificaciones --> <\/p>\n<div style='margin-bottom: 30px;'>\n<h3 style='font-size: 20px; margin-top: 0; margin-bottom: 15px; border-bottom: 2px solid currentColor; padding-bottom: 5px; color: inherit; opacity: 0.8;'>Especificaciones<\/h3>\n<div style='display: flex; flex-wrap: wrap; gap: 20px;'>\n<div style='flex: 1 1 250px; border: 1px solid rgba(150&comma; 150&comma; 150&comma; 0.4); border-radius: 8px; overflow: hidden; display: flex; flex-direction: column;'>\n<div style='padding: 15px; border-bottom: 1px solid rgba(150&comma; 150&comma; 150&comma; 0.2); font-weight: bold; font-size: 18px; color: inherit;'>Especificaciones Generales<\/div>\n<div style='padding: 15px; color: inherit;'>\n<ul style='padding-left: 20px; margin: 0; font-size: 14px; list-style-type: disc;'>\n<li style='margin-bottom: 5px;'><strong>Modelo:<\/strong> 4410A<\/li>\n<li style='margin-bottom: 5px;'><strong>Descripci\u00f3n:<\/strong> Wattmetro de Potencia M\u00faltiple<\/li>\n<li style='margin-bottom: 5px;'><strong>Rango de Potencia:<\/strong> 300 mW a 1 kW o 2 W a 10 kW escala completa con un solo elemento<\/li>\n<li style='margin-bottom: 5px;'><strong>Rango de Frecuencia:<\/strong> 200 kHz a 2.3 GHz CW o FM<\/li>\n<li style='margin-bottom: 5px;'><strong>VSWR:<\/strong> 1.25 max. con conectores N Macho a 2300 MHz<\/li>\n<\/ul><\/div>\n<\/p><\/div>\n<div style='flex: 1 1 250px; border: 1px solid rgba(150&comma; 150&comma; 150&comma; 0.4); border-radius: 8px; overflow: hidden; display: flex; flex-direction: column;'>\n<div style='padding: 15px; border-bottom: 1px solid rgba(150&comma; 150&comma; 150&comma; 0.2); font-weight: bold; font-size: 18px; color: inherit;'>Detalles T\u00e9cnicos<\/div>\n<div style='padding: 15px; color: inherit;'>\n<ul style='padding-left: 20px; margin: 0; font-size: 14px; list-style-type: disc;'>\n<li style='margin-bottom: 5px;'><strong>Exactitud:<\/strong> \u00b1 5% de lectura para cualquier lectura por encima del 20% del rango de potencia seleccionado para se\u00f1ales FM o CW sin AM. Esta precisi\u00f3n se mantiene para un rango din\u00e1mico completo de 37 dB con cada elemento 4410 (excepto No. 4410-1&comma; 200 kHz a 535 kHz&comma; que tiene una precisi\u00f3n de \u00b1 10% de la lectura&comma; a 2&comma;3 GHz&comma; que tiene una precisi\u00f3n de \u00b1 8% de leer)<\/li>\n<li style='margin-bottom: 5px;'><strong>Rango de Sobre Uso:<\/strong> Al 120% de la escala completa nominal<\/li>\n<li style='margin-bottom: 5px;'><strong>Protecci\u00f3n:<\/strong> (es decir&comma; 12 W&comma; 120 W&comma; 1200 W o 12 000 W). No se producir\u00e1 ning\u00fan da\u00f1o o degradaci\u00f3n de la unidad&comma; independientemente de la posici\u00f3n del interruptor selector de rango.<\/li>\n<\/ul><\/div>\n<\/p><\/div>\n<div style='flex: 1 1 250px; border: 1px solid rgba(150&comma; 150&comma; 150&comma; 0.4); border-radius: 8px; overflow: hidden; display: flex; flex-direction: column;'>\n<div style='padding: 15px; border-bottom: 1px solid rgba(150&comma; 150&comma; 150&comma; 0.2); font-weight: bold; font-size: 18px; color: inherit;'>Caracter\u00edsticas F\u00edsicas<\/div>\n<div style='padding: 15px; color: inherit;'>\n<ul style='padding-left: 20px; margin: 0; font-size: 14px; list-style-type: disc;'>\n<li style='margin-bottom: 5px;'><strong>Conectores:<\/strong> Tipo QC (N Hembra suministrado normalmente)<\/li>\n<li style='margin-bottom: 5px;'><strong>Dimensiones:<\/strong> (H x W x D) Alto x Ancho x Profundo<br \/>6-7\/8&#8242; x 5-1\/8&#8242; x 3-5\/8&#8217;&comma; incluyendo conectores<br \/>175 x 130 x 92 mm<\/li>\n<li style='margin-bottom: 5px;'><strong>Peso:<\/strong> 3 lbs. (1.4 kg)<\/li>\n<li style='margin-bottom: 5px;'><strong>Bater\u00eda:<\/strong> 9V Alcalina<\/li>\n<\/ul><\/div>\n<\/p><\/div>\n<\/p><\/div>\n<\/p><\/div>\n<p> <!-- Separador final --> <\/p>\n<hr style='border: 0; border-top: 1px solid rgba(150&comma; 150&comma; 150&comma; 0.3); margin: 30px 0;'> <\/div>\n","protected":false},"excerpt":{"rendered":"<p>Wattmetro de RF de Potencia M\u00faltiple, 300 mW-1 kW  o 2 W-10 kW, \/ 200 kHz-2.3 GHz,  N Hembras.<\/p>\n","protected":false},"featured_media":58231,"comment_status":"open","ping_status":"closed","template":"","meta":[],"product_brand":[],"product_cat":[1639],"product_tag":[1641,931,1640],"class_list":{"0":"post-58232","1":"product","2":"type-product","3":"status-publish","4":"has-post-thumbnail","6":"product_cat-wattmetros-y-elementos","7":"product_tag-bird-technologies","8":"product_tag-equipo-de-laboratorio","9":"product_tag-wattmetros-y-elementos","11":"first","12":"outofstock","13":"sale","14":"shipping-taxable","15":"purchasable","16":"product-type-simple"},"_links":{"self":[{"href":"https:\/\/soydeaqui.ddns.net\/pachuca\/index.php\/wp-json\/wp\/v2\/product\/58232","targetHints":{"allow":["GET"]}}],"collection":[{"href":"https:\/\/soydeaqui.ddns.net\/pachuca\/index.php\/wp-json\/wp\/v2\/product"}],"about":[{"href":"https:\/\/soydeaqui.ddns.net\/pachuca\/index.php\/wp-json\/wp\/v2\/types\/product"}],"replies":[{"embeddable":true,"href":"https:\/\/soydeaqui.ddns.net\/pachuca\/index.php\/wp-json\/wp\/v2\/comments?post=58232"}],"wp:featuredmedia":[{"embeddable":true,"href":"https:\/\/soydeaqui.ddns.net\/pachuca\/index.php\/wp-json\/wp\/v2\/media\/58231"}],"wp:attachment":[{"href":"https:\/\/soydeaqui.ddns.net\/pachuca\/index.php\/wp-json\/wp\/v2\/media?parent=58232"}],"wp:term":[{"taxonomy":"product_brand","embeddable":true,"href":"https:\/\/soydeaqui.ddns.net\/pachuca\/index.php\/wp-json\/wp\/v2\/product_brand?post=58232"},{"taxonomy":"product_cat","embeddable":true,"href":"https:\/\/soydeaqui.ddns.net\/pachuca\/index.php\/wp-json\/wp\/v2\/product_cat?post=58232"},{"taxonomy":"product_tag","embeddable":true,"href":"https:\/\/soydeaqui.ddns.net\/pachuca\/index.php\/wp-json\/wp\/v2\/product_tag?post=58232"}],"curies":[{"name":"wp","href":"https:\/\/api.w.org\/{rel}","templated":true}]}}