{"id":58170,"date":"2026-03-19T04:20:38","date_gmt":"2026-03-19T04:20:38","guid":{"rendered":"https:\/\/soydeaqui.ddns.net\/pachuca\/index.php\/producto\/sistema-de-audio-marino-ms-ra70-pantalla-lcd-monocroma-2-6-tecnologia-multi-zone-2-zonas-potencia-pico-200-w-bluetooth-y-ant-compatible-con-siriusxm-y-dab-ipx7-us\/"},"modified":"2026-03-19T04:20:48","modified_gmt":"2026-03-19T04:20:48","slug":"sistema-de-audio-marino-ms-ra70-pantalla-lcd-monocroma-2-6-tecnologia-multi-zone-2-zonas-potencia-pico-200-w-bluetooth-y-ant-compatible-con-siriusxm-y-dab-ipx7-us","status":"publish","type":"product","link":"https:\/\/soydeaqui.ddns.net\/pachuca\/index.php\/producto\/sistema-de-audio-marino-ms-ra70-pantalla-lcd-monocroma-2-6-tecnologia-multi-zone-2-zonas-potencia-pico-200-w-bluetooth-y-ant-compatible-con-siriusxm-y-dab-ipx7-us\/","title":{"rendered":"Sistema de Audio Marino MS-RA70 \/ Pantalla LCD Monocroma 2.6&#8243; \/ Tecnolog\u00eda Multi-Zone\u2122? 2 Zonas \/ Potencia Pico 200 W \/ Bluetooth\u00ae y ANT\u00ae \/ Compatible con SiriusXM y DAB+ \/ IPX7 \/ USB para Actualizaciones"},"content":{"rendered":"<div style='width: 100%; max-width: 1200px; margin: 0 auto; font-family: sans-serif; line-height: 1.6; color: inherit; background-color: transparent;'>\n<div style='margin-bottom: 30px;'>\n<p style='font-size: 17px; line-height: 1.6; margin: 0; color: inherit;'>El sistema de audio marino MS-RA70 de Fusion es una soluci\u00f3n avanzada para entornos n\u00e1uticos&comma; dise\u00f1ado para ofrecer un rendimiento de alta calidad con caracter\u00edsticas innovadoras. Equipado con una pantalla LCD monocroma de 2.6&#8217;&comma; tecnolog\u00eda Multi-Zone\u2122\ufe0f para controlar dos zonas de audio&comma; y una potencia pico de 200 W&comma; este sistema es ideal para embarcaciones que requieren un audio potente y vers\u00e1til. Adem\u00e1s&comma; cuenta con conectividad Bluetooth\u00ae y ANT\u00ae&comma; compatibilidad con SiriusXM y DAB+&comma; y resistencia al agua IPX7 para garantizar su durabilidad en condiciones marinas.<\/p>\n<\/div>\n<div style='margin-bottom: 30px;'>\n<h3 style='font-size: 22px; border-bottom: 2px solid currentColor; padding-bottom: 5px; margin-top: 0; margin-bottom: 15px; color: inherit; opacity: 0.8;'>Caracter\u00edsticas Principales<\/h3>\n<div style='display: flex; flex-wrap: wrap; gap: 20px;'>\n<div style='flex: 1 1 250px; min-width: 200px; border: 1px solid rgba(150&comma; 150&comma; 150&comma; 0.4); border-radius: 8px; overflow: hidden; display: flex; flex-direction: column;'>\n<div style='padding: 15px; border-bottom: 1px solid rgba(150&comma; 150&comma; 150&comma; 0.2); font-weight: bold; font-size: 18px; color: inherit;'>Caracter\u00edsticas<\/div>\n<div style='padding: 15px; color: inherit;'>\n<ul style='padding-left: 20px; margin: 0; font-size: 14px; list-style-type: disc;'>\n<li style='margin-bottom: 5px;'>Pantalla LCD monocroma de 2.6&#8242; \u00f3pticamente unida<\/li>\n<li style='margin-bottom: 5px;'>Tecnolog\u00eda Multi-Zone\u2122\ufe0f para controlar 2 zonas de audio<\/li>\n<li style='margin-bottom: 5px;'>Potencia pico de 200 W<\/li>\n<li style='margin-bottom: 5px;'>Conectividad Bluetooth\u00ae y ANT\u00ae<\/li>\n<li style='margin-bottom: 5px;'>Compatibilidad con SiriusXM y DAB+<\/li>\n<li style='margin-bottom: 5px;'>Resistencia al agua IPX7 (solo el panel frontal)<\/li>\n<li style='margin-bottom: 5px;'>Actualizaciones de software mediante USB<\/li>\n<\/ul>\n<\/div>\n<\/div>\n<\/div>\n<\/div>\n<\/div>\n<div style='margin-bottom: 30px;'>\n<h3 style='font-size: 22px; border-bottom: 2px solid currentColor; padding-bottom: 5px; margin-top: 0; margin-bottom: 15px; color: inherit; opacity: 0.8;'>Detalles T\u00e9cnicos<\/h3>\n<div style='display: flex; flex-wrap: wrap; gap: 20px;'>\n<div style='flex: 1 1 250px; border: 1px solid rgba(150&comma; 150&comma; 150&comma; 0.4); border-radius: 8px; overflow: hidden; display: flex; flex-direction: column;'>\n<div style='padding: 15px; border-bottom: 1px solid rgba(150&comma; 150&comma; 150&comma; 0.2); font-weight: bold; font-size: 18px; color: inherit;'>Especificaciones<\/div>\n<div style='padding: 15px; color: inherit;'>\n<ul style='padding-left: 20px; margin: 0; font-size: 14px; list-style-type: disc;'>\n<li style='margin-bottom: 5px;'><strong>Dimensiones:<\/strong> 7.4&#8242; x 2.36&#8242; x 4.87&#8242; (188 x 60 x 123.5 mm)<\/li>\n<li style='margin-bottom: 5px;'><strong>Peso:<\/strong> 1.23 lbs (556 g)<\/li>\n<li style='margin-bottom: 5px;'><strong>Temperatura de funcionamiento:<\/strong> 32\u00b0 a 122\u00b0 F (0\u00b0 a 50\u00b0 C)<\/li>\n<li style='margin-bottom: 5px;'><strong>Corriente m\u00e1xima:<\/strong> 15 A<\/li>\n<li style='margin-bottom: 5px;'><strong>Alimentaci\u00f3n el\u00e9ctrica:<\/strong> 10.8 &#8211; 16 VDC<\/li>\n<li style='margin-bottom: 5px;'><strong>Distancia segura de la br\u00fajula:<\/strong> 5.9&#8242; (150 mm)<\/li>\n<\/ul>\n<\/div>\n<\/div>\n<\/div>\n<div style='flex: 1 1 250px; border: 1px solid rgba(150&comma; 150&comma; 150&comma; 0.4); border-radius: 8px; overflow: hidden; display: flex; flex-direction: column;'>\n<div style='padding: 15px; border-bottom: 1px solid rgba(150&comma; 150&comma; 150&comma; 0.2); font-weight: bold; font-size: 18px; color: inherit;'>Interfaces y Conectividad<\/div>\n<div style='padding: 15px; color: inherit;'>\n<ul style='padding-left: 20px; margin: 0; font-size: 14px; list-style-type: disc;'>\n<li style='margin-bottom: 5px;'><strong>Entradas auxiliares (RCA):<\/strong> 1<\/li>\n<li style='margin-bottom: 5px;'><strong>Puertos NMEA 2000\u00ae:<\/strong> 1 (MS-RA70N and MS-RA70NSX only)<\/li>\n<li style='margin-bottom: 5px;'><strong>Puertos USB 2.0:<\/strong> 1<\/li>\n<li style='margin-bottom: 5px;'><strong>Puertos SiriusXM:<\/strong> 1 (MS-RA70NSX only)<\/li>\n<li style='margin-bottom: 5px;'><strong>Puertos de antena:<\/strong> 1<\/li>\n<li style='margin-bottom: 5px;'><strong>Conexiones de los altavoces:<\/strong> 4 (amplificadas para 2 zonas)<\/li>\n<li style='margin-bottom: 5px;'><strong>Salida pre-out RCA (izquierda&comma; derecha y subwoofer):<\/strong> 2 zonas (requiere amplificaci\u00f3n externa)<\/li>\n<li style='margin-bottom: 5px;'><strong>Salida de l\u00ednea:<\/strong> 2 (I + D por zona&comma; requiere amplificaci\u00f3n externa)<\/li>\n<li style='margin-bottom: 5px;'><strong>Salida de subwoofer:<\/strong> Zona (requiere amplificaci\u00f3n externa)<\/li>\n<\/ul>\n<\/div>\n<\/div>\n<\/div>\n<\/div>\n<\/div>\n<div style='margin-bottom: 30px;'>\n<h3 style='font-size: 22px; border-bottom: 2px solid currentColor; padding-bottom: 5px; margin-top: 0; margin-bottom: 15px; color: inherit; opacity: 0.8;'>Aplicaciones y Casos de Uso<\/h3>\n<div style='display: grid; grid-template-columns: repeat(auto-fit&comma; minmax(250px&comma; 1fr)); gap: 20px;'>\n<div style='border: 1px solid rgba(150&comma; 150&comma; 150&comma; 0.4); border-radius: 8px; overflow: hidden; padding: 15px; background-color: rgba(150&comma; 150&comma; 150&comma; 0.05);'>\n<h4 style='font-size: 18px; margin-top: 0; margin-bottom: 10px; color: inherit;'><strong>Embarcaciones Recreativas<\/strong><\/h4>\n<p style='margin: 0; font-size: 14px; color: inherit;'>Ideal para yates y barcos de recreo que requieren un sistema de audio potente y vers\u00e1til.<\/p>\n<\/div>\n<div style='border: 1px solid rgba(150&comma; 150&comma; 150&comma; 0.4); border-radius: 8px; overflow: hidden; padding: 15px; background-color: rgba(150&comma; 150&comma; 150&comma; 0.05);'>\n<h4 style='font-size: 18px; margin-top: 0; margin-bottom: 10px; color: inherit;'><strong>Navegaci\u00f3n Costera<\/strong><\/h4>\n<p style='margin: 0; font-size: 14px; color: inherit;'>Perfecto para embarcaciones que navegan en aguas costeras&comma; con resistencia al agua IPX7.<\/p>\n<\/div>\n<div style='border: 1px solid rgba(150&comma; 150&comma; 150&comma; 0.4); border-radius: 8px; overflow: hidden; padding: 15px; background-color: rgba(150&comma; 150&comma; 150&comma; 0.05);'>\n<h4 style='font-size: 18px; margin-top: 0; margin-bottom: 10px; color: inherit;'><strong>Eventos N\u00e1uticos<\/strong><\/h4>\n<p style='margin: 0; font-size: 14px; color: inherit;'>Excelente para eventos en el mar&comma; con tecnolog\u00eda Multi-Zone\u2122\ufe0f para controlar diferentes \u00e1reas de audio.<\/p>\n<\/div>\n<\/div>\n<\/div>\n<hr style='border: 0; border-top: 1px solid rgba(150&comma; 150&comma; 150&comma; 0.3); margin: 30px 0;'><\/div>\n","protected":false},"excerpt":{"rendered":"<p>Sistema de Audio Marino MS-RA70 \/ Pantalla LCD Monocroma 2.6&#8243; \/ Tecnolog\u00eda Multi-Zone\u2122? 2 Zonas \/ Potencia Pico 200 W \/ Bluetooth\u00ae y ANT\u00ae \/ Compatible con SiriusXM y DAB+ \/ IPX7 \/ USB para Actualizaciones<\/p>\n","protected":false},"featured_media":58169,"comment_status":"open","ping_status":"closed","template":"","meta":[],"product_brand":[],"product_cat":[1503],"product_tag":[1449,1504,1172],"class_list":{"0":"post-58170","1":"product","2":"type-product","3":"status-publish","4":"has-post-thumbnail","6":"product_cat-navegacion-marina","7":"product_tag-garmin","8":"product_tag-navegacion-marina","9":"product_tag-soluciones-marinas","11":"first","12":"instock","13":"sale","14":"shipping-taxable","15":"purchasable","16":"product-type-simple"},"_links":{"self":[{"href":"https:\/\/soydeaqui.ddns.net\/pachuca\/index.php\/wp-json\/wp\/v2\/product\/58170","targetHints":{"allow":["GET"]}}],"collection":[{"href":"https:\/\/soydeaqui.ddns.net\/pachuca\/index.php\/wp-json\/wp\/v2\/product"}],"about":[{"href":"https:\/\/soydeaqui.ddns.net\/pachuca\/index.php\/wp-json\/wp\/v2\/types\/product"}],"replies":[{"embeddable":true,"href":"https:\/\/soydeaqui.ddns.net\/pachuca\/index.php\/wp-json\/wp\/v2\/comments?post=58170"}],"wp:featuredmedia":[{"embeddable":true,"href":"https:\/\/soydeaqui.ddns.net\/pachuca\/index.php\/wp-json\/wp\/v2\/media\/58169"}],"wp:attachment":[{"href":"https:\/\/soydeaqui.ddns.net\/pachuca\/index.php\/wp-json\/wp\/v2\/media?parent=58170"}],"wp:term":[{"taxonomy":"product_brand","embeddable":true,"href":"https:\/\/soydeaqui.ddns.net\/pachuca\/index.php\/wp-json\/wp\/v2\/product_brand?post=58170"},{"taxonomy":"product_cat","embeddable":true,"href":"https:\/\/soydeaqui.ddns.net\/pachuca\/index.php\/wp-json\/wp\/v2\/product_cat?post=58170"},{"taxonomy":"product_tag","embeddable":true,"href":"https:\/\/soydeaqui.ddns.net\/pachuca\/index.php\/wp-json\/wp\/v2\/product_tag?post=58170"}],"curies":[{"name":"wp","href":"https:\/\/api.w.org\/{rel}","templated":true}]}}