{"id":58147,"date":"2026-03-19T04:19:51","date_gmt":"2026-03-19T04:19:51","guid":{"rendered":"https:\/\/soydeaqui.ddns.net\/pachuca\/index.php\/producto\/kit-de-pantalla-go9-y-transductor-b45\/"},"modified":"2026-03-19T04:19:52","modified_gmt":"2026-03-19T04:19:52","slug":"kit-de-pantalla-go9-y-transductor-b45","status":"publish","type":"product","link":"https:\/\/soydeaqui.ddns.net\/pachuca\/index.php\/producto\/kit-de-pantalla-go9-y-transductor-b45\/","title":{"rendered":"Kit de pantalla GO9 y transductor B45"},"content":{"rendered":"<div style='width: 100%; max-width: 1200px; margin: 0 auto; font-family: sans-serif; line-height: 1.6; color: inherit; background-color: transparent;'> <!-- Secci\u00f3n de introducci\u00f3n --> <\/p>\n<div style='margin-bottom: 30px;'>\n<p style='margin: 0 0 15px; color: inherit; font-size: 16px;'><strong>Caracter\u00edsticas importantes para pesca deportiva y crucero costero.<\/strong><\/p>\n<ul style='padding-left: 20px; color: inherit; font-size: 14px;'>\n<li style='margin-bottom: 8px;'>Pantalla t\u00e1ctil de 9 pulgadas f\u00e1cil de usar de gran visibilidad.<\/li>\n<li style='margin-bottom: 8px;'>Sonda avanzada de Fishfinder incorporada capaz de mostrar im\u00e1genes tradicionales (CHIRP)&comma; al frente (Forwardscan)&comma; al rededor (Sidescan) y Downscan<\/li>\n<li style='margin-bottom: 8px;'>Puerto para conexi\u00f3n a un radar de estado s\u00f3lido Simrad<\/li>\n<li style='margin-bottom: 8px;'>Audio directo&comma; piloto autom\u00e1tico&comma; comunicaci\u00f3n y conexi\u00f3n y control del motor sobre NMEA2000<\/li>\n<li style='margin-bottom: 8px;'>Wi-Fi integrado para administraci\u00f3n desde dispositivos m\u00f3viles y posibilidad de descargas de gr\u00e1ficos y software.<\/li>\n<\/ul><\/div>\n<p> <!-- Secci\u00f3n de caracter\u00edsticas principales --> <\/p>\n<div style='margin-bottom: 30px;'>\n<h3 style='font-size: 22px; border-bottom: 2px solid currentColor; padding-bottom: 5px; margin-top: 0; margin-bottom: 15px; color: inherit; opacity: 0.8;'>Caracter\u00edsticas principales<\/h3>\n<ul style='padding-left: 20px; color: inherit; font-size: 14px;'>\n<li style='margin-bottom: 8px;'>Software multi-funcion f\u00e1cil de usar.<\/li>\n<li style='margin-bottom: 8px;'>Navegaci\u00f3n segura y f\u00e1cil usando tu cartograf\u00eda favorita (Insight&comma; Navionics&comma; CMAP)<\/li>\n<li style='margin-bottom: 8px;'>Determine la profundidad&comma; el tipo de fondo y encuentre peces usando una de las muchas opciones de tecnolog\u00eda de ecosonda.<\/li>\n<li style='margin-bottom: 8px;'>Control r\u00e1pido y simple de los sistemas de entretenimiento conectados por NMEA2000.<\/li>\n<li style='margin-bottom: 8px;'>Control del circuito del buque cuando est\u00e1 conectado a un sistema de conmutaci\u00f3n digital de zona C.<\/li>\n<li style='margin-bottom: 8px;'>Ver y controlar los datos del motor mientras est\u00e1 en marcha.<\/li>\n<li style='margin-bottom: 8px;'>Conectividad Wi-Fi integrada<\/li>\n<li style='margin-bottom: 8px;'>Notificaciones y descargas de actualizaciones de software cuando est\u00e1 conectado a internet<\/li>\n<li style='margin-bottom: 8px;'>Duplicaci\u00f3n de pantalla cuando est\u00e1 conectado a un dispositivo m\u00f3vil<\/li>\n<li style='margin-bottom: 8px;'>Construido con antena de GPS de 10 Hz.<\/li>\n<li style='margin-bottom: 8px;'>Ranura para tarjeta Dual Micro SD.<\/li>\n<li style='margin-bottom: 8px;'>Sonda ac\u00fastica incorporada (banda ancha y chirrido)<\/li>\n<li style='margin-bottom: 8px;'>Puerto de radar para conexi\u00f3n directa a esc\u00e1neres Simrad 3G \/ 4G o Halo Radar.<\/li>\n<li style='margin-bottom: 8px;'>Operable con control remoto OP40 \/ OP50.<\/li>\n<li style='margin-bottom: 8px;'>Redes avanzadas NMEA2000.<\/li>\n<\/ul><\/div>\n<p> <!-- Secci\u00f3n de especificaciones t\u00e9cnicas --> <\/p>\n<div style='display: flex; flex-wrap: wrap; gap: 20px; margin-bottom: 30px;'>\n<div style='flex: 1 1 250px; border: 1px solid rgba(150&comma; 150&comma; 150&comma; 0.4); border-radius: 8px; overflow: hidden;'>\n<div style='padding: 15px; border-bottom: 1px solid rgba(150&comma; 150&comma; 150&comma; 0.2); font-weight: bold; font-size: 18px; color: inherit;'>Especificaciones<\/div>\n<div style='padding: 15px; color: inherit;'>\n<ul style='padding-left: 20px; margin: 0; font-size: 14px; list-style-type: disc;'>\n<li style='margin-bottom: 8px;'><strong>Dimensiones:<\/strong> W x H x D : 248 mm x 184 mm x 90 mm<\/li>\n<li style='margin-bottom: 8px;'><strong>Peso:<\/strong> 1.315 kg<\/li>\n<\/ul><\/div>\n<\/p><\/div>\n<div style='flex: 1 1 250px; border: 1px solid rgba(150&comma; 150&comma; 150&comma; 0.4); border-radius: 8px; overflow: hidden;'>\n<div style='padding: 15px; border-bottom: 1px solid rgba(150&comma; 150&comma; 150&comma; 0.2); font-weight: bold; font-size: 18px; color: inherit;'>Transductor B45<\/div>\n<div style='padding: 15px; color: inherit;'>\n<ul style='padding-left: 20px; margin: 0; font-size: 14px; list-style-type: disc;'>\n<li style='margin-bottom: 8px;'>Frecuencia 50\/200 kHz<\/li>\n<li style='margin-bottom: 8px;'>Potencia 600 W<\/li>\n<li style='margin-bottom: 8px;'>Sensor de temperatura<\/li>\n<li style='margin-bottom: 8px;'>1 elemento<\/li>\n<li style='margin-bottom: 8px;'>Instalaci\u00f3n Thru-hull<\/li>\n<li style='margin-bottom: 8px;'>Conector color negro de 9 pin<\/li>\n<li style='margin-bottom: 8px;'>10 m de cable<\/li>\n<\/ul>\n<p style='margin-top: 15px; margin-bottom: 0;'><strong>Dimensiones:<\/strong> 347 x 75 x 66 mm<br \/><strong>Peso:<\/strong> 2.5Kg<\/p>\n<\/p><\/div>\n<\/p><\/div>\n<\/p><\/div>\n<p> <!-- Secci\u00f3n de incluye --> <\/p>\n<div style='margin-bottom: 30px;'>\n<h3 style='font-size: 22px; border-bottom: 2px solid currentColor; padding-bottom: 5px; margin-top: 0; margin-bottom: 15px; color: inherit; opacity: 0.8;'>Incluye<\/h3>\n<ul style='padding-left: 20px; color: inherit; font-size: 14px;'>\n<li style='margin-bottom: 8px;'>Montaje para pantalla<\/li>\n<li style='margin-bottom: 8px;'>Bizel<\/li>\n<li style='margin-bottom: 8px;'>Cable de alimentaci\u00f3n<\/li>\n<li style='margin-bottom: 8px;'>Cubierta para pantalla<\/li>\n<li style='margin-bottom: 8px;'>Kit de montaje para tablero<\/li>\n<li style='margin-bottom: 8px;'>Transductor active imaging<\/li>\n<\/ul><\/div>\n<p> <!-- Nota importante --> <\/p>\n<div style='margin-bottom: 30px; padding: 15px; border-left: 3px solid rgba(150&comma; 150&comma; 150&comma; 0.6); background-color: rgba(150&comma; 150&comma; 150&comma; 0.05);'>\n<p style='margin: 0; color: inherit; font-size: 14px;'>*Si se instala dentro de una estructura de metal puede ser necesario un receptor GPS externo como el Simrad GS25<\/p>\n<\/p><\/div>\n<p> <!-- Im\u00e1genes --> <\/p>\n<div style='display: flex; flex-wrap: wrap; gap: 20px; margin-bottom: 30px; justify-content: center;'>\n<div style='flex: 1 1 300px; min-width: 280px;'> <img style='width: 100%; height: auto; border: 1px solid rgba(150&comma;150&comma;150&comma;0.3); border-radius: 8px;' src='https:\/\/systembuilder.navico.com\/systembuilder-core\/image\/part\/GO7_XSR_MAIN.png' alt=''> <\/div>\n<div style='flex: 1 1 300px; min-width: 280px;'> <img style='width: 100%; height: auto; border: 1px solid rgba(150&comma;150&comma;150&comma;0.3); border-radius: 8px;' src='https:\/\/ftp3.syscom.mx\/usuarios\/fotos\/BancoFotografiasSyscom\/NAVICOINC\/13946001\/13946001-p.PNG' alt='000-13946-001'> <\/div>\n<\/p><\/div>\n<p> <!-- Separador final --> <\/p>\n<hr style='border: 0; border-top: 1px solid rgba(150&comma; 150&comma; 150&comma; 0.3); margin: 30px 0;'> <\/div>\n","protected":false},"excerpt":{"rendered":"<p>Kit de pantalla GO9 y transductor B45<\/p>\n","protected":false},"featured_media":58146,"comment_status":"open","ping_status":"closed","template":"","meta":[],"product_brand":[],"product_cat":[1541],"product_tag":[1542,1505,1172],"class_list":{"0":"post-58147","1":"product","2":"type-product","3":"status-publish","4":"has-post-thumbnail","6":"product_cat-equipos-para-pesca-comercial-y-recreativa","7":"product_tag-equipos-para-pesca-comercial-y-recreativa","8":"product_tag-simrad","9":"product_tag-soluciones-marinas","11":"first","12":"outofstock","13":"sale","14":"shipping-taxable","15":"purchasable","16":"product-type-simple"},"_links":{"self":[{"href":"https:\/\/soydeaqui.ddns.net\/pachuca\/index.php\/wp-json\/wp\/v2\/product\/58147","targetHints":{"allow":["GET"]}}],"collection":[{"href":"https:\/\/soydeaqui.ddns.net\/pachuca\/index.php\/wp-json\/wp\/v2\/product"}],"about":[{"href":"https:\/\/soydeaqui.ddns.net\/pachuca\/index.php\/wp-json\/wp\/v2\/types\/product"}],"replies":[{"embeddable":true,"href":"https:\/\/soydeaqui.ddns.net\/pachuca\/index.php\/wp-json\/wp\/v2\/comments?post=58147"}],"wp:featuredmedia":[{"embeddable":true,"href":"https:\/\/soydeaqui.ddns.net\/pachuca\/index.php\/wp-json\/wp\/v2\/media\/58146"}],"wp:attachment":[{"href":"https:\/\/soydeaqui.ddns.net\/pachuca\/index.php\/wp-json\/wp\/v2\/media?parent=58147"}],"wp:term":[{"taxonomy":"product_brand","embeddable":true,"href":"https:\/\/soydeaqui.ddns.net\/pachuca\/index.php\/wp-json\/wp\/v2\/product_brand?post=58147"},{"taxonomy":"product_cat","embeddable":true,"href":"https:\/\/soydeaqui.ddns.net\/pachuca\/index.php\/wp-json\/wp\/v2\/product_cat?post=58147"},{"taxonomy":"product_tag","embeddable":true,"href":"https:\/\/soydeaqui.ddns.net\/pachuca\/index.php\/wp-json\/wp\/v2\/product_tag?post=58147"}],"curies":[{"name":"wp","href":"https:\/\/api.w.org\/{rel}","templated":true}]}}