{"id":58142,"date":"2026-03-19T04:19:42","date_gmt":"2026-03-19T04:19:42","guid":{"rendered":"https:\/\/soydeaqui.ddns.net\/pachuca\/index.php\/producto\/gabinete-para-bateras-compatible-con-tablillas-elkp624u-elkp624-al624-smp3-y-smp5\/"},"modified":"2026-03-19T04:19:49","modified_gmt":"2026-03-19T04:19:49","slug":"gabinete-para-bateras-compatible-con-tablillas-elkp624u-elkp624-al624-smp3-y-smp5","status":"publish","type":"product","link":"https:\/\/soydeaqui.ddns.net\/pachuca\/index.php\/producto\/gabinete-para-bateras-compatible-con-tablillas-elkp624u-elkp624-al624-smp3-y-smp5\/","title":{"rendered":"Gabinete para Bater?as, Compatible con Tablillas ELKP624U-ELKP624, AL624, SMP3 y SMP5"},"content":{"rendered":"<div style='width: 100%; max-width: 1200px; margin: 0 auto; font-family: sans-serif; line-height: 1.6; color: inherit; background-color: transparent;'> <!-- Contenedor principal --> <\/p>\n<div style='display: flex; flex-direction: column; gap: 30px;'> <!-- Imagen --> <\/p>\n<div style='width: 100%; max-width: 400px;'> <a href='http:\/\/ftp3.syscom.mx\/usuarios\/dcarreon\/IMPRESOS\/EPCOMindustrialFAMILIA.pdf' target='_new' style='text-decoration: none; color: inherit;'> <img style='width: 100%; height: auto; border: 1px solid rgba(150&comma;150&comma;150&comma;0.3); border-radius: 8px;' src='http:\/\/ftp3.syscom.mx\/usuarios\/dcarreon\/IMPRESOS\/LOGO_epcom%20industrial.jpg' alt='Pasteles'> <\/a> <\/div>\n<p> <!-- Secci\u00f3n de caracter\u00edsticas --> <\/p>\n<div style='display: flex; flex-wrap: wrap; gap: 30px;'>\n<div style='flex: 1 1 300px; min-width: 280px;'>\n<h3 style='font-size: 22px; border-bottom: 2px solid currentColor; padding-bottom: 5px; margin-top: 0; color: inherit; opacity: 0.8;'>Caracter\u00edsticas Funcionales<\/h3>\n<ul style='padding-left: 20px; font-size: 15px; color: inherit;'>\n<li style='margin-bottom: 5px;'>Puerta totalmente desmontable<\/li>\n<li style='margin-bottom: 5px;'>Perforaciones para pasar cableado<\/li>\n<li style='margin-bottom: 5px;'>Tiene preparaci\u00f3n para instalar en pared<\/li>\n<li style='margin-bottom: 5px;'>Perforaciones para asegurar cierre de puerta por tornillos<\/li>\n<li style='margin-bottom: 5px;'>Espacio para instalaci\u00f3n de bater\u00edas PL712 o PL4.512<\/li>\n<\/ul><\/div>\n<div style='flex: 1 1 300px; min-width: 280px;'>\n<h3 style='font-size: 22px; border-bottom: 2px solid currentColor; padding-bottom: 5px; margin-top: 0; color: inherit; opacity: 0.8;'>Caracter\u00edsticas F\u00edsicas<\/h3>\n<ul style='padding-left: 20px; font-size: 15px; color: inherit;'>\n<li style='margin-bottom: 5px;'><strong>Pintura:<\/strong> Negro Electrost\u00e1tica<\/li>\n<li style='margin-bottom: 5px;'><strong>Aplicaci\u00f3n:<\/strong> Interior<\/li>\n<li style='margin-bottom: 5px;'><strong>Material:<\/strong> Acero calibre 26<\/li>\n<li style='margin-bottom: 5px;'><strong>Peso:<\/strong> 0.60 Kg<\/li>\n<li style='margin-bottom: 5px;'><strong>Dimensiones exteriores:<\/strong> 217 x 212 x 88 mm. (Ancho x Alto x Profundidad)<\/li>\n<\/ul><\/div>\n<\/p><\/div>\n<p> <!-- Secci\u00f3n de recomendaciones --> <\/p>\n<div style='display: flex; flex-wrap: wrap; gap: 30px;'>\n<div style='flex: 1 1 300px; min-width: 280px;'>\n<h3 style='font-size: 22px; border-bottom: 2px solid currentColor; padding-bottom: 5px; margin-top: 0; color: inherit; opacity: 0.8;'>Recomendaciones<\/h3>\n<ul style='padding-left: 20px; font-size: 15px; color: inherit;'>\n<li style='margin-bottom: 5px;'>Aseg\u00farese de que la instalaci\u00f3n sea realizada por un profesional capacitado<\/li>\n<li style='margin-bottom: 5px;'>Peri\u00f3dicamente revise que la torniller\u00eda est\u00e9 correctamente ajustada<\/li>\n<li style='margin-bottom: 5px;'>Programe un plan de mantenimiento para eliminar exceso de polvo y suciedad en el equipo<\/li>\n<\/ul><\/div>\n<\/p><\/div>\n<p> <!-- Notas --> <\/p>\n<div style='font-size: 14px; color: inherit; opacity: 0.8;'>\n<p>*Los colores de los productos pueden cambiar para mejoras t\u00e9cnicas. El peso declarado es de los equipos sin accesorios y sin embalaje. Fabricamos gabinetes a la medida de sus necesidades.<\/p>\n<p>PARA CUALQUIER DUDA O COMENTARIO CONTACTE AL DEPARTAMENTO DE INGENIER\u00cdA.<\/p>\n<\/p><\/div>\n<\/p><\/div>\n<\/p><\/div>\n","protected":false},"excerpt":{"rendered":"<p>Gabinete para Bater?as, Compatible con Tablillas ELKP624U-ELKP624, AL624, SMP3 y SMP5<\/p>\n","protected":false},"featured_media":58141,"comment_status":"open","ping_status":"closed","template":"","meta":[],"product_brand":[],"product_cat":[958],"product_tag":[181,679,605],"class_list":{"0":"post-58142","1":"product","2":"type-product","3":"status-publish","4":"has-post-thumbnail","6":"product_cat-gabinetes-uso-multiple-racks-y-gabinetes-radiocomunicacion","7":"product_tag-epcom-industrial","8":"product_tag-gabinetes-uso-multiple","9":"product_tag-racks-y-gabinetes","11":"first","12":"instock","13":"sale","14":"shipping-taxable","15":"purchasable","16":"product-type-simple"},"_links":{"self":[{"href":"https:\/\/soydeaqui.ddns.net\/pachuca\/index.php\/wp-json\/wp\/v2\/product\/58142","targetHints":{"allow":["GET"]}}],"collection":[{"href":"https:\/\/soydeaqui.ddns.net\/pachuca\/index.php\/wp-json\/wp\/v2\/product"}],"about":[{"href":"https:\/\/soydeaqui.ddns.net\/pachuca\/index.php\/wp-json\/wp\/v2\/types\/product"}],"replies":[{"embeddable":true,"href":"https:\/\/soydeaqui.ddns.net\/pachuca\/index.php\/wp-json\/wp\/v2\/comments?post=58142"}],"wp:featuredmedia":[{"embeddable":true,"href":"https:\/\/soydeaqui.ddns.net\/pachuca\/index.php\/wp-json\/wp\/v2\/media\/58141"}],"wp:attachment":[{"href":"https:\/\/soydeaqui.ddns.net\/pachuca\/index.php\/wp-json\/wp\/v2\/media?parent=58142"}],"wp:term":[{"taxonomy":"product_brand","embeddable":true,"href":"https:\/\/soydeaqui.ddns.net\/pachuca\/index.php\/wp-json\/wp\/v2\/product_brand?post=58142"},{"taxonomy":"product_cat","embeddable":true,"href":"https:\/\/soydeaqui.ddns.net\/pachuca\/index.php\/wp-json\/wp\/v2\/product_cat?post=58142"},{"taxonomy":"product_tag","embeddable":true,"href":"https:\/\/soydeaqui.ddns.net\/pachuca\/index.php\/wp-json\/wp\/v2\/product_tag?post=58142"}],"curies":[{"name":"wp","href":"https:\/\/api.w.org\/{rel}","templated":true}]}}