{"id":58111,"date":"2026-03-19T04:18:36","date_gmt":"2026-03-19T04:18:36","guid":{"rendered":"https:\/\/soydeaqui.ddns.net\/pachuca\/index.php\/producto\/charola-de-doble-fijacion-en-rack-de-2-postes-635-mm-de-profundidad-y-soporte-de-peso-de-113-kg-1-ur-color-negro\/"},"modified":"2026-03-19T04:18:37","modified_gmt":"2026-03-19T04:18:37","slug":"charola-de-doble-fijacion-en-rack-de-2-postes-635-mm-de-profundidad-y-soporte-de-peso-de-113-kg-1-ur-color-negro","status":"publish","type":"product","link":"https:\/\/soydeaqui.ddns.net\/pachuca\/index.php\/producto\/charola-de-doble-fijacion-en-rack-de-2-postes-635-mm-de-profundidad-y-soporte-de-peso-de-113-kg-1-ur-color-negro\/","title":{"rendered":"Charola de Doble Fijaci\u00f3n en Rack de 2 Postes, 635 mm de Profundidad, y Soporte de Peso de 113 Kg, 1 UR, Color Negro"},"content":{"rendered":"<div style='width: 100%; max-width: 1200px; margin: 0 auto; font-family: sans-serif; line-height: 1.6; color: inherit; background-color: transparent;'> <!-- Secci\u00f3n de caracter\u00edsticas principales --> <\/p>\n<div style='display: flex; flex-wrap: wrap; gap: 30px; margin-bottom: 30px;'>\n<div style='flex: 1 1 300px; min-width: 280px;'>\n<h3 style='font-size: 22px; border-bottom: 2px solid currentColor; padding-bottom: 5px; margin-top: 0; color: inherit; opacity: 0.8;'>Caracter\u00edsticas Principales<\/h3>\n<ul style='padding-left: 20px; font-size: 15px; color: inherit;'>\n<li style='margin-bottom: 5px;'>Montaje en racks de rieles 3 o 6 pulgadas<\/li>\n<li style='margin-bottom: 5px;'>Capacidad de carga de 250 libras (113 kg)<\/li>\n<li style='margin-bottom: 5px;'>Charola de acero negro con 1RU<\/li>\n<li style='margin-bottom: 5px;'>Compatible con racks de sistema 19 pulgadas<\/li>\n<li style='margin-bottom: 5px;'>Cumple con est\u00e1ndar de seguridad RoHS<\/li>\n<\/ul><\/div>\n<\/p><\/div>\n<p> <!-- Secci\u00f3n de especificaciones t\u00e9cnicas --> <\/p>\n<div style='display: flex; flex-wrap: wrap; gap: 20px; margin-bottom: 30px;'>\n<div style='flex: 1 1 250px; border: 1px solid rgba(150&comma; 150&comma; 150&comma; 0.4); border-radius: 8px; overflow: hidden; display: flex; flex-direction: column;'>\n<div style='padding: 15px; border-bottom: 1px solid rgba(150&comma; 150&comma; 150&comma; 0.2); font-weight: bold; font-size: 18px; color: inherit;'>Especificaciones T\u00e9cnicas<\/div>\n<div style='padding: 15px; color: inherit;'>\n<ul style='padding-left: 20px; margin: 0; font-size: 14px; list-style-type: disc;'>\n<li style='margin-bottom: 5px;'><strong>Material:<\/strong> Acero<\/li>\n<li style='margin-bottom: 5px;'><strong>Sistema de rack compatible:<\/strong> 19 in<\/li>\n<li style='margin-bottom: 5px;'><strong>Altura extendida:<\/strong> 1.75 pulg. (44.4 mm)<\/li>\n<li style='margin-bottom: 5px;'><strong>Ancho total:<\/strong> 19 pulg. (483 mm)<\/li>\n<li style='margin-bottom: 5px;'><strong>Profundidad extendida:<\/strong> 25 pulg. (635 mm)<\/li>\n<li style='margin-bottom: 5px;'><strong>N\u00famero de unidades de rack:<\/strong> 1<\/li>\n<li style='margin-bottom: 5px;'><strong>Capacidad de carga est\u00e1tica:<\/strong> 250 lb (113.4 kg)<\/li>\n<li style='margin-bottom: 5px;'><strong>Color:<\/strong> Negro<\/li>\n<li style='margin-bottom: 5px;'><strong>Cumple con:<\/strong> RoHS<\/li>\n<li style='margin-bottom: 5px;'><strong>Incluye:<\/strong> (1) Charola y hardware de montaje<\/li>\n<\/ul><\/div>\n<\/p><\/div>\n<p> <!-- Secci\u00f3n de aplicaciones --> <\/p>\n<div style='flex: 1 1 250px; border: 1px solid rgba(150&comma; 150&comma; 150&comma; 0.4); border-radius: 8px; overflow: hidden; display: flex; flex-direction: column;'>\n<div style='padding: 15px; border-bottom: 1px solid rgba(150&comma; 150&comma; 150&comma; 0.2); font-weight: bold; font-size: 18px; color: inherit;'>Aplicaciones<\/div>\n<div style='padding: 15px; color: inherit;'>\n<p style='margin: 0 0 10px 0; font-size: 14px;'>La l\u00ednea de charolas Panduit proporciona una soluci\u00f3n est\u00e9ticamente agradable que permite montar equipos de prueba&comma; equipos inform\u00e1ticos y peque\u00f1os dispositivos de red en cualquier rack EIA de 19 pulgadas o 23 pulgadas con soportes extensores PEB1 o PEB2. Esto permite dise\u00f1ar un layout de red seg\u00fan especificaciones propias.<\/p>\n<p style='margin: 0 0 10px 0; font-size: 14px;'>Al utilizarse con racks Panduit&comma; gabinetes&comma; administradores de cables y conectividad&comma; el usuario recibe una soluci\u00f3n de red completa que satisfar\u00e1 los requisitos de la sala de telecomunicaciones hoy y en el futuro.<\/p>\n<\/p><\/div>\n<\/p><\/div>\n<p> <!-- Secci\u00f3n de caracter\u00edsticas adicionales --> <\/p>\n<div style='flex: 1 1 250px; border: 1px solid rgba(150&comma; 150&comma; 150&comma; 0.4); border-radius: 8px; overflow: hidden; display: flex; flex-direction: column;'>\n<div style='padding: 15px; border-bottom: 1px solid rgba(150&comma; 150&comma; 150&comma; 0.2); font-weight: bold; font-size: 18px; color: inherit;'>Caracter\u00edsticas Adicionales<\/div>\n<div style='padding: 15px; color: inherit;'>\n<ul style='padding-left: 20px; margin: 0; font-size: 14px; list-style-type: disc;'>\n<li style='margin-bottom: 5px;'>Charola ajustable con montaje en rack de 3 o 6 pulgadas (76 mm o 152 mm)<\/li>\n<li style='margin-bottom: 5px;'>Montaje en parte delantera y trasera de racks EIA de 2 postes<\/li>\n<li style='margin-bottom: 5px;'>Dos posiciones de montaje para racks de canal de 3 pulgadas<\/li>\n<li style='margin-bottom: 5px;'>Tres posiciones de montaje para racks de canal de 6 pulgadas<\/li>\n<li style='margin-bottom: 5px;'>Incluye tornillos de montaje #12-24<\/li>\n<\/ul><\/div>\n<\/p><\/div>\n<\/p><\/div>\n<p> <!-- Separador --> <\/p>\n<hr style='border: 0; border-top: 1px solid rgba(150&comma; 150&comma; 150&comma; 0.3); margin: 30px 0;'> <\/div>\n","protected":false},"excerpt":{"rendered":"<p>Charola de Doble Fijaci\u00f3n en Rack de 2 Postes, 635 mm de Profundidad, y Soporte de Peso de 113 Kg, 1 UR, Color Negro<\/p>\n","protected":false},"featured_media":58110,"comment_status":"open","ping_status":"closed","template":"","meta":[],"product_brand":[],"product_cat":[604],"product_tag":[606,445,605],"class_list":{"0":"post-58111","1":"product","2":"type-product","3":"status-publish","4":"has-post-thumbnail","6":"product_cat-accesorios-para-racks-y-gabinetes","7":"product_tag-accesorios-para-racks-y-gabinetes","8":"product_tag-panduit","9":"product_tag-racks-y-gabinetes","11":"first","12":"outofstock","13":"sale","14":"shipping-taxable","15":"purchasable","16":"product-type-simple"},"_links":{"self":[{"href":"https:\/\/soydeaqui.ddns.net\/pachuca\/index.php\/wp-json\/wp\/v2\/product\/58111","targetHints":{"allow":["GET"]}}],"collection":[{"href":"https:\/\/soydeaqui.ddns.net\/pachuca\/index.php\/wp-json\/wp\/v2\/product"}],"about":[{"href":"https:\/\/soydeaqui.ddns.net\/pachuca\/index.php\/wp-json\/wp\/v2\/types\/product"}],"replies":[{"embeddable":true,"href":"https:\/\/soydeaqui.ddns.net\/pachuca\/index.php\/wp-json\/wp\/v2\/comments?post=58111"}],"wp:featuredmedia":[{"embeddable":true,"href":"https:\/\/soydeaqui.ddns.net\/pachuca\/index.php\/wp-json\/wp\/v2\/media\/58110"}],"wp:attachment":[{"href":"https:\/\/soydeaqui.ddns.net\/pachuca\/index.php\/wp-json\/wp\/v2\/media?parent=58111"}],"wp:term":[{"taxonomy":"product_brand","embeddable":true,"href":"https:\/\/soydeaqui.ddns.net\/pachuca\/index.php\/wp-json\/wp\/v2\/product_brand?post=58111"},{"taxonomy":"product_cat","embeddable":true,"href":"https:\/\/soydeaqui.ddns.net\/pachuca\/index.php\/wp-json\/wp\/v2\/product_cat?post=58111"},{"taxonomy":"product_tag","embeddable":true,"href":"https:\/\/soydeaqui.ddns.net\/pachuca\/index.php\/wp-json\/wp\/v2\/product_tag?post=58111"}],"curies":[{"name":"wp","href":"https:\/\/api.w.org\/{rel}","templated":true}]}}