{"id":5809,"date":"2026-03-18T06:35:42","date_gmt":"2026-03-18T06:35:42","guid":{"rendered":"https:\/\/soydeaqui.ddns.net\/pachuca\/index.php\/producto\/estacion-de-jalon-convencional-de-accion-simple-color-roja-con-cerradura\/"},"modified":"2026-03-18T06:35:45","modified_gmt":"2026-03-18T06:35:45","slug":"estacion-de-jalon-convencional-de-accion-simple-color-roja-con-cerradura","status":"publish","type":"product","link":"https:\/\/soydeaqui.ddns.net\/pachuca\/index.php\/producto\/estacion-de-jalon-convencional-de-accion-simple-color-roja-con-cerradura\/","title":{"rendered":"Estaci\u00f3n de jal\u00f3n convencional de acci\u00f3n simple color roja con cerradura"},"content":{"rendered":"<div style='width: 100%; max-width: 1200px; margin: 0 auto; font-family: sans-serif; line-height: 1.6; color: inherit; background-color: transparent;'> <!-- Secci\u00f3n de caracter\u00edsticas --> <\/p>\n<div style='display: flex; flex-wrap: wrap; gap: 30px; margin-bottom: 30px;'>\n<div style='flex: 1 1 300px; min-width: 280px;'>\n<h3 style='font-size: 22px; border-bottom: 2px solid currentColor; padding-bottom: 5px; margin-top: 0; color: inherit; opacity: 0.8;'>Caracter\u00edsticas<\/h3>\n<ul style='padding-left: 20px; font-size: 15px; color: inherit;'>\n<li style='margin-bottom: 5px;'>Compatible con ADA<\/li>\n<li style='margin-bottom: 5px;'>Restablecimiento por llave y bloque de terminales<\/li>\n<li style='margin-bottom: 5px;'>Dise\u00f1o estilizado de alta tecnolog\u00eda<\/li>\n<li style='margin-bottom: 5px;'>Carcasa de fundici\u00f3n de aluminio<\/li>\n<li style='margin-bottom: 5px;'>Lista de UL<\/li>\n<li style='margin-bottom: 5px;'>Tipo de salida: N \/ O<\/li>\n<li style='margin-bottom: 5px;'>Dimensiones: 4.75&#8242; H x 3.2&#8242; W x 2&#8242; D<\/li>\n<\/ul><\/div>\n<\/p><\/div>\n<p> <!-- Secci\u00f3n de descripci\u00f3n --> <\/p>\n<div style='display: flex; flex-wrap: wrap; gap: 30px; margin-bottom: 30px;'>\n<div style='flex: 1 1 300px; min-width: 280px;'>\n<h3 style='font-size: 22px; border-bottom: 2px solid currentColor; padding-bottom: 5px; margin-top: 0; color: inherit; opacity: 0.8;'>Descripci\u00f3n<\/h3>\n<p style='font-size: 15px; color: inherit; margin-bottom: 15px;'>Esta estaci\u00f3n manual de incendio esta dise\u00f1ada est\u00e1 dise\u00f1ada para ser un dispositivo de acci\u00f3n simple sin c\u00f3digo&comma; para uso en aplicaciones de alarma contra incendios listadas por UL. La carcasa de aleaci\u00f3n de aluminio fundido a presi\u00f3n cumple con los requisitos de tracci\u00f3n de ADA y se ha probado en los laboratorios de UL.<\/p>\n<p style='font-size: 15px; color: inherit; margin-bottom: 15px;'>Esta estaci\u00f3n debe ser montada a 1.2 m sobre el piso para el acceso de la silla de ruedas frontal y a menos de 1.3 m sobre el piso para el acceso de la silla de ruedas lateral.<\/p>\n<p style='font-size: 15px; color: inherit; margin-bottom: 15px;'>La funci\u00f3n de restablecimiento de la llave en el 5140MPS-2 est\u00e1 dise\u00f1ada de manera positiva para una acci\u00f3n de restablecimiento autorizada. La llave est\u00e1 dise\u00f1ada para operar y hacer coincidir los controles ADEMCO. El 5140MPS-2 utiliza un bloque de terminales para terminaciones seguras. Tambi\u00e9n est\u00e1 equipado con un accesorio hexagonal Allen y est\u00e1 equipado con cables.<\/p>\n<\/p><\/div>\n<\/p><\/div>\n<p> <!-- Separador --> <\/p>\n<hr style='border: 0; border-top: 1px solid rgba(150&comma; 150&comma; 150&comma; 0.3); margin: 30px 0;'> <\/div>\n","protected":false},"excerpt":{"rendered":"<p>Estaci\u00f3n de jal\u00f3n convencional de acci\u00f3n simple color roja con cerradura<\/p>\n","protected":false},"featured_media":5808,"comment_status":"open","ping_status":"closed","template":"","meta":[],"product_brand":[],"product_cat":[518],"product_tag":[519,45,126],"class_list":{"0":"post-5809","1":"product","2":"type-product","3":"status-publish","4":"has-post-thumbnail","6":"product_cat-estaciones-manuales-de-emergencia","7":"product_tag-estaciones-manuales-de-emergencia","8":"product_tag-honeywell-home-resideo","9":"product_tag-sistemas-de-emergencia","11":"first","12":"instock","13":"sale","14":"shipping-taxable","15":"purchasable","16":"product-type-simple"},"_links":{"self":[{"href":"https:\/\/soydeaqui.ddns.net\/pachuca\/index.php\/wp-json\/wp\/v2\/product\/5809","targetHints":{"allow":["GET"]}}],"collection":[{"href":"https:\/\/soydeaqui.ddns.net\/pachuca\/index.php\/wp-json\/wp\/v2\/product"}],"about":[{"href":"https:\/\/soydeaqui.ddns.net\/pachuca\/index.php\/wp-json\/wp\/v2\/types\/product"}],"replies":[{"embeddable":true,"href":"https:\/\/soydeaqui.ddns.net\/pachuca\/index.php\/wp-json\/wp\/v2\/comments?post=5809"}],"wp:featuredmedia":[{"embeddable":true,"href":"https:\/\/soydeaqui.ddns.net\/pachuca\/index.php\/wp-json\/wp\/v2\/media\/5808"}],"wp:attachment":[{"href":"https:\/\/soydeaqui.ddns.net\/pachuca\/index.php\/wp-json\/wp\/v2\/media?parent=5809"}],"wp:term":[{"taxonomy":"product_brand","embeddable":true,"href":"https:\/\/soydeaqui.ddns.net\/pachuca\/index.php\/wp-json\/wp\/v2\/product_brand?post=5809"},{"taxonomy":"product_cat","embeddable":true,"href":"https:\/\/soydeaqui.ddns.net\/pachuca\/index.php\/wp-json\/wp\/v2\/product_cat?post=5809"},{"taxonomy":"product_tag","embeddable":true,"href":"https:\/\/soydeaqui.ddns.net\/pachuca\/index.php\/wp-json\/wp\/v2\/product_tag?post=5809"}],"curies":[{"name":"wp","href":"https:\/\/api.w.org\/{rel}","templated":true}]}}