{"id":58051,"date":"2026-03-19T04:16:42","date_gmt":"2026-03-19T04:16:42","guid":{"rendered":"https:\/\/soydeaqui.ddns.net\/pachuca\/index.php\/producto\/cuello-guardacabo-rozadera-para-cable-de-3-8-de-acero-galv-por-inmersion\/"},"modified":"2026-03-19T04:16:51","modified_gmt":"2026-03-19T04:16:51","slug":"cuello-guardacabo-rozadera-para-cable-de-3-8-de-acero-galv-por-inmersion","status":"publish","type":"product","link":"https:\/\/soydeaqui.ddns.net\/pachuca\/index.php\/producto\/cuello-guardacabo-rozadera-para-cable-de-3-8-de-acero-galv-por-inmersion\/","title":{"rendered":"Cuello\/ Guardacabo\/ Rozadera para Cable de 3\/8&#8243; de Acero Galv. por Inmersi\u00f3n."},"content":{"rendered":"<div style='width: 100%; max-width: 1200px; margin: 0 auto; font-family: sans-serif; line-height: 1.6; color: inherit; background-color: transparent;'>\n<div style='display: flex; flex-wrap: wrap; gap: 30px; margin-bottom: 30px;'>\n<div style='flex: 1 1 300px; min-width: 280px;'> <img style='width: 100%; height: auto; border: 1px solid rgba(150&comma;150&comma;150&comma;0.3); border-radius: 8px;' src='https:\/\/ftp3.syscom.mx\/usuarios\/fotos\/KITST68MCLICK1\/200912-syscom_towers.png' alt=''> <\/div>\n<div style='flex: 1 1 300px; min-width: 280px;'> <img style='width: 100%; height: auto; border: 1px solid rgba(150&comma;150&comma;150&comma;0.3); border-radius: 8px;' src='https:\/\/ftp3.syscom.mx\/usuarios\/fotos\/CUELLO14HDG\/199560-guardacabos.jpg' alt=''> <\/div>\n<\/p><\/div>\n<div style='margin-bottom: 30px;'>\n<p>Los guardacabos evitan el desgaste y la deformaci\u00f3n del cable&comma; d\u00e1ndole la curvatura adecuada para asegurar una duraci\u00f3n prolongada del cable. Son accesorios imprescindibles para evitar desgastes&comma; poseen una gran vida \u00fatil y son f\u00e1ciles de manipular. Gracias a que existen de diversos tama\u00f1os se puede elegir el guardacabo que m\u00e1s se ajuste a las necesidades particulares.<\/p>\n<\/p><\/div>\n<div style='display: flex; flex-wrap: wrap; gap: 20px; margin-bottom: 30px;'>\n<div style='flex: 1 1 250px; border: 1px solid rgba(150&comma; 150&comma; 150&comma; 0.4); border-radius: 8px; overflow: hidden; display: flex; flex-direction: column;'>\n<div style='padding: 15px; border-bottom: 1px solid rgba(150&comma; 150&comma; 150&comma; 0.2); font-weight: bold; font-size: 18px; color: inherit;'>Caracter\u00edsticas<\/div>\n<div style='padding: 15px; color: inherit;'>\n<ul style='padding-left: 20px; margin: 0; font-size: 14px; list-style-type: disc;'>\n<li style='margin-bottom: 5px;'>Fabricado en acero<\/li>\n<li style='margin-bottom: 5px;'>Recubrimiento galvanizado por inmersi\u00f3n en caliente<\/li>\n<li style='margin-bottom: 5px;'>Dise\u00f1o ovalado que facilita el amarre de la carga<\/li>\n<li style='margin-bottom: 5px;'>Di\u00e1metro de cable <span style='color: #c0392b;'>m\u00e1ximo<\/span> aceptado: 3\/8<\/li>\n<\/ul><\/div>\n<\/p><\/div>\n<div style='flex: 1 1 250px; border: 1px solid rgba(150&comma; 150&comma; 150&comma; 0.4); border-radius: 8px; overflow: hidden; display: flex; flex-direction: column;'>\n<div style='padding: 15px; border-bottom: 1px solid rgba(150&comma; 150&comma; 150&comma; 0.2); font-weight: bold; font-size: 18px; color: inherit;'>Compatibilidad<\/div>\n<div style='padding: 15px; color: inherit;'>\n<ul style='padding-left: 20px; margin: 0; font-size: 14px; list-style-type: disc;'>\n<li style='margin-bottom: 10px;'><a href='https:\/\/www.syscom.mx\/producto\/S-RET-516CAM-CAMESA-151132.html' target='_blank' rel='noopener' style='color: #c0392b; text-decoration: none;'>SRET516CAM<\/a>: Cable de Retenida de 5\/16&#8242; CAMESA&comma; Resistencia 3629 Kg&comma; 7 hilos<\/li>\n<li style='margin-bottom: 10px;'><a href='https:\/\/www.syscom.mx\/producto\/S-RET-516-DA-SYSCOM-TOWERS-208683.html' target='_blank' rel='noopener' style='color: #c0392b; text-decoration: none;'>SRET516DA<\/a>: Cable de Retenida de 5\/16&#8217;&comma; Resistencia 3629 Kg&comma; 7 hilos<\/li>\n<li style='margin-bottom: 10px;'><a href='https:\/\/www.syscom.mx\/producto\/S-RET-338CAM-CAMESA-151134.html' target='_blank' rel='noopener' style='color: #c0392b; text-decoration: none;'>SRET338CAM<\/a>: Cable de Retenida de 3\/8&#8242; CAMESA&comma; Resistencia 4900 Kg&comma; 7 hilos<\/li>\n<li><a href='https:\/\/www.syscom.mx\/producto\/SRET-38-DA-SYSCOM-TOWERS-208684.html' target='_blank' rel='noopener' style='color: #c0392b; text-decoration: none;'>SRET38DA<\/a>: Cable de Retenida de 3\/8&#8217;&comma; Resistencia 4900 Kg&comma; 7 hilos<\/li>\n<\/ul><\/div>\n<\/p><\/div>\n<\/p><\/div>\n<hr style='border: 0; border-top: 1px solid rgba(150&comma; 150&comma; 150&comma; 0.3); margin: 30px 0;'> <\/div>\n","protected":false},"excerpt":{"rendered":"<p>Cuello\/ Guardacabo\/ Rozadera para Cable de 3\/8&#8243; de Acero Galv. por Inmersi\u00f3n.<\/p>\n","protected":false},"featured_media":58050,"comment_status":"open","ping_status":"closed","template":"","meta":[],"product_brand":[],"product_cat":[589],"product_tag":[590,733,246],"class_list":{"0":"post-58051","1":"product","2":"type-product","3":"status-publish","4":"has-post-thumbnail","6":"product_cat-accesorios-para-torres-arriostradas","7":"product_tag-accesorios-para-torres-arriostradas","8":"product_tag-syscom-towers","9":"product_tag-torres-y-mastiles","11":"first","12":"instock","13":"sale","14":"shipping-taxable","15":"purchasable","16":"product-type-simple"},"_links":{"self":[{"href":"https:\/\/soydeaqui.ddns.net\/pachuca\/index.php\/wp-json\/wp\/v2\/product\/58051","targetHints":{"allow":["GET"]}}],"collection":[{"href":"https:\/\/soydeaqui.ddns.net\/pachuca\/index.php\/wp-json\/wp\/v2\/product"}],"about":[{"href":"https:\/\/soydeaqui.ddns.net\/pachuca\/index.php\/wp-json\/wp\/v2\/types\/product"}],"replies":[{"embeddable":true,"href":"https:\/\/soydeaqui.ddns.net\/pachuca\/index.php\/wp-json\/wp\/v2\/comments?post=58051"}],"wp:featuredmedia":[{"embeddable":true,"href":"https:\/\/soydeaqui.ddns.net\/pachuca\/index.php\/wp-json\/wp\/v2\/media\/58050"}],"wp:attachment":[{"href":"https:\/\/soydeaqui.ddns.net\/pachuca\/index.php\/wp-json\/wp\/v2\/media?parent=58051"}],"wp:term":[{"taxonomy":"product_brand","embeddable":true,"href":"https:\/\/soydeaqui.ddns.net\/pachuca\/index.php\/wp-json\/wp\/v2\/product_brand?post=58051"},{"taxonomy":"product_cat","embeddable":true,"href":"https:\/\/soydeaqui.ddns.net\/pachuca\/index.php\/wp-json\/wp\/v2\/product_cat?post=58051"},{"taxonomy":"product_tag","embeddable":true,"href":"https:\/\/soydeaqui.ddns.net\/pachuca\/index.php\/wp-json\/wp\/v2\/product_tag?post=58051"}],"curies":[{"name":"wp","href":"https:\/\/api.w.org\/{rel}","templated":true}]}}