{"id":58032,"date":"2026-03-19T04:16:04","date_gmt":"2026-03-19T04:16:04","guid":{"rendered":"https:\/\/soydeaqui.ddns.net\/pachuca\/index.php\/producto\/nudo-perro-abrazadera-acero-forjado-para-cable-de-3-16-galv-inmersion-en-caliente\/"},"modified":"2026-03-19T04:16:16","modified_gmt":"2026-03-19T04:16:16","slug":"nudo-perro-abrazadera-acero-forjado-para-cable-de-3-16-galv-inmersion-en-caliente","status":"publish","type":"product","link":"https:\/\/soydeaqui.ddns.net\/pachuca\/index.php\/producto\/nudo-perro-abrazadera-acero-forjado-para-cable-de-3-16-galv-inmersion-en-caliente\/","title":{"rendered":"Nudo\/ Perro\/ Abrazadera Acero Forjado para Cable de 3\/16&#8243; Galv. Inmersi\u00f3n en Caliente."},"content":{"rendered":"<div style='width: 100%; max-width: 1200px; margin: 0 auto; font-family: sans-serif; line-height: 1.6; color: inherit; background-color: transparent;'>\n<div style='display: flex; flex-wrap: wrap; gap: 30px; margin-bottom: 30px;'>\n<div style='flex: 1 1 300px; min-width: 280px;'>\n<div style='width: 100%;'> <img style='width: 100%; height: auto; border: 1px solid rgba(150&comma;150&comma;150&comma;0.3); border-radius: 8px;' src='https:\/\/ftp3.syscom.mx\/usuarios\/fotos\/KITST68MCLICK1\/200912-syscom_towers.png' alt=''> <\/div>\n<\/p><\/div>\n<div style='flex: 1 1 300px; min-width: 280px;'>\n<h3 style='font-size: 22px; border-bottom: 2px solid currentColor; padding-bottom: 5px; margin-top: 0; color: inherit; opacity: 0.8;'>Caracter\u00edsticas destacadas<\/h3>\n<ul style='padding-left: 20px; font-size: 15px; color: inherit;'>\n<li style='margin-bottom: 5px;'>Fabricado de acero forjado.<\/li>\n<li style='margin-bottom: 5px;'>Recubrimiento de galvanizado por inmersi\u00f3n en caliente.<\/li>\n<li style='margin-bottom: 5px;'>Torque m\u00e1ximo recomendado: 15 N.m<\/li>\n<li style='margin-bottom: 5px;'>Recomendado para retenida de 3\/16&#8242; (<a href='https:\/\/www.syscom.mx\/producto\/S-RET-474-CAM-CAMESA-151128.html' target='_blank' rel='noopener' style='color: #c0392b;'>SRET474CAM<\/a> o <a href='https:\/\/www.syscom.mx\/producto\/SRET-316-DA-SYSCOM-TOWERS-208681.html' target='_blank' rel='noopener' style='color: #c0392b;'>SRET316DA<\/a>)<\/li>\n<li style='margin-bottom: 5px;'>Uso recomendado por amarre: 3 piezas<\/li>\n<li style='margin-bottom: 5px;'>Ideal para carga pesada<\/li>\n<li style='margin-bottom: 5px;'>Recomendado para suspensi\u00f3n o fijaci\u00f3n de torres atirantadas&comma; m\u00e1stiles&comma; postes y otras similares.<\/li>\n<\/ul><\/div>\n<\/p><\/div>\n<div style='display: flex; flex-wrap: wrap; gap: 20px; margin-bottom: 30px;'>\n<div style='flex: 1 1 250px; border: 1px solid rgba(150&comma; 150&comma; 150&comma; 0.4); border-radius: 8px; overflow: hidden; display: flex; flex-direction: column;'>\n<div style='padding: 15px; border-bottom: 1px solid rgba(150&comma; 150&comma; 150&comma; 0.2); font-weight: bold; font-size: 18px; color: inherit;'>Notas de Seguridad<\/div>\n<div style='padding: 15px; color: inherit;'>\n<ul style='padding-left: 20px; margin: 0; font-size: 14px; list-style-type: disc;'>\n<li style='margin-bottom: 5px;'>Usar el mismo tama\u00f1o de grapa para el mismo tama\u00f1o de cable de acero.<\/li>\n<li style='margin-bottom: 5px;'>Nunca use grapas de hierro maleable en aplicaciones cr\u00edticas&comma; de servicio pesado&comma; o para cargas en suspensi\u00f3n&comma; como eslingas&comma; l\u00edneas de suspensi\u00f3n&comma; l\u00edneas de gu\u00eda&comma; l\u00edneas de arrastre&comma; fijaci\u00f3n de carga&comma; andamios&comma; etc.<\/li>\n<li style='margin-bottom: 5px;'>Las grapas de hierro maleable son para hacer terminaciones:<\/li>\n<ul style='padding-left: 20px; margin: 0; font-size: 14px; list-style-type: disc;'>\n<li style='margin-bottom: 5px;'>\u00danicamente para aplicaciones de uso ligero y no-cr\u00edticas como cargas ligeras&comma; pasa-manos&comma; enrejados&comma; protecciones de \u00e1reas&comma; etc.<\/li>\n<li style='margin-bottom: 5px;'>Aplique una primera carga para comprobar el ensamble. Esta carga deber\u00e1 ser igual o mayor al peso que soportar\u00e1. Luego verifique y vuelva a apretar las tuercas al torque recomendado.<\/li>\n<\/ul>\n<\/ul><\/div>\n<\/p><\/div>\n<div style='flex: 1 1 250px; border: 1px solid rgba(150&comma; 150&comma; 150&comma; 0.4); border-radius: 8px; overflow: hidden; display: flex; flex-direction: column;'>\n<div style='padding: 15px; border-bottom: 1px solid rgba(150&comma; 150&comma; 150&comma; 0.2); font-weight: bold; font-size: 18px; color: inherit;'>M\u00e9todo para la instalaci\u00f3n de los Perros<\/div>\n<div style='padding: 15px; color: inherit;'>\n<ol style='padding-left: 20px; margin: 0; font-size: 14px;'>\n<li style='margin-bottom: 5px;'>Recorra el cable la longitud necesaria alrededor del guardacabo&comma; e instale el primer perro a una distancia igual al ancho de su base de la punta extrema del cable. Apriete las tuercas alternadamente hasta el torque especificado.<\/li>\n<li style='margin-bottom: 5px;'>Cuando s\u00f3lo dos perros son necesarios&comma; instale el segundo lo m\u00e1s cerca posible el doblez del cable o del guardacabo&comma; y apriete las tuercas alternadamente hasta el torque especificado. Cuando m\u00e1s de dos perros son requeridos&comma; instale el segundo perro lo m\u00e1s cerca posible el doblez del cable o del guardacabo y gire las tuercas firmemente sin apretar.<\/li>\n<li style='margin-bottom: 5px;'>Instale todos los perros que sean necesarios entre los dos primeros con espacios iguales entre uno y otro&comma; y ubicados en la misma posici\u00f3n. Aseg\u00farese que las tuercas de todos los perros queden apretados de acuerdo al torque especificado.<\/li>\n<li style='margin-bottom: 5px;'>Finalmente&comma; aplique una carga igual o mayor a la que espera usar para probar el ensamble. Enseguida revise&comma; y de ser necesario vuelva a apretar las tuercas de acuerdo al torque recomendado con ayuda de un torqu\u00edmetro.<\/li>\n<\/ol><\/div>\n<\/p><\/div>\n<\/p><\/div>\n<div style='display: flex; flex-wrap: wrap; gap: 30px; margin-bottom: 30px;'>\n<div style='flex: 1 1 300px; min-width: 280px;'>\n<div style='width: 100%;'> <img style='width: 100%; height: auto; border: 1px solid rgba(150&comma;150&comma;150&comma;0.3); border-radius: 8px;' src='https:\/\/ftp3.syscom.mx\/usuarios\/fotos\/NUDO316FJG\/199580-nudos_forjados_2.png' alt=''> <\/div>\n<\/p><\/div>\n<\/p><\/div>\n<\/p><\/div>\n","protected":false},"excerpt":{"rendered":"<p>Nudo\/ Perro\/ Abrazadera Acero Forjado para Cable de 3\/16&#8243; Galv. Inmersi\u00f3n en Caliente.<\/p>\n","protected":false},"featured_media":58031,"comment_status":"open","ping_status":"closed","template":"","meta":[],"product_brand":[],"product_cat":[589],"product_tag":[590,733,246],"class_list":{"0":"post-58032","1":"product","2":"type-product","3":"status-publish","4":"has-post-thumbnail","6":"product_cat-accesorios-para-torres-arriostradas","7":"product_tag-accesorios-para-torres-arriostradas","8":"product_tag-syscom-towers","9":"product_tag-torres-y-mastiles","11":"first","12":"instock","13":"sale","14":"shipping-taxable","15":"purchasable","16":"product-type-simple"},"_links":{"self":[{"href":"https:\/\/soydeaqui.ddns.net\/pachuca\/index.php\/wp-json\/wp\/v2\/product\/58032","targetHints":{"allow":["GET"]}}],"collection":[{"href":"https:\/\/soydeaqui.ddns.net\/pachuca\/index.php\/wp-json\/wp\/v2\/product"}],"about":[{"href":"https:\/\/soydeaqui.ddns.net\/pachuca\/index.php\/wp-json\/wp\/v2\/types\/product"}],"replies":[{"embeddable":true,"href":"https:\/\/soydeaqui.ddns.net\/pachuca\/index.php\/wp-json\/wp\/v2\/comments?post=58032"}],"wp:featuredmedia":[{"embeddable":true,"href":"https:\/\/soydeaqui.ddns.net\/pachuca\/index.php\/wp-json\/wp\/v2\/media\/58031"}],"wp:attachment":[{"href":"https:\/\/soydeaqui.ddns.net\/pachuca\/index.php\/wp-json\/wp\/v2\/media?parent=58032"}],"wp:term":[{"taxonomy":"product_brand","embeddable":true,"href":"https:\/\/soydeaqui.ddns.net\/pachuca\/index.php\/wp-json\/wp\/v2\/product_brand?post=58032"},{"taxonomy":"product_cat","embeddable":true,"href":"https:\/\/soydeaqui.ddns.net\/pachuca\/index.php\/wp-json\/wp\/v2\/product_cat?post=58032"},{"taxonomy":"product_tag","embeddable":true,"href":"https:\/\/soydeaqui.ddns.net\/pachuca\/index.php\/wp-json\/wp\/v2\/product_tag?post=58032"}],"curies":[{"name":"wp","href":"https:\/\/api.w.org\/{rel}","templated":true}]}}