{"id":57976,"date":"2026-03-19T04:14:13","date_gmt":"2026-03-19T04:14:13","guid":{"rendered":"https:\/\/soydeaqui.ddns.net\/pachuca\/index.php\/producto\/fuente-de-poder-de-alta-eficiencia-12-5-amperes-48-vcc-1-unidad-rack-cargador-de-baterias-funcion-lvd\/"},"modified":"2026-03-19T04:14:20","modified_gmt":"2026-03-19T04:14:20","slug":"fuente-de-poder-de-alta-eficiencia-12-5-amperes-48-vcc-1-unidad-rack-cargador-de-baterias-funcion-lvd","status":"publish","type":"product","link":"https:\/\/soydeaqui.ddns.net\/pachuca\/index.php\/producto\/fuente-de-poder-de-alta-eficiencia-12-5-amperes-48-vcc-1-unidad-rack-cargador-de-baterias-funcion-lvd\/","title":{"rendered":"Fuente de Poder de Alta Eficiencia, 12.5 Amperes, 48 Vcc, , 1 Unidad Rack, Cargador de bater\u00edas, Funci\u00f3n  LVD"},"content":{"rendered":"<div style='width: 100%; max-width: 1200px; margin: 0 auto; font-family: sans-serif; line-height: 1.6; color: inherit;'> <!-- Secci\u00f3n de descripci\u00f3n --> <\/p>\n<div style='margin-bottom: 30px;'>\n<p style='margin: 0 0 15px;'>Fuente ICT de la serie PRO de alto rendimiento y alta eficiencia para aplicaciones en 48 Vcc como:<\/p>\n<ul style='padding-left: 20px; margin-bottom: 30px; color: inherit;'>\n<li style='margin-bottom: 5px;'>Comunicaciones inal\u00e1mbricas<\/li>\n<li style='margin-bottom: 5px;'>Sistemas de repetici\u00f3n<\/li>\n<li style='margin-bottom: 5px;'>Sistemas Troncales<\/li>\n<li style='margin-bottom: 5px;'>Amplificadores<\/li>\n<li style='margin-bottom: 5px;'>WiMax<\/li>\n<li style='margin-bottom: 5px;'>Routers<\/li>\n<li style='margin-bottom: 5px;'>Aplicaciones Industriales<\/li>\n<\/ul><\/div>\n<p> <!-- Secci\u00f3n de caracter\u00edsticas --> <\/p>\n<div style='display: flex; flex-wrap: wrap; gap: 30px; margin-bottom: 30px;'>\n<div style='flex: 1 1 300px; min-width: 280px;'>\n<h3 style='font-size: 22px; border-bottom: 2px solid currentColor; padding-bottom: 5px; margin-top: 0; color: inherit; opacity: 0.8;'>Caracter\u00edsticas Generales<\/h3>\n<ul style='padding-left: 20px; font-size: 15px; color: inherit;'>\n<li style='margin-bottom: 5px;'>Dise\u00f1o compacto de 1 unidad rack<\/li>\n<li style='margin-bottom: 5px;'>Corriente continua a 48V: 12.5 A<\/li>\n<li style='margin-bottom: 5px;'>Eficiencia (T\u00edpica) 48 V: 93% @ 240VAC<\/li>\n<li style='margin-bottom: 5px;'>Voltaje de salida: 48 Vcc<\/li>\n<li style='margin-bottom: 5px;'>Rango de voltaje de entrada: 100-265 VCA<\/li>\n<li style='margin-bottom: 5px;'>Rango de frecuencia: 50\/60 Hz<\/li>\n<li style='margin-bottom: 5px;'>Factor de Potencia (T\u00edpico): 0.99<\/li>\n<li style='margin-bottom: 5px;'>Temperatura de operaci\u00f3n: -30\u00b0C a +60\u00b0C<\/li>\n<li style='margin-bottom: 5px;'>Ventiladores de temperatura de velocidad variable<\/li>\n<li style='margin-bottom: 5px; font-weight: bold;'>Incluye una tercer terminal para carga de bater\u00edas<\/li>\n<li style='margin-bottom: 5px;'>Desconexi\u00f3n autom\u00e1tica de bater\u00eda por nivel bajo de voltaje<\/li>\n<li style='margin-bottom: 5px;'>Dimensiones: 163 x 483 x 44 mm<\/li>\n<li style='margin-bottom: 5px;'>Peso: 3.36 Kg<\/li>\n<\/ul><\/div>\n<\/p><\/div>\n<p> <!-- Secci\u00f3n de aplicaci\u00f3n --> <\/p>\n<div style='margin-bottom: 30px;'>\n<p style='margin: 0 0 15px;'>Combine la fuente de la serie PRO con paneles de distribuci\u00f3n de energ\u00eda de la Serie 2 y Serie 3 para crear una soluci\u00f3n completa TCP\/IP de administraci\u00f3n&comma; control y monitoreo de sus equipos de forma remota y reciba alertas por email.<\/p>\n<\/p><\/div>\n<p> <!-- Imagen --> <\/p>\n<div style='margin-bottom: 30px;'> <img style='width: 100%; height: auto; border: 1px solid rgba(150&comma;150&comma;150&comma;0.3); border-radius: 8px;' src='https:\/\/ftp3.syscom.mx\/usuarios\/fotos\/ICT69012SB\/97286-pro__y_panel_jpeg.jpg' alt=''> <\/div>\n<p> <!-- Separador --> <\/p>\n<hr style='border: 0; border-top: 1px solid rgba(150&comma; 150&comma; 150&comma; 0.3); margin: 30px 0;'> <\/div>\n","protected":false},"excerpt":{"rendered":"<p>Fuente de Poder de Alta Eficiencia, 12.5 Amperes, 48 Vcc, , 1 Unidad Rack, Cargador de bater\u00edas, Funci\u00f3n  LVD<\/p>\n","protected":false},"featured_media":57975,"comment_status":"open","ping_status":"closed","template":"","meta":[],"product_brand":[],"product_cat":[874],"product_tag":[142,875,1340],"class_list":{"0":"post-57976","1":"product","2":"type-product","3":"status-publish","4":"has-post-thumbnail","6":"product_cat-fuentes-industriales-de-cd","7":"product_tag-energia","8":"product_tag-fuentes-industriales-de-cd","9":"product_tag-ict","11":"first","12":"instock","13":"sale","14":"shipping-taxable","15":"purchasable","16":"product-type-simple"},"_links":{"self":[{"href":"https:\/\/soydeaqui.ddns.net\/pachuca\/index.php\/wp-json\/wp\/v2\/product\/57976","targetHints":{"allow":["GET"]}}],"collection":[{"href":"https:\/\/soydeaqui.ddns.net\/pachuca\/index.php\/wp-json\/wp\/v2\/product"}],"about":[{"href":"https:\/\/soydeaqui.ddns.net\/pachuca\/index.php\/wp-json\/wp\/v2\/types\/product"}],"replies":[{"embeddable":true,"href":"https:\/\/soydeaqui.ddns.net\/pachuca\/index.php\/wp-json\/wp\/v2\/comments?post=57976"}],"wp:featuredmedia":[{"embeddable":true,"href":"https:\/\/soydeaqui.ddns.net\/pachuca\/index.php\/wp-json\/wp\/v2\/media\/57975"}],"wp:attachment":[{"href":"https:\/\/soydeaqui.ddns.net\/pachuca\/index.php\/wp-json\/wp\/v2\/media?parent=57976"}],"wp:term":[{"taxonomy":"product_brand","embeddable":true,"href":"https:\/\/soydeaqui.ddns.net\/pachuca\/index.php\/wp-json\/wp\/v2\/product_brand?post=57976"},{"taxonomy":"product_cat","embeddable":true,"href":"https:\/\/soydeaqui.ddns.net\/pachuca\/index.php\/wp-json\/wp\/v2\/product_cat?post=57976"},{"taxonomy":"product_tag","embeddable":true,"href":"https:\/\/soydeaqui.ddns.net\/pachuca\/index.php\/wp-json\/wp\/v2\/product_tag?post=57976"}],"curies":[{"name":"wp","href":"https:\/\/api.w.org\/{rel}","templated":true}]}}