{"id":57962,"date":"2026-03-19T04:13:35","date_gmt":"2026-03-19T04:13:35","guid":{"rendered":"https:\/\/soydeaqui.ddns.net\/pachuca\/index.php\/producto\/gps-portatil-gpsmap-86s-con-mapa-base-precargado-incluye-bateria-interna-recargable\/"},"modified":"2026-03-19T04:13:46","modified_gmt":"2026-03-19T04:13:46","slug":"gps-portatil-gpsmap-86s-con-mapa-base-precargado-incluye-bateria-interna-recargable","status":"publish","type":"product","link":"https:\/\/soydeaqui.ddns.net\/pachuca\/index.php\/producto\/gps-portatil-gpsmap-86s-con-mapa-base-precargado-incluye-bateria-interna-recargable\/","title":{"rendered":"GPS port\u00e1til GPSMAP 86s con mapa base precargado, incluye bater\u00eda interna recargable."},"content":{"rendered":"<div style='width: 100%; max-width: 1200px; margin: 0 auto; font-family: sans-serif; line-height: 1.6; color: inherit; background-color: transparent;'>\n<div style='display: flex; flex-wrap: wrap; gap: 30px; margin-bottom: 30px;'>\n<div style='flex: 1 1 300px; min-width: 280px;'>\n<h3 style='font-size: 22px; border-bottom: 2px solid currentColor; padding-bottom: 5px; margin-top: 0; color: inherit; opacity: 0.8;'>Caracter\u00edsticas principales<\/h3>\n<ul style='padding-left: 20px; font-size: 15px; color: inherit;'>\n<li style='margin-bottom: 5px;'>Pantalla de 3&#8242; con 65&comma;000 colores&comma; visible a\u00fan a contraluz del sol<\/li>\n<li style='margin-bottom: 5px;'>Resistente al agua grado IPX7 y adem\u00e1s flota<\/li>\n<li style='margin-bottom: 5px;'>Memoria interna de 16 GB<\/li>\n<li style='margin-bottom: 5px;'>Una ranura para tarjeta microSD<\/li>\n<li style='margin-bottom: 5px;'>Almacena hasta 10&comma;000 puntos de inter\u00e9s y 250 rutas<\/li>\n<li style='margin-bottom: 5px;'>Incluye alt\u00edmetro barom\u00e9trico y br\u00fajula de tres ejes<\/li>\n<li style='margin-bottom: 5px;'>Cuenta con funci\u00f3n de c\u00e1lculo de \u00e1rea y calendario de caza y pesca<\/li>\n<li style='margin-bottom: 5px;'>Bater\u00eda interna recargable de Li-Ion<\/li>\n<\/ul><\/div>\n<\/p><\/div>\n<div style='display: flex; flex-wrap: wrap; gap: 20px; margin-bottom: 30px;'>\n<div style='flex: 1 1 250px; border: 1px solid rgba(150&comma; 150&comma; 150&comma; 0.4); border-radius: 8px; overflow: hidden; display: flex; flex-direction: column;'>\n<div style='padding: 15px; border-bottom: 1px solid rgba(150&comma; 150&comma; 150&comma; 0.2); font-weight: bold; font-size: 18px; color: inherit;'>Incluye<\/div>\n<div style='padding: 15px; color: inherit;'>\n<ul style='padding-left: 20px; margin: 0; font-size: 14px; list-style-type: disc;'>\n<li style='margin-bottom: 5px;'>GPSMAP\u00ae 86s<\/li>\n<li style='margin-bottom: 5px;'>Correa de mano<\/li>\n<li style='margin-bottom: 5px;'>Cable microUSB a USB<\/li>\n<li style='margin-bottom: 5px;'>Documentaci\u00f3n<\/li>\n<\/ul><\/div>\n<\/p><\/div>\n<div style='flex: 1 1 250px; border: 1px solid rgba(150&comma; 150&comma; 150&comma; 0.4); border-radius: 8px; overflow: hidden; display: flex; flex-direction: column;'>\n<div style='padding: 15px; border-bottom: 1px solid rgba(150&comma; 150&comma; 150&comma; 0.2); font-weight: bold; font-size: 18px; color: inherit;'>Especificaciones<\/div>\n<div style='padding: 15px; color: inherit;'>\n<ul style='padding-left: 20px; margin: 0; font-size: 14px; list-style-type: disc;'>\n<li style='margin-bottom: 5px;'><strong>Dimensiones:<\/strong> 6.75 x 17.8 x 4.4 cm<\/li>\n<li style='margin-bottom: 5px;'><strong>Peso:<\/strong> 272 g<\/li>\n<\/ul><\/div>\n<\/p><\/div>\n<\/p><\/div>\n<div style='display: flex; flex-wrap: wrap; gap: 20px; margin-bottom: 30px;'>\n<div style='flex: 1 1 250px; border: 1px solid rgba(150&comma; 150&comma; 150&comma; 0.4); border-radius: 8px; overflow: hidden; display: flex; flex-direction: column;'>\n<div style='padding: 15px; border-bottom: 1px solid rgba(150&comma; 150&comma; 150&comma; 0.2); font-weight: bold; font-size: 18px; color: inherit;'>Mapas y memoria<\/div>\n<div style='padding: 15px; color: inherit;'>\n<ul style='padding-left: 20px; margin: 0; font-size: 14px; list-style-type: disc;'>\n<li style='margin-bottom: 5px;'><strong>POSIBILIDAD DE AGREGAR MAPAS:<\/strong> S\u00ed<\/li>\n<li style='margin-bottom: 5px;'><strong>MAPA BASE:<\/strong> S\u00ed<\/li>\n<li style='margin-bottom: 5px;'><strong>CREACI\u00d3N AUTOM\u00c1TICA DE RUTAS:<\/strong> S\u00ed (con mapas opcionales con informaci\u00f3n detallada de las carreteras)<\/li>\n<li style='margin-bottom: 5px;'><strong>ALMACENAMIENTO Y CAPACIDAD DE CARGA:<\/strong> Tarjeta microSD\u2122 (no incluida)<\/li>\n<li style='margin-bottom: 5px;'><strong>WAYPOINTS:<\/strong> 10&comma;000<\/li>\n<li style='margin-bottom: 5px;'><strong>TRACK LOG:<\/strong> 20&comma;000 puntos&comma; 250 tracks gpx guardados y 300 actividades de ejercicio guardadas<\/li>\n<li style='margin-bottom: 5px;'><strong>RUTAS:<\/strong> 250<\/li>\n<\/ul><\/div>\n<\/p><\/div>\n<div style='flex: 1 1 250px; border: 1px solid rgba(150&comma; 150&comma; 150&comma; 0.4); border-radius: 8px; overflow: hidden; display: flex; flex-direction: column;'>\n<div style='padding: 15px; border-bottom: 1px solid rgba(150&comma; 150&comma; 150&comma; 0.2); font-weight: bold; font-size: 18px; color: inherit;'>Funciones para actividades de ocio al aire libre<\/div>\n<div style='padding: 15px; color: inherit;'>\n<ul style='padding-left: 20px; margin: 0; font-size: 14px; list-style-type: disc;'>\n<li style='margin-bottom: 5px;'><strong>C\u00c1LCULO DE \u00c1REAS:<\/strong> S\u00ed<\/li>\n<li style='margin-bottom: 5px;'><strong>CALENDARIO DE CAZA Y PESCA:<\/strong> S\u00ed<\/li>\n<li style='margin-bottom: 5px;'><strong>INFORMACI\u00d3N ASTRON\u00d3MICA:<\/strong> S\u00ed<\/li>\n<li style='margin-bottom: 5px;'><strong>MODO GEOCACHING:<\/strong> S\u00ed (sin papel)<\/li>\n<li style='margin-bottom: 5px;'><strong>COMPATIBLE CON LOS MAPAS PERSONALIZADOS:<\/strong> S\u00ed<\/li>\n<li style='margin-bottom: 5px;'><strong>VISOR DE IM\u00c1GENES:<\/strong> S\u00ed<\/li>\n<\/ul><\/div>\n<\/p><\/div>\n<\/p><\/div>\n<div style='display: flex; flex-wrap: wrap; gap: 30px; margin-bottom: 30px;'>\n<div style='flex: 1 1 100%; min-width: 280px;'>\n<div style='position: relative; padding-bottom: 56.25%; height: 0; overflow: hidden; margin-bottom: 30px;'>   <\/div>\n<\/p><\/div>\n<\/p><\/div>\n<hr style='border: 0; border-top: 1px solid rgba(150&comma; 150&comma; 150&comma; 0.3); margin: 30px 0;'> <\/div>\n","protected":false},"excerpt":{"rendered":"<p>GPS port\u00e1til GPSMAP 86s con mapa base precargado, incluye bater\u00eda interna recargable.<\/p>\n","protected":false},"featured_media":57961,"comment_status":"open","ping_status":"closed","template":"","meta":[],"product_brand":[],"product_cat":[1679],"product_tag":[1449,1680,1172],"class_list":{"0":"post-57962","1":"product","2":"type-product","3":"status-publish","4":"has-post-thumbnail","6":"product_cat-gps-de-mano-para-uso-al-aire-libre-y-marino","7":"product_tag-garmin","8":"product_tag-gps-de-mano-para-uso-al-aire-libre-y-marino","9":"product_tag-soluciones-marinas","11":"first","12":"outofstock","13":"sale","14":"shipping-taxable","15":"purchasable","16":"product-type-simple"},"_links":{"self":[{"href":"https:\/\/soydeaqui.ddns.net\/pachuca\/index.php\/wp-json\/wp\/v2\/product\/57962","targetHints":{"allow":["GET"]}}],"collection":[{"href":"https:\/\/soydeaqui.ddns.net\/pachuca\/index.php\/wp-json\/wp\/v2\/product"}],"about":[{"href":"https:\/\/soydeaqui.ddns.net\/pachuca\/index.php\/wp-json\/wp\/v2\/types\/product"}],"replies":[{"embeddable":true,"href":"https:\/\/soydeaqui.ddns.net\/pachuca\/index.php\/wp-json\/wp\/v2\/comments?post=57962"}],"wp:featuredmedia":[{"embeddable":true,"href":"https:\/\/soydeaqui.ddns.net\/pachuca\/index.php\/wp-json\/wp\/v2\/media\/57961"}],"wp:attachment":[{"href":"https:\/\/soydeaqui.ddns.net\/pachuca\/index.php\/wp-json\/wp\/v2\/media?parent=57962"}],"wp:term":[{"taxonomy":"product_brand","embeddable":true,"href":"https:\/\/soydeaqui.ddns.net\/pachuca\/index.php\/wp-json\/wp\/v2\/product_brand?post=57962"},{"taxonomy":"product_cat","embeddable":true,"href":"https:\/\/soydeaqui.ddns.net\/pachuca\/index.php\/wp-json\/wp\/v2\/product_cat?post=57962"},{"taxonomy":"product_tag","embeddable":true,"href":"https:\/\/soydeaqui.ddns.net\/pachuca\/index.php\/wp-json\/wp\/v2\/product_tag?post=57962"}],"curies":[{"name":"wp","href":"https:\/\/api.w.org\/{rel}","templated":true}]}}