{"id":57960,"date":"2026-03-19T04:13:31","date_gmt":"2026-03-19T04:13:31","guid":{"rendered":"https:\/\/soydeaqui.ddns.net\/pachuca\/index.php\/producto\/software-cadex-battery-shop-1-para-conectar-hasta-3-analizadores-serie-c7x00\/"},"modified":"2026-03-19T04:13:32","modified_gmt":"2026-03-19T04:13:32","slug":"software-cadex-battery-shop-1-para-conectar-hasta-3-analizadores-serie-c7x00","status":"publish","type":"product","link":"https:\/\/soydeaqui.ddns.net\/pachuca\/index.php\/producto\/software-cadex-battery-shop-1-para-conectar-hasta-3-analizadores-serie-c7x00\/","title":{"rendered":"Software CADEX Battery Shop 1 para conectar hasta 3 analizadores serie C7X00."},"content":{"rendered":"<div style='width: 100%; max-width: 1200px; margin: 0 auto; font-family: sans-serif; line-height: 1.6; color: inherit; background-color: transparent;'>\n<div style='display: flex; flex-wrap: wrap; gap: 30px; margin-bottom: 30px;'>\n<div style='flex: 1 1 300px; min-width: 280px;'>\n<h3 style='font-size: 22px; border-bottom: 2px solid currentColor; padding-bottom: 5px; margin-top: 0; color: inherit; opacity: 0.8;'>Descripci\u00f3n<\/h3>\n<p style='font-size: 15px; color: inherit; margin-bottom: 15px;'>Ning\u00fan sistema est\u00e1 completo sin un software bien dise\u00f1ado. PC-BatteryShop \u2122 mejora los analizadores de bater\u00edas de la serie Cadex C7x000 al poder observar el voltaje&comma; la corriente y la temperatura en gr\u00e1ficos en tiempo real. Avance el analizador Cadex en un verdadero caballo de batalla.<\/p>\n<p style='font-size: 15px; color: inherit; margin-bottom: 15px;'>Nota: BatteryShop es compatible con Windows XP&comma; Windows 7 y Windows 8. No es compatible con Windows Vista o Windows 10.<\/p>\n<\/p><\/div>\n<\/p><\/div>\n<div style='display: flex; flex-wrap: wrap; gap: 20px; margin-bottom: 30px;'>\n<div style='flex: 1 1 250px; border: 1px solid rgba(150&comma; 150&comma; 150&comma; 0.4); border-radius: 8px; overflow: hidden; display: flex; flex-direction: column;'>\n<div style='padding: 15px; border-bottom: 1px solid rgba(150&comma; 150&comma; 150&comma; 0.2); font-weight: bold; font-size: 18px; color: inherit;'>Funcionalidades<\/div>\n<div style='padding: 15px; color: inherit;'>\n<ul style='padding-left: 20px; margin: 0; font-size: 14px; list-style-type: disc;'>\n<li style='margin-bottom: 5px;'>Interfaz de PC sencilla pero potente para controlar y monitorear los analizadores de bater\u00edas<\/li>\n<li style='margin-bottom: 5px;'>Base de datos con m\u00e1s de 3.000 bater\u00edas<\/li>\n<li style='margin-bottom: 5px;'>Analizador de configuraciones de barrido de clic de barras o c\u00f3digo de barras<\/li>\n<li style='margin-bottom: 5px;'>Biblioteca de bater\u00edas editable y descargable<\/li>\n<li style='margin-bottom: 5px;'>Gr\u00e1ficos en tiempo real de voltaje&comma; corriente y temperatura<\/li>\n<\/ul><\/div>\n<\/p><\/div>\n<div style='flex: 1 1 250px; border: 1px solid rgba(150&comma; 150&comma; 150&comma; 0.4); border-radius: 8px; overflow: hidden; display: flex; flex-direction: column;'>\n<div style='padding: 15px; border-bottom: 1px solid rgba(150&comma; 150&comma; 150&comma; 0.2); font-weight: bold; font-size: 18px; color: inherit;'>Especificaciones<\/div>\n<div style='padding: 15px; color: inherit;'>\n<ul style='padding-left: 20px; margin: 0; font-size: 14px; list-style-type: disc;'>\n<li style='margin-bottom: 5px;'>Conectividad: Hasta 3 analizadores serie C7X00<\/li>\n<li style='margin-bottom: 5px;'>Capacidad de operaci\u00f3n: 32 analizadores de la serie Cadex C7x00<\/li>\n<li style='margin-bottom: 5px;'>Servicio de hasta 128 bater\u00edas<\/li>\n<li style='margin-bottom: 5px;'>Sistema operativo compatible: Windows XP&comma; Windows 7 y Windows 8<\/li>\n<li style='margin-bottom: 5px;'>No compatible con: Windows Vista o Windows 10<\/li>\n<\/ul><\/div>\n<\/p><\/div>\n<div style='flex: 1 1 250px; border: 1px solid rgba(150&comma; 150&comma; 150&comma; 0.4); border-radius: 8px; overflow: hidden; display: flex; flex-direction: column;'>\n<div style='padding: 15px; border-bottom: 1px solid rgba(150&comma; 150&comma; 150&comma; 0.2); font-weight: bold; font-size: 18px; color: inherit;'>Notas<\/div>\n<div style='padding: 15px; color: inherit;'>\n<ul style='padding-left: 20px; margin: 0; font-size: 14px; list-style-type: disc;'>\n<li style='margin-bottom: 5px;'>Aplican restricciones dependiendo del nivel del software<\/li>\n<\/ul><\/div>\n<\/p><\/div>\n<\/p><\/div>\n<hr style='border: 0; border-top: 1px solid rgba(150&comma; 150&comma; 150&comma; 0.3); margin: 30px 0;'> <\/div>\n","protected":false},"excerpt":{"rendered":"<p>Software CADEX Battery Shop 1 para conectar hasta 3 analizadores serie C7X00.<\/p>\n","protected":false},"featured_media":32,"comment_status":"open","ping_status":"closed","template":"","meta":[],"product_brand":[],"product_cat":[1676],"product_tag":[1678,1677,931],"class_list":{"0":"post-57960","1":"product","2":"type-product","3":"status-publish","4":"has-post-thumbnail","6":"product_cat-cups-para-analizadores-de-baterias","7":"product_tag-cadex-electronics-inc","8":"product_tag-cups-para-analizadores-de-baterias","9":"product_tag-equipo-de-laboratorio","11":"first","12":"outofstock","13":"sale","14":"shipping-taxable","15":"purchasable","16":"product-type-simple"},"_links":{"self":[{"href":"https:\/\/soydeaqui.ddns.net\/pachuca\/index.php\/wp-json\/wp\/v2\/product\/57960","targetHints":{"allow":["GET"]}}],"collection":[{"href":"https:\/\/soydeaqui.ddns.net\/pachuca\/index.php\/wp-json\/wp\/v2\/product"}],"about":[{"href":"https:\/\/soydeaqui.ddns.net\/pachuca\/index.php\/wp-json\/wp\/v2\/types\/product"}],"replies":[{"embeddable":true,"href":"https:\/\/soydeaqui.ddns.net\/pachuca\/index.php\/wp-json\/wp\/v2\/comments?post=57960"}],"wp:featuredmedia":[{"embeddable":true,"href":"https:\/\/soydeaqui.ddns.net\/pachuca\/index.php\/wp-json\/wp\/v2\/media\/32"}],"wp:attachment":[{"href":"https:\/\/soydeaqui.ddns.net\/pachuca\/index.php\/wp-json\/wp\/v2\/media?parent=57960"}],"wp:term":[{"taxonomy":"product_brand","embeddable":true,"href":"https:\/\/soydeaqui.ddns.net\/pachuca\/index.php\/wp-json\/wp\/v2\/product_brand?post=57960"},{"taxonomy":"product_cat","embeddable":true,"href":"https:\/\/soydeaqui.ddns.net\/pachuca\/index.php\/wp-json\/wp\/v2\/product_cat?post=57960"},{"taxonomy":"product_tag","embeddable":true,"href":"https:\/\/soydeaqui.ddns.net\/pachuca\/index.php\/wp-json\/wp\/v2\/product_tag?post=57960"}],"curies":[{"name":"wp","href":"https:\/\/api.w.org\/{rel}","templated":true}]}}