{"id":5787,"date":"2026-03-18T06:35:27","date_gmt":"2026-03-18T06:35:27","guid":{"rendered":"https:\/\/soydeaqui.ddns.net\/pachuca\/index.php\/producto\/trampa-de-billete-honeywell\/"},"modified":"2026-03-18T06:35:29","modified_gmt":"2026-03-18T06:35:29","slug":"trampa-de-billete-honeywell","status":"publish","type":"product","link":"https:\/\/soydeaqui.ddns.net\/pachuca\/index.php\/producto\/trampa-de-billete-honeywell\/","title":{"rendered":"Trampa de billete Honeywell"},"content":{"rendered":"<div style='width: 100%; max-width: 1200px; margin: 0 auto; font-family: sans-serif; line-height: 1.6; color: inherit; background-color: transparent;'>\n<div style='display: flex; flex-wrap: wrap; gap: 30px; margin-bottom: 30px;'>\n<div style='flex: 1 1 300px; min-width: 280px;'>\n<h3 style='font-size: 22px; border-bottom: 2px solid currentColor; padding-bottom: 5px; margin-top: 0; color: inherit; opacity: 0.8;'>Caracter\u00edsticas Principales<\/h3>\n<ul style='padding-left: 20px; font-size: 15px; color: inherit;'>\n<li style='margin-bottom: 5px;'>Instalaci\u00f3n en cajas registradoras y ventanillas<\/li>\n<li style='margin-bottom: 5px;'>Se\u00f1al inmediata al activarse el mecanismo<\/li>\n<li style='margin-bottom: 5px;'>Interruptor doble polo-doble tiro<\/li>\n<li style='margin-bottom: 5px;'>Compatible con sistemas de alarma<\/li>\n<li style='margin-bottom: 5px;'>F\u00e1cil instalaci\u00f3n y configuraci\u00f3n<\/li>\n<\/ul><\/div>\n<div style='flex: 1 1 300px; min-width: 280px;'>\n<h3 style='font-size: 22px; border-bottom: 2px solid currentColor; padding-bottom: 5px; margin-top: 0; color: inherit; opacity: 0.8;'>Especificaciones T\u00e9cnicas<\/h3>\n<ul style='padding-left: 20px; font-size: 15px; color: inherit;'>\n<li style='margin-bottom: 5px;'><strong>Entrada:<\/strong> 125 Vca 60 Hz 5 A \/ 28 Vcc 0&comma;1 A<\/li>\n<li style='margin-bottom: 5px;'><strong>Interruptor:<\/strong> Doble polo-doble tiro<\/li>\n<li style='margin-bottom: 5px;'><strong>Aplicaci\u00f3n:<\/strong> Cajas registradoras&comma; cajas de seguridad y ventanillas<\/li>\n<li style='margin-bottom: 5px;'><strong>Garant\u00eda:<\/strong> 1 a\u00f1o despu\u00e9s de su venta<\/li>\n<li style='margin-bottom: 5px;'><strong>Pa\u00eds de Origen:<\/strong> M\u00e9xico<\/li>\n<\/ul><\/div>\n<\/p><\/div>\n<div style='display: flex; flex-wrap: wrap; gap: 20px; margin-bottom: 30px;'>\n<div style='flex: 1 1 250px; border: 1px solid rgba(150&comma; 150&comma; 150&comma; 0.4); border-radius: 8px; overflow: hidden; display: flex; flex-direction: column;'>\n<div style='padding: 15px; border-bottom: 1px solid rgba(150&comma; 150&comma; 150&comma; 0.2); font-weight: bold; font-size: 18px; color: inherit;'>Aplicaciones<\/div>\n<div style='padding: 15px; color: inherit;'>\n<ul style='padding-left: 20px; margin: 0; font-size: 14px; list-style-type: disc;'>\n<li style='margin-bottom: 5px;'>Cajas registradoras<\/li>\n<li style='margin-bottom: 5px;'>Cajas de seguridad<\/li>\n<li style='margin-bottom: 5px;'>Ventanillas<\/li>\n<\/ul><\/div>\n<\/p><\/div>\n<div style='flex: 1 1 250px; border: 1px solid rgba(150&comma; 150&comma; 150&comma; 0.4); border-radius: 8px; overflow: hidden; display: flex; flex-direction: column;'>\n<div style='padding: 15px; border-bottom: 1px solid rgba(150&comma; 150&comma; 150&comma; 0.2); font-weight: bold; font-size: 18px; color: inherit;'>Informaci\u00f3n de Garant\u00eda<\/div>\n<div style='padding: 15px; color: inherit;'>\n<ul style='padding-left: 20px; margin: 0; font-size: 14px; list-style-type: disc;'>\n<li style='margin-bottom: 5px;'>Garant\u00eda de 1 a\u00f1o despu\u00e9s de su venta<\/li>\n<li style='margin-bottom: 5px;'>Fabricante: ADEMCO INC.<\/li>\n<li style='margin-bottom: 5px;'>Importador: SISTEMAS Y SERVICIOS DE COMUNICACION&comma; S.A. DE C.V.<\/li>\n<\/ul><\/div>\n<\/p><\/div>\n<div style='flex: 1 1 250px; border: 1px solid rgba(150&comma; 150&comma; 150&comma; 0.4); border-radius: 8px; overflow: hidden; display: flex; flex-direction: column;'>\n<div style='padding: 15px; border-bottom: 1px solid rgba(150&comma; 150&comma; 150&comma; 0.2); font-weight: bold; font-size: 18px; color: inherit;'>Caracter\u00edsticas El\u00e9ctricas<\/div>\n<div style='padding: 15px; color: inherit;'>\n<ul style='padding-left: 20px; margin: 0; font-size: 14px; list-style-type: disc;'>\n<li style='margin-bottom: 5px;'><strong>Voltaje:<\/strong> 125 Vca 60 Hz 5 A \/ 28 Vcc 0&comma;1 A<\/li>\n<li style='margin-bottom: 5px;'><strong>Interruptor:<\/strong> Doble polo-doble tiro<\/li>\n<\/ul><\/div>\n<\/p><\/div>\n<\/p><\/div>\n<div style='display: flex; flex-wrap: wrap; gap: 30px; margin-bottom: 30px;'>\n<div style='flex: 1 1 300px; min-width: 280px;'>\n<h3 style='font-size: 22px; border-bottom: 2px solid currentColor; padding-bottom: 5px; margin-top: 0; color: inherit; opacity: 0.8;'>Notas de Instalaci\u00f3n<\/h3>\n<ul style='padding-left: 20px; font-size: 15px; color: inherit;'>\n<li style='margin-bottom: 5px;'>Este producto debe ser instalado por personal profesional calificado<\/li>\n<li style='margin-bottom: 5px;'>Consulte el instructivo de instalaci\u00f3n disponible en www.syscom.mx<\/li>\n<li style='margin-bottom: 5px;'>Al activarse&comma; se env\u00eda una se\u00f1al inmediata al panel de control<\/li>\n<li style='margin-bottom: 5px;'>Se\u00f1alizaci\u00f3n a oficina principal o central de alarmas<\/li>\n<\/ul><\/div>\n<\/p><\/div>\n<hr style='border: 0; border-top: 1px solid rgba(150&comma; 150&comma; 150&comma; 0.3); margin: 30px 0;'>\n<div style='display: flex; flex-wrap: wrap; gap: 30px; margin-bottom: 30px;'>\n<div style='flex: 1 1 300px; min-width: 280px;'>\n<h3 style='font-size: 22px; border-bottom: 2px solid currentColor; padding-bottom: 5px; margin-top: 0; color: inherit; opacity: 0.8;'>Informaci\u00f3n Adicional<\/h3>\n<ul style='padding-left: 20px; font-size: 15px; color: inherit;'>\n<li style='margin-bottom: 5px;'><strong>Contenido:<\/strong> 1 pieza<\/li>\n<li style='margin-bottom: 5px;'><strong>Pa\u00eds de Origen:<\/strong> M\u00e9xico<\/li>\n<li style='margin-bottom: 5px;'><strong>C\u00f3digo de Barras:<\/strong> Con serie y modelo<\/li>\n<li style='margin-bottom: 5px;'><strong>Marca:<\/strong> Honeywell Home Resideo<\/li>\n<li style='margin-bottom: 5px;'><strong>Modelo:<\/strong> 264<\/li>\n<\/ul><\/div>\n<\/p><\/div>\n<\/p><\/div>\n","protected":false},"excerpt":{"rendered":"<p>Trampa de billete Honeywell<\/p>\n","protected":false},"featured_media":5786,"comment_status":"open","ping_status":"closed","template":"","meta":[],"product_brand":[],"product_cat":[167],"product_tag":[93,168,45],"class_list":{"0":"post-5787","1":"product","2":"type-product","3":"status-publish","4":"has-post-thumbnail","6":"product_cat-botones-de-panico","7":"product_tag-accesorios","8":"product_tag-botones-de-panico","9":"product_tag-honeywell-home-resideo","11":"first","12":"outofstock","13":"sale","14":"shipping-taxable","15":"purchasable","16":"product-type-simple"},"_links":{"self":[{"href":"https:\/\/soydeaqui.ddns.net\/pachuca\/index.php\/wp-json\/wp\/v2\/product\/5787","targetHints":{"allow":["GET"]}}],"collection":[{"href":"https:\/\/soydeaqui.ddns.net\/pachuca\/index.php\/wp-json\/wp\/v2\/product"}],"about":[{"href":"https:\/\/soydeaqui.ddns.net\/pachuca\/index.php\/wp-json\/wp\/v2\/types\/product"}],"replies":[{"embeddable":true,"href":"https:\/\/soydeaqui.ddns.net\/pachuca\/index.php\/wp-json\/wp\/v2\/comments?post=5787"}],"wp:featuredmedia":[{"embeddable":true,"href":"https:\/\/soydeaqui.ddns.net\/pachuca\/index.php\/wp-json\/wp\/v2\/media\/5786"}],"wp:attachment":[{"href":"https:\/\/soydeaqui.ddns.net\/pachuca\/index.php\/wp-json\/wp\/v2\/media?parent=5787"}],"wp:term":[{"taxonomy":"product_brand","embeddable":true,"href":"https:\/\/soydeaqui.ddns.net\/pachuca\/index.php\/wp-json\/wp\/v2\/product_brand?post=5787"},{"taxonomy":"product_cat","embeddable":true,"href":"https:\/\/soydeaqui.ddns.net\/pachuca\/index.php\/wp-json\/wp\/v2\/product_cat?post=5787"},{"taxonomy":"product_tag","embeddable":true,"href":"https:\/\/soydeaqui.ddns.net\/pachuca\/index.php\/wp-json\/wp\/v2\/product_tag?post=5787"}],"curies":[{"name":"wp","href":"https:\/\/api.w.org\/{rel}","templated":true}]}}