{"id":57857,"date":"2026-03-19T04:09:47","date_gmt":"2026-03-19T04:09:47","guid":{"rendered":"https:\/\/soydeaqui.ddns.net\/pachuca\/index.php\/producto\/medidor-digital-de-potencia-en-pantalla-para-el-rango-de-2-mhz-a-6-ghz-dependiendo-del-sensor-provee-lecturas-de-potencia-promedio-verdadera-pico-vswr-pep-etc-compatible-con-sensores-series-4000\/"},"modified":"2026-03-19T04:09:48","modified_gmt":"2026-03-19T04:09:48","slug":"medidor-digital-de-potencia-en-pantalla-para-el-rango-de-2-mhz-a-6-ghz-dependiendo-del-sensor-provee-lecturas-de-potencia-promedio-verdadera-pico-vswr-pep-etc-compatible-con-sensores-series-4000","status":"publish","type":"product","link":"https:\/\/soydeaqui.ddns.net\/pachuca\/index.php\/producto\/medidor-digital-de-potencia-en-pantalla-para-el-rango-de-2-mhz-a-6-ghz-dependiendo-del-sensor-provee-lecturas-de-potencia-promedio-verdadera-pico-vswr-pep-etc-compatible-con-sensores-series-4000\/","title":{"rendered":"Medidor Digital de Potencia en Pantalla, para el Rango de 2 MHz a 6 GHz dependiendo del Sensor, Provee Lecturas de Potencia Promedio Verdadera, Pico, VSWR, PEP etc. Compatible con Sensores Series 4000, 5000 y 7000."},"content":{"rendered":"<div style='width: 100%; max-width: 1200px; margin: 0 auto; font-family: sans-serif; line-height: 1.6; color: inherit; background-color: transparent;'> <!-- Secci\u00f3n de descripci\u00f3n --> <\/p>\n<div style='margin-bottom: 30px;'>\n<h3 style='font-size: 22px; border-bottom: 2px solid currentColor; padding-bottom: 5px; margin-top: 0; color: inherit; opacity: 0.8;'>Medidor Digital de Potencia en Pantalla&comma; 2 MHz a 6 GHz Seg\u00fan el Sensor<\/h3>\n<ul style='padding-left: 20px; font-size: 15px; color: inherit;'>\n<li style='margin-bottom: 5px;'>La nueva pantalla del medidor de potencia RF 5000-NG de Bird transforma el desempe\u00f1o de prueba del medidor de potencia de RF.<\/li>\n<li style='margin-bottom: 5px;'>Un gran paso adelante&comma; este medidor port\u00e1til de mano captura&comma; recopila y muestra las mediciones de potencia de RF en una pantalla t\u00e1ctil de alta resoluci\u00f3n&comma; lo que permite revisar los datos de forma r\u00e1pida y sencilla sobre el terreno o en un laboratorio de ambiente de diagn\u00f3stico y reparaci\u00f3n.<\/li>\n<li style='margin-bottom: 5px;'>Operando en un amplio rango de frecuencia usando uno de los Sensores de Potencia de RF de Bird por USB&comma; el 5000-NG le permite medir r\u00e1pidamente; True Average Power&comma; VSWR&comma; Return Loss y m\u00e1s.<\/li>\n<li style='margin-bottom: 5px;'>Este medidor de potencia totalmente digital detecta autom\u00e1ticamente el sensor en uso y guarda la informaci\u00f3n de la sesi\u00f3n.<\/li>\n<li style='margin-bottom: 5px;'>Toma medidas de potencia de RF&comma; permitiendo un nivel suavizado para lecturas m\u00e1s estables&comma; o retenci\u00f3n m\u00e1xima para detectar la potencia m\u00e1xima.<\/li>\n<li style='margin-bottom: 5px;'>La nueva tableta port\u00e1til y liviana de Bird cuenta con una gran pantalla t\u00e1ctil en color legible a la luz del sol.<\/li>\n<li style='margin-bottom: 5px;'>Esta intuitiva interfaz y f\u00e1cil de usar&comma; ahorra tiempo y asegura una curva de aprendizaje r\u00e1pida para los t\u00e9cnicos.<\/li>\n<\/ul><\/div>\n<p> <!-- Secci\u00f3n de caracter\u00edsticas --> <\/p>\n<div style='display: flex; flex-wrap: wrap; gap: 30px; margin-bottom: 30px;'>\n<div style='flex: 1 1 300px; min-width: 280px;'>\n<h3 style='font-size: 22px; border-bottom: 2px solid currentColor; padding-bottom: 5px; margin-top: 0; color: inherit; opacity: 0.8;'>Caracter\u00edsticas<\/h3>\n<ul style='padding-left: 20px; font-size: 15px; color: inherit;'>\n<li style='margin-bottom: 5px;'><strong>Pantalla:<\/strong> T\u00e1ctil a color resistente de 8\u201d (1280 X 800 pixeles)<\/li>\n<li style='margin-bottom: 5px;'><strong>Sistema de Operaci\u00f3n:<\/strong> Android 5.1<\/li>\n<li style='margin-bottom: 5px;'><strong>Almacenamiento:<\/strong> 16 GB<\/li>\n<li style='margin-bottom: 5px;'><strong>Detecci\u00f3n autom\u00e1tica:<\/strong> De sensores compatibles<\/li>\n<li style='margin-bottom: 5px;'><strong>Duraci\u00f3n de bater\u00eda:<\/strong> 48 horas<\/li>\n<li style='margin-bottom: 5px;'><strong>C\u00e1mara:<\/strong> 5.0 megap\u00edxeles<\/li>\n<li style='margin-bottom: 5px;'><strong>Medici\u00f3n de potencia:<\/strong> Con configuraci\u00f3n sencilla<\/li>\n<li style='margin-bottom: 5px;'><strong>Registro de datos:<\/strong> Visualizaci\u00f3n num\u00e9rica y gr\u00e1fica<\/li>\n<li style='margin-bottom: 5px;'><strong>Transferencia de datos:<\/strong> USB o WiFi<\/li>\n<li style='margin-bottom: 5px;'><strong>Temperatura de Operaci\u00f3n:<\/strong> -20 \u00b0C a 60 \u00b0C<\/li>\n<li style='margin-bottom: 5px;'><strong>Dimensiones:<\/strong> 233 mm x 160 mm x 28 mm<\/li>\n<li style='margin-bottom: 5px;'><strong>Peso:<\/strong> 0.59 kg<\/li>\n<\/ul><\/div>\n<\/p><\/div>\n<p> <!-- Secci\u00f3n de mediciones b\u00e1sicas --> <\/p>\n<div style='margin-bottom: 30px;'>\n<h3 style='font-size: 22px; border-bottom: 2px solid currentColor; padding-bottom: 5px; margin-top: 0; color: inherit; opacity: 0.8;'>Mediciones B\u00e1sicas<\/h3>\n<ul style='padding-left: 20px; font-size: 15px; color: inherit;'>\n<li style='margin-bottom: 5px;'>Potencia promedio real (hacia adelante y reflejada)<\/li>\n<li style='margin-bottom: 5px;'>VSWR&comma; p\u00e9rdida de retorno&comma; rho&comma; eficiencia de coincidencia<\/li>\n<li style='margin-bottom: 5px;'>Potencia pico&comma; relaci\u00f3n pico a promedio&comma; factor de cresta&comma; PEP<\/li>\n<li style='margin-bottom: 5px;'>Potencia de r\u00e1faga y promedio de r\u00e1faga<\/li>\n<li style='margin-bottom: 5px;'>CDF&comma; CCDF &comma; % de confianza<\/li>\n<li style='margin-bottom: 5px;'>Par\u00e1metros de pulso IEEE 194<\/li>\n<li style='margin-bottom: 5px;'>Temperatura del sensor<\/li>\n<\/ul><\/div>\n<p> <!-- Secci\u00f3n de accesorios y sensores --> <\/p>\n<div style='display: flex; flex-wrap: wrap; gap: 30px; margin-bottom: 30px;'>\n<div style='flex: 1 1 300px; min-width: 280px;'>\n<h3 style='font-size: 22px; border-bottom: 2px solid currentColor; padding-bottom: 5px; margin-top: 0; color: inherit; opacity: 0.8;'>Accesorios Est\u00e1ndar<\/h3>\n<ul style='padding-left: 20px; font-size: 15px; color: inherit;'>\n<li style='margin-bottom: 5px;'><strong>5A2653-3R5NL4:<\/strong> Cable USB SeaLatch&comma; 72 pulg<\/li>\n<li style='margin-bottom: 5px;'><strong>5A2653-6L:<\/strong> Cable USB&comma; 72 pulg<\/li>\n<li style='margin-bottom: 5px;'><strong>5B5000-2:<\/strong> Estuche de transporte&comma; blando<\/li>\n<li style='margin-bottom: 5px;'><strong>5B5002-1:<\/strong> Cargador internacional&comma; 5 V&comma; 2&comma;5 A<\/li>\n<li style='margin-bottom: 5px;'><strong>5B5002-2:<\/strong> Cargador EE. UU.&comma; 5 V&comma; 2&comma;5 A<\/li>\n<li style='margin-bottom: 5px;'><strong>SK-TP-112:<\/strong> L\u00e1piz \u00f3ptico<\/li>\n<li style='margin-bottom: 5px;'><strong>920-5000-NG:<\/strong> Manual de instrucciones<\/li>\n<\/ul><\/div>\n<div style='flex: 1 1 300px; min-width: 280px;'>\n<h3 style='font-size: 22px; border-bottom: 2px solid currentColor; padding-bottom: 5px; margin-top: 0; color: inherit; opacity: 0.8;'>Sensores Compatibles<\/h3>\n<ul style='padding-left: 20px; font-size: 15px; color: inherit;'>\n<li style='margin-bottom: 5px;'><strong>5012D:<\/strong> 350 MHz a 4 GHz&comma; 150 mW a 150 W&comma; 400 W pico<\/li>\n<li style='margin-bottom: 5px;'><strong>5014:<\/strong> 2 MHz a 2&comma;7 GHz&comma; 125 mW a 1 kW<\/li>\n<li style='margin-bottom: 5px;'><strong>5016D:<\/strong> 350 MHz a 4.0 GHz&comma; 25 mW a 25 W&comma; 60 W pico<\/li>\n<li style='margin-bottom: 5px;'><strong>5017D:<\/strong> 25 MHz a 1&comma;0 GHz&comma; 500 mW a 500 W&comma; 1300 W pico<\/li>\n<li style='margin-bottom: 5px;'><strong>5017D-AV:<\/strong> 100 MHz a 1&comma;3 MHz&comma; 500 mW a 500 W&comma; 1300 W pico<\/li>\n<li style='margin-bottom: 5px;'><strong>5018D:<\/strong> 150 MHz a 4.0 GHz&comma; 100 mW a 25 W&comma; 60 W pico<\/li>\n<li style='margin-bottom: 5px;'><strong>5019D:<\/strong> 25 MHz a 1&comma;0 GHz&comma; 100 mW a 100 W&comma; 250 W pico<\/li>\n<li style='margin-bottom: 5px;'><strong>7020-1-010101:<\/strong> 350 MHz a 4.0 GHz&comma; 150 mW a 150 W<\/li>\n<li style='margin-bottom: 5px;'><strong>7022:<\/strong> 350 MHz a 6 GHz&comma; 0&comma;25 W a 500 W<\/li>\n<li style='margin-bottom: 5px;'><strong>4042:<\/strong> 100 MHz a 1&comma;0 GHz&comma; 50 W<\/li>\n<li style='margin-bottom: 5px;'><strong>4043:<\/strong> 118 MHz a 940 MHz<\/li>\n<li style='margin-bottom: 5px;'><strong>4044:<\/strong> 144 MHz a 940 MHz&comma; 125 W<\/li>\n<\/ul><\/div>\n<\/p><\/div>\n<p> <!-- Nota final --> <\/p>\n<div style='margin-bottom: 30px;'>\n<p style='font-size: 15px; color: inherit;'><strong>*Pregunte por Tiempo de Entrega<\/strong><\/p>\n<\/p><\/div>\n<p> <!-- Separador final --> <\/p>\n<hr style='border: 0; border-top: 1px solid rgba(150&comma; 150&comma; 150&comma; 0.3); margin: 30px 0;'> <\/div>\n","protected":false},"excerpt":{"rendered":"<p>Medidor Digital de Potencia en Pantalla, para el Rango de 2 MHz a 6 GHz dependiendo del Sensor, Provee Lecturas de Potencia Promedio Verdadera, Pico, VSWR, PEP etc. Compatible con Sensores Series 4000, 5000 y 7000.<\/p>\n","protected":false},"featured_media":57856,"comment_status":"open","ping_status":"closed","template":"","meta":[],"product_brand":[],"product_cat":[1610],"product_tag":[1611,1641,931],"class_list":{"0":"post-57857","1":"product","2":"type-product","3":"status-publish","4":"has-post-thumbnail","6":"product_cat-analizadores-espectro-y-antenas-monitores-de-servicio-y-softwares","7":"product_tag-analizadores-espectro-y-antenas-monitores-de-servicio-y-softwares","8":"product_tag-bird-technologies","9":"product_tag-equipo-de-laboratorio","11":"first","12":"outofstock","13":"sale","14":"shipping-taxable","15":"purchasable","16":"product-type-simple"},"_links":{"self":[{"href":"https:\/\/soydeaqui.ddns.net\/pachuca\/index.php\/wp-json\/wp\/v2\/product\/57857","targetHints":{"allow":["GET"]}}],"collection":[{"href":"https:\/\/soydeaqui.ddns.net\/pachuca\/index.php\/wp-json\/wp\/v2\/product"}],"about":[{"href":"https:\/\/soydeaqui.ddns.net\/pachuca\/index.php\/wp-json\/wp\/v2\/types\/product"}],"replies":[{"embeddable":true,"href":"https:\/\/soydeaqui.ddns.net\/pachuca\/index.php\/wp-json\/wp\/v2\/comments?post=57857"}],"wp:featuredmedia":[{"embeddable":true,"href":"https:\/\/soydeaqui.ddns.net\/pachuca\/index.php\/wp-json\/wp\/v2\/media\/57856"}],"wp:attachment":[{"href":"https:\/\/soydeaqui.ddns.net\/pachuca\/index.php\/wp-json\/wp\/v2\/media?parent=57857"}],"wp:term":[{"taxonomy":"product_brand","embeddable":true,"href":"https:\/\/soydeaqui.ddns.net\/pachuca\/index.php\/wp-json\/wp\/v2\/product_brand?post=57857"},{"taxonomy":"product_cat","embeddable":true,"href":"https:\/\/soydeaqui.ddns.net\/pachuca\/index.php\/wp-json\/wp\/v2\/product_cat?post=57857"},{"taxonomy":"product_tag","embeddable":true,"href":"https:\/\/soydeaqui.ddns.net\/pachuca\/index.php\/wp-json\/wp\/v2\/product_tag?post=57857"}],"curies":[{"name":"wp","href":"https:\/\/api.w.org\/{rel}","templated":true}]}}