{"id":57848,"date":"2026-03-19T04:09:32","date_gmt":"2026-03-19T04:09:32","guid":{"rendered":"https:\/\/soydeaqui.ddns.net\/pachuca\/index.php\/producto\/paquete-principal-hidraulico-reactor-40-con-smartpump-v2-y-ghc-20\/"},"modified":"2026-03-19T04:09:33","modified_gmt":"2026-03-19T04:09:33","slug":"paquete-principal-hidraulico-reactor-40-con-smartpump-v2-y-ghc-20","status":"publish","type":"product","link":"https:\/\/soydeaqui.ddns.net\/pachuca\/index.php\/producto\/paquete-principal-hidraulico-reactor-40-con-smartpump-v2-y-ghc-20\/","title":{"rendered":"Paquete principal hidr\u00e1ulico Reactor\u2122 40 con SmartPump v2 y GHC\u2122 20"},"content":{"rendered":"<div style='width: 100%; max-width: 1200px; margin: 0 auto; font-family: sans-serif; line-height: 1.6; color: inherit; background-color: transparent;'>\n<div style='display: flex; flex-wrap: wrap; gap: 30px; margin-bottom: 30px;'>\n<div style='flex: 1 1 300px; min-width: 280px;'>\n<h3 style='font-size: 22px; border-bottom: 2px solid currentColor; padding-bottom: 5px; margin-top: 0; color: inherit; opacity: 0.8;'>Caracter\u00edsticas<\/h3>\n<ul style='padding-left: 20px; font-size: 15px; color: inherit;'>\n<li style='margin-bottom: 5px;'>Sistema de referencia de actitud y rumbo (AHRS) de estado s\u00f3lido de 9 ejes que se puede instalar en cualquier orientaci\u00f3n<\/li>\n<li style='margin-bottom: 5px;'>Elimina errores de direcci\u00f3n&comma; desviaci\u00f3n del trayecto&comma; movimientos del tim\u00f3n y consumo de energ\u00eda<\/li>\n<li style='margin-bottom: 5px;'>F\u00e1cil puesta en marcha y requerimientos de calibraci\u00f3n m\u00ednimas<\/li>\n<li style='margin-bottom: 5px;'>Se adapta a la mayor\u00eda de las aplicaciones de las embarcaciones con direcci\u00f3n hidr\u00e1ulica<\/li>\n<li style='margin-bottom: 5px;'>Cuenta con tecnolog\u00eda patentada Shadow Drive\u2122 que permite mantener el control incluso cuando el piloto autom\u00e1tico est\u00e1 encendido<\/li>\n<\/ul><\/div>\n<\/p><\/div>\n<div style='display: flex; flex-wrap: wrap; gap: 20px; margin-bottom: 30px;'>\n<div style='flex: 1 1 250px; border: 1px solid rgba(150&comma; 150&comma; 150&comma; 0.4); border-radius: 8px; overflow: hidden; display: flex; flex-direction: column;'>\n<div style='padding: 15px; border-bottom: 1px solid rgba(150&comma; 150&comma; 150&comma; 0.2); font-weight: bold; font-size: 18px; color: inherit;'>Caracter\u00edsticas generales<\/div>\n<div style='padding: 15px; color: inherit;'>\n<ul style='padding-left: 20px; margin: 0; font-size: 14px; list-style-type: disc;'>\n<li style='margin-bottom: 5px;'>Rango de temperatura: de 5\u00b0F a 131\u00b0F (de -15\u00b0C a 55\u00b0C)<\/li>\n<li style='margin-bottom: 5px;'>Material: Unidad de control de electr\u00f3nica (ECU)&comma; totalmente adaptada&comma; aleaci\u00f3n de aluminio; soporte &#8211; acero al carbono; colector &#8211; aleaci\u00f3n de aluminio; motor &#8211; aleaci\u00f3n de aluminio<\/li>\n<li style='margin-bottom: 5px;'>Largo del cable de alimentaci\u00f3n: 9 pies (2&comma;7 m)<\/li>\n<li style='margin-bottom: 5px;'>Energ\u00eda de entrada: 11.5-30 Vcc<\/li>\n<li style='margin-bottom: 5px;'>Fusible: 40 A&comma; tipo aspa<\/li>\n<li style='margin-bottom: 5px;'>Uso de energ\u00eda principal: en espera&comma; menos de 1 A; operando &#8211; 5-10 A; l\u00edmite &#8211; 34 A<\/li>\n<li style='margin-bottom: 5px;'>Tasa de flujo: configurable de 0 a 2&comma;4 L por minuto<\/li>\n<li style='margin-bottom: 5px;'>Compatible con tama\u00f1os de cilindro de direcci\u00f3n desde 4-24 cu in; 7 segundos bloqueo a bloqueo de hasta 17 cu<\/li>\n<\/ul><\/div>\n<\/p><\/div>\n<div style='flex: 1 1 250px; border: 1px solid rgba(150&comma; 150&comma; 150&comma; 0.4); border-radius: 8px; overflow: hidden; display: flex; flex-direction: column;'>\n<div style='padding: 15px; border-bottom: 1px solid rgba(150&comma; 150&comma; 150&comma; 0.2); font-weight: bold; font-size: 18px; color: inherit;'>Incluye<\/div>\n<div style='padding: 15px; color: inherit;'>\n<ul style='padding-left: 20px; margin: 0; font-size: 14px; list-style-type: disc;'>\n<li style='margin-bottom: 5px;'>GHC\u2122 20<\/li>\n<li style='margin-bottom: 5px;'>SmartPump v2<\/li>\n<li style='margin-bottom: 5px;'>CCU (unidad inform\u00e1tica de campo) del Reactor 40<\/li>\n<li style='margin-bottom: 5px;'>Cable de alimentaci\u00f3n ECU (Unidad de Control Electr\u00f3nico)<\/li>\n<li style='margin-bottom: 5px;'>Cable de interconexi\u00f3n<\/li>\n<li style='margin-bottom: 5px;'>Shadow Drive<\/li>\n<li style='margin-bottom: 5px;'>Timbre<\/li>\n<li style='margin-bottom: 5px;'>Cables de ca\u00edda NMEA 2000\u00ae (2 m)<\/li>\n<li style='margin-bottom: 5px;'>Cable de alimentaci\u00f3n NMEA 2000<\/li>\n<li style='margin-bottom: 5px;'>Conectores en T NMEA 2000<\/li>\n<li style='margin-bottom: 5px;'>Terminadores hembra y macho<\/li>\n<li style='margin-bottom: 5px;'>Documentaci\u00f3n<\/li>\n<\/ul><\/div>\n<\/p><\/div>\n<div style='flex: 1 1 250px; border: 1px solid rgba(150&comma; 150&comma; 150&comma; 0.4); border-radius: 8px; overflow: hidden; display: flex; flex-direction: column;'>\n<div style='padding: 15px; border-bottom: 1px solid rgba(150&comma; 150&comma; 150&comma; 0.2); font-weight: bold; font-size: 18px; color: inherit;'>Especificaciones f\u00edsicas<\/div>\n<div style='padding: 15px; color: inherit;'>\n<ul style='padding-left: 20px; margin: 0; font-size: 14px; list-style-type: disc;'>\n<li style='margin-bottom: 5px;'><strong>Dimensiones:<\/strong> (Alto x Ancho x Profundidad): 197 x 190 x 244 mm<\/li>\n<li style='margin-bottom: 5px;'><strong>Peso:<\/strong> 7&comma;5 kg<\/li>\n<\/ul><\/div>\n<\/p><\/div>\n<\/p><\/div>\n<hr style='border: 0; border-top: 1px solid rgba(150&comma; 150&comma; 150&comma; 0.3); margin: 30px 0;'> <\/div>\n","protected":false},"excerpt":{"rendered":"<p>Paquete principal hidr\u00e1ulico Reactor\u2122 40 con SmartPump v2 y GHC\u2122 20<\/p>\n","protected":false},"featured_media":57847,"comment_status":"open","ping_status":"closed","template":"","meta":[],"product_brand":[],"product_cat":[1503],"product_tag":[1449,1504,1172],"class_list":{"0":"post-57848","1":"product","2":"type-product","3":"status-publish","4":"has-post-thumbnail","6":"product_cat-navegacion-marina","7":"product_tag-garmin","8":"product_tag-navegacion-marina","9":"product_tag-soluciones-marinas","11":"first","12":"outofstock","13":"sale","14":"shipping-taxable","15":"purchasable","16":"product-type-simple"},"_links":{"self":[{"href":"https:\/\/soydeaqui.ddns.net\/pachuca\/index.php\/wp-json\/wp\/v2\/product\/57848","targetHints":{"allow":["GET"]}}],"collection":[{"href":"https:\/\/soydeaqui.ddns.net\/pachuca\/index.php\/wp-json\/wp\/v2\/product"}],"about":[{"href":"https:\/\/soydeaqui.ddns.net\/pachuca\/index.php\/wp-json\/wp\/v2\/types\/product"}],"replies":[{"embeddable":true,"href":"https:\/\/soydeaqui.ddns.net\/pachuca\/index.php\/wp-json\/wp\/v2\/comments?post=57848"}],"wp:featuredmedia":[{"embeddable":true,"href":"https:\/\/soydeaqui.ddns.net\/pachuca\/index.php\/wp-json\/wp\/v2\/media\/57847"}],"wp:attachment":[{"href":"https:\/\/soydeaqui.ddns.net\/pachuca\/index.php\/wp-json\/wp\/v2\/media?parent=57848"}],"wp:term":[{"taxonomy":"product_brand","embeddable":true,"href":"https:\/\/soydeaqui.ddns.net\/pachuca\/index.php\/wp-json\/wp\/v2\/product_brand?post=57848"},{"taxonomy":"product_cat","embeddable":true,"href":"https:\/\/soydeaqui.ddns.net\/pachuca\/index.php\/wp-json\/wp\/v2\/product_cat?post=57848"},{"taxonomy":"product_tag","embeddable":true,"href":"https:\/\/soydeaqui.ddns.net\/pachuca\/index.php\/wp-json\/wp\/v2\/product_tag?post=57848"}],"curies":[{"name":"wp","href":"https:\/\/api.w.org\/{rel}","templated":true}]}}