{"id":57844,"date":"2026-03-19T04:09:25","date_gmt":"2026-03-19T04:09:25","guid":{"rendered":"https:\/\/soydeaqui.ddns.net\/pachuca\/index.php\/producto\/kit-de-pantalla-gpsmap723xsv-y-radar-gmr-18hd-de-4-kw\/"},"modified":"2026-03-19T04:09:26","modified_gmt":"2026-03-19T04:09:26","slug":"kit-de-pantalla-gpsmap723xsv-y-radar-gmr-18hd-de-4-kw","status":"publish","type":"product","link":"https:\/\/soydeaqui.ddns.net\/pachuca\/index.php\/producto\/kit-de-pantalla-gpsmap723xsv-y-radar-gmr-18hd-de-4-kw\/","title":{"rendered":"Kit de pantalla GPSMAP723xsv y radar GMR 18HD de 4 kW"},"content":{"rendered":"<div style='width: 100%; max-width: 1200px; margin: 0 auto; font-family: sans-serif; line-height: 1.6; color: inherit; background-color: transparent;'> <!-- T\u00edtulo y subt\u00edtulo --> <\/p>\n<div style='margin-bottom: 30px;'>\n<h1 style='font-size: 32px; margin: 0; color: inherit; font-weight: 600;'>GPSMAP\u00ae 743xsv<\/h1>\n<h2 style='font-size: 1.11em; margin: 10px 0 0; color: inherit; font-weight: 400; opacity: 0.8;'>con radar GMR\u2122 18 HD+ de domo.<\/h2>\n<\/p><\/div>\n<p> <!-- Secci\u00f3n introductoria --> <\/p>\n<div style='margin-bottom: 30px;'>\n<h2 style='font-size: 22px; text-transform: uppercase; letter-spacing: 0.05rem; text-align: center; border-bottom: 2px solid currentColor; padding-bottom: 10px; margin: 0 auto 20px; color: inherit; opacity: 0.8; max-width: 900px;'>DISFRUTA DE UNA VISI\u00d3N M\u00c1S N\u00cdTIDA DESDE EL PUENTE DE MANDO CONECTADO<\/h2>\n<p style='font-size: 16px; margin: 20px 0; color: inherit; text-align: center; max-width: 900px; margin-left: auto; margin-right: auto;'>Con un 60% m\u00e1s de p\u00edxeles de pantalla y casi el doble de potencia de procesamiento que los dispositivos GPSMAP de 7 pulgadas de la generaci\u00f3n anterior&comma; este plotter\/sonda con pantalla n\u00edtida de alta resoluci\u00f3n se integra a la perfecci\u00f3n en el sistema n\u00e1utico de Garmin.<\/p>\n<\/p><\/div>\n<p> <!-- Caracter\u00edsticas principales --> <\/p>\n<div style='margin-bottom: 30px;'>\n<h3 style='font-size: 22px; border-bottom: 2px solid currentColor; padding-bottom: 5px; margin-top: 0; color: inherit; opacity: 0.8;'>Caracter\u00edsticas<\/h3>\n<ul style='padding-left: 20px; font-size: 15px; color: inherit; margin: 15px 0 0;'>\n<li style='margin-bottom: 5px;'>Pantalla de 7&#8242; de alta definici\u00f3n.<\/li>\n<li style='margin-bottom: 5px;'>Radar GMR 18HD de 4 kW<\/li>\n<li style='margin-bottom: 5px;'>Integraci\u00f3n f\u00e1cil a motores.<\/li>\n<li style='margin-bottom: 5px;'>Mapas preinstalados.<\/li>\n<li style='margin-bottom: 5px;'>Pantalla con sonda SideVu y ClearVu integradas.<\/li>\n<li style='margin-bottom: 5px;'>Compatible con sonda Panoptix.<\/li>\n<li style='margin-bottom: 5px;'>Conexi\u00f3n a redes NMEA 2000 y NMEA 0183<\/li>\n<li style='margin-bottom: 5px;'>Integraci\u00f3n a red Garmin para compartir datos con los dem\u00e1s equipos instalados.<\/li>\n<\/ul><\/div>\n<p> <!-- Secci\u00f3n de especificaciones --> <\/p>\n<div style='display: flex; flex-wrap: wrap; gap: 20px; margin-bottom: 30px;'>\n<div style='flex: 1 1 250px; border: 1px solid rgba(150&comma; 150&comma; 150&comma; 0.4); border-radius: 8px; overflow: hidden; display: flex; flex-direction: column; min-width: 280px;'>\n<div style='padding: 15px; border-bottom: 1px solid rgba(150&comma; 150&comma; 150&comma; 0.2); font-weight: bold; font-size: 18px; color: inherit;'>Caracter\u00edsticas f\u00edsicas y de rendimiento de la pantalla<\/div>\n<div style='padding: 15px; color: inherit;'>\n<ul style='padding-left: 20px; margin: 0; font-size: 14px; list-style-type: disc;'>\n<li style='margin-bottom: 5px;'><strong>DIMENSIONES F\u00cdSICAS:<\/strong> 19&comma;2 x 14&comma;0 x 7&comma;4 cm (7&comma;6&#8242; x 5&comma;5&#8242; x 2&comma;9&#8242;)<\/li>\n<li style='margin-bottom: 5px;'><strong>TAMA\u00d1O DE LA PANTALLA:<\/strong> 6&comma;1&#8242; x 3&comma;5&#8242;; 7&comma;0&#8242; en diagonal (15&comma;4 x 9&comma;1 cm; 17&comma;8 cm en diagonal)<\/li>\n<li style='margin-bottom: 5px;'><strong>RESOLUCI\u00d3N:<\/strong> 1024 x 600 (p\u00edxeles)<\/li>\n<li style='margin-bottom: 0px;'><strong>TIPO DE PANTALLA:<\/strong> Pantalla WSVGA<\/li>\n<\/ul><\/div>\n<\/p><\/div>\n<div style='flex: 1 1 250px; border: 1px solid rgba(150&comma; 150&comma; 150&comma; 0.4); border-radius: 8px; overflow: hidden; display: flex; flex-direction: column; min-width: 280px;'>\n<div style='padding: 15px; border-bottom: 1px solid rgba(150&comma; 150&comma; 150&comma; 0.2); font-weight: bold; font-size: 18px; color: inherit;'>Especificaciones adicionales<\/div>\n<div style='padding: 15px; color: inherit;'>\n<ul style='padding-left: 20px; margin: 0; font-size: 14px; list-style-type: disc;'>\n<li style='margin-bottom: 5px;'><strong>PESO:<\/strong> 1&comma;3 kg (2&comma;8 lb)<\/li>\n<li style='margin-bottom: 5px;'><strong>CLASIFICACI\u00d3N DE RESISTENCIA AL AGUA:<\/strong> IPX7<\/li>\n<li style='margin-bottom: 5px;'><strong>OPCIONES DE MONTAJE:<\/strong> En superficie&comma; empotrado o al ras<\/li>\n<li style='margin-bottom: 5px;'><strong>POLARIZED SUPPORT:<\/strong> S\u00ed<\/li>\n<li style='margin-bottom: 5px;'><strong>CONSUMO DE ENERG\u00cdA:<\/strong> Consumo el\u00e9ctrico m\u00e1ximo a 10 V de CC: 17.6 W. Consumo de corriente t\u00edpico a 12 V de CC: 1.1 A. Consumo de corriente m\u00e1ximo a 12 V de CC: 1.5 A<\/li>\n<li style='margin-bottom: 5px;'><strong>ANTENA:<\/strong> Interno o externo por NMEA 2000<\/li>\n<li style='margin-bottom: 5px;'><strong>POTENCIA DE TRANSMISI\u00d3N:<\/strong> 1 kW tradicional; 1 kW CHIRP<\/li>\n<li style='margin-bottom: 5px;'><strong>RECEPTOR:<\/strong> Alta sensibilidad de 10 Hz<\/li>\n<li style='margin-bottom: 0px;'><strong>PUERTOS GARMIN MARINE NETWORK\u2122:<\/strong> 1<\/li>\n<\/ul><\/div>\n<\/p><\/div>\n<div style='flex: 1 1 250px; border: 1px solid rgba(150&comma; 150&comma; 150&comma; 0.4); border-radius: 8px; overflow: hidden; display: flex; flex-direction: column; min-width: 280px;'>\n<div style='padding: 15px; border-bottom: 1px solid rgba(150&comma; 150&comma; 150&comma; 0.2); font-weight: bold; font-size: 18px; color: inherit;'>Especificaciones de radar<\/div>\n<div style='padding: 15px; color: inherit;'>\n<ul style='padding-left: 20px; margin: 0; font-size: 14px; list-style-type: disc;'>\n<li style='margin-bottom: 5px;'><strong>DIMENSIONES F\u00cdSICAS:<\/strong> 50&comma;8 cm de di\u00e1metro&comma; 24&comma;8 cm de altura<\/li>\n<li style='margin-bottom: 5px;'><strong>PESO:<\/strong> 7&comma;7 kg<\/li>\n<li style='margin-bottom: 5px;'><strong>CLASIFICACI\u00d3N DE RESISTENCIA AL AGUA:<\/strong> IPX7<\/li>\n<li style='margin-bottom: 5px;'><strong>POTENCIA DE TRANSMISI\u00d3N:<\/strong> 4 kW<\/li>\n<li style='margin-bottom: 5px;'><strong>ANTENA:<\/strong> 17&#8242; (43.18 cm)<\/li>\n<li style='margin-bottom: 5px;'><strong>ALCANCE DE LA ANTENA:<\/strong> 24\/48 rpm (giro dual)<\/li>\n<li style='margin-bottom: 5px;'><strong>ANCHURA DEL HAZ:<\/strong> 5&comma;2\u00b0 horizontal&comma; 25\u00b0 vertical<\/li>\n<li style='margin-bottom: 5px;'><strong>ESCALA M\u00c1XIMA:<\/strong> 48 nm<\/li>\n<li style='margin-bottom: 5px;'><strong>ESCALA M\u00cdNIMA:<\/strong> 20 metros<\/li>\n<li style='margin-bottom: 0px;'><strong>TIPO DE RADAR:<\/strong> Radomo<\/li>\n<\/ul><\/div>\n<\/p><\/div>\n<\/p><\/div>\n<p> <!-- Separador final --> <\/p>\n<hr style='border: 0; border-top: 1px solid rgba(150&comma; 150&comma; 150&comma; 0.3); margin: 30px 0;'> <\/div>\n","protected":false},"excerpt":{"rendered":"<p>Kit de pantalla GPSMAP723xsv y radar GMR 18HD de 4 kW<\/p>\n","protected":false},"featured_media":57843,"comment_status":"open","ping_status":"closed","template":"","meta":[],"product_brand":[],"product_cat":[1503],"product_tag":[1449,1504,1172],"class_list":{"0":"post-57844","1":"product","2":"type-product","3":"status-publish","4":"has-post-thumbnail","6":"product_cat-navegacion-marina","7":"product_tag-garmin","8":"product_tag-navegacion-marina","9":"product_tag-soluciones-marinas","11":"first","12":"outofstock","13":"sale","14":"shipping-taxable","15":"purchasable","16":"product-type-simple"},"_links":{"self":[{"href":"https:\/\/soydeaqui.ddns.net\/pachuca\/index.php\/wp-json\/wp\/v2\/product\/57844","targetHints":{"allow":["GET"]}}],"collection":[{"href":"https:\/\/soydeaqui.ddns.net\/pachuca\/index.php\/wp-json\/wp\/v2\/product"}],"about":[{"href":"https:\/\/soydeaqui.ddns.net\/pachuca\/index.php\/wp-json\/wp\/v2\/types\/product"}],"replies":[{"embeddable":true,"href":"https:\/\/soydeaqui.ddns.net\/pachuca\/index.php\/wp-json\/wp\/v2\/comments?post=57844"}],"wp:featuredmedia":[{"embeddable":true,"href":"https:\/\/soydeaqui.ddns.net\/pachuca\/index.php\/wp-json\/wp\/v2\/media\/57843"}],"wp:attachment":[{"href":"https:\/\/soydeaqui.ddns.net\/pachuca\/index.php\/wp-json\/wp\/v2\/media?parent=57844"}],"wp:term":[{"taxonomy":"product_brand","embeddable":true,"href":"https:\/\/soydeaqui.ddns.net\/pachuca\/index.php\/wp-json\/wp\/v2\/product_brand?post=57844"},{"taxonomy":"product_cat","embeddable":true,"href":"https:\/\/soydeaqui.ddns.net\/pachuca\/index.php\/wp-json\/wp\/v2\/product_cat?post=57844"},{"taxonomy":"product_tag","embeddable":true,"href":"https:\/\/soydeaqui.ddns.net\/pachuca\/index.php\/wp-json\/wp\/v2\/product_tag?post=57844"}],"curies":[{"name":"wp","href":"https:\/\/api.w.org\/{rel}","templated":true}]}}