{"id":57828,"date":"2026-03-19T04:08:53","date_gmt":"2026-03-19T04:08:53","guid":{"rendered":"https:\/\/soydeaqui.ddns.net\/pachuca\/index.php\/producto\/echomap-uhd-92sv-con-transductor-incluido-gt56uhd-tm\/"},"modified":"2026-03-19T04:09:03","modified_gmt":"2026-03-19T04:09:03","slug":"echomap-uhd-92sv-con-transductor-incluido-gt56uhd-tm","status":"publish","type":"product","link":"https:\/\/soydeaqui.ddns.net\/pachuca\/index.php\/producto\/echomap-uhd-92sv-con-transductor-incluido-gt56uhd-tm\/","title":{"rendered":"ECHOMAP UHD 92sv con transductor incluido GT56UHD-TM"},"content":{"rendered":"<div style='width: 100%; max-width: 1200px; margin: 0 auto; font-family: sans-serif; line-height: 1.6; color: inherit; background-color: transparent;'>\n<div style='display: flex; flex-wrap: wrap; gap: 30px; margin-bottom: 30px;'>\n<div style='flex: 1 1 300px; min-width: 280px;'>\n<h3 style='font-size: 22px; border-bottom: 2px solid currentColor; padding-bottom: 5px; margin-top: 0; color: inherit; opacity: 0.8;'>Caracter\u00edsticas<\/h3>\n<ul style='padding-left: 20px; font-size: 15px; color: inherit;'>\n<li style='margin-bottom: 5px;'>Pantalla t\u00e1ctil de 9&#8242; legible a\u00fan a contraluz del sol.<\/li>\n<li style='margin-bottom: 5px;'>Resistente al agua grado IPX7<\/li>\n<li style='margin-bottom: 5px;'>Potencia de salida de sonda 500 W.<\/li>\n<li style='margin-bottom: 5px;'>Receptor interno GPS de 5 Hz.<\/li>\n<li style='margin-bottom: 5px;'>Incluye mapa base preinstalado.<\/li>\n<li style='margin-bottom: 5px;'>Un puerto para tarjeta microSD para mapas opcionales.<\/li>\n<li style='margin-bottom: 5px;'>Almacena hasta 5000 puntos de inter\u00e9s y 100 rutas.<\/li>\n<li style='margin-bottom: 5px;'>Cuenta con puertos de conexi\u00f3n NMEA 2000 y NMEA 0183.<\/li>\n<li style='margin-bottom: 5px;'>Compatible con transductores de alta definici\u00f3n ClearV\u00fc y SideV\u00fc<\/li>\n<\/ul><\/div>\n<div style='flex: 1 1 300px; min-width: 280px;'>\n<h3 style='font-size: 22px; border-bottom: 2px solid currentColor; padding-bottom: 5px; margin-top: 0; color: inherit; opacity: 0.8;'>Incluye<\/h3>\n<ul style='padding-left: 20px; font-size: 15px; color: inherit;'>\n<li style='margin-bottom: 5px;'>ECHOMAP UHD 92sv.<\/li>\n<li style='margin-bottom: 5px;'>Transductor GT56UHD-TM.<\/li>\n<li style='margin-bottom: 5px;'>Cable para cargar datos.<\/li>\n<li style='margin-bottom: 5px;'>Soporte para montaje empotrado.<\/li>\n<li style='margin-bottom: 5px;'>Tapa de protecci\u00f3n.<\/li>\n<li style='margin-bottom: 5px;'>Montaje.<\/li>\n<li style='margin-bottom: 5px;'>Documentaci\u00f3n.<\/li>\n<\/ul><\/div>\n<\/p><\/div>\n<div style='display: flex; flex-wrap: wrap; gap: 20px; margin-bottom: 30px;'>\n<div style='flex: 1 1 250px; border: 1px solid rgba(150&comma; 150&comma; 150&comma; 0.4); border-radius: 8px; overflow: hidden; display: flex; flex-direction: column;'>\n<div style='padding: 15px; border-bottom: 1px solid rgba(150&comma; 150&comma; 150&comma; 0.2); font-weight: bold; font-size: 18px; color: inherit;'>Especificaciones<\/div>\n<div style='padding: 15px; color: inherit;'>\n<ul style='padding-left: 20px; margin: 0; font-size: 14px; list-style-type: disc;'>\n<li style='margin-bottom: 5px;'><strong>Dimensiones:<\/strong> 28.2 x 16.4 x 6.0 cm.<\/li>\n<li style='margin-bottom: 5px;'><strong>Peso:<\/strong> 1 kg<\/li>\n<\/ul><\/div>\n<\/p><\/div>\n<\/p><\/div>\n<div style='position: relative; padding-bottom: 56.25%; height: 0; overflow: hidden; margin-bottom: 30px;'>   <\/div>\n<\/p><\/div>\n","protected":false},"excerpt":{"rendered":"<p>ECHOMAP UHD 92sv con transductor incluido GT56UHD-TM<\/p>\n","protected":false},"featured_media":57827,"comment_status":"open","ping_status":"closed","template":"","meta":[],"product_brand":[],"product_cat":[1541],"product_tag":[1542,1449,1172],"class_list":{"0":"post-57828","1":"product","2":"type-product","3":"status-publish","4":"has-post-thumbnail","6":"product_cat-equipos-para-pesca-comercial-y-recreativa","7":"product_tag-equipos-para-pesca-comercial-y-recreativa","8":"product_tag-garmin","9":"product_tag-soluciones-marinas","11":"first","12":"outofstock","13":"sale","14":"shipping-taxable","15":"purchasable","16":"product-type-simple"},"_links":{"self":[{"href":"https:\/\/soydeaqui.ddns.net\/pachuca\/index.php\/wp-json\/wp\/v2\/product\/57828","targetHints":{"allow":["GET"]}}],"collection":[{"href":"https:\/\/soydeaqui.ddns.net\/pachuca\/index.php\/wp-json\/wp\/v2\/product"}],"about":[{"href":"https:\/\/soydeaqui.ddns.net\/pachuca\/index.php\/wp-json\/wp\/v2\/types\/product"}],"replies":[{"embeddable":true,"href":"https:\/\/soydeaqui.ddns.net\/pachuca\/index.php\/wp-json\/wp\/v2\/comments?post=57828"}],"wp:featuredmedia":[{"embeddable":true,"href":"https:\/\/soydeaqui.ddns.net\/pachuca\/index.php\/wp-json\/wp\/v2\/media\/57827"}],"wp:attachment":[{"href":"https:\/\/soydeaqui.ddns.net\/pachuca\/index.php\/wp-json\/wp\/v2\/media?parent=57828"}],"wp:term":[{"taxonomy":"product_brand","embeddable":true,"href":"https:\/\/soydeaqui.ddns.net\/pachuca\/index.php\/wp-json\/wp\/v2\/product_brand?post=57828"},{"taxonomy":"product_cat","embeddable":true,"href":"https:\/\/soydeaqui.ddns.net\/pachuca\/index.php\/wp-json\/wp\/v2\/product_cat?post=57828"},{"taxonomy":"product_tag","embeddable":true,"href":"https:\/\/soydeaqui.ddns.net\/pachuca\/index.php\/wp-json\/wp\/v2\/product_tag?post=57828"}],"curies":[{"name":"wp","href":"https:\/\/api.w.org\/{rel}","templated":true}]}}