{"id":57822,"date":"2026-03-19T04:08:44","date_gmt":"2026-03-19T04:08:44","guid":{"rendered":"https:\/\/soydeaqui.ddns.net\/pachuca\/index.php\/producto\/potenciometro-de-carbon-de-10-k-ohm-0-25-watt-15-mm-ajuste-vertical\/"},"modified":"2026-03-19T04:08:45","modified_gmt":"2026-03-19T04:08:45","slug":"potenciometro-de-carbon-de-10-k-ohm-0-25-watt-15-mm-ajuste-vertical","status":"publish","type":"product","link":"https:\/\/soydeaqui.ddns.net\/pachuca\/index.php\/producto\/potenciometro-de-carbon-de-10-k-ohm-0-25-watt-15-mm-ajuste-vertical\/","title":{"rendered":"Potenci\u00f3metro de Carb\u00f3n de 10 k Ohm, 0.25 Watt 15 mm Ajuste Vertical."},"content":{"rendered":"<div style='width: 100%; max-width: 1200px; margin: 0 auto; font-family: sans-serif; line-height: 1.6; color: inherit; background-color: transparent;'> <!-- Secci\u00f3n de caracter\u00edsticas principales --> <\/p>\n<div style='display: flex; flex-wrap: wrap; gap: 30px; margin-bottom: 30px;'>\n<div style='flex: 1 1 300px; min-width: 280px;'>\n<h3 style='font-size: 22px; border-bottom: 2px solid currentColor; padding-bottom: 5px; margin-top: 0; color: inherit; opacity: 0.8;'>Caracter\u00edsticas Principales<\/h3>\n<ul style='padding-left: 20px; font-size: 15px; color: inherit;'>\n<li>Resistencia: 10 k\u03a9<\/li>\n<li>Potencia: 0.25 W (Nominal)<\/li>\n<li>Elemento Resistivo: Cermet (Sustrato de Al\u00famina)<\/li>\n<li>Protecci\u00f3n: IP54 conforme a IEC 60529<\/li>\n<li>Rango de Temperatura de Operaci\u00f3n: -40\u00b0C a +90\u00b0C<\/li>\n<li>\u00c1ngulo de Rotaci\u00f3n Mec\u00e1nica: 265\u00b0 \u00b15%<\/li>\n<\/ul><\/div>\n<\/p><\/div>\n<p> <!-- Secci\u00f3n de especificaciones t\u00e9cnicas --> <\/p>\n<div style='display: flex; flex-wrap: wrap; gap: 20px; margin-bottom: 30px;'>\n<div style='flex: 1 1 250px; border: 1px solid rgba(150&comma; 150&comma; 150&comma; 0.4); border-radius: 8px; overflow: hidden; display: flex; flex-direction: column;'>\n<div style='padding: 15px; border-bottom: 1px solid rgba(150&comma; 150&comma; 150&comma; 0.2); font-weight: bold; font-size: 18px; color: inherit;'>Especificaciones Mec\u00e1nicas<\/div>\n<div style='padding: 15px; color: inherit;'>\n<ul style='padding-left: 20px; margin: 0; font-size: 14px; list-style-type: disc;'>\n<li>Di\u00e1metro: 15 mm<\/li>\n<li>Montaje: Horizontal para PCB<\/li>\n<li>Ajuste: Vertical<\/li>\n<li>Torque: 0.5 a 2.5 Ncm<\/li>\n<li>Torque de paro: >10 Ncm<\/li>\n<li>Vida \u00fatil: Hasta 100&comma;000 ciclos<\/li>\n<li>Material del Cuerpo: Pl\u00e1stico UL94V-0<\/li>\n<\/ul><\/div>\n<\/p><\/div>\n<div style='flex: 1 1 250px; border: 1px solid rgba(150&comma; 150&comma; 150&comma; 0.4); border-radius: 8px; overflow: hidden; display: flex; flex-direction: column;'>\n<div style='padding: 15px; border-bottom: 1px solid rgba(150&comma; 150&comma; 150&comma; 0.2); font-weight: bold; font-size: 18px; color: inherit;'>Especificaciones El\u00e9ctricas<\/div>\n<div style='padding: 15px; color: inherit;'>\n<ul style='padding-left: 20px; margin: 0; font-size: 14px; list-style-type: disc;'>\n<li>Tolerancia: \u00b120%<\/li>\n<li>\u00c1ngulo de Rotaci\u00f3n El\u00e9ctrica: 240\u00b0 \u00b120%<\/li>\n<li>Voltaje M\u00e1ximo: 125 Vcc (No lineal)<\/li>\n<li>Resistencia Residual: 0.5% Rn (5 min)<\/li>\n<li>Ruido Equivalente: 3% Rn (3 min)<\/li>\n<\/ul><\/div>\n<\/p><\/div>\n<div style='flex: 1 1 250px; border: 1px solid rgba(150&comma; 150&comma; 150&comma; 0.4); border-radius: 8px; overflow: hidden; display: flex; flex-direction: column;'>\n<div style='padding: 15px; border-bottom: 1px solid rgba(150&comma; 150&comma; 150&comma; 0.2); font-weight: bold; font-size: 18px; color: inherit;'>Caracter\u00edsticas Adicionales<\/div>\n<div style='padding: 15px; color: inherit;'>\n<ul style='padding-left: 20px; margin: 0; font-size: 14px; list-style-type: disc;'>\n<li>Material del Eje: Acero<\/li>\n<li>Posici\u00f3n del Limpiador: Inicial<\/li>\n<li>Tipo de Terminales: Terminales de acero<\/li>\n<li>Color del Rotor: Blanco<\/li>\n<li>Color del Eje: Natural<\/li>\n<\/ul><\/div>\n<\/p><\/div>\n<\/p><\/div>\n<p> <!-- Secci\u00f3n de aplicaciones --> <\/p>\n<div style='display: flex; flex-wrap: wrap; gap: 30px; margin-bottom: 30px;'>\n<div style='flex: 1 1 300px; min-width: 280px;'>\n<h3 style='font-size: 22px; border-bottom: 2px solid currentColor; padding-bottom: 5px; margin-top: 0; color: inherit; opacity: 0.8;'>Aplicaciones<\/h3>\n<ul style='padding-left: 20px; font-size: 15px; color: inherit;'>\n<li>Hornos<\/li>\n<li>Estufas<\/li>\n<li>Lavavajillas<\/li>\n<li>Control de iluminaci\u00f3n (dimmer)<\/li>\n<li>Herramientas el\u00e9ctricas<\/li>\n<li>Lavadoras<\/li>\n<li>Sistemas HVAC<\/li>\n<\/ul><\/div>\n<\/p><\/div>\n<p> <!-- Separador --> <\/p>\n<hr style='border: 0; border-top: 1px solid rgba(150&comma; 150&comma; 150&comma; 0.3); margin: 30px 0;'> <!-- Secci\u00f3n de informaci\u00f3n adicional --> <\/p>\n<div style='display: flex; flex-wrap: wrap; gap: 30px;'>\n<div style='flex: 1 1 300px; min-width: 280px;'>\n<h3 style='font-size: 22px; border-bottom: 2px solid currentColor; padding-bottom: 5px; margin-top: 0; color: inherit; opacity: 0.8;'>Informaci\u00f3n Adicional<\/h3>\n<ul style='padding-left: 20px; font-size: 15px; color: inherit;'>\n<li>Modelo: PT15LH01-223A2020<\/li>\n<li>Montaje: Horizontal<\/li>\n<li>Tipo de Rotor: Rotor F<\/li>\n<li>Versi\u00f3n: No flameable<\/li>\n<li>Posici\u00f3n del Limpiador: Inicial<\/li>\n<li>Torque: Est\u00e1ndar<\/li>\n<li>Vida \u00fatil: 1000 ciclos<\/li>\n<\/ul><\/div>\n<\/p><\/div>\n<\/p><\/div>\n","protected":false},"excerpt":{"rendered":"<p>Potenci\u00f3metro de Carb\u00f3n de 10 k Ohm, 0.25 Watt 15 mm Ajuste Vertical.<\/p>\n","protected":false},"featured_media":57821,"comment_status":"open","ping_status":"closed","template":"","meta":[],"product_brand":[],"product_cat":[1501],"product_tag":[1502,751,63],"class_list":{"0":"post-57822","1":"product","2":"type-product","3":"status-publish","4":"has-post-thumbnail","6":"product_cat-miscelaneo","7":"product_tag-miscelaneo","8":"product_tag-refacciones","9":"product_tag-syscom","11":"first","12":"outofstock","13":"sale","14":"shipping-taxable","15":"purchasable","16":"product-type-simple"},"_links":{"self":[{"href":"https:\/\/soydeaqui.ddns.net\/pachuca\/index.php\/wp-json\/wp\/v2\/product\/57822","targetHints":{"allow":["GET"]}}],"collection":[{"href":"https:\/\/soydeaqui.ddns.net\/pachuca\/index.php\/wp-json\/wp\/v2\/product"}],"about":[{"href":"https:\/\/soydeaqui.ddns.net\/pachuca\/index.php\/wp-json\/wp\/v2\/types\/product"}],"replies":[{"embeddable":true,"href":"https:\/\/soydeaqui.ddns.net\/pachuca\/index.php\/wp-json\/wp\/v2\/comments?post=57822"}],"wp:featuredmedia":[{"embeddable":true,"href":"https:\/\/soydeaqui.ddns.net\/pachuca\/index.php\/wp-json\/wp\/v2\/media\/57821"}],"wp:attachment":[{"href":"https:\/\/soydeaqui.ddns.net\/pachuca\/index.php\/wp-json\/wp\/v2\/media?parent=57822"}],"wp:term":[{"taxonomy":"product_brand","embeddable":true,"href":"https:\/\/soydeaqui.ddns.net\/pachuca\/index.php\/wp-json\/wp\/v2\/product_brand?post=57822"},{"taxonomy":"product_cat","embeddable":true,"href":"https:\/\/soydeaqui.ddns.net\/pachuca\/index.php\/wp-json\/wp\/v2\/product_cat?post=57822"},{"taxonomy":"product_tag","embeddable":true,"href":"https:\/\/soydeaqui.ddns.net\/pachuca\/index.php\/wp-json\/wp\/v2\/product_tag?post=57822"}],"curies":[{"name":"wp","href":"https:\/\/api.w.org\/{rel}","templated":true}]}}