{"id":57820,"date":"2026-03-19T04:08:41","date_gmt":"2026-03-19T04:08:41","guid":{"rendered":"https:\/\/soydeaqui.ddns.net\/pachuca\/index.php\/producto\/filtro-cavidad-pasa-banda-para-banda-aerea-108-138-mhz-90-400-watt-n-hembras-dimensiones-111-x-17-8-cm\/"},"modified":"2026-03-19T04:08:42","modified_gmt":"2026-03-19T04:08:42","slug":"filtro-cavidad-pasa-banda-para-banda-aerea-108-138-mhz-90-400-watt-n-hembras-dimensiones-111-x-17-8-cm","status":"publish","type":"product","link":"https:\/\/soydeaqui.ddns.net\/pachuca\/index.php\/producto\/filtro-cavidad-pasa-banda-para-banda-aerea-108-138-mhz-90-400-watt-n-hembras-dimensiones-111-x-17-8-cm\/","title":{"rendered":"Filtro Cavidad Pasa Banda para Banda A\u00e9rea, 108-138 MHz, 90-400 Watt, N Hembras. Dimensiones: 111 X 17.8 cm."},"content":{"rendered":"<div style='width: 100%; max-width: 1200px; margin: 0 auto; font-family: sans-serif; line-height: 1.6; color: inherit; background-color: transparent;'> <!-- Secci\u00f3n de caracter\u00edsticas principales --> <\/p>\n<div style='display: flex; flex-wrap: wrap; gap: 30px; margin-bottom: 30px;'>\n<div style='flex: 1 1 300px; min-width: 280px;'>\n<h3 style='font-size: 22px; border-bottom: 2px solid currentColor; padding-bottom: 5px; margin-top: 0; color: inherit; opacity: 0.8;'>Caracter\u00edsticas Principales<\/h3>\n<ul style='padding-left: 20px; font-size: 15px; color: inherit;'>\n<li style='margin-bottom: 5px;'>Filtros Pasa Banda de 1\/4 de onda<\/li>\n<li style='margin-bottom: 5px;'>Dise\u00f1o de alta calidad para reducir interferencias<\/li>\n<li style='margin-bottom: 5px;'>Conductores internos de cobre\/bronce con ba\u00f1o de plata<\/li>\n<li style='margin-bottom: 5px;'>Temperatura compensada para m\u00ednima deriva de frecuencia<\/li>\n<li style='margin-bottom: 5px;'>Acabado con recubrimiento qu\u00edmico para protecci\u00f3n contra corrosi\u00f3n<\/li>\n<li style='margin-bottom: 5px;'>Dise\u00f1ado para tolerancias extremadamente ajustadas<\/li>\n<\/ul><\/div>\n<div style='flex: 1 1 300px; min-width: 280px;'>\n<h3 style='font-size: 22px; border-bottom: 2px solid currentColor; padding-bottom: 5px; margin-top: 0; color: inherit; opacity: 0.8;'>Aplicaciones<\/h3>\n<ul style='padding-left: 20px; font-size: 15px; color: inherit;'>\n<li style='margin-bottom: 5px;'>Protecci\u00f3n de receptores contra sobrecarga de transmisores co-localizados<\/li>\n<li style='margin-bottom: 5px;'>Supresi\u00f3n de generaci\u00f3n de IM (Intermodulaci\u00f3n)<\/li>\n<li style='margin-bottom: 5px;'>Supresi\u00f3n de ruido de banda lateral de transmisores<\/li>\n<li style='margin-bottom: 5px;'>Protecci\u00f3n general contra m\u00faltiples fuentes de interferencia<\/li>\n<li style='margin-bottom: 5px;'>Recomendado para \u00e1reas con alta interferencia<\/li>\n<\/ul><\/div>\n<\/p><\/div>\n<p> <!-- Secci\u00f3n de especificaciones t\u00e9cnicas --> <\/p>\n<div style='display: flex; flex-wrap: wrap; gap: 20px; margin-bottom: 30px;'>\n<div style='flex: 1 1 250px; border: 1px solid rgba(150&comma; 150&comma; 150&comma; 0.4); border-radius: 8px; overflow: hidden; display: flex; flex-direction: column;'>\n<div style='padding: 15px; border-bottom: 1px solid rgba(150&comma; 150&comma; 150&comma; 0.2); font-weight: bold; font-size: 18px; color: inherit;'>Especificaciones El\u00e9ctricas<\/div>\n<div style='padding: 15px; color: inherit;'>\n<ul style='padding-left: 20px; margin: 0; font-size: 14px; list-style-type: disc;'>\n<li style='margin-bottom: 5px;'><strong>Rango de Frecuencia:<\/strong> 108-138 MHz<\/li>\n<li style='margin-bottom: 5px;'><strong>Impedancia:<\/strong> 50 \u03a9<\/li>\n<li style='margin-bottom: 5px;'><strong>P\u00e9rdida por Inserci\u00f3n M\u00ednima:<\/strong> 0.5 dB<\/li>\n<li style='margin-bottom: 5px;'><strong>P\u00e9rdida por Inserci\u00f3n M\u00e1xima:<\/strong> 3 dB<\/li>\n<li style='margin-bottom: 5px;'><strong>VSWR (m\u00e1x.):<\/strong> 1.5:1<\/li>\n<li style='margin-bottom: 5px;'><strong>Potencia M\u00e1xima:<\/strong> 90-400 W<\/li>\n<li style='margin-bottom: 5px;'><strong>Conectores:<\/strong> N Hembra (entrada y salida)<\/li>\n<\/ul><\/div>\n<\/p><\/div>\n<div style='flex: 1 1 250px; border: 1px solid rgba(150&comma; 150&comma; 150&comma; 0.4); border-radius: 8px; overflow: hidden; display: flex; flex-direction: column;'>\n<div style='padding: 15px; border-bottom: 1px solid rgba(150&comma; 150&comma; 150&comma; 0.2); font-weight: bold; font-size: 18px; color: inherit;'>Especificaciones Mec\u00e1nicas<\/div>\n<div style='padding: 15px; color: inherit;'>\n<ul style='padding-left: 20px; margin: 0; font-size: 14px; list-style-type: disc;'>\n<li style='margin-bottom: 5px;'><strong>Dimensiones:<\/strong> 111.1 x 17.8 cm<\/li>\n<li style='margin-bottom: 5px;'><strong>Peso:<\/strong> 6.81 kg<\/li>\n<li style='margin-bottom: 5px;'><strong>Dimensiones de Env\u00edo:<\/strong> 114.3 x 22.9 cm<\/li>\n<li style='margin-bottom: 5px;'><strong>Peso de Env\u00edo:<\/strong> 6.81 kg<\/li>\n<li style='margin-bottom: 5px;'><strong>Acabado:<\/strong> Recubrimiento qu\u00edmico<\/li>\n<\/ul><\/div>\n<\/p><\/div>\n<div style='flex: 1 1 250px; border: 1px solid rgba(150&comma; 150&comma; 150&comma; 0.4); border-radius: 8px; overflow: hidden; display: flex; flex-direction: column;'>\n<div style='padding: 15px; border-bottom: 1px solid rgba(150&comma; 150&comma; 150&comma; 0.2); font-weight: bold; font-size: 18px; color: inherit;'>Especificaciones Ambientales<\/div>\n<div style='padding: 15px; color: inherit;'>\n<ul style='padding-left: 20px; margin: 0; font-size: 14px; list-style-type: disc;'>\n<li style='margin-bottom: 5px;'><strong>Rango de Temperatura:<\/strong> -40 \u00b0C a +60 \u00b0C<\/li>\n<\/ul><\/div>\n<\/p><\/div>\n<\/p><\/div>\n<p> <!-- Separador --> <\/p>\n<hr style='border: 0; border-top: 1px solid rgba(150&comma; 150&comma; 150&comma; 0.3); margin: 30px 0;'> <!-- Nota de entrega --> <\/p>\n<div style='margin-top: 30px; font-size: 15px; color: inherit;'>\n<p style='margin: 0;'><strong>*Pregunte tiempo de entrega.<\/strong><\/p>\n<\/p><\/div>\n<\/p><\/div>\n","protected":false},"excerpt":{"rendered":"<p>Filtro Cavidad Pasa Banda para Banda A\u00e9rea, 108-138 MHz, 90-400 Watt, N Hembras. Dimensiones: 111 X 17.8 cm.<\/p>\n","protected":false},"featured_media":57819,"comment_status":"open","ping_status":"closed","template":"","meta":[],"product_brand":[],"product_cat":[1669],"product_tag":[1670,1660,1671],"class_list":{"0":"post-57820","1":"product","2":"type-product","3":"status-publish","4":"has-post-thumbnail","6":"product_cat-cavidades-pasa-banda","7":"product_tag-cavidades-pasa-banda","8":"product_tag-filtros-y-sistemas-en-rf","9":"product_tag-sinclair","11":"first","12":"outofstock","13":"sale","14":"shipping-taxable","15":"purchasable","16":"product-type-simple"},"_links":{"self":[{"href":"https:\/\/soydeaqui.ddns.net\/pachuca\/index.php\/wp-json\/wp\/v2\/product\/57820","targetHints":{"allow":["GET"]}}],"collection":[{"href":"https:\/\/soydeaqui.ddns.net\/pachuca\/index.php\/wp-json\/wp\/v2\/product"}],"about":[{"href":"https:\/\/soydeaqui.ddns.net\/pachuca\/index.php\/wp-json\/wp\/v2\/types\/product"}],"replies":[{"embeddable":true,"href":"https:\/\/soydeaqui.ddns.net\/pachuca\/index.php\/wp-json\/wp\/v2\/comments?post=57820"}],"wp:featuredmedia":[{"embeddable":true,"href":"https:\/\/soydeaqui.ddns.net\/pachuca\/index.php\/wp-json\/wp\/v2\/media\/57819"}],"wp:attachment":[{"href":"https:\/\/soydeaqui.ddns.net\/pachuca\/index.php\/wp-json\/wp\/v2\/media?parent=57820"}],"wp:term":[{"taxonomy":"product_brand","embeddable":true,"href":"https:\/\/soydeaqui.ddns.net\/pachuca\/index.php\/wp-json\/wp\/v2\/product_brand?post=57820"},{"taxonomy":"product_cat","embeddable":true,"href":"https:\/\/soydeaqui.ddns.net\/pachuca\/index.php\/wp-json\/wp\/v2\/product_cat?post=57820"},{"taxonomy":"product_tag","embeddable":true,"href":"https:\/\/soydeaqui.ddns.net\/pachuca\/index.php\/wp-json\/wp\/v2\/product_tag?post=57820"}],"curies":[{"name":"wp","href":"https:\/\/api.w.org\/{rel}","templated":true}]}}