{"id":57813,"date":"2026-03-19T04:08:26","date_gmt":"2026-03-19T04:08:26","guid":{"rendered":"https:\/\/soydeaqui.ddns.net\/pachuca\/index.php\/producto\/kit-amplificador-de-senal-celular-4g-3g-volte-y-voz-convencional-drive-reach-otr-especial-para-tractocamion-y-pick-up-pesados-soporta-multiples-dispositivos-y-companias-como-telcel-att-y-movist\/"},"modified":"2026-03-19T04:08:37","modified_gmt":"2026-03-19T04:08:37","slug":"kit-amplificador-de-senal-celular-4g-3g-volte-y-voz-convencional-drive-reach-otr-especial-para-tractocamion-y-pick-up-pesados-soporta-multiples-dispositivos-y-companias-como-telcel-att-y-movist","status":"publish","type":"product","link":"https:\/\/soydeaqui.ddns.net\/pachuca\/index.php\/producto\/kit-amplificador-de-senal-celular-4g-3g-volte-y-voz-convencional-drive-reach-otr-especial-para-tractocamion-y-pick-up-pesados-soporta-multiples-dispositivos-y-companias-como-telcel-att-y-movist\/","title":{"rendered":"KIT Amplificador de Se\u00f1al Celular 4G, 3G, VoLTE y Voz Convencional, Drive Reach OTR\/ Especial para Tractocami\u00f3n y Pick up Pesados\/ Soporta m\u00faltiples dispositivos y compa\u00f1\u00edas como Telcel, AT&#038;T y Movistar a la vez."},"content":{"rendered":"<div style='width: 100%; max-width: 1200px; margin: 0 auto; font-family: sans-serif; line-height: 1.6; color: inherit;'>\n<div style='width: 100%;'> <img style='width: 100%; height: auto; border: 1px solid rgba(150&comma;150&comma;150&comma;0.3); border-radius: 8px;' src='http:\/\/ftp3.syscom.mx\/usuarios\/sapodaca\/Amplificadores\/BANNER-WEBOOST.jpg' alt='Banner Weboost'> <\/div>\n<div style='margin-top: 30px;'>\n<p>Drive Reach OTR es nuestro amplificador de se\u00f1al celular multiusuario m\u00e1s potente para Tractocamiones. Est\u00e1 dise\u00f1ado para alcanzar torres de telefon\u00eda celular a distancias de hasta un 74% m\u00e1s que el weBoost Drive 4G-X OTR.<\/p>\n<p>Con su antena OTR omnidireccional redise\u00f1ada y duradera&comma; Drive Reach OTR detiene las llamadas interrumpidas al tiempo que mejora la calidad de la voz&comma; la velocidad de los datos&comma; la capacidad de transmisi\u00f3n y m\u00e1s en la carretera.<\/p>\n<p>Drive Reach OTR funciona en todas las redes de operadores de M\u00e9xico&comma; LATAM y EEUU. Y es compatible con todos los tel\u00e9fonos y otros dispositivos m\u00f3viles (incluidos ELD y telem\u00e1tica)&comma; ya que admite simult\u00e1neamente varios usuarios.<\/p>\n<\/p><\/div>\n<div style='margin-top: 30px;'>\n<h3 style='font-size: 22px; border-bottom: 2px solid currentColor; padding-bottom: 5px; margin-top: 0; color: inherit; opacity: 0.8;'>Caracter\u00edsticas<\/h3>\n<ul style='padding-left: 20px; font-size: 15px; color: inherit;'>\n<li>Aumenta la se\u00f1al de todos los proveedores de telefonia m\u00f3vil.<\/li>\n<li>Todos los componentes necesarios para la instalaci\u00f3n en un paquete.<\/li>\n<li>Instrucciones sencillas y f\u00e1cil instalaci\u00f3n.<\/li>\n<\/ul><\/div>\n<div style='margin-top: 30px;'>\n<h3 style='font-size: 22px; border-bottom: 2px solid currentColor; padding-bottom: 5px; margin-top: 0; color: inherit; opacity: 0.8;'>Beneficios<\/h3>\n<ul style='padding-left: 20px; font-size: 15px; color: inherit;'>\n<li>Ampl\u00eda el rango de se\u00f1al celular<\/li>\n<li>Aumenta la voz y los datos en todas las redes hasta 32x<\/li>\n<li>Menos conexiones perdidas y mejor calidad de audio<\/li>\n<li>Subidas y descargas de datos m\u00e1s r\u00e1pidas<\/li>\n<li>Hasta 2 horas de tiempo de conversaci\u00f3n adicional en \u00e1reas de se\u00f1al d\u00e9bil<\/li>\n<\/ul><\/div>\n<div style='margin-top: 30px;'>\n<h3 style='font-size: 22px; border-bottom: 2px solid currentColor; padding-bottom: 5px; margin-top: 0; color: inherit; opacity: 0.8;'>Especificaciones T\u00e9cnicas<\/h3>\n<ul style='padding-left: 20px; font-size: 15px; color: inherit;'>\n<li><strong>Banda de frecuencias:<\/strong>\n<ul style='padding-left: 20px; margin-top: 5px;'>\n<li>Banda 5 (850 MHz)<\/li>\n<li>Banda 4 (1700\/2100 MHz)<\/li>\n<li>Banda 2 (1900 MHz)<\/li>\n<\/ul>\n<\/li>\n<li><strong>Ganancia m\u00e1xima:<\/strong> 50 dB<\/li>\n<li><strong>Impedancia:<\/strong> 50 Ohm<\/li>\n<li><strong>Alimentaci\u00f3n requerida:<\/strong> 12 Vcc \/ 1.8 A<\/li>\n<li><strong>Conectores:<\/strong> SMB hembra<\/li>\n<li><strong>Dimensiones:<\/strong> 11.43 x 15.24 x 3.81 cm<\/li>\n<li><strong>Peso:<\/strong> 0.82 Kg<\/li>\n<\/ul><\/div>\n<div style='margin-top: 30px;'>\n<h3 style='font-size: 22px; border-bottom: 2px solid currentColor; padding-bottom: 5px; margin-top: 0; color: inherit; opacity: 0.8;'>Caracter\u00edsticas Adicionales<\/h3>\n<div style='display: grid; grid-template-columns: repeat(auto-fill&comma; minmax(250px&comma; 1fr)); gap: 20px; margin-top: 20px;'>\n<div style='border: 1px solid rgba(150&comma;150&comma;150&comma;0.4); border-radius: 8px; padding: 15px;'> <img style='width: 40px; height: 40px; vertical-align: middle; margin-right: 10px;' src='https:\/\/assets.wilsonelectronics.com\/m\/7e4807db740151da\/original\/Drive-Reach-Product-Icons-Reaches.png' alt='Alcance'> <span style='vertical-align: middle;'>Alcanza torres hasta un 70% m\u00e1s lejos que el Drive 4G-X OTR<\/span> <\/div>\n<div style='border: 1px solid rgba(150&comma;150&comma;150&comma;0.4); border-radius: 8px; padding: 15px;'> <img style='width: 40px; height: 40px; vertical-align: middle; margin-right: 10px;' src='https:\/\/assets.wilsonelectronics.com\/m\/65c6f80250cfcc22\/original\/Drive-4G-X-OTR-Product-Icons-Antenna-Mount-min.png' alt='Montaje'> <span style='vertical-align: middle;'>Incluye una variedad de opciones de montajes para la antena exterior<\/span> <\/div>\n<div style='border: 1px solid rgba(150&comma;150&comma;150&comma;0.4); border-radius: 8px; padding: 15px;'> <img style='width: 40px; height: 40px; vertical-align: middle; margin-right: 10px;' src='https:\/\/assets.wilsonelectronics.com\/m\/3a98d3381d5ada09\/original\/Drive-4G-X-OTR-Product-Icons-Antenna-Height-min.png' alt='Altura'> <span style='vertical-align: middle;'>La altura de la antena exterior se eleva hasta 101 cm para un mayor alcance<\/span> <\/div>\n<div style='border: 1px solid rgba(150&comma;150&comma;150&comma;0.4); border-radius: 8px; padding: 15px;'> <img style='width: 40px; height: 40px; vertical-align: middle; margin-right: 10px;' src='https:\/\/assets.wilsonelectronics.com\/m\/738f4c644af4e224\/original\/Drive-X-RV-Product-Icons-Spring-Antenna-min.png' alt='Resorte'> <span style='vertical-align: middle;'>La base de la antena de resorte resiste el viento y las ramas bajas<\/span> <\/div>\n<\/p><\/div>\n<\/p><\/div>\n<div style='margin-top: 30px;'>\n<h3 style='font-size: 22px; border-bottom: 2px solid currentColor; padding-bottom: 5px; margin-top: 0; color: inherit; opacity: 0.8;'>Incluye<\/h3>\n<div style='display: grid; grid-template-columns: repeat(auto-fill&comma; minmax(200px&comma; 1fr)); gap: 20px; margin-top: 20px;'>\n<div style='border: 1px solid rgba(150&comma;150&comma;150&comma;0.4); border-radius: 8px; padding: 15px; text-align: center;'> <img style='width: 40px; height: 40px; margin: 0 auto 10px;' src='https:\/\/assets.wilsonelectronics.com\/m\/6697fd4df13aecfa\/original\/Drive-Reach-Booster-Icon.png' alt='Amplificador'> <\/p>\n<p style='margin: 10px 0 5px; font-weight: bold;'>472154<\/p>\n<p style='margin: 0;'>Amplificador Drive Reach OTR<\/p>\n<\/p><\/div>\n<div style='border: 1px solid rgba(150&comma;150&comma;150&comma;0.4); border-radius: 8px; padding: 15px; text-align: center;'> <img style='width: 40px; height: 40px; margin: 0 auto 10px;' src='https:\/\/assets.wilsonelectronics.com\/m\/3264410fad2d5e6a\/original\/New-Antenna.png' alt='Antena'> <\/p>\n<p style='margin: 10px 0 5px; font-weight: bold;'>311229<\/p>\n<p style='margin: 0;'>Antena exterior Drive Reach OTR<\/p>\n<\/p><\/div>\n<div style='border: 1px solid rgba(150&comma;150&comma;150&comma;0.4); border-radius: 8px; padding: 15px; text-align: center;'> <img style='width: 40px; height: 40px; margin: 0 auto 10px;' src='https:\/\/assets.wilsonelectronics.com\/m\/295aadc3d6b154fe\/original\/Drive-4G-X-OTR-4G-Slim-Low-Profile-Antenna-min.png' alt='Antena interior'> <\/p>\n<p style='margin: 10px 0 5px; font-weight: bold;'>314419<\/p>\n<p style='margin: 0;'>Antena interior delgada de bajo perfil<\/p>\n<\/p><\/div>\n<div style='border: 1px solid rgba(150&comma;150&comma;150&comma;0.4); border-radius: 8px; padding: 15px; text-align: center;'> <img style='width: 40px; height: 40px; margin: 0 auto 10px;' src='https:\/\/assets.wilsonelectronics.com\/m\/20ce920e0ac0282d\/original\/Drive-4G-X-OTR-Power-Supply-min.png' alt='Fuente de alimentaci\u00f3n'> <\/p>\n<p style='margin: 10px 0 5px; font-weight: bold;'>850020<\/p>\n<p style='margin: 0;'>Fuente de alimentaci\u00f3n<\/p>\n<\/p><\/div>\n<div style='border: 1px solid rgba(150&comma;150&comma;150&comma;0.4); border-radius: 8px; padding: 15px; text-align: center;'> <img style='width: 40px; height: 40px; margin: 0 auto 10px;' src='https:\/\/assets.wilsonelectronics.com\/m\/a896d57faa46037\/original\/Drive-Sleek-OTR-Mast-Extension-Adapter-min.png' alt='Extensiones'> <\/p>\n<p style='margin: 10px 0;'>Extensiones de 33 y 45 cm para la antena exterior<\/p>\n<\/p><\/div>\n<div style='border: 1px solid rgba(150&comma;150&comma;150&comma;0.4); border-radius: 8px; padding: 15px; text-align: center;'> <img style='width: 40px; height: 40px; margin: 0 auto 10px;' src='https:\/\/assets.wilsonelectronics.com\/m\/bbebe5264f92446\/original\/Drive-4G-X-OTR-Coax-Cable-Side-Exit-_Adapter-min.png' alt='Montaje'> <\/p>\n<p style='margin: 10px 0;'>Montaje<\/p>\n<\/p><\/div>\n<div style='border: 1px solid rgba(150&comma;150&comma;150&comma;0.4); border-radius: 8px; padding: 15px; text-align: center;'> <img style='width: 40px; height: 40px; margin: 0 auto 10px;' src='https:\/\/assets.wilsonelectronics.com\/m\/704fd3a53cccbb1d\/original\/Drive-Reach-OTR-Fleet-Antenna-Spring-min.png' alt='Resorte'> <\/p>\n<p style='margin: 10px 0;'>Resorte<\/p>\n<\/p><\/div>\n<div style='border: 1px solid rgba(150&comma;150&comma;150&comma;0.4); border-radius: 8px; padding: 15px; text-align: center;'> <img style='width: 40px; height: 40px; margin: 0 auto 10px;' src='https:\/\/assets.wilsonelectronics.com\/m\/7208aae19de13e3f\/original\/Drive-4G-X-OTR-Thread-Lock-Packets-min.png' alt='Sujetadores'> <\/p>\n<p style='margin: 10px 0;'>Sujetadores<\/p>\n<\/p><\/div>\n<div style='border: 1px solid rgba(150&comma;150&comma;150&comma;0.4); border-radius: 8px; padding: 15px; text-align: center;'> <img style='width: 40px; height: 40px; margin: 0 auto 10px;' src='https:\/\/assets.wilsonelectronics.com\/m\/4535694c3552b24e\/original\/Drive-4G-X-OTR-Cable-Adapter-min.png' alt='Adaptador coaxial'> <\/p>\n<p style='margin: 10px 0;'>Adaptador coaxial<\/p>\n<\/p><\/div>\n<\/p><\/div>\n<\/p><\/div>\n<div style='margin-top: 30px;'>\n<h3 style='font-size: 22px; border-bottom: 2px solid currentColor; padding-bottom: 5px; margin-top: 0; color: inherit; opacity: 0.8;'>Notas<\/h3>\n<ul style='padding-left: 20px; font-size: 15px; color: inherit;'>\n<li>Instale el kit amplificador de acuerdo al manual de usuario o gu\u00eda de instalaci\u00f3n.<\/li>\n<li>Use el kit amplificador para lo que est\u00e1 dise\u00f1ado.<\/li>\n<li>Si tiene dudas contacte nuestro departamento de Ingenier\u00eda Radiocomunicaci\u00f3n.<\/li>\n<li>Una mala instalaci\u00f3n o mal uso de este sistema puede provocar interferencia.<\/li>\n<\/ul><\/div>\n<\/p><\/div>\n","protected":false},"excerpt":{"rendered":"<p>KIT Amplificador de Se\u00f1al Celular 4G, 3G, VoLTE y Voz Convencional, Drive Reach OTR\/ Especial para Tractocami\u00f3n y Pick up Pesados\/ Soporta m\u00faltiples dispositivos y compa\u00f1\u00edas como Telcel, AT&#038;T y Movistar a la vez.<\/p>\n","protected":false},"featured_media":57812,"comment_status":"open","ping_status":"closed","template":"","meta":[],"product_brand":[],"product_cat":[1570,1552],"product_tag":[1535,1571,1553,1525],"class_list":{"0":"post-57813","1":"product","2":"type-product","3":"status-publish","4":"has-post-thumbnail","6":"product_cat-amplificadores-de-senal-celular-adsc","7":"product_cat-cobertura-para-celular-4g-lte","8":"product_tag-3g-y-voz","9":"product_tag-amplificadores-de-senal-celular-adsc","10":"product_tag-cobertura-para-celular-4g-lte","11":"product_tag-wilsonpro-weboost","13":"first","14":"instock","15":"sale","16":"shipping-taxable","17":"purchasable","18":"product-type-simple"},"_links":{"self":[{"href":"https:\/\/soydeaqui.ddns.net\/pachuca\/index.php\/wp-json\/wp\/v2\/product\/57813","targetHints":{"allow":["GET"]}}],"collection":[{"href":"https:\/\/soydeaqui.ddns.net\/pachuca\/index.php\/wp-json\/wp\/v2\/product"}],"about":[{"href":"https:\/\/soydeaqui.ddns.net\/pachuca\/index.php\/wp-json\/wp\/v2\/types\/product"}],"replies":[{"embeddable":true,"href":"https:\/\/soydeaqui.ddns.net\/pachuca\/index.php\/wp-json\/wp\/v2\/comments?post=57813"}],"wp:featuredmedia":[{"embeddable":true,"href":"https:\/\/soydeaqui.ddns.net\/pachuca\/index.php\/wp-json\/wp\/v2\/media\/57812"}],"wp:attachment":[{"href":"https:\/\/soydeaqui.ddns.net\/pachuca\/index.php\/wp-json\/wp\/v2\/media?parent=57813"}],"wp:term":[{"taxonomy":"product_brand","embeddable":true,"href":"https:\/\/soydeaqui.ddns.net\/pachuca\/index.php\/wp-json\/wp\/v2\/product_brand?post=57813"},{"taxonomy":"product_cat","embeddable":true,"href":"https:\/\/soydeaqui.ddns.net\/pachuca\/index.php\/wp-json\/wp\/v2\/product_cat?post=57813"},{"taxonomy":"product_tag","embeddable":true,"href":"https:\/\/soydeaqui.ddns.net\/pachuca\/index.php\/wp-json\/wp\/v2\/product_tag?post=57813"}],"curies":[{"name":"wp","href":"https:\/\/api.w.org\/{rel}","templated":true}]}}