{"id":57804,"date":"2026-03-19T04:08:10","date_gmt":"2026-03-19T04:08:10","guid":{"rendered":"https:\/\/soydeaqui.ddns.net\/pachuca\/index.php\/producto\/elemento-para-wattmetro-apm-16-50-125-mhz-100-watt\/"},"modified":"2026-03-19T04:08:11","modified_gmt":"2026-03-19T04:08:11","slug":"elemento-para-wattmetro-apm-16-50-125-mhz-100-watt","status":"publish","type":"product","link":"https:\/\/soydeaqui.ddns.net\/pachuca\/index.php\/producto\/elemento-para-wattmetro-apm-16-50-125-mhz-100-watt\/","title":{"rendered":"Elemento para Wattmetro APM-16, 50-125 MHz, 100 Watt."},"content":{"rendered":"<div style='width: 100%; max-width: 1200px; margin: 0 auto; font-family: sans-serif; line-height: 1.6; color: inherit; background-color: transparent;'>\n<div style='display: flex; flex-wrap: wrap; gap: 30px; margin-bottom: 30px;'>\n<div style='flex: 1 1 300px; min-width: 280px;'>\n<h3 style='font-size: 22px; border-bottom: 2px solid currentColor; padding-bottom: 5px; margin-top: 0; color: inherit; opacity: 0.8;'>Descripci\u00f3n<\/h3>\n<p style='font-size: 15px; color: inherit; margin-top: 15px; margin-bottom: 15px;'> Los elementos APM est\u00e1n especialmente dise\u00f1ados para utilizarse con el Wattmetro APM-16&comma; ajustados de acuerdo a los miniciosos procedimientos de calibraci\u00f3n Bird&comma; respaldados por una larga historia de Valores de Desviaci\u00f3n Media para asegurar la credibilidad en las especificaciones publicadas de los instrumentos actuales&comma; as\u00ed como la compatibilidad en campo con los equipos adquiridos y utilizados de antigua confianza durante todos los a\u00f1os desde su introducci\u00f3n. <\/p>\n<\/p><\/div>\n<\/p><\/div>\n<div style='display: flex; flex-wrap: wrap; gap: 20px; margin-bottom: 30px;'>\n<div style='flex: 1 1 250px; border: 1px solid rgba(150&comma; 150&comma; 150&comma; 0.4); border-radius: 8px; overflow: hidden; display: flex; flex-direction: column;'>\n<div style='padding: 15px; border-bottom: 1px solid rgba(150&comma; 150&comma; 150&comma; 0.2); font-weight: bold; font-size: 18px; color: inherit;'>Modelos APM-50-125 MHz<\/div>\n<div style='padding: 15px; color: inherit;'>\n<ul style='padding-left: 20px; margin: 0; font-size: 14px; list-style-type: disc;'>\n<li style='margin-bottom: 5px;'><strong>APM-1B:<\/strong> 50-125 MHz&comma; 1 W<\/li>\n<li style='margin-bottom: 5px;'><strong>APM-2.5B:<\/strong> 50-125 MHz&comma; 2.5 W<\/li>\n<li style='margin-bottom: 5px;'><strong>APM-5B:<\/strong> 50-125 MHz&comma; 5 W<\/li>\n<li style='margin-bottom: 5px;'><strong>APM-10B:<\/strong> 50-125 MHz&comma; 10 W<\/li>\n<li style='margin-bottom: 5px;'><strong>APM-25B:<\/strong> 50-125 MHz&comma; 25 W<\/li>\n<li style='margin-bottom: 5px;'><strong>APM-100B:<\/strong> 50-125 MHz&comma; 100 W<\/li>\n<li style='margin-bottom: 5px;'><strong>APM-250B:<\/strong> 50-125 MHz&comma; 250 W<\/li>\n<li style='margin-bottom: 5px;'><strong>APM-500B:<\/strong> 50-125 MHz&comma; 500 W<\/li>\n<li style='margin-bottom: 5px;'><strong>APM-1000B:<\/strong> 50-125 MHz&comma; 1000 W<\/li>\n<\/ul><\/div>\n<\/p><\/div>\n<div style='flex: 1 1 250px; border: 1px solid rgba(150&comma; 150&comma; 150&comma; 0.4); border-radius: 8px; overflow: hidden; display: flex; flex-direction: column;'>\n<div style='padding: 15px; border-bottom: 1px solid rgba(150&comma; 150&comma; 150&comma; 0.2); font-weight: bold; font-size: 18px; color: inherit;'>Modelos APM-400-800 MHz<\/div>\n<div style='padding: 15px; color: inherit;'>\n<ul style='padding-left: 20px; margin: 0; font-size: 14px; list-style-type: disc;'>\n<li style='margin-bottom: 5px;'><strong>APM-1E-400:<\/strong> 400-800 MHz&comma; 1 W<\/li>\n<li style='margin-bottom: 5px;'><strong>APM-2.5E-400:<\/strong> 400-800 MHz&comma; 2.5 W<\/li>\n<li style='margin-bottom: 5px;'><strong>APM-5E-400:<\/strong> 400-800 MHz&comma; 5 W<\/li>\n<li style='margin-bottom: 5px;'><strong>APM-10E-400:<\/strong> 400-800 MHz&comma; 10 W<\/li>\n<li style='margin-bottom: 5px;'><strong>APM-25E-400:<\/strong> 400-800 MHz&comma; 25 W<\/li>\n<li style='margin-bottom: 5px;'><strong>APM-50E-400:<\/strong> 400-800 MHz&comma; 50 W<\/li>\n<li style='margin-bottom: 5px;'><strong>APM-100E-400:<\/strong> 400-800 MHz&comma; 100 W<\/li>\n<li style='margin-bottom: 5px;'><strong>APM-250E-400:<\/strong> 400-800 MHz&comma; 250 W<\/li>\n<li style='margin-bottom: 5px;'><strong>APM-500E-400:<\/strong> 400-800 MHz&comma; 500 W<\/li>\n<li style='margin-bottom: 5px;'><strong>APM-1000E-400:<\/strong> 400-800 MHz&comma; 1000 W<\/li>\n<\/ul><\/div>\n<\/p><\/div>\n<div style='flex: 1 1 250px; border: 1px solid rgba(150&comma; 150&comma; 150&comma; 0.4); border-radius: 8px; overflow: hidden; display: flex; flex-direction: column;'>\n<div style='padding: 15px; border-bottom: 1px solid rgba(150&comma; 150&comma; 150&comma; 0.2); font-weight: bold; font-size: 18px; color: inherit;'>Modelos APM-800-960 MHz<\/div>\n<div style='padding: 15px; color: inherit;'>\n<ul style='padding-left: 20px; margin: 0; font-size: 14px; list-style-type: disc;'>\n<li style='margin-bottom: 5px;'><strong>APM-1E-800:<\/strong> 800-960 MHz&comma; 1 W<\/li>\n<li style='margin-bottom: 5px;'><strong>APM-2.5E-800:<\/strong> 800-960 MHz&comma; 2.5 W<\/li>\n<li style='margin-bottom: 5px;'><strong>APM-5E-800:<\/strong> 800-960 MHz&comma; 5 W<\/li>\n<li style='margin-bottom: 5px;'><strong>APM-10E-800:<\/strong> 800-960 MHz&comma; 10 W<\/li>\n<li style='margin-bottom: 5px;'><strong>APM-25E-800:<\/strong> 800-960 MHz&comma; 25 W<\/li>\n<li style='margin-bottom: 5px;'><strong>APM-50E-800:<\/strong> 800-960 MHz&comma; 50 W<\/li>\n<li style='margin-bottom: 5px;'><strong>APM-100E-800:<\/strong> 800-960 MHz&comma; 100 W<\/li>\n<li style='margin-bottom: 5px;'><strong>APM-250E-800:<\/strong> 800-960 MHz&comma; 250 W<\/li>\n<li style='margin-bottom: 5px;'><strong>APM-500E-800:<\/strong> 800-960 MHz&comma; 500 W<\/li>\n<li style='margin-bottom: 5px;'><strong>APM-1000E-800:<\/strong> 800-960 MHz&comma; 1000 W<\/li>\n<\/ul><\/div>\n<\/p><\/div>\n<div style='flex: 1 1 250px; border: 1px solid rgba(150&comma; 150&comma; 150&comma; 0.4); border-radius: 8px; overflow: hidden; display: flex; flex-direction: column;'>\n<div style='padding: 15px; border-bottom: 1px solid rgba(150&comma; 150&comma; 150&comma; 0.2); font-weight: bold; font-size: 18px; color: inherit;'>Modelos APM-2-30 MHz<\/div>\n<div style='padding: 15px; color: inherit;'>\n<ul style='padding-left: 20px; margin: 0; font-size: 14px; list-style-type: disc;'>\n<li style='margin-bottom: 5px;'><strong>APM-5H:<\/strong> 2-30 MHz&comma; 5 W<\/li>\n<li style='margin-bottom: 5px;'><strong>APM-10H:<\/strong> 2-30 MHz&comma; 10 W<\/li>\n<li style='margin-bottom: 5px;'><strong>APM-100H:<\/strong> 2-30 MHz&comma; 100 W<\/li>\n<li style='margin-bottom: 5px;'><strong>APM-250H:<\/strong> 2-30 MHz&comma; 250 W<\/li>\n<li style='margin-bottom: 5px;'><strong>APM-500H:<\/strong> 2-30 MHz&comma; 500 W<\/li>\n<li style='margin-bottom: 5px;'><strong>APM-1000H:<\/strong> 2-30 MHz&comma; 1000 W<\/li>\n<\/ul><\/div>\n<\/p><\/div>\n<div style='flex: 1 1 250px; border: 1px solid rgba(150&comma; 150&comma; 150&comma; 0.4); border-radius: 8px; overflow: hidden; display: flex; flex-direction: column;'>\n<div style='padding: 15px; border-bottom: 1px solid rgba(150&comma; 150&comma; 150&comma; 0.2); font-weight: bold; font-size: 18px; color: inherit;'>Modelos APM-25-60 MHz<\/div>\n<div style='padding: 15px; color: inherit;'>\n<ul style='padding-left: 20px; margin: 0; font-size: 14px; list-style-type: disc;'>\n<li style='margin-bottom: 5px;'><strong>APM-5A:<\/strong> 25-60 MHz&comma; 5 W<\/li>\n<li style='margin-bottom: 5px;'><strong>APM-10A:<\/strong> 25-60 MHz&comma; 10 W<\/li>\n<li style='margin-bottom: 5px;'><strong>APM-100A:<\/strong> 25-60 MHz&comma; 100 W<\/li>\n<li style='margin-bottom: 5px;'><strong>APM-250A:<\/strong> 25-60 MHz&comma; 250 W<\/li>\n<\/ul><\/div>\n<\/p><\/div>\n<div style='flex: 1 1 250px; border: 1px solid rgba(150&comma; 150&comma; 150&comma; 0.4); border-radius: 8px; overflow: hidden; display: flex; flex-direction: column;'>\n<div style='padding: 15px; border-bottom: 1px solid rgba(150&comma; 150&comma; 150&comma; 0.2); font-weight: bold; font-size: 18px; color: inherit;'>Modelos APM-100-250 MHz<\/div>\n<div style='padding: 15px; color: inherit;'>\n<ul style='padding-left: 20px; margin: 0; font-size: 14px; list-style-type: disc;'>\n<li style='margin-bottom: 5px;'><strong>APM-1C:<\/strong> 100-250 MHz&comma; 1 W<\/li>\n<li style='margin-bottom: 5px;'><strong>APM-5C:<\/strong> 100-250 MHz&comma; 5 W<\/li>\n<li style='margin-bottom: 5px;'><strong>APM-10C:<\/strong> 100-250 MHz&comma; 10 W<\/li>\n<li style='margin-bottom: 5px;'><strong>APM-25C:<\/strong> 100-250 MHz&comma; 25 W<\/li>\n<li style='margin-bottom: 5px;'><strong>APM-50C:<\/strong> 100-250 MHz&comma; 50 W<\/li>\n<li style='margin-bottom: 5px;'><strong>APM-100C:<\/strong> 100-250 MHz&comma; 100 W<\/li>\n<li style='margin-bottom: 5px;'><strong>APM-250C:<\/strong> 100-250 MHz&comma; 250 W<\/li>\n<li style='margin-bottom: 5px;'><strong>APM-500C:<\/strong> 100-250 MHz&comma; 500 W<\/li>\n<li style='margin-bottom: 5px;'><strong>APM-1000C:<\/strong> 100-250 MHz&comma; 1000 W<\/li>\n<\/ul><\/div>\n<\/p><\/div>\n<div style='flex: 1 1 250px; border: 1px solid rgba(150&comma; 150&comma; 150&comma; 0.4); border-radius: 8px; overflow: hidden; display: flex; flex-direction: column;'>\n<div style='padding: 15px; border-bottom: 1px solid rgba(150&comma; 150&comma; 150&comma; 0.2); font-weight: bold; font-size: 18px; color: inherit;'>Modelos APM-200-500 MHz<\/div>\n<div style='padding: 15px; color: inherit;'>\n<ul style='padding-left: 20px; margin: 0; font-size: 14px; list-style-type: disc;'>\n<li style='margin-bottom: 5px;'><strong>APM-2.5D:<\/strong> 200-500 MHz&comma; 2.5 W<\/li>\n<li style='margin-bottom: 5px;'><strong>APM-5D:<\/strong> 200-500 MHz&comma; 5 W<\/li>\n<li style='margin-bottom: 5px;'><strong>APM-10D:<\/strong> 200-500 MHz&comma; 10 W<\/li>\n<li style='margin-bottom: 5px;'><strong>APM-25D:<\/strong> 200-500 MHz&comma; 25 W<\/li>\n<li style='margin-bottom: 5px;'><strong>APM-50D:<\/strong> 200-500 MHz&comma; 50 W<\/li>\n<li style='margin-bottom: 5px;'><strong>APM-100D:<\/strong> 200-500 MHz&comma; 100 W<\/li>\n<li style='margin-bottom: 5px;'><strong>APM-250D:<\/strong> 200-500 MHz&comma; 250 W<\/li>\n<li style='margin-bottom: 5px;'><strong>APM-500D:<\/strong> 200-500 MHz&comma; 500 W<\/li>\n<\/ul><\/div>\n<\/p><\/div>\n<\/p><\/div>\n<\/p><\/div>\n","protected":false},"excerpt":{"rendered":"<p>Elemento para Wattmetro APM-16, 50-125 MHz, 100 Watt.<\/p>\n","protected":false},"featured_media":57803,"comment_status":"open","ping_status":"closed","template":"","meta":[],"product_brand":[],"product_cat":[1639],"product_tag":[1641,931,1640],"class_list":{"0":"post-57804","1":"product","2":"type-product","3":"status-publish","4":"has-post-thumbnail","6":"product_cat-wattmetros-y-elementos","7":"product_tag-bird-technologies","8":"product_tag-equipo-de-laboratorio","9":"product_tag-wattmetros-y-elementos","11":"first","12":"outofstock","13":"sale","14":"shipping-taxable","15":"purchasable","16":"product-type-simple"},"_links":{"self":[{"href":"https:\/\/soydeaqui.ddns.net\/pachuca\/index.php\/wp-json\/wp\/v2\/product\/57804","targetHints":{"allow":["GET"]}}],"collection":[{"href":"https:\/\/soydeaqui.ddns.net\/pachuca\/index.php\/wp-json\/wp\/v2\/product"}],"about":[{"href":"https:\/\/soydeaqui.ddns.net\/pachuca\/index.php\/wp-json\/wp\/v2\/types\/product"}],"replies":[{"embeddable":true,"href":"https:\/\/soydeaqui.ddns.net\/pachuca\/index.php\/wp-json\/wp\/v2\/comments?post=57804"}],"wp:featuredmedia":[{"embeddable":true,"href":"https:\/\/soydeaqui.ddns.net\/pachuca\/index.php\/wp-json\/wp\/v2\/media\/57803"}],"wp:attachment":[{"href":"https:\/\/soydeaqui.ddns.net\/pachuca\/index.php\/wp-json\/wp\/v2\/media?parent=57804"}],"wp:term":[{"taxonomy":"product_brand","embeddable":true,"href":"https:\/\/soydeaqui.ddns.net\/pachuca\/index.php\/wp-json\/wp\/v2\/product_brand?post=57804"},{"taxonomy":"product_cat","embeddable":true,"href":"https:\/\/soydeaqui.ddns.net\/pachuca\/index.php\/wp-json\/wp\/v2\/product_cat?post=57804"},{"taxonomy":"product_tag","embeddable":true,"href":"https:\/\/soydeaqui.ddns.net\/pachuca\/index.php\/wp-json\/wp\/v2\/product_tag?post=57804"}],"curies":[{"name":"wp","href":"https:\/\/api.w.org\/{rel}","templated":true}]}}