{"id":57800,"date":"2026-03-19T04:08:05","date_gmt":"2026-03-19T04:08:05","guid":{"rendered":"https:\/\/soydeaqui.ddns.net\/pachuca\/index.php\/producto\/retazo-de-cable-de-30-metros-de-retenida-de-3-16\/"},"modified":"2026-03-19T04:08:05","modified_gmt":"2026-03-19T04:08:05","slug":"retazo-de-cable-de-30-metros-de-retenida-de-3-16","status":"publish","type":"product","link":"https:\/\/soydeaqui.ddns.net\/pachuca\/index.php\/producto\/retazo-de-cable-de-30-metros-de-retenida-de-3-16\/","title":{"rendered":"Retazo de cable de 30 metros de retenida de 3\/16&#8243;"},"content":{"rendered":"<div style='width: 100%; max-width: 1200px; margin: 0 auto; font-family: sans-serif; line-height: 1.6; color: inherit; background-color: transparent;'>\n<div style='display: flex; flex-wrap: wrap; gap: 30px; margin-bottom: 30px;'>\n<div style='flex: 1 1 300px; min-width: 280px;'>\n<h3 style='font-size: 22px; border-bottom: 2px solid currentColor; padding-bottom: 5px; margin-top: 0; color: inherit; opacity: 0.8;'>CARACTER\u00cdSTICAS PRINCIPALES DEL PRODUCTO<\/h3>\n<ul style='padding-left: 20px; font-size: 15px; color: inherit;'>\n<li style='margin-bottom: 5px;'>Cable de 30 metros de longitud<\/li>\n<li style='margin-bottom: 5px;'>Di\u00e1metro del cable de 3\/16 pulgadas<\/li>\n<li style='margin-bottom: 5px;'>Alta resistencia para aplicaciones de retenci\u00f3n<\/li>\n<li style='margin-bottom: 5px;'>Uso vers\u00e1til para m\u00faltiples prop\u00f3sitos<\/li>\n<li style='margin-bottom: 5px;'>Material duradero para larga vida \u00fatil<\/li>\n<\/ul>\n<\/div>\n<\/div>\n<\/div>\n","protected":false},"excerpt":{"rendered":"<p>Retazo de cable de 30 metros de retenida de 3\/16&#8243;<\/p>\n","protected":false},"featured_media":57799,"comment_status":"open","ping_status":"closed","template":"","meta":[],"product_brand":[],"product_cat":[1539],"product_tag":[590,63,246],"class_list":{"0":"post-57800","1":"product","2":"type-product","3":"status-publish","4":"has-post-thumbnail","6":"product_cat-accesorios-para-torres-arriostradas-torres-y-mastiles","7":"product_tag-accesorios-para-torres-arriostradas","8":"product_tag-syscom","9":"product_tag-torres-y-mastiles","11":"first","12":"instock","13":"sale","14":"shipping-taxable","15":"purchasable","16":"product-type-simple"},"_links":{"self":[{"href":"https:\/\/soydeaqui.ddns.net\/pachuca\/index.php\/wp-json\/wp\/v2\/product\/57800","targetHints":{"allow":["GET"]}}],"collection":[{"href":"https:\/\/soydeaqui.ddns.net\/pachuca\/index.php\/wp-json\/wp\/v2\/product"}],"about":[{"href":"https:\/\/soydeaqui.ddns.net\/pachuca\/index.php\/wp-json\/wp\/v2\/types\/product"}],"replies":[{"embeddable":true,"href":"https:\/\/soydeaqui.ddns.net\/pachuca\/index.php\/wp-json\/wp\/v2\/comments?post=57800"}],"wp:featuredmedia":[{"embeddable":true,"href":"https:\/\/soydeaqui.ddns.net\/pachuca\/index.php\/wp-json\/wp\/v2\/media\/57799"}],"wp:attachment":[{"href":"https:\/\/soydeaqui.ddns.net\/pachuca\/index.php\/wp-json\/wp\/v2\/media?parent=57800"}],"wp:term":[{"taxonomy":"product_brand","embeddable":true,"href":"https:\/\/soydeaqui.ddns.net\/pachuca\/index.php\/wp-json\/wp\/v2\/product_brand?post=57800"},{"taxonomy":"product_cat","embeddable":true,"href":"https:\/\/soydeaqui.ddns.net\/pachuca\/index.php\/wp-json\/wp\/v2\/product_cat?post=57800"},{"taxonomy":"product_tag","embeddable":true,"href":"https:\/\/soydeaqui.ddns.net\/pachuca\/index.php\/wp-json\/wp\/v2\/product_tag?post=57800"}],"curies":[{"name":"wp","href":"https:\/\/api.w.org\/{rel}","templated":true}]}}