{"id":57793,"date":"2026-03-19T04:07:54","date_gmt":"2026-03-19T04:07:54","guid":{"rendered":"https:\/\/soydeaqui.ddns.net\/pachuca\/index.php\/producto\/accesorio-de-sellado-de-aire-cool-boot-para-entradas-de-cable-por-piso-falso-con-retardante-de-llama-y-disipador-electrostatico-de-165-mm-de-diametro\/"},"modified":"2026-03-19T04:08:00","modified_gmt":"2026-03-19T04:08:00","slug":"accesorio-de-sellado-de-aire-cool-boot-para-entradas-de-cable-por-piso-falso-con-retardante-de-llama-y-disipador-electrostatico-de-165-mm-de-diametro","status":"publish","type":"product","link":"https:\/\/soydeaqui.ddns.net\/pachuca\/index.php\/producto\/accesorio-de-sellado-de-aire-cool-boot-para-entradas-de-cable-por-piso-falso-con-retardante-de-llama-y-disipador-electrostatico-de-165-mm-de-diametro\/","title":{"rendered":"Accesorio de Sellado de Aire Cool Boot\u00ae, Para Entradas de Cable por Piso Falso, Con retardante de llama y disipador electrost\u00e1tico, de 165 mm de Di\u00e1metro"},"content":{"rendered":"<div style='width: 100%; max-width: 1200px; margin: 0 auto; font-family: sans-serif; line-height: 1.6; color: inherit; background-color: transparent;'> <!-- Descripci\u00f3n general --> <\/p>\n<div style='margin-bottom: 30px;'>\n<h2 style='font-size: 24px; margin-top: 0; color: inherit; opacity: 0.9;'>Descripci\u00f3n del Producto<\/h2>\n<p style='font-size: 15px; color: inherit; margin-bottom: 20px;'>El accesorio de sellado de aire para piso falso Cool Boot\u00ae est\u00e1 dise\u00f1ado para entornos de pasillo caliente\/pasillo fr\u00edo en centros de datos donde los cables pasan a trav\u00e9s de un espacio en el piso falso. Reduce el flujo de aire mejorando la refrigeraci\u00f3n de los equipos de red y previene la entrada de part\u00edculas bajo el piso falso.<\/p>\n<\/p><\/div>\n<p> <!-- Caracter\u00edsticas principales --> <\/p>\n<div style='display: flex; flex-wrap: wrap; gap: 30px; margin-bottom: 30px;'>\n<div style='flex: 1 1 300px; min-width: 280px;'>\n<h3 style='font-size: 22px; border-bottom: 2px solid currentColor; padding-bottom: 5px; margin-top: 0; color: inherit; opacity: 0.8;'>Caracter\u00edsticas Principales<\/h3>\n<ul style='padding-left: 20px; font-size: 15px; color: inherit; list-style-type: disc;'>\n<li style='margin-bottom: 5px;'>Dise\u00f1ado para sistemas pasillo caliente\/pasillo fr\u00edo<\/li>\n<li style='margin-bottom: 5px;'>Reduce flujo de aire&comma; mejorando la refrigeraci\u00f3n de equipos<\/li>\n<li style='margin-bottom: 5px;'>Rango operacional: -40\u00b0C a 60\u00b0C<\/li>\n<li style='margin-bottom: 5px;'>Cumple con la normativa ambiental RoHS<\/li>\n<li style='margin-bottom: 5px;'>Material retardante de llama y disipador electrost\u00e1tico<\/li>\n<li style='margin-bottom: 5px;'>Dise\u00f1o de bajo perfil (m\u00e1ximo 0.71 pulgadas sobre el piso)<\/li>\n<li style='margin-bottom: 5px;'>Cubierta integrada para protecci\u00f3n de cables contra abrasi\u00f3n<\/li>\n<\/ul><\/div>\n<p> <!-- Especificaciones t\u00e9cnicas --> <\/p>\n<div style='flex: 1 1 300px; min-width: 280px;'>\n<h3 style='font-size: 22px; border-bottom: 2px solid currentColor; padding-bottom: 5px; margin-top: 0; color: inherit; opacity: 0.8;'>Especificaciones T\u00e9cnicas<\/h3>\n<ul style='padding-left: 20px; font-size: 15px; color: inherit; list-style-type: disc;'>\n<li style='margin-bottom: 5px;'><strong>Material:<\/strong> Policarbonato\/Tela<\/li>\n<li style='margin-bottom: 5px;'><strong>Profundidad total:<\/strong> 15.2 mm (0.6 pulg.)<\/li>\n<li style='margin-bottom: 5px;'><strong>Ancho total:<\/strong> 119.4 mm (4.5 pulg.)<\/li>\n<li style='margin-bottom: 5px;'><strong>Altura total:<\/strong> 119.4 mm (4.7 pulg.)<\/li>\n<li style='margin-bottom: 5px;'><strong>Temperatura de operaci\u00f3n:<\/strong> -40\u00b0C a 60\u00b0C (-40\u00b0F a 140\u00b0F)<\/li>\n<li style='margin-bottom: 5px;'><strong>Color:<\/strong> Azul marino<\/li>\n<li style='margin-bottom: 5px;'><strong>Normas:<\/strong> UL94&comma; V-0; FAR 25.853<\/li>\n<li style='margin-bottom: 5px;'><strong>Resistencia electrost\u00e1tica:<\/strong> 10\u2076 \u2013 10\u2077 ohmios<\/li>\n<\/ul><\/div>\n<\/p><\/div>\n<p> <!-- Aplicaciones --> <\/p>\n<div style='margin-bottom: 30px;'>\n<h3 style='font-size: 22px; border-bottom: 2px solid currentColor; padding-bottom: 5px; margin-top: 0; color: inherit; opacity: 0.8;'>Aplicaciones<\/h3>\n<p style='font-size: 15px; color: inherit; margin-bottom: 15px;'>El Cool Boot\u00ae est\u00e1 dise\u00f1ado para aplicaciones en:<\/p>\n<ul style='padding-left: 20px; font-size: 15px; color: inherit; list-style-type: disc;'>\n<li style='margin-bottom: 5px;'>Centros de datos con configuraci\u00f3n de pasillo caliente\/pasillo fr\u00edo<\/li>\n<li style='margin-bottom: 5px;'>Entornos con cables que pasan a trav\u00e9s de espacios en pisos falsos<\/li>\n<li style='margin-bottom: 5px;'>Instalaciones nuevas y retrofit<\/li>\n<li style='margin-bottom: 5px;'>Aplicaciones que requieren separaci\u00f3n de haces de cables de datos y energ\u00eda<\/li>\n<\/ul><\/div>\n<p> <!-- Compatibilidad --> <\/p>\n<div style='margin-bottom: 30px;'>\n<h3 style='font-size: 22px; border-bottom: 2px solid currentColor; padding-bottom: 5px; margin-top: 0; color: inherit; opacity: 0.8;'>Compatibilidad<\/h3>\n<p style='font-size: 15px; color: inherit; margin-bottom: 15px;'>El Cool Boot\u00ae RFG5DY es compatible con:<\/p>\n<ul style='padding-left: 20px; font-size: 15px; color: inherit; list-style-type: disc;'>\n<li style='margin-bottom: 5px;'>Sistemas de gesti\u00f3n de cables PatchRunner\u2122<\/li>\n<li style='margin-bottom: 5px;'>Sistemas de gesti\u00f3n de cables NetRunner\u2122<\/li>\n<li style='margin-bottom: 5px;'>Gabinetes Net-Access\u2122<\/li>\n<li style='margin-bottom: 5px;'>Cumple con est\u00e1ndares TIA\/EIA y NEC<\/li>\n<\/ul><\/div>\n<p> <!-- Secci\u00f3n de cards con especificaciones detalladas --> <\/p>\n<div style='display: flex; flex-wrap: wrap; gap: 20px; margin-bottom: 30px;'>\n<div style='flex: 1 1 250px; border: 1px solid rgba(150&comma; 150&comma; 150&comma; 0.4); border-radius: 8px; overflow: hidden; display: flex; flex-direction: column;'>\n<div style='padding: 15px; border-bottom: 1px solid rgba(150&comma; 150&comma; 150&comma; 0.2); font-weight: bold; font-size: 18px; color: inherit;'>Capacidad de Cable<\/div>\n<div style='padding: 15px; color: inherit;'>\n<ul style='padding-left: 20px; margin: 0; font-size: 14px; list-style-type: disc;'>\n<li style='margin-bottom: 5px;'><strong>Categor\u00eda 6A (0.300&#8242;):<\/strong> 122 cables<\/li>\n<li style='margin-bottom: 5px;'><strong>Categor\u00eda 6\/6A-SD (0.240&#8242;):<\/strong> 191 cables<\/li>\n<li style='margin-bottom: 5px;'><strong>Categor\u00eda 5e (0.225&#8242;):<\/strong> 217 cables<\/li>\n<\/ul><\/div>\n<\/p><\/div>\n<div style='flex: 1 1 250px; border: 1px solid rgba(150&comma; 150&comma; 150&comma; 0.4); border-radius: 8px; overflow: hidden; display: flex; flex-direction: column;'>\n<div style='padding: 15px; border-bottom: 1px solid rgba(150&comma; 150&comma; 150&comma; 0.2); font-weight: bold; font-size: 18px; color: inherit;'>Dimensiones<\/div>\n<div style='padding: 15px; color: inherit;'>\n<ul style='padding-left: 20px; margin: 0; font-size: 14px; list-style-type: disc;'>\n<li style='margin-bottom: 5px;'><strong>Di\u00e1metro total:<\/strong> 6.5 pulgadas (165 mm)<\/li>\n<li style='margin-bottom: 5px;'><strong>Di\u00e1metro del orificio requerido:<\/strong> 5 pulgadas (127 mm)<\/li>\n<li style='margin-bottom: 5px;'><strong>Di\u00e1metro de corte:<\/strong> 4.7 pulgadas (119.4 mm)<\/li>\n<\/ul><\/div>\n<\/p><\/div>\n<div style='flex: 1 1 250px; border: 1px solid rgba(150&comma; 150&comma; 150&comma; 0.4); border-radius: 8px; overflow: hidden; display: flex; flex-direction: column;'>\n<div style='padding: 15px; border-bottom: 1px solid rgba(150&comma; 150&comma; 150&comma; 0.2); font-weight: bold; font-size: 18px; color: inherit;'>Compatibilidad con Sistemas<\/div>\n<div style='padding: 15px; color: inherit;'>\n<ul style='padding-left: 20px; margin: 0; font-size: 14px; list-style-type: disc;'>\n<li style='margin-bottom: 5px;'>PatchRunner\u2122 Vertical Cable Management System<\/li>\n<li style='margin-bottom: 5px;'>NetRunner\u2122 Vertical Cable Management System<\/li>\n<li style='margin-bottom: 5px;'>Net-Access\u2122 Cabinet<\/li>\n<\/ul><\/div>\n<\/p><\/div>\n<\/p><\/div>\n<p> <!-- Secci\u00f3n de beneficios --> <\/p>\n<div style='margin-bottom: 30px;'>\n<h3 style='font-size: 22px; border-bottom: 2px solid currentColor; padding-bottom: 5px; margin-top: 0; color: inherit; opacity: 0.8;'>Beneficios del Dise\u00f1o<\/h3>\n<ul style='padding-left: 20px; font-size: 15px; color: inherit; list-style-type: disc;'>\n<li style='margin-bottom: 5px;'>Dise\u00f1o de bajo perfil que no sobresale m\u00e1s de 0.71 pulgadas sobre el piso<\/li>\n<li style='margin-bottom: 5px;'>Material con propiedades de disipaci\u00f3n electrost\u00e1tica para protecci\u00f3n de equipos<\/li>\n<li style='margin-bottom: 5px;'>Materiales retardantes de llama (UL94&comma; V-0 y FAR 25.853)<\/li>\n<li style='margin-bottom: 5px;'>Sistema de cierre con velcro para f\u00e1cil instalaci\u00f3n y mantenimiento<\/li>\n<li style='margin-bottom: 5px;'>Dise\u00f1o flexible para instalaci\u00f3n en aplicaciones nuevas o retrofit<\/li>\n<li style='margin-bottom: 5px;'>Agujeros para tornillos que permiten la conexi\u00f3n a tierra<\/li>\n<\/ul><\/div>\n<p> <!-- Separador final --> <\/p>\n<hr style='border: 0; border-top: 1px solid rgba(150&comma; 150&comma; 150&comma; 0.3); margin: 30px 0;'> <\/div>\n","protected":false},"excerpt":{"rendered":"<p>Accesorio de Sellado de Aire Cool Boot\u00ae, Para Entradas de Cable por Piso Falso, Con retardante de llama y disipador electrost\u00e1tico, de 165 mm de Di\u00e1metro<\/p>\n","protected":false},"featured_media":57792,"comment_status":"open","ping_status":"closed","template":"","meta":[],"product_brand":[],"product_cat":[604],"product_tag":[606,445,605],"class_list":{"0":"post-57793","1":"product","2":"type-product","3":"status-publish","4":"has-post-thumbnail","6":"product_cat-accesorios-para-racks-y-gabinetes","7":"product_tag-accesorios-para-racks-y-gabinetes","8":"product_tag-panduit","9":"product_tag-racks-y-gabinetes","11":"first","12":"instock","13":"sale","14":"shipping-taxable","15":"purchasable","16":"product-type-simple"},"_links":{"self":[{"href":"https:\/\/soydeaqui.ddns.net\/pachuca\/index.php\/wp-json\/wp\/v2\/product\/57793","targetHints":{"allow":["GET"]}}],"collection":[{"href":"https:\/\/soydeaqui.ddns.net\/pachuca\/index.php\/wp-json\/wp\/v2\/product"}],"about":[{"href":"https:\/\/soydeaqui.ddns.net\/pachuca\/index.php\/wp-json\/wp\/v2\/types\/product"}],"replies":[{"embeddable":true,"href":"https:\/\/soydeaqui.ddns.net\/pachuca\/index.php\/wp-json\/wp\/v2\/comments?post=57793"}],"wp:featuredmedia":[{"embeddable":true,"href":"https:\/\/soydeaqui.ddns.net\/pachuca\/index.php\/wp-json\/wp\/v2\/media\/57792"}],"wp:attachment":[{"href":"https:\/\/soydeaqui.ddns.net\/pachuca\/index.php\/wp-json\/wp\/v2\/media?parent=57793"}],"wp:term":[{"taxonomy":"product_brand","embeddable":true,"href":"https:\/\/soydeaqui.ddns.net\/pachuca\/index.php\/wp-json\/wp\/v2\/product_brand?post=57793"},{"taxonomy":"product_cat","embeddable":true,"href":"https:\/\/soydeaqui.ddns.net\/pachuca\/index.php\/wp-json\/wp\/v2\/product_cat?post=57793"},{"taxonomy":"product_tag","embeddable":true,"href":"https:\/\/soydeaqui.ddns.net\/pachuca\/index.php\/wp-json\/wp\/v2\/product_tag?post=57793"}],"curies":[{"name":"wp","href":"https:\/\/api.w.org\/{rel}","templated":true}]}}