{"id":57717,"date":"2026-03-19T04:05:21","date_gmt":"2026-03-19T04:05:21","guid":{"rendered":"https:\/\/soydeaqui.ddns.net\/pachuca\/index.php\/producto\/radio-portatil-uhf-5w-de-potencia-scrambler-de-voz-alta-cobertura-400-470-mhz-16-canales-preconfigurados\/"},"modified":"2026-03-19T04:05:21","modified_gmt":"2026-03-19T04:05:21","slug":"radio-portatil-uhf-5w-de-potencia-scrambler-de-voz-alta-cobertura-400-470-mhz-16-canales-preconfigurados","status":"publish","type":"product","link":"https:\/\/soydeaqui.ddns.net\/pachuca\/index.php\/producto\/radio-portatil-uhf-5w-de-potencia-scrambler-de-voz-alta-cobertura-400-470-mhz-16-canales-preconfigurados\/","title":{"rendered":"Radio Port\u00e1til UHF, 5W de Potencia, Scrambler de Voz, Alta Cobertura, 400-470 MHz, 16 canales preconfigurados"},"content":{"rendered":"<div style='width: 100%; max-width: 1200px; margin: 0 auto; font-family: sans-serif; line-height: 1.6; color: inherit; background-color: transparent;'>\n<div style='display: flex; flex-direction: column; gap: 20px;'>\n<div>\n<h3 style='font-size: 22px; border-bottom: 2px solid currentColor; padding-bottom: 5px; margin-top: 0; color: inherit; opacity: 0.8;'>\u00bfC\u00f3mo Funciona un Radio de dos V\u00edas?<\/h3>\n<p style='font-size: 15px; color: inherit;'>Un radio de dos v\u00edas funciona permitiendo la comunicaci\u00f3n semid\u00faplex&comma; lo que significa que una persona puede hablar mientras la otra escucha&comma; pero no pueden hablar al mismo tiempo.<\/p>\n<\/p><\/div>\n<div>\n<h3 style='font-size: 22px; border-bottom: 2px solid currentColor; padding-bottom: 5px; margin-top: 0; color: inherit; opacity: 0.8;'>\u00bfCu\u00e1ntos Radios puedo agregar en un canal de comunicaci\u00f3n?<\/h3>\n<p style='font-size: 15px; color: inherit;'>No existe un l\u00edmite para la cantidad de radios agregados en un canal&comma; ya sea en modo directo o a trav\u00e9s de un repetidor&comma; sin embargo hay que considerar lo factible o funcional que puede llegar a ser un canal (frecuencia) en donde el tiempo de espera se ir\u00e1 extendiendo de acuerdo a la cantidad de radios&comma; recordemos que en un canal&comma; sea directo o de repetidor&comma; un radio tr\u00e1nsmite (Tx) y los dem\u00e1s reciben (Rx).<\/p>\n<\/p><\/div>\n<div style='margin-top: 30px;'>\n<h2 style='font-size: 20px; color: inherit; margin-top: 0; padding: 10px; border-radius: 8px; background-color: rgba(217&comma; 237&comma; 247&comma; 0.1); border: 1px solid rgba(188&comma; 222&comma; 235&comma; 0.3);'>Radio Port\u00e1til TX600 &#8211; La Mejor Opci\u00f3n para Comunicaciones Empresariales<\/h2>\n<p style='font-size: 15px; color: inherit; text-align: justify;'>Recomendado como la mejor opci\u00f3n para las comunicaciones de una empresa&comma; guardias de seguridad y plazas comerciales&comma; este radio port\u00e1til ofrece una resistencia y durabilidad excepcionales. Su f\u00e1cil implementaci\u00f3n asegura que cualquier equipo&comma; sin importar su tama\u00f1o&comma; pueda mejorar significativamente sus comunicaciones internas. Con caracter\u00edsticas avanzadas y una bater\u00eda de alta capacidad&comma; este radio es ideal para ambientes de trabajo exigentes donde la comunicaci\u00f3n clara y confiable es crucial.<\/p>\n<\/p><\/div>\n<div>\n<h3 style='font-size: 22px; border-bottom: 2px solid currentColor; padding-bottom: 5px; margin-top: 0; color: inherit; opacity: 0.8;'>Caracter\u00edsticas Principales<\/h3>\n<ul style='padding-left: 20px; font-size: 14px; list-style-type: disc; color: inherit;'>\n<li style='margin-bottom: 5px;'>RADIO PORT\u00c1TIL 400-470 MHZ<\/li>\n<li style='margin-bottom: 5px;'>Potencia de 5 Watts<\/li>\n<li style='margin-bottom: 5px;'>Ancho de Canal: 12.5 kHz y 25 kHz<\/li>\n<li style='margin-bottom: 5px;'>Tonos: CTCSS\/DCS<\/li>\n<li style='margin-bottom: 5px;'>Funci\u00f3n de escaneo de canales programable<\/li>\n<li style='margin-bottom: 5px;'>Funci\u00f3n de candado de canal ocupado<\/li>\n<li style='margin-bottom: 5px;'>Bater\u00eda de alta capacidad 2500 mAh<\/li>\n<li style='margin-bottom: 5px;'>Capacidad de hasta 16 canales<\/li>\n<li style='margin-bottom: 5px;'>Canales configurables por software<\/li>\n<li style='margin-bottom: 5px;'>Funci\u00f3n de VOX<\/li>\n<li style='margin-bottom: 5px; color: #e74c3c;'>La funci\u00f3n de candado de canal ocupado evita transmisiones que entorpecen la comunicaci\u00f3n cuando una llamada ya se est\u00e1 llevando a cabo.<\/li>\n<li style='margin-bottom: 5px;'>La funci\u00f3n de VOX permite hacer transmisiones sin necesidad de presionar el bot\u00f3n de PTT<\/li>\n<li style='margin-bottom: 5px;'>Password de lectura y sobreescritura para proteger la informaci\u00f3n de programaci\u00f3n<\/li>\n<li style='margin-bottom: 5px;'>Scrambler de voz para protecci\u00f3n de las comunicaciones<\/li>\n<li style='margin-bottom: 5px;'>Dimensiones: 132 x 59.2 x 42.1 mm sin antena<\/li>\n<li style='margin-bottom: 5px;'>Peso: 243 g con bater\u00eda sin antena<\/li>\n<li style='margin-bottom: 5px;'>Cables de programaci\u00f3n <strong>[No incluido]<\/strong>: <a style='color: inherit;' href='https:\/\/www.syscom.mx\/producto\/W13K-TXPRO-209845.html' target='_blank' rel='noopener'>W13K<\/a><\/li>\n<\/ul><\/div>\n<div>\n<h3 style='font-size: 22px; border-bottom: 2px solid currentColor; padding-bottom: 5px; margin-top: 0; color: inherit; opacity: 0.8;'>Incluye<\/h3>\n<ul style='padding-left: 20px; font-size: 14px; list-style-type: disc; color: inherit;'>\n<li style='margin-bottom: 5px;'>Antena TX600ANT<\/li>\n<li style='margin-bottom: 5px;'>Bater\u00eda Li-ion LB80L<\/li>\n<li style='margin-bottom: 5px;'>Cargador TX500CHRG<\/li>\n<li style='margin-bottom: 5px;'>Clip TX500CLIP<\/li>\n<li style='margin-bottom: 5px;'>Tiempo estimado de carga de la bater\u00eda: 5-6 horas dependiendo de la carga inicial de la bater\u00eda.<\/li>\n<\/ul>\n<p style='font-size: 15px; color: #e74c3c; margin-top: 15px;'><strong>Incluye 3 a\u00f1os de Garant\u00eda contra defectos de fabricaci\u00f3n.<\/strong><\/p>\n<\/p><\/div>\n<div>\n<h3 style='font-size: 22px; border-bottom: 2px solid currentColor; padding-bottom: 5px; margin-top: 0; color: inherit; opacity: 0.8;'>Frecuencias Preconfiguradas<\/h3>\n<div style='overflow-x: auto; margin-top: 15px;'>\n<table style='width: 100%; border-collapse: collapse; color: inherit;'>\n<thead>\n<tr style='border-bottom: 2px solid rgba(150&comma; 150&comma; 150&comma; 0.3);'>\n<th style='padding: 10px; text-align: left; font-weight: bold;'>Canal<\/th>\n<th style='padding: 10px; text-align: left; font-weight: bold;'>Frecuencia Rx (MHz)<\/th>\n<th style='padding: 10px; text-align: left; font-weight: bold;'>CTC\/DCS Decode<\/th>\n<th style='padding: 10px; text-align: left; font-weight: bold;'>Frecuencia TX (MHz)<\/th>\n<th style='padding: 10px; text-align: left; font-weight: bold;'>CTC\/DCS Encode<\/th>\n<\/tr>\n<\/thead>\n<tbody>\n<tr style='border-bottom: 1px solid rgba(150&comma; 150&comma; 150&comma; 0.2);'>\n<td style='padding: 8px;'>1<\/td>\n<td style='padding: 8px;'>450.45625<\/td>\n<td style='padding: 8px;'>100.0<\/td>\n<td style='padding: 8px;'>450.45625<\/td>\n<td style='padding: 8px;'>100.0<\/td>\n<\/tr>\n<tr style='border-bottom: 1px solid rgba(150&comma; 150&comma; 150&comma; 0.2);'>\n<td style='padding: 8px;'>2<\/td>\n<td style='padding: 8px;'>455.44375<\/td>\n<td style='padding: 8px;'>100.0<\/td>\n<td style='padding: 8px;'>455.44375<\/td>\n<td style='padding: 8px;'>100.0<\/td>\n<\/tr>\n<tr style='border-bottom: 1px solid rgba(150&comma; 150&comma; 150&comma; 0.2);'>\n<td style='padding: 8px;'>3<\/td>\n<td style='padding: 8px;'>463.95625<\/td>\n<td style='padding: 8px;'>100.0<\/td>\n<td style='padding: 8px;'>463.95625<\/td>\n<td style='padding: 8px;'>100.0<\/td>\n<\/tr>\n<tr style='border-bottom: 1px solid rgba(150&comma; 150&comma; 150&comma; 0.2);'>\n<td style='padding: 8px;'>4<\/td>\n<td style='padding: 8px;'>468.95625<\/td>\n<td style='padding: 8px;'>100.0<\/td>\n<td style='padding: 8px;'>468.95625<\/td>\n<td style='padding: 8px;'>100.0<\/td>\n<\/tr>\n<tr style='border-bottom: 1px solid rgba(150&comma; 150&comma; 150&comma; 0.2);'>\n<td style='padding: 8px;'>5<\/td>\n<td style='padding: 8px;'>464.56250<\/td>\n<td style='padding: 8px;'>103.5<\/td>\n<td style='padding: 8px;'>464.56250<\/td>\n<td style='padding: 8px;'>103.5<\/td>\n<\/tr>\n<tr style='border-bottom: 1px solid rgba(150&comma; 150&comma; 150&comma; 0.2);'>\n<td style='padding: 8px;'>6<\/td>\n<td style='padding: 8px;'>467.84375<\/td>\n<td style='padding: 8px;'>103.5<\/td>\n<td style='padding: 8px;'>467.84375<\/td>\n<td style='padding: 8px;'>103.5<\/td>\n<\/tr>\n<tr style='border-bottom: 1px solid rgba(150&comma; 150&comma; 150&comma; 0.2);'>\n<td style='padding: 8px;'>7<\/td>\n<td style='padding: 8px;'>467.85625<\/td>\n<td style='padding: 8px;'>103.5<\/td>\n<td style='padding: 8px;'>467.85625<\/td>\n<td style='padding: 8px;'>103.5<\/td>\n<\/tr>\n<tr style='border-bottom: 1px solid rgba(150&comma; 150&comma; 150&comma; 0.2);'>\n<td style='padding: 8px;'>8<\/td>\n<td style='padding: 8px;'>467.86250<\/td>\n<td style='padding: 8px;'>103.5<\/td>\n<td style='padding: 8px;'>467.86250<\/td>\n<td style='padding: 8px;'>103.5<\/td>\n<\/tr>\n<tr style='border-bottom: 1px solid rgba(150&comma; 150&comma; 150&comma; 0.2);'>\n<td style='padding: 8px;'>9<\/td>\n<td style='padding: 8px;'>467.87500<\/td>\n<td style='padding: 8px;'>103.5<\/td>\n<td style='padding: 8px;'>467.87500<\/td>\n<td style='padding: 8px;'>103.5<\/td>\n<\/tr>\n<tr style='border-bottom: 1px solid rgba(150&comma; 150&comma; 150&comma; 0.2);'>\n<td style='padding: 8px;'>10<\/td>\n<td style='padding: 8px;'>467.88750<\/td>\n<td style='padding: 8px;'>100.0<\/td>\n<td style='padding: 8px;'>467.88750<\/td>\n<td style='padding: 8px;'>100.0<\/td>\n<\/tr>\n<tr style='border-bottom: 1px solid rgba(150&comma; 150&comma; 150&comma; 0.2);'>\n<td style='padding: 8px;'>11<\/td>\n<td style='padding: 8px;'>467.86875<\/td>\n<td style='padding: 8px;'>103.5<\/td>\n<td style='padding: 8px;'>467.86875<\/td>\n<td style='padding: 8px;'>103.5<\/td>\n<\/tr>\n<tr style='border-bottom: 1px solid rgba(150&comma; 150&comma; 150&comma; 0.2);'>\n<td style='padding: 8px;'>12<\/td>\n<td style='padding: 8px;'>467.88125<\/td>\n<td style='padding: 8px;'>103.5<\/td>\n<td style='padding: 8px;'>467.88125<\/td>\n<td style='padding: 8px;'>103.5<\/td>\n<\/tr>\n<tr style='border-bottom: 1px solid rgba(150&comma; 150&comma; 150&comma; 0.2);'>\n<td style='padding: 8px;'>13<\/td>\n<td style='padding: 8px;'>467.89375<\/td>\n<td style='padding: 8px;'>103.5<\/td>\n<td style='padding: 8px;'>467.89375<\/td>\n<td style='padding: 8px;'>103.5<\/td>\n<\/tr>\n<tr style='border-bottom: 1px solid rgba(150&comma; 150&comma; 150&comma; 0.2);'>\n<td style='padding: 8px;'>14<\/td>\n<td style='padding: 8px;'>467.90625<\/td>\n<td style='padding: 8px;'>103.5<\/td>\n<td style='padding: 8px;'>467.90625<\/td>\n<td style='padding: 8px;'>103.5<\/td>\n<\/tr>\n<tr style='border-bottom: 1px solid rgba(150&comma; 150&comma; 150&comma; 0.2);'>\n<td style='padding: 8px;'>15<\/td>\n<td style='padding: 8px;'>467.91250<\/td>\n<td style='padding: 8px;'>103.5<\/td>\n<td style='padding: 8px;'>467.91250<\/td>\n<td style='padding: 8px;'>103.5<\/td>\n<\/tr>\n<tr>\n<td style='padding: 8px;'>16<\/td>\n<td style='padding: 8px;'>467.93750<\/td>\n<td style='padding: 8px;'>Off<\/td>\n<td style='padding: 8px;'>467.93750<\/td>\n<td style='padding: 8px;'>Off<\/td>\n<\/tr>\n<\/tbody>\n<\/table><\/div>\n<\/p><\/div>\n<div style='text-align: center; padding: 20px 0;'> <img style='width: 100%; max-width: 200px; height: auto; border: 1px solid rgba(150&comma;150&comma;150&comma;0.3); border-radius: 8px;' src='https:\/\/ftp3.syscom.mx\/usuarios\/fotos\/logotipos\/txpro.png' alt='Logo TXPRO'> <\/div>\n<div style='display: flex; flex-direction: column; gap: 30px;'> <img style='width: 100%; height: auto; border: 1px solid rgba(150&comma;150&comma;150&comma;0.3); border-radius: 20px 20px 0 0;' src='https:\/\/ftp3.syscom.mx\/usuarios\/ftp\/single_page\/txpro\/banner-ppal3.jpg' alt='Banner Principal'> <img style='width: 100%; height: auto; border: 1px solid rgba(150&comma;150&comma;150&comma;0.3); border-radius: 0 0 20px 20px;' src='https:\/\/ftp3.syscom.mx\/usuarios\/ftp\/single_page\/txpro\/ap01.jpg' alt='Aplicaci\u00f3n 1'> <\/div>\n<div style='display: flex; flex-direction: column; gap: 30px; margin-top: 30px;'>\n<div style='display: flex; flex-wrap: wrap; gap: 30px; align-items: center;'>\n<div style='flex: 1 1 300px; min-width: 280px;'> <img style='width: 100%; height: auto; border: 1px solid rgba(150&comma;150&comma;150&comma;0.3); border-radius: 20px;' src='https:\/\/ftp3.syscom.mx\/usuarios\/ftp\/single_page\/txpro\/inv_des01.jpg' alt='Dise\u00f1o Industrial'> <\/div>\n<div style='flex: 1 1 300px; min-width: 280px;'>\n<p style='font-size: 18px; line-height: 1.6; color: inherit;'>Los radios TXPRO combinan la tecnolog\u00eda de punta desarrollada a trav\u00e9s de la continua investigaci\u00f3n y desarrollo.<\/p>\n<p style='font-size: 18px; line-height: 1.6; color: inherit;'>Al comprar radios TXPRO&comma; usted adquiere productos y soluciones dise\u00f1ados para mejorar su productividad y seguridad por largo tiempo.<\/p>\n<\/p><\/div>\n<\/p><\/div>\n<\/p><\/div>\n<hr style='border: 0; border-top: 1px solid rgba(150&comma; 150&comma; 150&comma; 0.3); margin: 30px 0;'>\n<div style='display: flex; flex-direction: column; gap: 30px; margin-top: 30px;'>\n<div style='display: flex; flex-wrap: wrap; gap: 30px; align-items: center;'>\n<div style='flex: 1 1 300px; min-width: 280px;'>\n<p style='font-size: 24px; line-height: 1.4; color: #cf0000; margin: 0 0 15px; font-weight: 300;'>EVOLUCIONAMOS<br \/>CON SU NEGOCIO<\/p>\n<p style='font-size: 16px; line-height: 1.6; color: inherit;'>Desde radios anal\u00f3gicos compactos y resistentes como el TX320&comma; TX500 y TX600&comma; hasta los radios digitales TX680 para aprovechar las m\u00faltiples funciones de la tecnolog\u00eda actual&comma; los dispositivos TXPRO acompa\u00f1an su migraci\u00f3n de an\u00e1logo a digital de manera que su negocio crezca cada vez m\u00e1s.<\/p>\n<\/p><\/div>\n<div style='flex: 1 1 300px; min-width: 280px;'> <img style='width: 100%; height: auto; border: 1px solid rgba(150&comma;150&comma;150&comma;0.3); border-radius: 20px;' src='https:\/\/ftp3.syscom.mx\/usuarios\/ftp\/single_page\/txpro\/versiones01.jpg' alt='Versiones'> <\/p>\n<p style='margin-top: 11px; font-size: 20px; line-height: 1.4; font-weight: 300; text-align: center; color: #fff; background-color: #cf0000; padding: 15px; border-radius: 20px;'>Radios robustos para todos<br \/>los requerimientos<\/p>\n<\/p><\/div>\n<\/p><\/div>\n<\/p><\/div>\n<div style='display: flex; flex-direction: column; gap: 30px; margin-top: 30px;'> <img style='width: 100%; height: auto; border: 1px solid rgba(150&comma;150&comma;150&comma;0.3); border-radius: 20px 20px 0 0;' src='https:\/\/ftp3.syscom.mx\/usuarios\/ftp\/single_page\/txpro\/ap02.jpg' alt='Aplicaci\u00f3n 2'> <\/div>\n<hr style='border: 0; border-top: 1px solid rgba(150&comma; 150&comma; 150&comma; 0.3); margin: 30px 0;'>\n<div style='display: flex; flex-direction: column; gap: 30px; margin-top: 30px;'>\n<div style='display: flex; flex-wrap: wrap; gap: 30px; align-items: center;'>\n<div style='flex: 1 1 300px; min-width: 280px;'> <img style='width: 100%; height: auto; border: 1px solid rgba(150&comma;150&comma;150&comma;0.3); border-radius: 20px;' src='https:\/\/ftp3.syscom.mx\/usuarios\/ftp\/single_page\/txpro\/conectividad01.jpg' alt='Conectividad'> <\/div>\n<div style='flex: 1 1 300px; min-width: 280px;'>\n<p style='font-size: 24px; line-height: 1.4; color: #cf0000; margin: 0 0 15px; font-weight: 300;'>CONECTIVIDAD<br \/>SIN L\u00cdMITES<\/p>\n<p style='font-size: 16px; line-height: 1.6; color: inherit;'>TXPRO le abre un mundo de posibilidades para conectarse en operaciones diarias y de emergencia&comma; gracias a nuestra amplia gama de productos y accesorios podemos satisfacer las necesidades de comunicaci\u00f3n en las condiciones m\u00e1s diversas.<\/p>\n<\/p><\/div>\n<\/p><\/div>\n<\/p><\/div>\n<div style='display: flex; flex-direction: column; gap: 30px; margin-top: 30px;'> <img style='width: 100%; height: auto; border: 1px solid rgba(150&comma;150&comma;150&comma;0.3); border-radius: 20px 20px 0 0;' src='https:\/\/ftp3.syscom.mx\/usuarios\/ftp\/single_page\/txpro\/ap03.jpg' alt='Aplicaci\u00f3n 3'> <\/div>\n<hr style='border: 0; border-top: 1px solid rgba(150&comma; 150&comma; 150&comma; 0.3); margin: 30px 0;'>\n<div style='display: flex; flex-direction: column; gap: 15px;'>\n<p style='font-size: 18px; color: inherit;'>Existen usuarios que requieren un radio de bajo costo (Similar a otras marcas dentro del mercado).<\/p>\n<p style='font-size: 18px; color: inherit;'>El TX600 es un radio que entrega mucho mejor calidad de audio&comma; cobertura&comma; dise\u00f1o a un costo similar o m\u00e1s bajo.<\/p>\n<\/p><\/div>\n<\/p><\/div>\n<\/p><\/div>\n","protected":false},"excerpt":{"rendered":"<p>Radio Port\u00e1til UHF, 5W de Potencia, Scrambler de Voz, Alta Cobertura, 400-470 MHz, 16 canales preconfigurados<\/p>\n","protected":false},"featured_media":57716,"comment_status":"open","ping_status":"closed","template":"","meta":[],"product_brand":[],"product_cat":[1555],"product_tag":[1556,1557,560],"class_list":{"0":"post-57717","1":"product","2":"type-product","3":"status-publish","4":"has-post-thumbnail","6":"product_cat-radios-portatiles-vhf-uhf","7":"product_tag-radios-comerciales-txpro","8":"product_tag-radios-portatiles-vhf-uhf","9":"product_tag-txpro","11":"first","12":"instock","13":"sale","14":"shipping-taxable","15":"purchasable","16":"product-type-simple"},"_links":{"self":[{"href":"https:\/\/soydeaqui.ddns.net\/pachuca\/index.php\/wp-json\/wp\/v2\/product\/57717","targetHints":{"allow":["GET"]}}],"collection":[{"href":"https:\/\/soydeaqui.ddns.net\/pachuca\/index.php\/wp-json\/wp\/v2\/product"}],"about":[{"href":"https:\/\/soydeaqui.ddns.net\/pachuca\/index.php\/wp-json\/wp\/v2\/types\/product"}],"replies":[{"embeddable":true,"href":"https:\/\/soydeaqui.ddns.net\/pachuca\/index.php\/wp-json\/wp\/v2\/comments?post=57717"}],"wp:featuredmedia":[{"embeddable":true,"href":"https:\/\/soydeaqui.ddns.net\/pachuca\/index.php\/wp-json\/wp\/v2\/media\/57716"}],"wp:attachment":[{"href":"https:\/\/soydeaqui.ddns.net\/pachuca\/index.php\/wp-json\/wp\/v2\/media?parent=57717"}],"wp:term":[{"taxonomy":"product_brand","embeddable":true,"href":"https:\/\/soydeaqui.ddns.net\/pachuca\/index.php\/wp-json\/wp\/v2\/product_brand?post=57717"},{"taxonomy":"product_cat","embeddable":true,"href":"https:\/\/soydeaqui.ddns.net\/pachuca\/index.php\/wp-json\/wp\/v2\/product_cat?post=57717"},{"taxonomy":"product_tag","embeddable":true,"href":"https:\/\/soydeaqui.ddns.net\/pachuca\/index.php\/wp-json\/wp\/v2\/product_tag?post=57717"}],"curies":[{"name":"wp","href":"https:\/\/api.w.org\/{rel}","templated":true}]}}