{"id":57705,"date":"2026-03-19T04:04:56","date_gmt":"2026-03-19T04:04:56","guid":{"rendered":"https:\/\/soydeaqui.ddns.net\/pachuca\/index.php\/producto\/campana-para-montaje-de-cable-en-conectores-de-chasis-de-25-4-mm-con-4-perforaciones-a-18-25-mm\/"},"modified":"2026-03-19T04:04:59","modified_gmt":"2026-03-19T04:04:59","slug":"campana-para-montaje-de-cable-en-conectores-de-chasis-de-25-4-mm-con-4-perforaciones-a-18-25-mm","status":"publish","type":"product","link":"https:\/\/soydeaqui.ddns.net\/pachuca\/index.php\/producto\/campana-para-montaje-de-cable-en-conectores-de-chasis-de-25-4-mm-con-4-perforaciones-a-18-25-mm\/","title":{"rendered":"Campana para Montaje de Cable en Conectores de Chasis de 25.4 mm, con 4 Perforaciones a 18.25 mm."},"content":{"rendered":"<div style='width: 100%; max-width: 1200px; margin: 0 auto; font-family: sans-serif; line-height: 1.6; color: inherit; background-color: transparent;'> <!-- Secci\u00f3n de caracter\u00edsticas principales --> <\/p>\n<div style='display: flex; flex-wrap: wrap; gap: 30px; margin-bottom: 30px;'>\n<div style='flex: 1 1 300px; min-width: 280px;'>\n<h3 style='font-size: 22px; border-bottom: 2px solid currentColor; padding-bottom: 5px; margin-top: 0; color: inherit; opacity: 0.8;'>Caracter\u00edsticas Generales<\/h3>\n<ul style='padding-left: 20px; font-size: 15px; color: inherit;'>\n<li style='margin-bottom: 5px;'><strong>Tipo:<\/strong> Campana para montaje de cable en conectores de chasis<\/li>\n<li style='margin-bottom: 5px;'><strong>Di\u00e1metro de Montaje:<\/strong> 25.4 mm<\/li>\n<li style='margin-bottom: 5px;'><strong>Perforaciones:<\/strong> 4 perforaciones a 18.25 mm<\/li>\n<li style='margin-bottom: 5px;'><strong>Tipo de Montaje:<\/strong> Remache o tornillo de 1\/8&#8242;<\/li>\n<li style='margin-bottom: 5px;'><strong>Modo de Montaje:<\/strong> Soldable<\/li>\n<\/ul><\/div>\n<div style='flex: 1 1 300px; min-width: 280px;'>\n<h3 style='font-size: 22px; border-bottom: 2px solid currentColor; padding-bottom: 5px; margin-top: 0; color: inherit; opacity: 0.8;'>Especificaciones T\u00e9cnicas<\/h3>\n<ul style='padding-left: 20px; font-size: 15px; color: inherit;'>\n<li style='margin-bottom: 5px;'><strong>Tipo de Cable:<\/strong> Semirigido o conformable de 0.141&#8242; de di\u00e1metro<\/li>\n<li style='margin-bottom: 5px;'><strong>Material:<\/strong> Cuerpo de bronce niquelado<\/li>\n<li style='margin-bottom: 5px;'><strong>Terminaci\u00f3n:<\/strong> Soldadura (requiere herramientas est\u00e1ndar)<\/li>\n<li style='margin-bottom: 5px;'><strong>Impedancia:<\/strong> Variable<\/li>\n<li style='margin-bottom: 5px;'><strong>Frecuencia:<\/strong> 0.6 a 300 MHz<\/li>\n<\/ul><\/div>\n<\/p><\/div>\n<p> <!-- Secci\u00f3n de aplicaciones --> <\/p>\n<div style='margin-bottom: 30px;'>\n<h3 style='font-size: 22px; border-bottom: 2px solid currentColor; padding-bottom: 5px; margin-top: 0; color: inherit; opacity: 0.8;'>Aplicaciones<\/h3>\n<ul style='padding-left: 20px; font-size: 15px; color: inherit;'>\n<li style='margin-bottom: 5px;'>Antenas<\/li>\n<li style='margin-bottom: 5px;'>Ensamblajes de cable<\/li>\n<li style='margin-bottom: 5px;'>Radios CB<\/li>\n<li style='margin-bottom: 5px;'>Aplicaciones de baja frecuencia<\/li>\n<li style='margin-bottom: 5px;'>Sistemas de megafon\u00eda<\/li>\n<\/ul><\/div>\n<p> <!-- Secci\u00f3n de compatibilidad --> <\/p>\n<div style='margin-bottom: 30px;'>\n<h3 style='font-size: 22px; border-bottom: 2px solid currentColor; padding-bottom: 5px; margin-top: 0; color: inherit; opacity: 0.8;'>Compatibilidad de Cables<\/h3>\n<ul style='padding-left: 20px; font-size: 15px; color: inherit;'>\n<li style='margin-bottom: 5px;'>RG-58<\/li>\n<li style='margin-bottom: 5px;'>RG-141<\/li>\n<li style='margin-bottom: 5px;'>RG-59<\/li>\n<li style='margin-bottom: 5px;'>RG-62<\/li>\n<li style='margin-bottom: 5px;'>RG-71<\/li>\n<li style='margin-bottom: 5px;'>RG-140<\/li>\n<li style='margin-bottom: 5px;'>RG-210<\/li>\n<\/ul><\/div>\n<p> <!-- Secci\u00f3n de beneficios --> <\/p>\n<div style='margin-bottom: 30px;'>\n<h3 style='font-size: 22px; border-bottom: 2px solid currentColor; padding-bottom: 5px; margin-top: 0; color: inherit; opacity: 0.8;'>Beneficios<\/h3>\n<ul style='padding-left: 20px; font-size: 15px; color: inherit;'>\n<li style='margin-bottom: 5px;'>Dise\u00f1o robusto con acoplamiento roscado<\/li>\n<li style='margin-bottom: 5px;'>Bajo costo comparativo<\/li>\n<li style='margin-bottom: 5px;'>F\u00e1cil instalaci\u00f3n sin herramientas especiales<\/li>\n<li style='margin-bottom: 5px;'>Amplia compatibilidad con diferentes tipos de cables<\/li>\n<li style='margin-bottom: 5px;'>Dise\u00f1o vers\u00e1til para m\u00faltiples aplicaciones<\/li>\n<\/ul><\/div>\n<p> <!-- Secci\u00f3n de im\u00e1genes --> <\/p>\n<div style='margin-bottom: 30px;'>\n<h3 style='font-size: 22px; border-bottom: 2px solid currentColor; padding-bottom: 5px; margin-top: 0; color: inherit; opacity: 0.8;'>Documentaci\u00f3n y Especificaciones<\/h3>\n<p style='margin-top: 15px; font-size: 15px; color: inherit;'>Campana para Montaje de Cable en Conectores de Chasis con 4 Perforaciones a 18 mm.<\/p>\n<p> <img style='width: 100%; height: auto; border: 1px solid rgba(150&comma;150&comma;150&comma;0.3); border-radius: 8px; margin-top: 15px;' src='https:\/\/shop.griederbauteile.ch\/images\/artikel_medium\/s\/SIA.BK3.jpg' alt='UHF Hood for 3.9mm Cable UG177\/U Telegaertner C05000A0654&comma; Grieder Elektronik Bauteile AG'> <\/div>\n<p> <!-- Separador final --> <\/p>\n<hr style='border: 0; border-top: 1px solid rgba(150&comma; 150&comma; 150&comma; 0.3); margin: 30px 0;'> <\/div>\n","protected":false},"excerpt":{"rendered":"<p>Campana para Montaje de Cable en Conectores de Chasis de 25.4 mm, con 4 Perforaciones a 18.25 mm.<\/p>\n","protected":false},"featured_media":57704,"comment_status":"open","ping_status":"closed","template":"","meta":[],"product_brand":[],"product_cat":[1659],"product_tag":[1662,1660,1661],"class_list":{"0":"post-57705","1":"product","2":"type-product","3":"status-publish","4":"has-post-thumbnail","6":"product_cat-repuestos-para-duplexers","7":"product_tag-amphenol","8":"product_tag-filtros-y-sistemas-en-rf","9":"product_tag-repuestos-para-duplexers","11":"first","12":"outofstock","13":"sale","14":"shipping-taxable","15":"purchasable","16":"product-type-simple"},"_links":{"self":[{"href":"https:\/\/soydeaqui.ddns.net\/pachuca\/index.php\/wp-json\/wp\/v2\/product\/57705","targetHints":{"allow":["GET"]}}],"collection":[{"href":"https:\/\/soydeaqui.ddns.net\/pachuca\/index.php\/wp-json\/wp\/v2\/product"}],"about":[{"href":"https:\/\/soydeaqui.ddns.net\/pachuca\/index.php\/wp-json\/wp\/v2\/types\/product"}],"replies":[{"embeddable":true,"href":"https:\/\/soydeaqui.ddns.net\/pachuca\/index.php\/wp-json\/wp\/v2\/comments?post=57705"}],"wp:featuredmedia":[{"embeddable":true,"href":"https:\/\/soydeaqui.ddns.net\/pachuca\/index.php\/wp-json\/wp\/v2\/media\/57704"}],"wp:attachment":[{"href":"https:\/\/soydeaqui.ddns.net\/pachuca\/index.php\/wp-json\/wp\/v2\/media?parent=57705"}],"wp:term":[{"taxonomy":"product_brand","embeddable":true,"href":"https:\/\/soydeaqui.ddns.net\/pachuca\/index.php\/wp-json\/wp\/v2\/product_brand?post=57705"},{"taxonomy":"product_cat","embeddable":true,"href":"https:\/\/soydeaqui.ddns.net\/pachuca\/index.php\/wp-json\/wp\/v2\/product_cat?post=57705"},{"taxonomy":"product_tag","embeddable":true,"href":"https:\/\/soydeaqui.ddns.net\/pachuca\/index.php\/wp-json\/wp\/v2\/product_tag?post=57705"}],"curies":[{"name":"wp","href":"https:\/\/api.w.org\/{rel}","templated":true}]}}