{"id":57661,"date":"2026-03-19T04:03:33","date_gmt":"2026-03-19T04:03:33","guid":{"rendered":"https:\/\/soydeaqui.ddns.net\/pachuca\/index.php\/producto\/maletin-plastico-impermeable-ip-67-de-ultra-resistencia-49-9-x-38-5-x-13-8-cm-sin-relleno\/"},"modified":"2026-03-19T04:03:39","modified_gmt":"2026-03-19T04:03:39","slug":"maletin-plastico-impermeable-ip-67-de-ultra-resistencia-49-9-x-38-5-x-13-8-cm-sin-relleno","status":"publish","type":"product","link":"https:\/\/soydeaqui.ddns.net\/pachuca\/index.php\/producto\/maletin-plastico-impermeable-ip-67-de-ultra-resistencia-49-9-x-38-5-x-13-8-cm-sin-relleno\/","title":{"rendered":"Malet\u00edn Pl\u00e1stico Impermeable IP-67 de Ultra Resistencia (49.9 x 38.5 x 13.8 cm) (SIN RELLENO)."},"content":{"rendered":"<div style='width: 100%; max-width: 1200px; margin: 0 auto; font-family: sans-serif; line-height: 1.6; color: inherit; background-color: transparent;'>\n<div style='display: flex; flex-wrap: wrap; gap: 30px; margin-bottom: 30px;'>\n<div style='flex: 1 1 300px; min-width: 280px;'>\n<div style='margin-bottom: 15px;'> <img style='width: 100%; height: auto; border: 1px solid rgba(150&comma;150&comma;150&comma;0.3); border-radius: 8px;' src='https:\/\/ftp3.syscom.mx\/usuarios\/fotos\/3I07053BC\/189398-skb_logo.png' alt=''> <\/div>\n<h3 style='font-size: 22px; border-bottom: 2px solid currentColor; padding-bottom: 5px; margin-top: 0; color: inherit; opacity: 0.8;'>Descripci\u00f3n<\/h3>\n<p style='font-size: 15px; color: inherit; margin-top: 10px; margin-bottom: 10px;'>El malet\u00edn SKB est\u00e1 fabricado en resina de copol\u00edmero de polipropileno de ultra resistencia&comma; herm\u00e9tico al agua y polvo (MIL-STD 810G)<\/p>\n<\/p><\/div>\n<\/p><\/div>\n<div style='display: flex; flex-wrap: wrap; gap: 20px; margin-bottom: 30px;'>\n<div style='flex: 1 1 250px; border: 1px solid rgba(150&comma; 150&comma; 150&comma; 0.4); border-radius: 8px; overflow: hidden; display: flex; flex-direction: column;'>\n<div style='padding: 15px; border-bottom: 1px solid rgba(150&comma; 150&comma; 150&comma; 0.2); font-weight: bold; font-size: 18px; color: inherit;'>Caracter\u00edsticas<\/div>\n<div style='padding: 15px; color: inherit;'>\n<ul style='padding-left: 20px; margin: 0; font-size: 14px; list-style-type: disc;'>\n<li style='margin-bottom: 5px;'>Dise\u00f1o resistente al agua y al polvo (MIL-STD 810G)<\/li>\n<li style='margin-bottom: 5px;'>Bisagra moldeada para mayor protecci\u00f3n<\/li>\n<li style='margin-bottom: 5px;'>Sistema de cierre de liberaci\u00f3n de gatillo<\/li>\n<li style='margin-bottom: 5px;'>Mango de agarre acolchado sobremoldeado de goma a presi\u00f3n<\/li>\n<li style='margin-bottom: 5px;'>V\u00e1lvula de compensaci\u00f3n de presi\u00f3n ambiental (MIL-STD 810G)<\/li>\n<li style='margin-bottom: 5px;'>Resistente a rayos UV&comma; solventes&comma; corrosi\u00f3n&comma; hongos y da\u00f1os por impacto (MIL-STD 810G)<\/li>\n<li style='margin-bottom: 5px;'>No incluye relleno<\/li>\n<\/ul><\/div>\n<\/p><\/div>\n<div style='flex: 1 1 250px; border: 1px solid rgba(150&comma; 150&comma; 150&comma; 0.4); border-radius: 8px; overflow: hidden; display: flex; flex-direction: column;'>\n<div style='padding: 15px; border-bottom: 1px solid rgba(150&comma; 150&comma; 150&comma; 0.2); font-weight: bold; font-size: 18px; color: inherit;'>Especificaciones<\/div>\n<div style='padding: 15px; color: inherit;'>\n<ul style='padding-left: 20px; margin: 0; font-size: 14px; list-style-type: disc;'>\n<li style='margin-bottom: 5px;'><strong>Exterior:<\/strong> Duro<\/li>\n<li style='margin-bottom: 5px;'><strong>Interior:<\/strong> 46.99 x 33.02 x 12.06 cm<\/li>\n<li style='margin-bottom: 5px;'><strong>Dimensiones exteriores:<\/strong> 50.16 x 38.73 x 13.97 cm<\/li>\n<li style='margin-bottom: 5px;'><strong>Peso:<\/strong> 2.63 kg<\/li>\n<li style='margin-bottom: 5px;'><strong>Peso de env\u00edo:<\/strong> 3.12 kg<\/li>\n<li style='margin-bottom: 5px;'><strong>Temperatura operaci\u00f3n:<\/strong> -56.11\u00b0C a 82.22\u00b0C<\/li>\n<\/ul><\/div>\n<\/p><\/div>\n<\/p><\/div>\n<div style='position: relative; padding-bottom: 56.25%; height: 0; overflow: hidden; margin-bottom: 30px;'>   <\/div>\n<hr style='border: 0; border-top: 1px solid rgba(150&comma; 150&comma; 150&comma; 0.3); margin: 30px 0;'> <\/div>\n","protected":false},"excerpt":{"rendered":"<p>Malet\u00edn Pl\u00e1stico Impermeable IP-67 de Ultra Resistencia (49.9 x 38.5 x 13.8 cm) (SIN RELLENO).<\/p>\n","protected":false},"featured_media":57660,"comment_status":"open","ping_status":"closed","template":"","meta":[],"product_brand":[],"product_cat":[958],"product_tag":[679,605,1339],"class_list":{"0":"post-57661","1":"product","2":"type-product","3":"status-publish","4":"has-post-thumbnail","6":"product_cat-gabinetes-uso-multiple-racks-y-gabinetes-radiocomunicacion","7":"product_tag-gabinetes-uso-multiple","8":"product_tag-racks-y-gabinetes","9":"product_tag-skb","11":"first","12":"instock","13":"sale","14":"shipping-taxable","15":"purchasable","16":"product-type-simple"},"_links":{"self":[{"href":"https:\/\/soydeaqui.ddns.net\/pachuca\/index.php\/wp-json\/wp\/v2\/product\/57661","targetHints":{"allow":["GET"]}}],"collection":[{"href":"https:\/\/soydeaqui.ddns.net\/pachuca\/index.php\/wp-json\/wp\/v2\/product"}],"about":[{"href":"https:\/\/soydeaqui.ddns.net\/pachuca\/index.php\/wp-json\/wp\/v2\/types\/product"}],"replies":[{"embeddable":true,"href":"https:\/\/soydeaqui.ddns.net\/pachuca\/index.php\/wp-json\/wp\/v2\/comments?post=57661"}],"wp:featuredmedia":[{"embeddable":true,"href":"https:\/\/soydeaqui.ddns.net\/pachuca\/index.php\/wp-json\/wp\/v2\/media\/57660"}],"wp:attachment":[{"href":"https:\/\/soydeaqui.ddns.net\/pachuca\/index.php\/wp-json\/wp\/v2\/media?parent=57661"}],"wp:term":[{"taxonomy":"product_brand","embeddable":true,"href":"https:\/\/soydeaqui.ddns.net\/pachuca\/index.php\/wp-json\/wp\/v2\/product_brand?post=57661"},{"taxonomy":"product_cat","embeddable":true,"href":"https:\/\/soydeaqui.ddns.net\/pachuca\/index.php\/wp-json\/wp\/v2\/product_cat?post=57661"},{"taxonomy":"product_tag","embeddable":true,"href":"https:\/\/soydeaqui.ddns.net\/pachuca\/index.php\/wp-json\/wp\/v2\/product_tag?post=57661"}],"curies":[{"name":"wp","href":"https:\/\/api.w.org\/{rel}","templated":true}]}}