{"id":57656,"date":"2026-03-19T04:03:23","date_gmt":"2026-03-19T04:03:23","guid":{"rendered":"https:\/\/soydeaqui.ddns.net\/pachuca\/index.php\/producto\/maletin-plastico-impermeable-ip-67-de-ultra-resistencia-49-9-x-38-5-x-13-8-cm-con-relleno\/"},"modified":"2026-03-19T04:03:31","modified_gmt":"2026-03-19T04:03:31","slug":"maletin-plastico-impermeable-ip-67-de-ultra-resistencia-49-9-x-38-5-x-13-8-cm-con-relleno","status":"publish","type":"product","link":"https:\/\/soydeaqui.ddns.net\/pachuca\/index.php\/producto\/maletin-plastico-impermeable-ip-67-de-ultra-resistencia-49-9-x-38-5-x-13-8-cm-con-relleno\/","title":{"rendered":"Malet\u00edn Pl\u00e1stico Impermeable IP-67 de Ultra Resistencia (49.9 x 38.5 x 13.8 cm) (CON RELLENO)."},"content":{"rendered":"<div style='width: 100%; max-width: 1200px; margin: 0 auto; font-family: sans-serif; line-height: 1.6; color: inherit; background-color: transparent;'>\n<div style='display: flex; flex-wrap: wrap; gap: 30px; margin-bottom: 30px;'>\n<div style='flex: 1 1 300px; min-width: 280px;'> <img style='width: 100%; height: auto; border: 1px solid rgba(150&comma;150&comma;150&comma;0.3); border-radius: 8px;' src='https:\/\/ftp3.syscom.mx\/usuarios\/fotos\/3I07053BC\/189398-skb_logo.png' alt='Logo SKB'> <\/div>\n<\/p><\/div>\n<div style='display: flex; flex-wrap: wrap; gap: 30px; margin-bottom: 30px;'>\n<div style='flex: 1 1 300px; min-width: 280px;'>\n<h3 style='font-size: 22px; border-bottom: 2px solid currentColor; padding-bottom: 5px; margin-top: 0; color: inherit; opacity: 0.8;'>Descripci\u00f3n<\/h3>\n<p style='font-size: 15px; color: inherit; margin-top: 0; margin-bottom: 15px;'>El malet\u00edn SKB est\u00e1 fabricado en resina de copol\u00edmero de polipropileno de ultra resistencia&comma; herm\u00e9tico al agua y polvo (MIL-STD 810G)<\/p>\n<\/p><\/div>\n<\/p><\/div>\n<div style='display: flex; flex-wrap: wrap; gap: 30px; margin-bottom: 30px;'>\n<div style='flex: 1 1 300px; min-width: 280px;'>\n<h3 style='font-size: 22px; border-bottom: 2px solid currentColor; padding-bottom: 5px; margin-top: 0; color: inherit; opacity: 0.8;'>Caracter\u00edsticas<\/h3>\n<ul style='padding-left: 20px; font-size: 15px; color: inherit;'>\n<li style='margin-bottom: 5px;'>Dise\u00f1o resistente al agua y al polvo (MIL-STD 810G)<\/li>\n<li style='margin-bottom: 5px;'>Bisagra moldeada para mayor protecci\u00f3n<\/li>\n<li style='margin-bottom: 5px;'>Sistema de cierre de liberaci\u00f3n de gatillo<\/li>\n<li style='margin-bottom: 5px;'>Mango de agarre acolchado sobremoldeado de goma a presi\u00f3n<\/li>\n<li style='margin-bottom: 5px;'>V\u00e1lvula de compensaci\u00f3n de presi\u00f3n ambiental (MIL-STD 810G)<\/li>\n<li style='margin-bottom: 5px;'>Resistente a rayos UV&comma; solventes&comma; corrosi\u00f3n&comma; hongos y da\u00f1os por impacto (MIL-STD 810G)<\/li>\n<li style='margin-bottom: 5px;'>Incluye relleno<\/li>\n<\/ul><\/div>\n<\/p><\/div>\n<hr style='border: 0; border-top: 1px solid rgba(150&comma; 150&comma; 150&comma; 0.3); margin: 30px 0;'>\n<div style='display: flex; flex-wrap: wrap; gap: 20px; margin-bottom: 30px;'>\n<div style='flex: 1 1 250px; border: 1px solid rgba(150&comma; 150&comma; 150&comma; 0.4); border-radius: 8px; overflow: hidden; display: flex; flex-direction: column;'>\n<div style='padding: 15px; border-bottom: 1px solid rgba(150&comma; 150&comma; 150&comma; 0.2); font-weight: bold; font-size: 18px; color: inherit;'>Especificaciones<\/div>\n<div style='padding: 15px; color: inherit;'>\n<ul style='padding-left: 20px; margin: 0; font-size: 14px; list-style-type: disc;'>\n<li style='margin-bottom: 5px;'><strong>Longitud interior:<\/strong> 18&comma;5 pulgadas \/ 46&comma;99 cm<\/li>\n<li style='margin-bottom: 5px;'><strong>Ancho interior:<\/strong> 13 pulgadas \/ 33&comma;02 cm<\/li>\n<li style='margin-bottom: 5px;'><strong>Profundidad de la tapa interior:<\/strong> 1&comma;5 pulgadas \/ 3&comma;81 cm<\/li>\n<li style='margin-bottom: 5px;'><strong>Profundidad de la base interior:<\/strong> 3&comma;25 pulgadas \/ 8&comma;26 cm<\/li>\n<li style='margin-bottom: 5px;'><strong>Profundidad interior:<\/strong> 3&comma;25 pulgadas \/ 8&comma;26 cm<\/li>\n<li style='margin-bottom: 5px;'><strong>Peso del producto:<\/strong> 6&comma;49 libras \/ 2&comma;94 kg<\/li>\n<li style='margin-bottom: 5px;'><strong>Longitud exterior:<\/strong> 19&comma;75 pulgadas \/ 50&comma;16 cm<\/li>\n<li style='margin-bottom: 5px;'><strong>Ancho exterior:<\/strong> 15&comma;25 pulgadas \/ 38&comma;73 cm<\/li>\n<li style='margin-bottom: 5px;'><strong>Altura exterior:<\/strong> 5&comma;5 pulgadas \/ 13&comma;97 cm<\/li>\n<li style='margin-bottom: 5px;'><strong>Longitud del cart\u00f3n:<\/strong> 20 pulgadas \/ 50&comma;80 cm<\/li>\n<li style='margin-bottom: 5px;'><strong>Ancho de la caja:<\/strong> 15&comma;5 pulgadas \/ 39&comma;37 cm<\/li>\n<li style='margin-bottom: 5px;'><strong>Altura del cart\u00f3n:<\/strong> 6 pulgadas \/ 15&comma;24 cm<\/li>\n<li style='margin-bottom: 5px;'><strong>Peso de env\u00edo:<\/strong> 7&comma;51 libras \/ 3&comma;41 kg<\/li>\n<li style='margin-bottom: 5px;'><strong>Temperatura m\u00e1xima:<\/strong> 180\u00b0F \/ 82&comma;22\u00b0C<\/li>\n<li style='margin-bottom: 5px;'><strong>Temperatura m\u00ednima:<\/strong> -69\u00b0F \/ -56&comma;11\u00b0C<\/li>\n<\/ul><\/div>\n<\/p><\/div>\n<\/p><\/div>\n<div style='position: relative; padding-bottom: 56.25%; height: 0; overflow: hidden; margin-bottom: 30px;'>   <\/div>\n<\/p><\/div>\n","protected":false},"excerpt":{"rendered":"<p>Malet\u00edn Pl\u00e1stico Impermeable IP-67 de Ultra Resistencia (49.9 x 38.5 x 13.8 cm) (CON RELLENO).<\/p>\n","protected":false},"featured_media":57655,"comment_status":"open","ping_status":"closed","template":"","meta":[],"product_brand":[],"product_cat":[958],"product_tag":[679,605,1339],"class_list":{"0":"post-57656","1":"product","2":"type-product","3":"status-publish","4":"has-post-thumbnail","6":"product_cat-gabinetes-uso-multiple-racks-y-gabinetes-radiocomunicacion","7":"product_tag-gabinetes-uso-multiple","8":"product_tag-racks-y-gabinetes","9":"product_tag-skb","11":"first","12":"outofstock","13":"sale","14":"shipping-taxable","15":"purchasable","16":"product-type-simple"},"_links":{"self":[{"href":"https:\/\/soydeaqui.ddns.net\/pachuca\/index.php\/wp-json\/wp\/v2\/product\/57656","targetHints":{"allow":["GET"]}}],"collection":[{"href":"https:\/\/soydeaqui.ddns.net\/pachuca\/index.php\/wp-json\/wp\/v2\/product"}],"about":[{"href":"https:\/\/soydeaqui.ddns.net\/pachuca\/index.php\/wp-json\/wp\/v2\/types\/product"}],"replies":[{"embeddable":true,"href":"https:\/\/soydeaqui.ddns.net\/pachuca\/index.php\/wp-json\/wp\/v2\/comments?post=57656"}],"wp:featuredmedia":[{"embeddable":true,"href":"https:\/\/soydeaqui.ddns.net\/pachuca\/index.php\/wp-json\/wp\/v2\/media\/57655"}],"wp:attachment":[{"href":"https:\/\/soydeaqui.ddns.net\/pachuca\/index.php\/wp-json\/wp\/v2\/media?parent=57656"}],"wp:term":[{"taxonomy":"product_brand","embeddable":true,"href":"https:\/\/soydeaqui.ddns.net\/pachuca\/index.php\/wp-json\/wp\/v2\/product_brand?post=57656"},{"taxonomy":"product_cat","embeddable":true,"href":"https:\/\/soydeaqui.ddns.net\/pachuca\/index.php\/wp-json\/wp\/v2\/product_cat?post=57656"},{"taxonomy":"product_tag","embeddable":true,"href":"https:\/\/soydeaqui.ddns.net\/pachuca\/index.php\/wp-json\/wp\/v2\/product_tag?post=57656"}],"curies":[{"name":"wp","href":"https:\/\/api.w.org\/{rel}","templated":true}]}}