{"id":57646,"date":"2026-03-19T04:02:58","date_gmt":"2026-03-19T04:02:58","guid":{"rendered":"https:\/\/soydeaqui.ddns.net\/pachuca\/index.php\/producto\/gabinete-profesional-para-telecomunicaciones-de-45ur-1200-mm-profundidad-incluye-2-organizadores-verticales-de-45-unidades-de-rack-se-envia-el-gabinete-armado\/"},"modified":"2026-03-19T04:02:58","modified_gmt":"2026-03-19T04:02:58","slug":"gabinete-profesional-para-telecomunicaciones-de-45ur-1200-mm-profundidad-incluye-2-organizadores-verticales-de-45-unidades-de-rack-se-envia-el-gabinete-armado","status":"publish","type":"product","link":"https:\/\/soydeaqui.ddns.net\/pachuca\/index.php\/producto\/gabinete-profesional-para-telecomunicaciones-de-45ur-1200-mm-profundidad-incluye-2-organizadores-verticales-de-45-unidades-de-rack-se-envia-el-gabinete-armado\/","title":{"rendered":"Gabinete Profesional para Telecomunicaciones de 45UR, 1200 mm Profundidad, Incluye 2 Organizadores Verticales de 45 Unidades de Rack, Se env\u00eda el Gabinete Armado."},"content":{"rendered":"<div style='width: 100%; max-width: 1200px; margin: 0 auto; font-family: sans-serif; line-height: 1.6; color: inherit; background-color: transparent;'> <!-- Imagen principal --> <\/p>\n<div style='width: 100%; margin-bottom: 30px;'> <img style='width: 100%; height: auto; border: 1px solid rgba(150&comma;150&comma;150&comma;0.3); border-radius: 8px;' src='https:\/\/ftp3.syscom.mx\/usuarios\/fotos\/web_img\/web_banners\/gabinetes-linkedpro-3.jpg' alt='Gabinete Profesional para Telecomunicaciones'> <\/div>\n<p> <!-- Contenedor principal con 3 columnas --> <\/p>\n<div style='display: flex; flex-wrap: wrap; gap: 30px; margin-bottom: 30px;'> <!-- Caracter\u00edsticas Destacadas --> <\/p>\n<div style='flex: 1 1 300px; min-width: 280px;'>\n<div style='border-left: 5px solid #0091ff; border-radius: 8px; box-shadow: 0 2px 10px rgba(0&comma; 145&comma; 255&comma; 0.2); padding: 15px; background-color: rgba(0&comma; 145&comma; 255&comma; 0.05);'>\n<h3 style='font-size: 18px; margin-top: 0; margin-bottom: 15px; color: inherit; font-weight: bold;'>Caracter\u00edsticas Destacadas:<\/h3>\n<ul style='padding-left: 20px; font-size: 14px; color: inherit; list-style-type: disc;'>\n<li style='margin-bottom: 8px;'>Tipo de Instalaci\u00f3n: Piso.<\/li>\n<li style='margin-bottom: 8px;'>Puerta frontal con cierre de seguridad en 3 puntos y con ventana de cristal templado.<\/li>\n<li style='margin-bottom: 8px;'>Laterales desmontables con cerradura.<\/li>\n<li style='margin-bottom: 8px;'>Los 4 Postes racks se pueden acercar o retirar para una mejor instalaci\u00f3n de equipo.<\/li>\n<li style='margin-bottom: 8px;'>Chapa de seguridad con llave \u00fanica para puerta frontal.<\/li>\n<li style='margin-bottom: 8px;'>Puertas desmontables y opci\u00f3n de cambio de sentido de apertura.<\/li>\n<li style='margin-bottom: 8px;'>Preparaci\u00f3n para 1 juego de ventilador <a style='color: #005cb9; text-decoration: none; font-weight: 600;' href='https:\/\/www.syscom.mx\/principal\/searchcont?route=LP-VENT-03-LINKEDPRO-137114&#038;autodetect=lpvent03'>LP-VENT-03<\/a> o un <a style='color: #005cb9; text-decoration: none; font-weight: 600;' href='https:\/\/www.syscom.mx\/principal\/searchcont?route=LP-VENT-02V2-LINKEDPRO-174680&#038;autodetect=lpvent'>LP-VENT-02V2<\/a> (no incluidos).<\/li>\n<li style='margin-bottom: 8px;'>Incluye niveladores.<\/li>\n<li style='margin-bottom: 8px;'>Ruedas se venden por separado modelo <a style='color: #005cb9; text-decoration: none; font-weight: 600;' href='https:\/\/www.syscom.mx\/principal\/searchcont?route=LP-CAST-72-SET-LINKEDPRO-195481&#038;autodetect=lpcast'>LP-CAST-72-SET<\/a>.<\/li>\n<li style='margin-bottom: 8px;'><strong>Se env\u00eda el Gabinete armado.<\/strong><\/li>\n<\/ul><\/div>\n<\/p><\/div>\n<p> <!-- Aplicaci\u00f3n --> <\/p>\n<div style='flex: 1 1 300px; min-width: 280px;'>\n<div style='border-left: 5px solid #0091ff; border-radius: 8px; box-shadow: 0 2px 10px rgba(0&comma; 145&comma; 255&comma; 0.2); padding: 15px; background-color: rgba(0&comma; 145&comma; 255&comma; 0.05);'>\n<h3 style='font-size: 18px; margin-top: 0; margin-bottom: 15px; color: inherit; font-weight: bold;'>Aplicaci\u00f3n:<\/h3>\n<ul style='padding-left: 20px; font-size: 14px; color: inherit; list-style-type: disc;'>\n<li style='margin-bottom: 8px;'>Sistemas de Videovigilancia.<\/li>\n<li style='margin-bottom: 8px;'>Unidades de respaldo.<\/li>\n<li style='margin-bottom: 8px;'>Distribuci\u00f3n de servicios de internet.<\/li>\n<li style='margin-bottom: 8px;'>Administraci\u00f3n de cableado de cobre y fibra.<\/li>\n<\/ul>\n<p style='margin-top: 20px; margin-bottom: 10px; font-weight: bold; font-size: 14px; color: inherit;'>El equipo incluye:<\/p>\n<ul style='padding-left: 20px; font-size: 14px; color: inherit; list-style-type: disc;'>\n<li style='margin-bottom: 8px;'>Cuerpo met\u00e1lico (tapas laterales&comma; postes racks&comma; puerta frontal y trasera)<\/li>\n<li style='margin-bottom: 8px;'>Torniller\u00eda color negro para armado.<\/li>\n<li style='margin-bottom: 8px;'>Torniller\u00eda para instalaci\u00f3n de 3 equipos en postes rack (60 tuercas enjauladas y 60 tornillos + 60 arandelas).<\/li>\n<li style='margin-bottom: 8px;'>Manual de usuario + garant\u00eda.<\/li>\n<li style='margin-bottom: 8px;'>Niveladores.<\/li>\n<li style='margin-bottom: 8px;'>2 Organizadores de cables simples.<\/li>\n<li style='margin-bottom: 8px;'>Empaque.<\/li>\n<\/ul><\/div>\n<\/p><\/div>\n<p> <!-- Caracter\u00edsticas F\u00edsicas --> <\/p>\n<div style='flex: 1 1 300px; min-width: 280px;'>\n<div style='border-left: 5px solid #0091ff; border-radius: 8px; box-shadow: 0 2px 10px rgba(0&comma; 145&comma; 255&comma; 0.2); padding: 15px; background-color: rgba(0&comma; 145&comma; 255&comma; 0.05);'>\n<h3 style='font-size: 18px; margin-top: 0; margin-bottom: 15px; color: inherit; font-weight: bold;'>Caracter\u00edsticas F\u00edsicas:<\/h3>\n<ul style='padding-left: 20px; font-size: 14px; color: inherit; list-style-type: disc;'>\n<li style='margin-bottom: 8px;'>Aplicaci\u00f3n: Interior.<\/li>\n<li style='margin-bottom: 8px;'>Acero de primera calidad.<\/li>\n<li style='margin-bottom: 8px;'>Fabricado de acuerdo a ANSI\/TIA RS-310-D.<\/li>\n<li style='margin-bottom: 8px;'>Peso: 116 Kg (sin embalaje).<\/li>\n<li style='margin-bottom: 8px;'>Capacidad de carga: 1300 Kg.<\/li>\n<li style='margin-bottom: 8px;'>Carga m\u00e1xima por unidad: 23 Kg.<\/li>\n<li style='margin-bottom: 8px;'>Dimensiones: 600 x 2103 x 1258 mm (Ancho x Alto x Profundidad).<\/li>\n<li style='margin-bottom: 8px;'>Unidades Rack: 45<\/li>\n<li style='margin-bottom: 8px;'><strong>Profundidad de trabajo max.:1120 mm<\/strong><\/li>\n<li style='margin-bottom: 8px;'>Color: Negro semi mate.<\/li>\n<li style='margin-bottom: 8px;'>Pintura por proceso de horneado base poli\u00e9ster.<\/li>\n<li style='margin-bottom: 8px;'><a style='color: #005cb9; text-decoration: none;' href='https:\/\/ftp3.syscom.mx\/usuarios\/ftp\/2021\/04\/29\/712d5\/LP6060XXU%20HOJA%20ESPECIFICACIONES.PDF'>Ver m\u00e1s caracter\u00edsticas t\u00e9cnicas.<\/a><\/li>\n<\/ul><\/div>\n<\/p><\/div>\n<\/p><\/div>\n<\/p><\/div>\n","protected":false},"excerpt":{"rendered":"<p>Gabinete Profesional para Telecomunicaciones de 45UR, 1200 mm Profundidad, Incluye 2 Organizadores Verticales de 45 Unidades de Rack, Se env\u00eda el Gabinete Armado.<\/p>\n","protected":false},"featured_media":57645,"comment_status":"open","ping_status":"closed","template":"","meta":[],"product_brand":[],"product_cat":[623],"product_tag":[435,624,605],"class_list":{"0":"post-57646","1":"product","2":"type-product","3":"status-publish","4":"has-post-thumbnail","6":"product_cat-racks-cerrados","7":"product_tag-linkedpro-by-epcom","8":"product_tag-racks-cerrados","9":"product_tag-racks-y-gabinetes","11":"first","12":"instock","13":"sale","14":"shipping-taxable","15":"purchasable","16":"product-type-simple"},"_links":{"self":[{"href":"https:\/\/soydeaqui.ddns.net\/pachuca\/index.php\/wp-json\/wp\/v2\/product\/57646","targetHints":{"allow":["GET"]}}],"collection":[{"href":"https:\/\/soydeaqui.ddns.net\/pachuca\/index.php\/wp-json\/wp\/v2\/product"}],"about":[{"href":"https:\/\/soydeaqui.ddns.net\/pachuca\/index.php\/wp-json\/wp\/v2\/types\/product"}],"replies":[{"embeddable":true,"href":"https:\/\/soydeaqui.ddns.net\/pachuca\/index.php\/wp-json\/wp\/v2\/comments?post=57646"}],"wp:featuredmedia":[{"embeddable":true,"href":"https:\/\/soydeaqui.ddns.net\/pachuca\/index.php\/wp-json\/wp\/v2\/media\/57645"}],"wp:attachment":[{"href":"https:\/\/soydeaqui.ddns.net\/pachuca\/index.php\/wp-json\/wp\/v2\/media?parent=57646"}],"wp:term":[{"taxonomy":"product_brand","embeddable":true,"href":"https:\/\/soydeaqui.ddns.net\/pachuca\/index.php\/wp-json\/wp\/v2\/product_brand?post=57646"},{"taxonomy":"product_cat","embeddable":true,"href":"https:\/\/soydeaqui.ddns.net\/pachuca\/index.php\/wp-json\/wp\/v2\/product_cat?post=57646"},{"taxonomy":"product_tag","embeddable":true,"href":"https:\/\/soydeaqui.ddns.net\/pachuca\/index.php\/wp-json\/wp\/v2\/product_tag?post=57646"}],"curies":[{"name":"wp","href":"https:\/\/api.w.org\/{rel}","templated":true}]}}