{"id":57620,"date":"2026-03-19T04:02:11","date_gmt":"2026-03-19T04:02:11","guid":{"rendered":"https:\/\/soydeaqui.ddns.net\/pachuca\/index.php\/producto\/divisor-de-potencia-de-3-vias-para-la-distribucion-de-senal-a-tres-antenas-de-servicio-4-8-db-de-perdida-por-puerto-conectores-f-hembra\/"},"modified":"2026-03-19T04:02:19","modified_gmt":"2026-03-19T04:02:19","slug":"divisor-de-potencia-de-3-vias-para-la-distribucion-de-senal-a-tres-antenas-de-servicio-4-8-db-de-perdida-por-puerto-conectores-f-hembra","status":"publish","type":"product","link":"https:\/\/soydeaqui.ddns.net\/pachuca\/index.php\/producto\/divisor-de-potencia-de-3-vias-para-la-distribucion-de-senal-a-tres-antenas-de-servicio-4-8-db-de-perdida-por-puerto-conectores-f-hembra\/","title":{"rendered":"Divisor de potencia de 3 v\u00edas para la distribuci\u00f3n de se\u00f1al a tres antenas de servicio | 4.8 dB de p\u00e9rdida por puerto | Conectores F hembra"},"content":{"rendered":"<div style='width: 100%; max-width: 1200px; margin: 0 auto; font-family: sans-serif; line-height: 1.6; color: inherit; background-color: transparent;'>\n<div style='display: flex; flex-wrap: wrap; gap: 30px; margin-bottom: 30px;'>\n<div style='flex: 1 1 300px; min-width: 280px;'>\n<h3 style='font-size: 22px; border-bottom: 2px solid currentColor; padding-bottom: 5px; margin-top: 0; color: inherit; opacity: 0.8;'>Caracter\u00edsticas<\/h3>\n<p style='font-size: 15px; color: inherit; margin-top: 0; margin-bottom: 15px;'>Divisor de potencia de 3 v\u00edas con conectores F hembra&comma; 75 Ohm de impedancia&comma; 4.8 dB de p\u00e9rdida por puerto&comma; 700-2700 MHz. Para uso en sistemas de distribuci\u00f3n de se\u00f1ales para dividir la se\u00f1al amplificada con la m\u00ednima p\u00e9rdida de se\u00f1al. Cantidades iguales de se\u00f1ales enviadas a m\u00faltiples antenas para \u00e1reas de tama\u00f1o similar.<\/p>\n<\/p><\/div>\n<\/p><\/div>\n<div style='display: flex; flex-wrap: wrap; gap: 20px; margin-bottom: 30px;'>\n<div style='flex: 1 1 250px; border: 1px solid rgba(150&comma; 150&comma; 150&comma; 0.4); border-radius: 8px; overflow: hidden; display: flex; flex-direction: column;'>\n<div style='padding: 15px; border-bottom: 1px solid rgba(150&comma; 150&comma; 150&comma; 0.2); font-weight: bold; font-size: 18px; color: inherit;'>Especificaciones<\/div>\n<div style='padding: 15px; color: inherit;'>\n<ul style='padding-left: 20px; margin: 0; font-size: 14px; list-style-type: disc;'>\n<li style='margin-bottom: 5px;'><strong>Rango de Frecuencia:<\/strong> 698-2700 MHz<\/li>\n<li style='margin-bottom: 5px;'><strong>Impedancia:<\/strong> 75 Ohm<\/li>\n<li style='margin-bottom: 5px;'><strong>Conectores:<\/strong> F hembra<\/li>\n<li style='margin-bottom: 5px;'><strong>Dimensiones:<\/strong> 11.94 x 10.16 x 2.03 cm<\/li>\n<li style='margin-bottom: 5px;'><strong>Peso:<\/strong> 0.308 kg<\/li>\n<\/ul><\/div>\n<\/p><\/div>\n<\/p><\/div>\n<\/p><\/div>\n","protected":false},"excerpt":{"rendered":"<p>Divisor de potencia de 3 v\u00edas para la distribuci\u00f3n de se\u00f1al a tres antenas de servicio | 4.8 dB de p\u00e9rdida por puerto | Conectores F hembra<\/p>\n","protected":false},"featured_media":57619,"comment_status":"open","ping_status":"closed","template":"","meta":[],"product_brand":[],"product_cat":[1615],"product_tag":[1404,1616,1525],"class_list":{"0":"post-57620","1":"product","2":"type-product","3":"status-publish","4":"has-post-thumbnail","6":"product_cat-montajes-y-divisores","7":"product_tag-antenas","8":"product_tag-montajes-y-divisores","9":"product_tag-wilsonpro-weboost","11":"first","12":"instock","13":"sale","14":"shipping-taxable","15":"purchasable","16":"product-type-simple"},"_links":{"self":[{"href":"https:\/\/soydeaqui.ddns.net\/pachuca\/index.php\/wp-json\/wp\/v2\/product\/57620","targetHints":{"allow":["GET"]}}],"collection":[{"href":"https:\/\/soydeaqui.ddns.net\/pachuca\/index.php\/wp-json\/wp\/v2\/product"}],"about":[{"href":"https:\/\/soydeaqui.ddns.net\/pachuca\/index.php\/wp-json\/wp\/v2\/types\/product"}],"replies":[{"embeddable":true,"href":"https:\/\/soydeaqui.ddns.net\/pachuca\/index.php\/wp-json\/wp\/v2\/comments?post=57620"}],"wp:featuredmedia":[{"embeddable":true,"href":"https:\/\/soydeaqui.ddns.net\/pachuca\/index.php\/wp-json\/wp\/v2\/media\/57619"}],"wp:attachment":[{"href":"https:\/\/soydeaqui.ddns.net\/pachuca\/index.php\/wp-json\/wp\/v2\/media?parent=57620"}],"wp:term":[{"taxonomy":"product_brand","embeddable":true,"href":"https:\/\/soydeaqui.ddns.net\/pachuca\/index.php\/wp-json\/wp\/v2\/product_brand?post=57620"},{"taxonomy":"product_cat","embeddable":true,"href":"https:\/\/soydeaqui.ddns.net\/pachuca\/index.php\/wp-json\/wp\/v2\/product_cat?post=57620"},{"taxonomy":"product_tag","embeddable":true,"href":"https:\/\/soydeaqui.ddns.net\/pachuca\/index.php\/wp-json\/wp\/v2\/product_tag?post=57620"}],"curies":[{"name":"wp","href":"https:\/\/api.w.org\/{rel}","templated":true}]}}