{"id":57606,"date":"2026-03-19T04:01:38","date_gmt":"2026-03-19T04:01:38","guid":{"rendered":"https:\/\/soydeaqui.ddns.net\/pachuca\/index.php\/producto\/kit-amplificador-de-senal-celular-4g-lte-3g-y-voz-especial-para-areas-comerciales-que-reciben-la-senal-de-multiples-torres-cubre-areas-de-hasta-3716-metros-cuadrados\/"},"modified":"2026-03-19T04:01:43","modified_gmt":"2026-03-19T04:01:43","slug":"kit-amplificador-de-senal-celular-4g-lte-3g-y-voz-especial-para-areas-comerciales-que-reciben-la-senal-de-multiples-torres-cubre-areas-de-hasta-3716-metros-cuadrados","status":"publish","type":"product","link":"https:\/\/soydeaqui.ddns.net\/pachuca\/index.php\/producto\/kit-amplificador-de-senal-celular-4g-lte-3g-y-voz-especial-para-areas-comerciales-que-reciben-la-senal-de-multiples-torres-cubre-areas-de-hasta-3716-metros-cuadrados\/","title":{"rendered":"KIT Amplificador de se\u00f1al celular 4G LTE, 3G y Voz. Especial para \u00e1reas comerciales que reciben la se\u00f1al de m\u00faltiples torres. Cubre \u00e1reas de hasta 3716 metros cuadrados."},"content":{"rendered":"<div style='width: 100%; max-width: 1200px; margin: 0 auto; font-family: sans-serif; line-height: 1.6; color: inherit; background-color: transparent;'>\n<div style='display: flex; flex-wrap: wrap; gap: 30px; margin-bottom: 30px;'>\n<div style='flex: 1 1 300px; min-width: 280px;'>\n<h3 style='font-size: 22px; border-bottom: 2px solid currentColor; padding-bottom: 5px; margin-top: 0; color: inherit; opacity: 0.8;'>Descripci\u00f3n<\/h3>\n<p style='font-size: 15px; color: inherit;'>El amplificador de se\u00f1al celular para edificio WilsonPro Enterprise 1300 representa lo \u00faltimo en tecnolog\u00eda de aumento de se\u00f1al celular&comma; comenzando con su nueva Multi-Tower Targeting Technology \u2122 (Tecnolog\u00eda de orientaci\u00f3n de m\u00faltiples torres).<\/p>\n<p style='font-size: 15px; color: inherit;'>Dependiendo de la ubicaci\u00f3n de las torres de telefon\u00eda m\u00f3vil&comma; puede ejecutar hasta tres antenas exteriores; cada uno dedicado a una banda de frecuencia espec\u00edfica para amplificar colectivamente las se\u00f1ales de m\u00faltiples torres. Seg\u00fan las necesidades o preferencias del usuario&comma; Enterprise 1300 tambi\u00e9n utiliza el &#8216;modo com\u00fan&#8217; de forma predeterminada; requiriendo solo una antena exterior para brindar una cobertura de se\u00f1al celular mejorada dentro de un \u00e1rea de hasta 3&comma;716 metros cuadrados.<\/p>\n<p style='font-size: 15px; color: inherit;'>Con acceso por cable (usando el m\u00f3dem celular incorporado) a WilsonPro Cloud para funcionalidad remota&comma; los integradores y gerentes de edificios pueden administrar&comma; monitorear y ajustar de forma remota el Enterprise 1300 usando un tel\u00e9fono inteligente o tableta. Las notificaciones inmediatas se reciben por correo electr\u00f3nico. Dise\u00f1ado para alcanzar torres a mayores distancias&comma; tambi\u00e9n produce hasta 26 dBm en enlace ascendente y hasta 17 dBm en enlace descendente&comma; lo que lo convierte en uno de los amplificadores m\u00e1s potentes dentro de su rango de precios.<\/p>\n<p style='font-size: 15px; color: inherit;'>Dise\u00f1ado para configuraci\u00f3n de montaje en pared. Una opci\u00f3n de montaje en rack disponible (Enterprise 1300R).<\/p>\n<\/p><\/div>\n<\/p><\/div>\n<div style='display: flex; flex-wrap: wrap; gap: 30px; margin-bottom: 30px; justify-content: center;'> <img style='width: 100%; height: auto; border: 1px solid rgba(150&comma;150&comma;150&comma;0.3); border-radius: 8px; max-width: 950px;' src='http:\/\/ftp3.syscom.mx\/usuarios\/sapodaca\/Amplificadores\/BANNER-WILSONPRO.jpg' alt=''> <\/div>\n<div style='display: flex; flex-wrap: wrap; gap: 20px; margin-bottom: 30px;'>\n<div style='flex: 1 1 250px; border: 1px solid rgba(150&comma; 150&comma; 150&comma; 0.4); border-radius: 8px; overflow: hidden; display: flex; flex-direction: column;'>\n<div style='padding: 15px; border-bottom: 1px solid rgba(150&comma; 150&comma; 150&comma; 0.2); font-weight: bold; font-size: 18px; color: inherit;'>Especificaciones<\/div>\n<div style='padding: 15px; color: inherit;'>\n<ul style='padding-left: 20px; margin: 0; font-size: 14px; list-style-type: disc;'>\n<li style='margin-bottom: 5px;'><strong>Modelo:<\/strong> 460-149<\/li>\n<li style='margin-bottom: 5px;'><strong>Conectores:<\/strong> N-hembra<\/li>\n<li style='margin-bottom: 5px;'><strong>Dimensiones:<\/strong> 48.26 x 30.48 x 6.35 cm<\/li>\n<li style='margin-bottom: 5px;'><strong>Frecuencias:<\/strong> Banda 4 1700\/2100 MHz&comma; Banda 12 700 MHz&comma; Banda 5 850 MHz&comma; Banda 25 1900 MHz&comma; Banda 13 700 MHz<\/li>\n<li style='margin-bottom: 5px;'><strong>Impedancia:<\/strong> 50 Ohm<\/li>\n<li style='margin-bottom: 5px;'><strong>Max Ganancia:<\/strong> 70 dB<\/li>\n<li style='margin-bottom: 5px;'><strong>Alimentaci\u00f3n:<\/strong> 110 &#8211; 240 V ca&comma; 50 &#8211; 60 Hz&comma; 30 W<\/li>\n<li style='margin-bottom: 5px;'><strong>Peso:<\/strong> 7.49 kg<\/li>\n<\/ul><\/div>\n<\/p><\/div>\n<div style='flex: 1 1 250px; border: 1px solid rgba(150&comma; 150&comma; 150&comma; 0.4); border-radius: 8px; overflow: hidden; display: flex; flex-direction: column;'>\n<div style='padding: 15px; border-bottom: 1px solid rgba(150&comma; 150&comma; 150&comma; 0.2); font-weight: bold; font-size: 18px; color: inherit;'>Notas<\/div>\n<div style='padding: 15px; color: inherit;'>\n<ul style='padding-left: 20px; margin: 0; font-size: 14px; list-style-type: square;'>\n<li style='margin-bottom: 5px;'>Instale el kit amplificador de acuerdo al manual de usuario o gu\u00eda de instalaci\u00f3n.<\/li>\n<li style='margin-bottom: 5px;'>Use el kit amplificador para lo que est\u00e1 dise\u00f1ado.<\/li>\n<li style='margin-bottom: 5px;'>Si tiene dudas contacte nuestro departamento de Ingenier\u00eda Radiocomunicaci\u00f3n.<\/li>\n<li style='margin-bottom: 5px;'>Una mala instalaci\u00f3n o mal uso de este sistema puede provocar interferencia.<\/li>\n<\/ul><\/div>\n<\/p><\/div>\n<\/p><\/div>\n<hr style='border: 0; border-top: 1px solid rgba(150&comma; 150&comma; 150&comma; 0.3); margin: 30px 0;'> <\/div>\n","protected":false},"excerpt":{"rendered":"<p>KIT Amplificador de se\u00f1al celular 4G LTE, 3G y Voz. Especial para \u00e1reas comerciales que reciben la se\u00f1al de m\u00faltiples torres. Cubre \u00e1reas de hasta 3716 metros cuadrados.<\/p>\n","protected":false},"featured_media":57605,"comment_status":"open","ping_status":"closed","template":"","meta":[],"product_brand":[],"product_cat":[1570,1552],"product_tag":[1535,1571,1553,1525],"class_list":{"0":"post-57606","1":"product","2":"type-product","3":"status-publish","4":"has-post-thumbnail","6":"product_cat-amplificadores-de-senal-celular-adsc","7":"product_cat-cobertura-para-celular-4g-lte","8":"product_tag-3g-y-voz","9":"product_tag-amplificadores-de-senal-celular-adsc","10":"product_tag-cobertura-para-celular-4g-lte","11":"product_tag-wilsonpro-weboost","13":"first","14":"outofstock","15":"sale","16":"shipping-taxable","17":"purchasable","18":"product-type-simple"},"_links":{"self":[{"href":"https:\/\/soydeaqui.ddns.net\/pachuca\/index.php\/wp-json\/wp\/v2\/product\/57606","targetHints":{"allow":["GET"]}}],"collection":[{"href":"https:\/\/soydeaqui.ddns.net\/pachuca\/index.php\/wp-json\/wp\/v2\/product"}],"about":[{"href":"https:\/\/soydeaqui.ddns.net\/pachuca\/index.php\/wp-json\/wp\/v2\/types\/product"}],"replies":[{"embeddable":true,"href":"https:\/\/soydeaqui.ddns.net\/pachuca\/index.php\/wp-json\/wp\/v2\/comments?post=57606"}],"wp:featuredmedia":[{"embeddable":true,"href":"https:\/\/soydeaqui.ddns.net\/pachuca\/index.php\/wp-json\/wp\/v2\/media\/57605"}],"wp:attachment":[{"href":"https:\/\/soydeaqui.ddns.net\/pachuca\/index.php\/wp-json\/wp\/v2\/media?parent=57606"}],"wp:term":[{"taxonomy":"product_brand","embeddable":true,"href":"https:\/\/soydeaqui.ddns.net\/pachuca\/index.php\/wp-json\/wp\/v2\/product_brand?post=57606"},{"taxonomy":"product_cat","embeddable":true,"href":"https:\/\/soydeaqui.ddns.net\/pachuca\/index.php\/wp-json\/wp\/v2\/product_cat?post=57606"},{"taxonomy":"product_tag","embeddable":true,"href":"https:\/\/soydeaqui.ddns.net\/pachuca\/index.php\/wp-json\/wp\/v2\/product_tag?post=57606"}],"curies":[{"name":"wp","href":"https:\/\/api.w.org\/{rel}","templated":true}]}}